{"id":246917,"date":"2025-03-05T12:58:46","date_gmt":"2025-03-05T11:58:46","guid":{"rendered":"https:\/\/invoier.com\/stg_a4e73\/?page_id=246917"},"modified":"2025-03-12T08:41:57","modified_gmt":"2025-03-12T07:41:57","slug":"omvandla-obetalda-fakturor","status":"publish","type":"page","link":"https:\/\/invoier.com\/stg_a4e73\/omvandla-obetalda-fakturor\/","title":{"rendered":"Omvandla obetalda fakturor till pengar"},"content":{"rendered":"<p>[et_pb_section fb_built=&#8221;1&#8243; _builder_version=&#8221;4.27.4&#8243; _module_preset=&#8221;default&#8221; background_image=&#8221;https:\/\/invoier.com\/stg_a4e73\/wp-content\/uploads\/bakgrund_.webp&#8221; background_size=&#8221;stretch&#8221; max_width=&#8221;100%&#8221; min_height=&#8221;722px&#8221; min_height_tablet=&#8221;722px&#8221; min_height_phone=&#8221;691px&#8221; min_height_last_edited=&#8221;on|phone&#8221; global_colors_info=&#8221;{}&#8221;][et_pb_row _builder_version=&#8221;4.27.4&#8243; _module_preset=&#8221;default&#8221; global_colors_info=&#8221;{}&#8221;][et_pb_column type=&#8221;4_4&#8243; _builder_version=&#8221;4.27.4&#8243; _module_preset=&#8221;default&#8221; global_colors_info=&#8221;{}&#8221;][et_pb_text _builder_version=&#8221;4.27.4&#8243; _module_preset=&#8221;default&#8221; text_font=&#8221;Blackout||||||||&#8221; text_text_color=&#8221;#FFFFFF&#8221; text_font_size=&#8221;100px&#8221; text_line_height=&#8221;0.9em&#8221; custom_margin=&#8221;||38px|||&#8221; text_font_size_tablet=&#8221;140px&#8221; text_font_size_phone=&#8221;63px&#8221; text_font_size_last_edited=&#8221;on|phone&#8221; global_colors_info=&#8221;{}&#8221;]<\/p>\n<p>Omvandla obetalda fakturor till pengar<\/p>\n<p>[\/et_pb_text][et_pb_text _builder_version=&#8221;4.27.4&#8243; _module_preset=&#8221;default&#8221; text_font=&#8221;Brockmann||||||||&#8221; text_text_color=&#8221;#F6F0E8&#8243; text_font_size=&#8221;21px&#8221; global_colors_info=&#8221;{}&#8221;]<\/p>\n<p><span>Frig\u00f6r kapital f\u00f6r arbete du redan utf\u00f6rt, men som du inte f\u00e5tt betalt f\u00f6r \u00e4n. Dina fakturor s\u00e4ljs till b\u00e4st g\u00e4llande erbjudande p\u00e5 Invoiers marknadsplats d\u00e4r priset f\u00f6r finansieringen st\u00e4ndigt konkurrensuts\u00e4tts till din f\u00f6rdel.\u00a0<\/span><\/p>\n<p>[\/et_pb_text][\/et_pb_column][\/et_pb_row][\/et_pb_section][et_pb_section fb_built=&#8221;1&#8243; _builder_version=&#8221;4.27.4&#8243; _module_preset=&#8221;default&#8221; background_color=&#8221;#faf6ef&#8221; global_colors_info=&#8221;{}&#8221;][et_pb_row column_structure=&#8221;1_2,1_2&#8243; _builder_version=&#8221;4.27.4&#8243; _module_preset=&#8221;default&#8221; global_colors_info=&#8221;{}&#8221;][et_pb_column type=&#8221;1_2&#8243; _builder_version=&#8221;4.27.4&#8243; _module_preset=&#8221;default&#8221; global_colors_info=&#8221;{}&#8221;][et_pb_text _builder_version=&#8221;4.27.4&#8243; _module_preset=&#8221;default&#8221; global_colors_info=&#8221;{}&#8221;]<\/p>\n<div>\n<div class=\"et_pb_module et_pb_code et_pb_code_0 gmail-inv-dissable-swid et_multi_view__hover_selector\">\n<h2><span><span style=\"color: #000000;\">Redo att k\u00f6ra ig\u00e5ng?<\/span><\/span><\/h2>\n<p><span style=\"color: #000000;\">Med v\u00e5r flexibla l\u00f6sning kan du v\u00e4lja att finansiera n\u00e4r du vill.<br \/>Du verifierar enkelt och tryggt via BankID f\u00f6r smidiga transaktioner och snabbare finansiering.<\/span><\/p>\n<h4><span style=\"color: #000000;\"><\/span><\/h4>\n<h4><span style=\"color: #000000;\">Skapa ditt konto kostnadsfritt och p\u00e5b\u00f6rja din tillv\u00e4xtresa.<\/span><\/h4>\n<\/div>\n<\/div>\n<p>[\/et_pb_text][et_pb_button button_url=&#8221;https:\/\/app.invoier.com\/login&#8221; url_new_window=&#8221;on&#8221; button_text=&#8221;Skapa konto &#8221; module_class=&#8221;inv-stdButton  inv-btn-block&#8221; _builder_version=&#8221;4.27.4&#8243; _module_preset=&#8221;default&#8221; locked=&#8221;off&#8221; global_colors_info=&#8221;{}&#8221;][\/et_pb_button][et_pb_image src=&#8221;https:\/\/invoier.com\/stg_a4e73\/wp-content\/uploads\/SV_fundedbyEU_VERTICAL_RGB_POS.png&#8221; title_text=&#8221;SV_fundedbyEU_VERTICAL_RGB_POS&#8221; _builder_version=&#8221;4.27.4&#8243; _module_preset=&#8221;default&#8221; width=&#8221;52%&#8221; module_alignment=&#8221;left&#8221; custom_padding=&#8221;|132px||||&#8221; global_colors_info=&#8221;{}&#8221;][\/et_pb_image][\/et_pb_column][et_pb_column type=&#8221;1_2&#8243; _builder_version=&#8221;4.27.4&#8243; _module_preset=&#8221;default&#8221; global_colors_info=&#8221;{}&#8221;][et_pb_text _builder_version=&#8221;4.27.4&#8243; _module_preset=&#8221;default&#8221; text_font=&#8221;||||||||&#8221; header_font=&#8221;Blackout||||||||&#8221; header_2_font=&#8221;||||||||&#8221; global_colors_info=&#8221;{}&#8221;]<\/p>\n<h2>Hur kan jag \u00f6ka mina int\u00e4kter med er?<\/h2>\n<p>[\/et_pb_text][et_pb_text _builder_version=&#8221;4.27.4&#8243; _module_preset=&#8221;default&#8221; text_font=&#8221;Brockmann||||||||&#8221; global_colors_info=&#8221;{}&#8221;]<\/p>\n<p><span>Varje f\u00f6retag \u00e4r unikt, men i de flesta fall brukar en kombination av f\u00f6ljande produkter ge b\u00e4st m\u00f6jliga resultat.<\/span><\/p>\n<p>[\/et_pb_text][et_pb_blurb url=&#8221;#&#8221; image=&#8221;https:\/\/invoier.com\/stg_a4e73\/wp-content\/uploads\/coding-icon_8.jpg&#8221; icon_placement=&#8221;left&#8221; image_icon_width=&#8221;64px&#8221; content_max_width=&#8221;1100px&#8221; _builder_version=&#8221;4.27.4&#8243; header_font=&#8221;|700|||||||&#8221; header_text_color=&#8221;#2e2545&#8243; header_line_height=&#8221;1.5em&#8221; body_font=&#8221;Brockmann||||||||&#8221; body_text_color=&#8221;#8585bd&#8221; body_line_height=&#8221;1.9em&#8221; background_color=&#8221;#ffffff&#8221; custom_margin=&#8221;|||&#8221; custom_padding=&#8221;30px|30px|30px|30px&#8221; animation_style=&#8221;zoom&#8221; animation_direction=&#8221;bottom&#8221; animation_intensity_zoom=&#8221;20%&#8221; animation_starting_opacity=&#8221;100%&#8221; hover_enabled=&#8221;0&#8243; box_shadow_style=&#8221;preset7&#8243; box_shadow_horizontal=&#8221;-1px&#8221; box_shadow_vertical=&#8221;-1px&#8221; box_shadow_color=&#8221;rgba(71,74,182,0.12)&#8221; image_max_width=&#8221;64px&#8221; locked=&#8221;off&#8221; global_colors_info=&#8221;{}&#8221; sticky_enabled=&#8221;0&#8243;]<\/p>\n<h4><a href=\"https:\/\/invoier.com\/stg_a4e73\/factoring-invoier\/?_gl=1*15shjym*_up*MQ..*_ga*MTc4NDM0MzM0NC4xNzQxNzY0Mzcx*_ga_LJK5Z53PLD*MTc0MTc2NDM2OC4xLjEuMTc0MTc2NTE5Ny4wLjAuMA..\"><span style=\"color: #000000;\">Factoring<\/span><\/a><\/h4>\n<p><span style=\"color: #000000;\">F\u00e5 hem pengarna snabbare med factoring vilket g\u00f6r att du kan f\u00e5 b\u00e4ttre limiter hos dina leverant\u00f6rer och k\u00f6pa in mer.<\/span><\/p>\n<p>[\/et_pb_blurb][et_pb_blurb url=&#8221;#&#8221; image=&#8221;https:\/\/invoier.com\/stg_a4e73\/wp-content\/uploads\/coding-icon_8.jpg&#8221; icon_placement=&#8221;left&#8221; image_icon_width=&#8221;64px&#8221; content_max_width=&#8221;1100px&#8221; _builder_version=&#8221;4.27.4&#8243; header_font=&#8221;|700|||||||&#8221; header_text_color=&#8221;#2e2545&#8243; header_line_height=&#8221;1.5em&#8221; body_font=&#8221;Brockmann||||||||&#8221; body_text_color=&#8221;#8585bd&#8221; body_line_height=&#8221;1.9em&#8221; background_color=&#8221;#ffffff&#8221; custom_margin=&#8221;|||&#8221; custom_padding=&#8221;30px|30px|30px|30px&#8221; animation_style=&#8221;zoom&#8221; animation_direction=&#8221;bottom&#8221; animation_intensity_zoom=&#8221;20%&#8221; animation_starting_opacity=&#8221;100%&#8221; hover_enabled=&#8221;0&#8243; box_shadow_style=&#8221;preset7&#8243; box_shadow_horizontal=&#8221;-1px&#8221; box_shadow_vertical=&#8221;-1px&#8221; box_shadow_color=&#8221;rgba(71,74,182,0.12)&#8221; image_max_width=&#8221;64px&#8221; locked=&#8221;off&#8221; global_colors_info=&#8221;{}&#8221; sticky_enabled=&#8221;0&#8243;]<\/p>\n<h4><a href=\"https:\/\/invoier.com\/stg_a4e73\/foretagsfinansiering-genom-inkopsfinansiering\/?_gl=1*ttud48*_up*MQ..*_ga*MTc4NDM0MzM0NC4xNzQxNzY0Mzcx*_ga_LJK5Z53PLD*MTc0MTc2NDM2OC4xLjEuMTc0MTc2NTI0NC4wLjAuMA..\"><span style=\"color: #000000;\">Ink\u00f6psfinansiering<\/span><\/a><\/h4>\n<p><span style=\"color: #000000;\">F\u00f6rl\u00e4ng betalningsfristen f\u00f6r dina leverant\u00f6rsfakturor f\u00f6r att s\u00e4kerst\u00e4lla tillr\u00e4cklig tid f\u00f6r att leverera till dina egna kunder.<\/span><\/p>\n<p>[\/et_pb_blurb][et_pb_blurb url=&#8221;#&#8221; image=&#8221;https:\/\/invoier.com\/stg_a4e73\/wp-content\/uploads\/coding-icon_8.jpg&#8221; icon_placement=&#8221;left&#8221; image_icon_width=&#8221;64px&#8221; content_max_width=&#8221;1100px&#8221; _builder_version=&#8221;4.27.4&#8243; header_font=&#8221;|700|||||||&#8221; header_text_color=&#8221;#2e2545&#8243; header_line_height=&#8221;1.5em&#8221; body_font=&#8221;Brockmann||||||||&#8221; body_text_color=&#8221;#8585bd&#8221; body_line_height=&#8221;1.9em&#8221; background_color=&#8221;#ffffff&#8221; custom_margin=&#8221;|||&#8221; custom_padding=&#8221;30px|30px|30px|30px&#8221; animation_style=&#8221;zoom&#8221; animation_direction=&#8221;bottom&#8221; animation_intensity_zoom=&#8221;20%&#8221; animation_starting_opacity=&#8221;100%&#8221; hover_enabled=&#8221;0&#8243; box_shadow_style=&#8221;preset7&#8243; box_shadow_horizontal=&#8221;-1px&#8221; box_shadow_vertical=&#8221;-1px&#8221; box_shadow_color=&#8221;rgba(71,74,182,0.12)&#8221; image_max_width=&#8221;64px&#8221; locked=&#8221;off&#8221; global_colors_info=&#8221;{}&#8221; sticky_enabled=&#8221;0&#8243;]<\/p>\n<h4><a href=\"https:\/\/invoier.com\/stg_a4e73\/green-factoring\/?_gl=1*1jfvena*_up*MQ..*_ga*MTc4NDM0MzM0NC4xNzQxNzY0Mzcx*_ga_LJK5Z53PLD*MTc0MTc2NDM2OC4xLjEuMTc0MTc2NTI4Ni4wLjAuMA..\"><span style=\"color: #000000;\">Green Factoring\u2122<\/span><\/a><\/h4>\n<p><span style=\"color: #000000;\">Green Factoring \u2122 \u00e4r ett initiativ fr\u00e5n Invoier som passar f\u00f6retag som redan \u00e4r, eller vill bli, engagerade f\u00f6r en positiv klimatp\u00e5verkan.<\/span><\/p>\n<p>[\/et_pb_blurb][\/et_pb_column][\/et_pb_row][\/et_pb_section]<\/p>\n","protected":false},"excerpt":{"rendered":"<p>Omvandla obetalda fakturor till pengarFrig\u00f6r kapital f\u00f6r arbete du redan utf\u00f6rt, men som du inte f\u00e5tt betalt f\u00f6r \u00e4n. Dina fakturor s\u00e4ljs till b\u00e4st g\u00e4llande erbjudande p\u00e5 Invoiers marknadsplats d\u00e4r priset f\u00f6r finansieringen st\u00e4ndigt konkurrensuts\u00e4tts till din f\u00f6rdel.\u00a0 Redo att k\u00f6ra ig\u00e5ng? Med v\u00e5r flexibla l\u00f6sning kan du v\u00e4lja att finansiera n\u00e4r du vill.Du verifierar [&hellip;]<\/p>\n","protected":false},"author":9,"featured_media":0,"parent":0,"menu_order":0,"comment_status":"closed","ping_status":"closed","template":"page-template-blank.php","meta":{"_et_pb_use_builder":"on","_et_pb_old_content":"","_et_gb_content_width":"","footnotes":""},"class_list":["post-246917","page","type-page","status-publish","hentry"],"yoast_head":"<!-- This site is optimized with the Yoast SEO plugin v25.3.1 - https:\/\/yoast.com\/wordpress\/plugins\/seo\/ -->\n<title>Omvandla obetalda fakturor till pengar - INVOIER - Fakturafinansiering<\/title>\n<meta name=\"robots\" content=\"noindex, follow, max-snippet:-1, max-image-preview:large, max-video-preview:-1\" \/>\n<meta property=\"og:locale\" content=\"sv_SE\" \/>\n<meta property=\"og:type\" content=\"article\" \/>\n<meta property=\"og:title\" content=\"Omvandla obetalda fakturor till pengar - INVOIER - Fakturafinansiering\" \/>\n<meta property=\"og:description\" content=\"Omvandla obetalda fakturor till pengarFrig\u00f6r kapital f\u00f6r arbete du redan utf\u00f6rt, men som du inte f\u00e5tt betalt f\u00f6r \u00e4n. Dina fakturor s\u00e4ljs till b\u00e4st g\u00e4llande erbjudande p\u00e5 Invoiers marknadsplats d\u00e4r priset f\u00f6r finansieringen st\u00e4ndigt konkurrensuts\u00e4tts till din f\u00f6rdel.\u00a0 Redo att k\u00f6ra ig\u00e5ng? Med v\u00e5r flexibla l\u00f6sning kan du v\u00e4lja att finansiera n\u00e4r du vill.Du verifierar [&hellip;]\" \/>\n<meta property=\"og:url\" content=\"https:\/\/invoier.com\/stg_a4e73\/omvandla-obetalda-fakturor\/\" \/>\n<meta property=\"og:site_name\" content=\"INVOIER - Fakturafinansiering\" \/>\n<meta property=\"article:modified_time\" content=\"2025-03-12T07:41:57+00:00\" \/>\n<meta name=\"twitter:card\" content=\"summary_large_image\" \/>\n<script type=\"application\/ld+json\" class=\"yoast-schema-graph\">{\"@context\":\"https:\/\/schema.org\",\"@graph\":[{\"@type\":\"WebPage\",\"@id\":\"https:\/\/invoier.com\/stg_a4e73\/omvandla-obetalda-fakturor\/\",\"url\":\"https:\/\/invoier.com\/stg_a4e73\/omvandla-obetalda-fakturor\/\",\"name\":\"Omvandla obetalda fakturor till pengar - INVOIER - Fakturafinansiering\",\"isPartOf\":{\"@id\":\"https:\/\/invoier.com\/stg_a4e73\/#website\"},\"datePublished\":\"2025-03-05T11:58:46+00:00\",\"dateModified\":\"2025-03-12T07:41:57+00:00\",\"breadcrumb\":{\"@id\":\"https:\/\/invoier.com\/stg_a4e73\/omvandla-obetalda-fakturor\/#breadcrumb\"},\"inLanguage\":\"sv-SE\",\"potentialAction\":[{\"@type\":\"ReadAction\",\"target\":[\"https:\/\/invoier.com\/stg_a4e73\/omvandla-obetalda-fakturor\/\"]}]},{\"@type\":\"BreadcrumbList\",\"@id\":\"https:\/\/invoier.com\/stg_a4e73\/omvandla-obetalda-fakturor\/#breadcrumb\",\"itemListElement\":[{\"@type\":\"ListItem\",\"position\":1,\"name\":\"Home\",\"item\":\"https:\/\/invoier.com\/stg_a4e73\/\"},{\"@type\":\"ListItem\",\"position\":2,\"name\":\"Omvandla obetalda fakturor till pengar\"}]},{\"@type\":\"WebSite\",\"@id\":\"https:\/\/invoier.com\/stg_a4e73\/#website\",\"url\":\"https:\/\/invoier.com\/stg_a4e73\/\",\"name\":\"INVOIER - Fakturafinansiering\",\"description\":\"Fakturafinansiering p\u00e5 dina villkor\",\"publisher\":{\"@id\":\"https:\/\/invoier.com\/stg_a4e73\/#organization\"},\"potentialAction\":[{\"@type\":\"SearchAction\",\"target\":{\"@type\":\"EntryPoint\",\"urlTemplate\":\"https:\/\/invoier.com\/stg_a4e73\/?s={search_term_string}\"},\"query-input\":{\"@type\":\"PropertyValueSpecification\",\"valueRequired\":true,\"valueName\":\"search_term_string\"}}],\"inLanguage\":\"sv-SE\"},{\"@type\":\"Organization\",\"@id\":\"https:\/\/invoier.com\/stg_a4e73\/#organization\",\"name\":\"Invoier AB\",\"url\":\"https:\/\/invoier.com\/stg_a4e73\/\",\"logo\":{\"@type\":\"ImageObject\",\"inLanguage\":\"sv-SE\",\"@id\":\"https:\/\/invoier.com\/stg_a4e73\/#\/schema\/logo\/image\/\",\"url\":\"https:\/\/invoier.com\/stg_a4e73\/wp-content\/uploads\/Stacked_Logo_Black-final-3.png\",\"contentUrl\":\"https:\/\/invoier.com\/stg_a4e73\/wp-content\/uploads\/Stacked_Logo_Black-final-3.png\",\"width\":338,\"height\":332,\"caption\":\"Invoier AB\"},\"image\":{\"@id\":\"https:\/\/invoier.com\/stg_a4e73\/#\/schema\/logo\/image\/\"}}]}<\/script>\n<!-- \/ Yoast SEO plugin. -->","yoast_head_json":{"title":"Omvandla obetalda fakturor till pengar - INVOIER - Fakturafinansiering","robots":{"index":"noindex","follow":"follow","max-snippet":"max-snippet:-1","max-image-preview":"max-image-preview:large","max-video-preview":"max-video-preview:-1"},"og_locale":"sv_SE","og_type":"article","og_title":"Omvandla obetalda fakturor till pengar - INVOIER - Fakturafinansiering","og_description":"Omvandla obetalda fakturor till pengarFrig\u00f6r kapital f\u00f6r arbete du redan utf\u00f6rt, men som du inte f\u00e5tt betalt f\u00f6r \u00e4n. Dina fakturor s\u00e4ljs till b\u00e4st g\u00e4llande erbjudande p\u00e5 Invoiers marknadsplats d\u00e4r priset f\u00f6r finansieringen st\u00e4ndigt konkurrensuts\u00e4tts till din f\u00f6rdel.\u00a0 Redo att k\u00f6ra ig\u00e5ng? Med v\u00e5r flexibla l\u00f6sning kan du v\u00e4lja att finansiera n\u00e4r du vill.Du verifierar [&hellip;]","og_url":"https:\/\/invoier.com\/stg_a4e73\/omvandla-obetalda-fakturor\/","og_site_name":"INVOIER - Fakturafinansiering","article_modified_time":"2025-03-12T07:41:57+00:00","twitter_card":"summary_large_image","schema":{"@context":"https:\/\/schema.org","@graph":[{"@type":"WebPage","@id":"https:\/\/invoier.com\/stg_a4e73\/omvandla-obetalda-fakturor\/","url":"https:\/\/invoier.com\/stg_a4e73\/omvandla-obetalda-fakturor\/","name":"Omvandla obetalda fakturor till pengar - INVOIER - Fakturafinansiering","isPartOf":{"@id":"https:\/\/invoier.com\/stg_a4e73\/#website"},"datePublished":"2025-03-05T11:58:46+00:00","dateModified":"2025-03-12T07:41:57+00:00","breadcrumb":{"@id":"https:\/\/invoier.com\/stg_a4e73\/omvandla-obetalda-fakturor\/#breadcrumb"},"inLanguage":"sv-SE","potentialAction":[{"@type":"ReadAction","target":["https:\/\/invoier.com\/stg_a4e73\/omvandla-obetalda-fakturor\/"]}]},{"@type":"BreadcrumbList","@id":"https:\/\/invoier.com\/stg_a4e73\/omvandla-obetalda-fakturor\/#breadcrumb","itemListElement":[{"@type":"ListItem","position":1,"name":"Home","item":"https:\/\/invoier.com\/stg_a4e73\/"},{"@type":"ListItem","position":2,"name":"Omvandla obetalda fakturor till pengar"}]},{"@type":"WebSite","@id":"https:\/\/invoier.com\/stg_a4e73\/#website","url":"https:\/\/invoier.com\/stg_a4e73\/","name":"INVOIER - Fakturafinansiering","description":"Fakturafinansiering p\u00e5 dina villkor","publisher":{"@id":"https:\/\/invoier.com\/stg_a4e73\/#organization"},"potentialAction":[{"@type":"SearchAction","target":{"@type":"EntryPoint","urlTemplate":"https:\/\/invoier.com\/stg_a4e73\/?s={search_term_string}"},"query-input":{"@type":"PropertyValueSpecification","valueRequired":true,"valueName":"search_term_string"}}],"inLanguage":"sv-SE"},{"@type":"Organization","@id":"https:\/\/invoier.com\/stg_a4e73\/#organization","name":"Invoier AB","url":"https:\/\/invoier.com\/stg_a4e73\/","logo":{"@type":"ImageObject","inLanguage":"sv-SE","@id":"https:\/\/invoier.com\/stg_a4e73\/#\/schema\/logo\/image\/","url":"https:\/\/invoier.com\/stg_a4e73\/wp-content\/uploads\/Stacked_Logo_Black-final-3.png","contentUrl":"https:\/\/invoier.com\/stg_a4e73\/wp-content\/uploads\/Stacked_Logo_Black-final-3.png","width":338,"height":332,"caption":"Invoier AB"},"image":{"@id":"https:\/\/invoier.com\/stg_a4e73\/#\/schema\/logo\/image\/"}}]}},"_links":{"self":[{"href":"https:\/\/invoier.com\/stg_a4e73\/wp-json\/wp\/v2\/pages\/246917","targetHints":{"allow":["GET"]}}],"collection":[{"href":"https:\/\/invoier.com\/stg_a4e73\/wp-json\/wp\/v2\/pages"}],"about":[{"href":"https:\/\/invoier.com\/stg_a4e73\/wp-json\/wp\/v2\/types\/page"}],"author":[{"embeddable":true,"href":"https:\/\/invoier.com\/stg_a4e73\/wp-json\/wp\/v2\/users\/9"}],"replies":[{"embeddable":true,"href":"https:\/\/invoier.com\/stg_a4e73\/wp-json\/wp\/v2\/comments?post=246917"}],"version-history":[{"count":8,"href":"https:\/\/invoier.com\/stg_a4e73\/wp-json\/wp\/v2\/pages\/246917\/revisions"}],"predecessor-version":[{"id":246955,"href":"https:\/\/invoier.com\/stg_a4e73\/wp-json\/wp\/v2\/pages\/246917\/revisions\/246955"}],"wp:attachment":[{"href":"https:\/\/invoier.com\/stg_a4e73\/wp-json\/wp\/v2\/media?parent=246917"}],"curies":[{"name":"wp","href":"https:\/\/api.w.org\/{rel}","templated":true}]}}