{"id":246903,"date":"2025-03-05T12:26:23","date_gmt":"2025-03-05T11:26:23","guid":{"rendered":"https:\/\/invoier.com\/stg_a4e73\/?page_id=246903"},"modified":"2025-03-07T14:50:49","modified_gmt":"2025-03-07T13:50:49","slug":"enklare-och-smartare","status":"publish","type":"page","link":"https:\/\/invoier.com\/stg_a4e73\/enklare-och-smartare\/","title":{"rendered":"Enklare och smartare"},"content":{"rendered":"<p>[et_pb_section fb_built=&#8221;1&#8243; _builder_version=&#8221;4.27.4&#8243; _module_preset=&#8221;default&#8221; background_image=&#8221;https:\/\/invoier.com\/stg_a4e73\/wp-content\/uploads\/bakgrund_.webp&#8221; background_size=&#8221;stretch&#8221; max_width=&#8221;100%&#8221; min_height=&#8221;722px&#8221; min_height_tablet=&#8221;722px&#8221; min_height_phone=&#8221;691px&#8221; min_height_last_edited=&#8221;on|phone&#8221; global_colors_info=&#8221;{}&#8221;][et_pb_row _builder_version=&#8221;4.27.4&#8243; _module_preset=&#8221;default&#8221; global_colors_info=&#8221;{}&#8221;][et_pb_column type=&#8221;4_4&#8243; _builder_version=&#8221;4.27.4&#8243; _module_preset=&#8221;default&#8221; global_colors_info=&#8221;{}&#8221;][et_pb_text _builder_version=&#8221;4.27.4&#8243; _module_preset=&#8221;default&#8221; text_font=&#8221;Blackout||||||||&#8221; text_text_color=&#8221;#FFFFFF&#8221; text_font_size=&#8221;100px&#8221; text_line_height=&#8221;0.9em&#8221; custom_margin=&#8221;||38px|||&#8221; hover_enabled=&#8221;0&#8243; text_font_size_tablet=&#8221;140px&#8221; text_font_size_phone=&#8221;61px&#8221; text_font_size_last_edited=&#8221;on|phone&#8221; global_colors_info=&#8221;{}&#8221; sticky_enabled=&#8221;0&#8243;]<\/p>\n<p>Enklare &amp; Smartare fakturafinansiering<\/p>\n<p>[\/et_pb_text][et_pb_text _builder_version=&#8221;4.27.4&#8243; _module_preset=&#8221;default&#8221; text_font=&#8221;Brockmann||||||||&#8221; text_text_color=&#8221;#F6F0E8&#8243; text_font_size=&#8221;18px&#8221; global_colors_info=&#8221;{}&#8221;]<\/p>\n<p><span>Uppt\u00e4ck hur vi revolutionerar fakturak\u00f6psbranschen med l\u00e5ga avgifter och flexibla villkor. Inget kr\u00e5ngel, inga bindningstider \u2013 bara enkel finansiering f\u00f6r ditt f\u00f6retag.<\/span><\/p>\n<p>[\/et_pb_text][\/et_pb_column][\/et_pb_row][\/et_pb_section][et_pb_section fb_built=&#8221;1&#8243; _builder_version=&#8221;4.27.4&#8243; _module_preset=&#8221;default&#8221; background_color=&#8221;#faf6ef&#8221; global_colors_info=&#8221;{}&#8221;][et_pb_row column_structure=&#8221;1_2,1_2&#8243; _builder_version=&#8221;4.27.4&#8243; _module_preset=&#8221;default&#8221; global_colors_info=&#8221;{}&#8221;][et_pb_column type=&#8221;1_2&#8243; _builder_version=&#8221;4.27.4&#8243; _module_preset=&#8221;default&#8221; global_colors_info=&#8221;{}&#8221;][et_pb_text _builder_version=&#8221;4.27.4&#8243; _module_preset=&#8221;default&#8221; global_colors_info=&#8221;{}&#8221;]<\/p>\n<h4 style=\"text-align: center;\">Redo att k\u00f6ra ig\u00e5ng?<\/h4>\n<p style=\"text-align: center;\">Med v\u00e5r flexibla l\u00f6sning kan du v\u00e4lja att finansiera n\u00e4r du vill.<br \/>Du verifierar enkelt och tryggt via BankID f\u00f6r smidiga transaktioner och snabbare finansiering.<\/p>\n<p style=\"text-align: center;\">Skapa ditt konto kostnadsfritt och p\u00e5b\u00f6rja din tillv\u00e4xtresa.<\/p>\n<p>[\/et_pb_text][et_pb_button button_url=&#8221;https:\/\/app.invoier.com\/login&#8221; url_new_window=&#8221;on&#8221; button_text=&#8221;Skapa konto &#8221; button_alignment=&#8221;center&#8221; module_class=&#8221;inv-stdButton  inv-btn-block&#8221; _builder_version=&#8221;4.27.4&#8243; _module_preset=&#8221;default&#8221; locked=&#8221;off&#8221; global_colors_info=&#8221;{}&#8221;][\/et_pb_button][et_pb_image src=&#8221;https:\/\/invoier.com\/stg_a4e73\/wp-content\/uploads\/SV_fundedbyEU_VERTICAL_RGB_POS.png&#8221; title_text=&#8221;SV_fundedbyEU_VERTICAL_RGB_POS&#8221; _builder_version=&#8221;4.27.4&#8243; _module_preset=&#8221;default&#8221; width=&#8221;50%&#8221; module_alignment=&#8221;center&#8221; custom_padding=&#8221;|125px||||&#8221; global_colors_info=&#8221;{}&#8221;][\/et_pb_image][\/et_pb_column][et_pb_column type=&#8221;1_2&#8243; _builder_version=&#8221;4.27.4&#8243; _module_preset=&#8221;default&#8221; global_colors_info=&#8221;{}&#8221;][et_pb_text _builder_version=&#8221;4.27.4&#8243; _module_preset=&#8221;default&#8221; global_colors_info=&#8221;{}&#8221;]<\/p>\n<h4 style=\"text-align: center;\">Vill du veta mer?<\/h4>\n<p style=\"text-align: center;\">V\u00e4lj en tid som passar dig b\u00e4st, s\u00e5 ber\u00e4ttar vi mer om hur Invoiers finansieringsl\u00f6sningar kan skr\u00e4ddarsys efter era behov.<\/p>\n<p>[\/et_pb_text][et_pb_text _builder_version=&#8221;4.27.4&#8243; _module_preset=&#8221;default&#8221; global_colors_info=&#8221;{}&#8221;]<!-- Calendly inline widget begin --><\/p>\n<div class=\"calendly-inline-widget\" data-url=\"https:\/\/calendly.com\/d\/5bx-9qr-nvm\/let-s-talk\" style=\"height:970px;\"><\/div>\n<p><script type=\"text\/javascript\" src=\"https:\/\/assets.calendly.com\/assets\/external\/widget.js\" async><\/script><br \/>\n<!-- Calendly inline widget end -->[\/et_pb_text][\/et_pb_column][\/et_pb_row][\/et_pb_section]<\/p>\n","protected":false},"excerpt":{"rendered":"<p>Enklare &amp; Smartare fakturafinansieringUppt\u00e4ck hur vi revolutionerar fakturak\u00f6psbranschen med l\u00e5ga avgifter och flexibla villkor. Inget kr\u00e5ngel, inga bindningstider \u2013 bara enkel finansiering f\u00f6r ditt f\u00f6retag.Redo att k\u00f6ra ig\u00e5ng? Med v\u00e5r flexibla l\u00f6sning kan du v\u00e4lja att finansiera n\u00e4r du vill.Du verifierar enkelt och tryggt via BankID f\u00f6r smidiga transaktioner och snabbare finansiering. Skapa ditt konto [&hellip;]<\/p>\n","protected":false},"author":9,"featured_media":0,"parent":0,"menu_order":0,"comment_status":"closed","ping_status":"closed","template":"page-template-blank.php","meta":{"_et_pb_use_builder":"on","_et_pb_old_content":"","_et_gb_content_width":"","footnotes":""},"class_list":["post-246903","page","type-page","status-publish","hentry"],"yoast_head":"<!-- This site is optimized with the Yoast SEO plugin v25.3.1 - https:\/\/yoast.com\/wordpress\/plugins\/seo\/ -->\n<title>Enklare och smartare - INVOIER - Fakturafinansiering<\/title>\n<meta name=\"robots\" content=\"noindex, follow, max-snippet:-1, max-image-preview:large, max-video-preview:-1\" \/>\n<meta property=\"og:locale\" content=\"sv_SE\" \/>\n<meta property=\"og:type\" content=\"article\" \/>\n<meta property=\"og:title\" content=\"Enklare och smartare - INVOIER - Fakturafinansiering\" \/>\n<meta property=\"og:description\" content=\"Enklare &amp; Smartare fakturafinansieringUppt\u00e4ck hur vi revolutionerar fakturak\u00f6psbranschen med l\u00e5ga avgifter och flexibla villkor. Inget kr\u00e5ngel, inga bindningstider \u2013 bara enkel finansiering f\u00f6r ditt f\u00f6retag.Redo att k\u00f6ra ig\u00e5ng? Med v\u00e5r flexibla l\u00f6sning kan du v\u00e4lja att finansiera n\u00e4r du vill.Du verifierar enkelt och tryggt via BankID f\u00f6r smidiga transaktioner och snabbare finansiering. Skapa ditt konto [&hellip;]\" \/>\n<meta property=\"og:url\" content=\"https:\/\/invoier.com\/stg_a4e73\/enklare-och-smartare\/\" \/>\n<meta property=\"og:site_name\" content=\"INVOIER - Fakturafinansiering\" \/>\n<meta property=\"article:modified_time\" content=\"2025-03-07T13:50:49+00:00\" \/>\n<meta name=\"twitter:card\" content=\"summary_large_image\" \/>\n<script type=\"application\/ld+json\" class=\"yoast-schema-graph\">{\"@context\":\"https:\/\/schema.org\",\"@graph\":[{\"@type\":\"WebPage\",\"@id\":\"https:\/\/invoier.com\/stg_a4e73\/enklare-och-smartare\/\",\"url\":\"https:\/\/invoier.com\/stg_a4e73\/enklare-och-smartare\/\",\"name\":\"Enklare och smartare - INVOIER - Fakturafinansiering\",\"isPartOf\":{\"@id\":\"https:\/\/invoier.com\/stg_a4e73\/#website\"},\"datePublished\":\"2025-03-05T11:26:23+00:00\",\"dateModified\":\"2025-03-07T13:50:49+00:00\",\"breadcrumb\":{\"@id\":\"https:\/\/invoier.com\/stg_a4e73\/enklare-och-smartare\/#breadcrumb\"},\"inLanguage\":\"sv-SE\",\"potentialAction\":[{\"@type\":\"ReadAction\",\"target\":[\"https:\/\/invoier.com\/stg_a4e73\/enklare-och-smartare\/\"]}]},{\"@type\":\"BreadcrumbList\",\"@id\":\"https:\/\/invoier.com\/stg_a4e73\/enklare-och-smartare\/#breadcrumb\",\"itemListElement\":[{\"@type\":\"ListItem\",\"position\":1,\"name\":\"Home\",\"item\":\"https:\/\/invoier.com\/stg_a4e73\/\"},{\"@type\":\"ListItem\",\"position\":2,\"name\":\"Enklare och smartare\"}]},{\"@type\":\"WebSite\",\"@id\":\"https:\/\/invoier.com\/stg_a4e73\/#website\",\"url\":\"https:\/\/invoier.com\/stg_a4e73\/\",\"name\":\"INVOIER - Fakturafinansiering\",\"description\":\"Fakturafinansiering p\u00e5 dina villkor\",\"publisher\":{\"@id\":\"https:\/\/invoier.com\/stg_a4e73\/#organization\"},\"potentialAction\":[{\"@type\":\"SearchAction\",\"target\":{\"@type\":\"EntryPoint\",\"urlTemplate\":\"https:\/\/invoier.com\/stg_a4e73\/?s={search_term_string}\"},\"query-input\":{\"@type\":\"PropertyValueSpecification\",\"valueRequired\":true,\"valueName\":\"search_term_string\"}}],\"inLanguage\":\"sv-SE\"},{\"@type\":\"Organization\",\"@id\":\"https:\/\/invoier.com\/stg_a4e73\/#organization\",\"name\":\"Invoier AB\",\"url\":\"https:\/\/invoier.com\/stg_a4e73\/\",\"logo\":{\"@type\":\"ImageObject\",\"inLanguage\":\"sv-SE\",\"@id\":\"https:\/\/invoier.com\/stg_a4e73\/#\/schema\/logo\/image\/\",\"url\":\"https:\/\/invoier.com\/stg_a4e73\/wp-content\/uploads\/Stacked_Logo_Black-final-3.png\",\"contentUrl\":\"https:\/\/invoier.com\/stg_a4e73\/wp-content\/uploads\/Stacked_Logo_Black-final-3.png\",\"width\":338,\"height\":332,\"caption\":\"Invoier AB\"},\"image\":{\"@id\":\"https:\/\/invoier.com\/stg_a4e73\/#\/schema\/logo\/image\/\"}}]}<\/script>\n<!-- \/ Yoast SEO plugin. -->","yoast_head_json":{"title":"Enklare och smartare - INVOIER - Fakturafinansiering","robots":{"index":"noindex","follow":"follow","max-snippet":"max-snippet:-1","max-image-preview":"max-image-preview:large","max-video-preview":"max-video-preview:-1"},"og_locale":"sv_SE","og_type":"article","og_title":"Enklare och smartare - INVOIER - Fakturafinansiering","og_description":"Enklare &amp; Smartare fakturafinansieringUppt\u00e4ck hur vi revolutionerar fakturak\u00f6psbranschen med l\u00e5ga avgifter och flexibla villkor. Inget kr\u00e5ngel, inga bindningstider \u2013 bara enkel finansiering f\u00f6r ditt f\u00f6retag.Redo att k\u00f6ra ig\u00e5ng? Med v\u00e5r flexibla l\u00f6sning kan du v\u00e4lja att finansiera n\u00e4r du vill.Du verifierar enkelt och tryggt via BankID f\u00f6r smidiga transaktioner och snabbare finansiering. Skapa ditt konto [&hellip;]","og_url":"https:\/\/invoier.com\/stg_a4e73\/enklare-och-smartare\/","og_site_name":"INVOIER - Fakturafinansiering","article_modified_time":"2025-03-07T13:50:49+00:00","twitter_card":"summary_large_image","schema":{"@context":"https:\/\/schema.org","@graph":[{"@type":"WebPage","@id":"https:\/\/invoier.com\/stg_a4e73\/enklare-och-smartare\/","url":"https:\/\/invoier.com\/stg_a4e73\/enklare-och-smartare\/","name":"Enklare och smartare - INVOIER - Fakturafinansiering","isPartOf":{"@id":"https:\/\/invoier.com\/stg_a4e73\/#website"},"datePublished":"2025-03-05T11:26:23+00:00","dateModified":"2025-03-07T13:50:49+00:00","breadcrumb":{"@id":"https:\/\/invoier.com\/stg_a4e73\/enklare-och-smartare\/#breadcrumb"},"inLanguage":"sv-SE","potentialAction":[{"@type":"ReadAction","target":["https:\/\/invoier.com\/stg_a4e73\/enklare-och-smartare\/"]}]},{"@type":"BreadcrumbList","@id":"https:\/\/invoier.com\/stg_a4e73\/enklare-och-smartare\/#breadcrumb","itemListElement":[{"@type":"ListItem","position":1,"name":"Home","item":"https:\/\/invoier.com\/stg_a4e73\/"},{"@type":"ListItem","position":2,"name":"Enklare och smartare"}]},{"@type":"WebSite","@id":"https:\/\/invoier.com\/stg_a4e73\/#website","url":"https:\/\/invoier.com\/stg_a4e73\/","name":"INVOIER - Fakturafinansiering","description":"Fakturafinansiering p\u00e5 dina villkor","publisher":{"@id":"https:\/\/invoier.com\/stg_a4e73\/#organization"},"potentialAction":[{"@type":"SearchAction","target":{"@type":"EntryPoint","urlTemplate":"https:\/\/invoier.com\/stg_a4e73\/?s={search_term_string}"},"query-input":{"@type":"PropertyValueSpecification","valueRequired":true,"valueName":"search_term_string"}}],"inLanguage":"sv-SE"},{"@type":"Organization","@id":"https:\/\/invoier.com\/stg_a4e73\/#organization","name":"Invoier AB","url":"https:\/\/invoier.com\/stg_a4e73\/","logo":{"@type":"ImageObject","inLanguage":"sv-SE","@id":"https:\/\/invoier.com\/stg_a4e73\/#\/schema\/logo\/image\/","url":"https:\/\/invoier.com\/stg_a4e73\/wp-content\/uploads\/Stacked_Logo_Black-final-3.png","contentUrl":"https:\/\/invoier.com\/stg_a4e73\/wp-content\/uploads\/Stacked_Logo_Black-final-3.png","width":338,"height":332,"caption":"Invoier AB"},"image":{"@id":"https:\/\/invoier.com\/stg_a4e73\/#\/schema\/logo\/image\/"}}]}},"_links":{"self":[{"href":"https:\/\/invoier.com\/stg_a4e73\/wp-json\/wp\/v2\/pages\/246903","targetHints":{"allow":["GET"]}}],"collection":[{"href":"https:\/\/invoier.com\/stg_a4e73\/wp-json\/wp\/v2\/pages"}],"about":[{"href":"https:\/\/invoier.com\/stg_a4e73\/wp-json\/wp\/v2\/types\/page"}],"author":[{"embeddable":true,"href":"https:\/\/invoier.com\/stg_a4e73\/wp-json\/wp\/v2\/users\/9"}],"replies":[{"embeddable":true,"href":"https:\/\/invoier.com\/stg_a4e73\/wp-json\/wp\/v2\/comments?post=246903"}],"version-history":[{"count":12,"href":"https:\/\/invoier.com\/stg_a4e73\/wp-json\/wp\/v2\/pages\/246903\/revisions"}],"predecessor-version":[{"id":246928,"href":"https:\/\/invoier.com\/stg_a4e73\/wp-json\/wp\/v2\/pages\/246903\/revisions\/246928"}],"wp:attachment":[{"href":"https:\/\/invoier.com\/stg_a4e73\/wp-json\/wp\/v2\/media?parent=246903"}],"curies":[{"name":"wp","href":"https:\/\/api.w.org\/{rel}","templated":true}]}}