{"id":244447,"date":"2023-08-29T13:52:20","date_gmt":"2023-08-29T11:52:20","guid":{"rendered":"https:\/\/invoier.com\/stg_a4e73\/?page_id=244447"},"modified":"2024-01-15T10:33:45","modified_gmt":"2024-01-15T09:33:45","slug":"appterms","status":"publish","type":"page","link":"https:\/\/invoier.com\/stg_a4e73\/appterms\/","title":{"rendered":"Terms &#038; Conditions"},"content":{"rendered":"<p>[et_pb_section fb_built=&#8221;1&#8243; module_class=&#8221;inv-beach-bg &#8221; _builder_version=&#8221;4.16&#8243; _module_preset=&#8221;default&#8221; global_colors_info=&#8221;{}&#8221;][et_pb_row make_equal=&#8221;on&#8221; _builder_version=&#8221;4.22.1&#8243; _module_preset=&#8221;default&#8221; max_width=&#8221;1080px&#8221; global_colors_info=&#8221;{}&#8221;][et_pb_column type=&#8221;4_4&#8243; _builder_version=&#8221;4.16&#8243; _module_preset=&#8221;default&#8221; global_colors_info=&#8221;{}&#8221;][et_pb_text module_class=&#8221;inv-fullWidth-centerTitle&#8221; _builder_version=&#8221;4.22.1&#8243; _module_preset=&#8221;default&#8221; global_colors_info=&#8221;{}&#8221;]<\/p>\n<h2>Allm\u00e4nna villkor f\u00f6r Invoiers digitala tj\u00e4nster<\/h2>\n<p>G\u00e4ller fr\u00e5n och med 2023-09-01[\/et_pb_text][\/et_pb_column][\/et_pb_row][\/et_pb_section][et_pb_section fb_built=&#8221;1&#8243; _builder_version=&#8221;4.16&#8243; _module_preset=&#8221;default&#8221; global_colors_info=&#8221;{}&#8221;][et_pb_row _builder_version=&#8221;4.22.1&#8243; _module_preset=&#8221;default&#8221; max_width=&#8221;1080px&#8221; global_colors_info=&#8221;{}&#8221;][et_pb_column type=&#8221;4_4&#8243; _builder_version=&#8221;4.16&#8243; _module_preset=&#8221;default&#8221; global_colors_info=&#8221;{}&#8221;][et_pb_text _builder_version=&#8221;4.22.1&#8243; _module_preset=&#8221;default&#8221; global_colors_info=&#8221;{}&#8221;]<\/p>\n<p>Administrat\u00f6r som loggar in p\u00e5 Invoiers digitala tj\u00e4nster f\u00f6retr\u00e4der sitt f\u00f6retag. F\u00f6retaget garanterar att s\u00e5dan(a) administrat\u00f6rer \u00e4r beh\u00f6riga att anv\u00e4nda Invoiers digitala tj\u00e4nster och d\u00e4r ta beslut samt l\u00e4mna uppgifter f\u00f6r f\u00f6retagets r\u00e4kning. F\u00f6retaget ansvarar f\u00f6r riktigheten i de uppgifter som l\u00e4mnas till Invoier via digitala tj\u00e4nster. F\u00f6retaget har ansvar att s\u00e4kerst\u00e4lla att ingen obeh\u00f6rig kan anv\u00e4nda e-legitimation f\u00f6r tilltr\u00e4de till Invoiers digitala tj\u00e4nster.<\/p>\n<p>Eventuella fr\u00e5gor om Invoiers digitala tj\u00e4nster skickas till <a href=\"mailto:support@invoier.com\">support@invoier.com <\/a><\/p>\n<p>[\/et_pb_text][\/et_pb_column][\/et_pb_row][et_pb_row _builder_version=&#8221;4.22.1&#8243; _module_preset=&#8221;default&#8221; max_width=&#8221;1080px&#8221; locked=&#8221;off&#8221; global_colors_info=&#8221;{}&#8221;][et_pb_column type=&#8221;4_4&#8243; _builder_version=&#8221;4.16&#8243; _module_preset=&#8221;default&#8221; global_colors_info=&#8221;{}&#8221;][et_pb_divider color=&#8221;#e5e5e5&#8243; divider_position=&#8221;center&#8221; _builder_version=&#8221;4.16&#8243; _module_preset=&#8221;default&#8221; global_colors_info=&#8221;{}&#8221;][\/et_pb_divider][\/et_pb_column][\/et_pb_row][et_pb_row _builder_version=&#8221;4.16&#8243; _module_preset=&#8221;default&#8221; max_width=&#8221;1080px&#8221; locked=&#8221;off&#8221; global_colors_info=&#8221;{}&#8221;][et_pb_column type=&#8221;4_4&#8243; _builder_version=&#8221;4.16&#8243; _module_preset=&#8221;default&#8221; global_colors_info=&#8221;{}&#8221;][et_pb_text _builder_version=&#8221;4.23.4&#8243; _module_preset=&#8221;default&#8221; hover_enabled=&#8221;0&#8243; global_colors_info=&#8221;{}&#8221; sticky_enabled=&#8221;0&#8243;]<\/p>\n<h4>Om Invoier<\/h4>\n<p>Invoier tillhandah\u00e5ller l\u00f6sningar f\u00f6r f\u00f6retagsfinansiering och har utvecklat Sveriges enda marknadsplats f\u00f6r fakturor. Syftet \u00e4r att m\u00f6jligg\u00f6ra marknadsm\u00e4ssiga priser f\u00f6r sm\u00e5- och medelstora f\u00f6retags finansiering och tillv\u00e4xt, samtidigt som en ny typ av investerare f\u00e5r access till marknaden. Den tekniska grunden i erbjudandet utg\u00f6rs av en unik AI-motor som besvarar b\u00e5de om och n\u00e4r en faktura kommer att betalas. Invoier startade 2020 i Stockholm och har finansierats av EU och KTH samt agerar med tillst\u00e5nd fr\u00e5n Finansinspektionen. <strong> <a href=\"https:\/\/invoier.com\/stg_a4e73\/om-invoier\/\">L\u00e4s mer om Invoier &gt;&gt;<\/a> <\/strong>[\/et_pb_text][\/et_pb_column][\/et_pb_row][\/et_pb_section]<\/p>\n","protected":false},"excerpt":{"rendered":"<p>Allm\u00e4nna villkor f\u00f6r Invoiers digitala tj\u00e4nster G\u00e4ller fr\u00e5n och med 2023-09-01Administrat\u00f6r som loggar in p\u00e5 Invoiers digitala tj\u00e4nster f\u00f6retr\u00e4der sitt f\u00f6retag. F\u00f6retaget garanterar att s\u00e5dan(a) administrat\u00f6rer \u00e4r beh\u00f6riga att anv\u00e4nda Invoiers digitala tj\u00e4nster och d\u00e4r ta beslut samt l\u00e4mna uppgifter f\u00f6r f\u00f6retagets r\u00e4kning. F\u00f6retaget ansvarar f\u00f6r riktigheten i de uppgifter som l\u00e4mnas till Invoier via [&hellip;]<\/p>\n","protected":false},"author":5,"featured_media":0,"parent":0,"menu_order":0,"comment_status":"closed","ping_status":"closed","template":"","meta":{"_et_pb_use_builder":"on","_et_pb_old_content":"","_et_gb_content_width":"","footnotes":""},"class_list":["post-244447","page","type-page","status-publish","hentry"],"yoast_head":"<!-- This site is optimized with the Yoast SEO plugin v25.3.1 - https:\/\/yoast.com\/wordpress\/plugins\/seo\/ -->\n<title>Terms &amp; Conditions - INVOIER - Fakturafinansiering<\/title>\n<meta name=\"robots\" content=\"noindex, nofollow\" \/>\n<meta property=\"og:locale\" content=\"sv_SE\" \/>\n<meta property=\"og:type\" content=\"article\" \/>\n<meta property=\"og:title\" content=\"Terms &amp; Conditions - INVOIER - Fakturafinansiering\" \/>\n<meta property=\"og:description\" content=\"Allm\u00e4nna villkor f\u00f6r Invoiers digitala tj\u00e4nster G\u00e4ller fr\u00e5n och med 2023-09-01Administrat\u00f6r som loggar in p\u00e5 Invoiers digitala tj\u00e4nster f\u00f6retr\u00e4der sitt f\u00f6retag. F\u00f6retaget garanterar att s\u00e5dan(a) administrat\u00f6rer \u00e4r beh\u00f6riga att anv\u00e4nda Invoiers digitala tj\u00e4nster och d\u00e4r ta beslut samt l\u00e4mna uppgifter f\u00f6r f\u00f6retagets r\u00e4kning. F\u00f6retaget ansvarar f\u00f6r riktigheten i de uppgifter som l\u00e4mnas till Invoier via [&hellip;]\" \/>\n<meta property=\"og:url\" content=\"https:\/\/invoier.com\/stg_a4e73\/appterms\/\" \/>\n<meta property=\"og:site_name\" content=\"INVOIER - Fakturafinansiering\" \/>\n<meta property=\"article:modified_time\" content=\"2024-01-15T09:33:45+00:00\" \/>\n<meta name=\"twitter:card\" content=\"summary_large_image\" \/>\n<meta name=\"twitter:label1\" content=\"Ber\u00e4knad l\u00e4stid\" \/>\n\t<meta name=\"twitter:data1\" content=\"2 minuter\" \/>\n<script type=\"application\/ld+json\" class=\"yoast-schema-graph\">{\"@context\":\"https:\/\/schema.org\",\"@graph\":[{\"@type\":\"WebPage\",\"@id\":\"https:\/\/invoier.com\/stg_a4e73\/appterms\/\",\"url\":\"https:\/\/invoier.com\/stg_a4e73\/appterms\/\",\"name\":\"Terms & Conditions - INVOIER - Fakturafinansiering\",\"isPartOf\":{\"@id\":\"https:\/\/invoier.com\/stg_a4e73\/#website\"},\"datePublished\":\"2023-08-29T11:52:20+00:00\",\"dateModified\":\"2024-01-15T09:33:45+00:00\",\"breadcrumb\":{\"@id\":\"https:\/\/invoier.com\/stg_a4e73\/appterms\/#breadcrumb\"},\"inLanguage\":\"sv-SE\",\"potentialAction\":[{\"@type\":\"ReadAction\",\"target\":[\"https:\/\/invoier.com\/stg_a4e73\/appterms\/\"]}]},{\"@type\":\"BreadcrumbList\",\"@id\":\"https:\/\/invoier.com\/stg_a4e73\/appterms\/#breadcrumb\",\"itemListElement\":[{\"@type\":\"ListItem\",\"position\":1,\"name\":\"Home\",\"item\":\"https:\/\/invoier.com\/stg_a4e73\/\"},{\"@type\":\"ListItem\",\"position\":2,\"name\":\"Terms &#038; Conditions\"}]},{\"@type\":\"WebSite\",\"@id\":\"https:\/\/invoier.com\/stg_a4e73\/#website\",\"url\":\"https:\/\/invoier.com\/stg_a4e73\/\",\"name\":\"INVOIER - Fakturafinansiering\",\"description\":\"Fakturafinansiering p\u00e5 dina villkor\",\"publisher\":{\"@id\":\"https:\/\/invoier.com\/stg_a4e73\/#organization\"},\"potentialAction\":[{\"@type\":\"SearchAction\",\"target\":{\"@type\":\"EntryPoint\",\"urlTemplate\":\"https:\/\/invoier.com\/stg_a4e73\/?s={search_term_string}\"},\"query-input\":{\"@type\":\"PropertyValueSpecification\",\"valueRequired\":true,\"valueName\":\"search_term_string\"}}],\"inLanguage\":\"sv-SE\"},{\"@type\":\"Organization\",\"@id\":\"https:\/\/invoier.com\/stg_a4e73\/#organization\",\"name\":\"Invoier AB\",\"url\":\"https:\/\/invoier.com\/stg_a4e73\/\",\"logo\":{\"@type\":\"ImageObject\",\"inLanguage\":\"sv-SE\",\"@id\":\"https:\/\/invoier.com\/stg_a4e73\/#\/schema\/logo\/image\/\",\"url\":\"https:\/\/invoier.com\/stg_a4e73\/wp-content\/uploads\/Stacked_Logo_Black-final-3.png\",\"contentUrl\":\"https:\/\/invoier.com\/stg_a4e73\/wp-content\/uploads\/Stacked_Logo_Black-final-3.png\",\"width\":338,\"height\":332,\"caption\":\"Invoier AB\"},\"image\":{\"@id\":\"https:\/\/invoier.com\/stg_a4e73\/#\/schema\/logo\/image\/\"}}]}<\/script>\n<!-- \/ Yoast SEO plugin. -->","yoast_head_json":{"title":"Terms & Conditions - INVOIER - Fakturafinansiering","robots":{"index":"noindex","follow":"nofollow"},"og_locale":"sv_SE","og_type":"article","og_title":"Terms & Conditions - INVOIER - Fakturafinansiering","og_description":"Allm\u00e4nna villkor f\u00f6r Invoiers digitala tj\u00e4nster G\u00e4ller fr\u00e5n och med 2023-09-01Administrat\u00f6r som loggar in p\u00e5 Invoiers digitala tj\u00e4nster f\u00f6retr\u00e4der sitt f\u00f6retag. F\u00f6retaget garanterar att s\u00e5dan(a) administrat\u00f6rer \u00e4r beh\u00f6riga att anv\u00e4nda Invoiers digitala tj\u00e4nster och d\u00e4r ta beslut samt l\u00e4mna uppgifter f\u00f6r f\u00f6retagets r\u00e4kning. F\u00f6retaget ansvarar f\u00f6r riktigheten i de uppgifter som l\u00e4mnas till Invoier via [&hellip;]","og_url":"https:\/\/invoier.com\/stg_a4e73\/appterms\/","og_site_name":"INVOIER - Fakturafinansiering","article_modified_time":"2024-01-15T09:33:45+00:00","twitter_card":"summary_large_image","twitter_misc":{"Ber\u00e4knad l\u00e4stid":"2 minuter"},"schema":{"@context":"https:\/\/schema.org","@graph":[{"@type":"WebPage","@id":"https:\/\/invoier.com\/stg_a4e73\/appterms\/","url":"https:\/\/invoier.com\/stg_a4e73\/appterms\/","name":"Terms & Conditions - INVOIER - Fakturafinansiering","isPartOf":{"@id":"https:\/\/invoier.com\/stg_a4e73\/#website"},"datePublished":"2023-08-29T11:52:20+00:00","dateModified":"2024-01-15T09:33:45+00:00","breadcrumb":{"@id":"https:\/\/invoier.com\/stg_a4e73\/appterms\/#breadcrumb"},"inLanguage":"sv-SE","potentialAction":[{"@type":"ReadAction","target":["https:\/\/invoier.com\/stg_a4e73\/appterms\/"]}]},{"@type":"BreadcrumbList","@id":"https:\/\/invoier.com\/stg_a4e73\/appterms\/#breadcrumb","itemListElement":[{"@type":"ListItem","position":1,"name":"Home","item":"https:\/\/invoier.com\/stg_a4e73\/"},{"@type":"ListItem","position":2,"name":"Terms &#038; Conditions"}]},{"@type":"WebSite","@id":"https:\/\/invoier.com\/stg_a4e73\/#website","url":"https:\/\/invoier.com\/stg_a4e73\/","name":"INVOIER - Fakturafinansiering","description":"Fakturafinansiering p\u00e5 dina villkor","publisher":{"@id":"https:\/\/invoier.com\/stg_a4e73\/#organization"},"potentialAction":[{"@type":"SearchAction","target":{"@type":"EntryPoint","urlTemplate":"https:\/\/invoier.com\/stg_a4e73\/?s={search_term_string}"},"query-input":{"@type":"PropertyValueSpecification","valueRequired":true,"valueName":"search_term_string"}}],"inLanguage":"sv-SE"},{"@type":"Organization","@id":"https:\/\/invoier.com\/stg_a4e73\/#organization","name":"Invoier AB","url":"https:\/\/invoier.com\/stg_a4e73\/","logo":{"@type":"ImageObject","inLanguage":"sv-SE","@id":"https:\/\/invoier.com\/stg_a4e73\/#\/schema\/logo\/image\/","url":"https:\/\/invoier.com\/stg_a4e73\/wp-content\/uploads\/Stacked_Logo_Black-final-3.png","contentUrl":"https:\/\/invoier.com\/stg_a4e73\/wp-content\/uploads\/Stacked_Logo_Black-final-3.png","width":338,"height":332,"caption":"Invoier AB"},"image":{"@id":"https:\/\/invoier.com\/stg_a4e73\/#\/schema\/logo\/image\/"}}]}},"_links":{"self":[{"href":"https:\/\/invoier.com\/stg_a4e73\/wp-json\/wp\/v2\/pages\/244447","targetHints":{"allow":["GET"]}}],"collection":[{"href":"https:\/\/invoier.com\/stg_a4e73\/wp-json\/wp\/v2\/pages"}],"about":[{"href":"https:\/\/invoier.com\/stg_a4e73\/wp-json\/wp\/v2\/types\/page"}],"author":[{"embeddable":true,"href":"https:\/\/invoier.com\/stg_a4e73\/wp-json\/wp\/v2\/users\/5"}],"replies":[{"embeddable":true,"href":"https:\/\/invoier.com\/stg_a4e73\/wp-json\/wp\/v2\/comments?post=244447"}],"version-history":[{"count":9,"href":"https:\/\/invoier.com\/stg_a4e73\/wp-json\/wp\/v2\/pages\/244447\/revisions"}],"predecessor-version":[{"id":245515,"href":"https:\/\/invoier.com\/stg_a4e73\/wp-json\/wp\/v2\/pages\/244447\/revisions\/245515"}],"wp:attachment":[{"href":"https:\/\/invoier.com\/stg_a4e73\/wp-json\/wp\/v2\/media?parent=244447"}],"curies":[{"name":"wp","href":"https:\/\/api.w.org\/{rel}","templated":true}]}}