{"id":243906,"date":"2022-10-28T15:16:14","date_gmt":"2022-10-28T13:16:14","guid":{"rendered":"https:\/\/invoier.com\/stg_a4e73\/?page_id=243906"},"modified":"2024-02-28T12:59:37","modified_gmt":"2024-02-28T11:59:37","slug":"boka-radgivning","status":"publish","type":"page","link":"https:\/\/invoier.com\/stg_a4e73\/boka-radgivning\/","title":{"rendered":"Boka kostnadsfri r\u00e5dgivning"},"content":{"rendered":"\n[et_pb_section fb_built=&#8221;1&#8243; _builder_version=&#8221;4.16&#8243; _module_preset=&#8221;default&#8221; global_colors_info=&#8221;{}&#8221;][et_pb_row column_structure=&#8221;2_5,3_5&#8243; make_equal=&#8221;on&#8221; _builder_version=&#8221;4.16&#8243; _module_preset=&#8221;default&#8221; global_colors_info=&#8221;{}&#8221;][et_pb_column type=&#8221;2_5&#8243; module_class=&#8221;second-on-mobile inv-vertCenter&#8221; _builder_version=&#8221;4.16&#8243; _module_preset=&#8221;default&#8221; global_colors_info=&#8221;{}&#8221;][et_pb_text _builder_version=&#8221;4.23.1&#8243; _module_preset=&#8221;default&#8221; global_colors_info=&#8221;{}&#8221;]<h1 class=\"inv-Leftlinetitle\">f\u00f6retagsfinansiering<\/h1>\n<h3>Boka r\u00e5dgivning helt kostnadsfritt<\/h3>\n<div class=\"inv-subheading\">Vi hj\u00e4lper dig snabbt och enkelt att hitta den l\u00f6sning som passar b\u00e4st f\u00f6r just ditt f\u00f6retag, helt f\u00f6ruts\u00e4ttningsl\u00f6st.<\/div>\nFrig\u00f6r ditt eget intj\u00e4nade kapital i form av \u00e4nnu ej betalda fakturor eller finansiera kommande ink\u00f6p och m\u00f6jligg\u00f6r fler aff\u00e4rer. Boka r\u00e5dgivning med v\u00e5ra r\u00e5dgivare f\u00f6r att se hur din verksamhet skulle kunna v\u00e4xa \u00e4nnu snabbare![\/et_pb_text][\/et_pb_column][et_pb_column type=&#8221;3_5&#8243; module_class=&#8221;inv-vertCenter first-on-mobile&#8221; _builder_version=&#8221;4.16&#8243; _module_preset=&#8221;default&#8221; global_colors_info=&#8221;{}&#8221;][et_pb_code _builder_version=&#8221;4.23.1&#8243; _module_preset=&#8221;default&#8221; global_colors_info=&#8221;{}&#8221;]<!-- Calendly inline widget begin --><!-- [et_pb_line_break_holder] --><div class=\"calendly-inline-widget\" data-url=\"https:\/\/calendly.com\/d\/5bx-9qr-nvm\/let-s-talk\" style=\"height:970px;\"><\/div><!-- [et_pb_line_break_holder] --><script type=\"text\/javascript\" src=\"https:\/\/assets.calendly.com\/assets\/external\/widget.js\" async><\/script><!-- [et_pb_line_break_holder] --><!-- Calendly inline widget end -->[\/et_pb_code][\/et_pb_column][\/et_pb_row][\/et_pb_section][et_pb_section fb_built=&#8221;1&#8243; module_class=&#8221;inv-beach-bg inv-contact-invoier&#8221; _builder_version=&#8221;4.23.4&#8243; _module_preset=&#8221;default&#8221; hover_enabled=&#8221;0&#8243; locked=&#8221;off&#8221; global_colors_info=&#8221;{}&#8221; sticky_enabled=&#8221;0&#8243;][et_pb_row column_structure=&#8221;1_2,1_2&#8243; make_equal=&#8221;on&#8221; module_class=&#8221;btn-inline&#8221; _builder_version=&#8221;4.23.4&#8243; _module_preset=&#8221;default&#8221; global_colors_info=&#8221;{}&#8221;][et_pb_column type=&#8221;1_2&#8243; _builder_version=&#8221;4.16&#8243; _module_preset=&#8221;default&#8221; global_colors_info=&#8221;{}&#8221;][et_pb_text _builder_version=&#8221;4.23.4&#8243; _module_preset=&#8221;default&#8221; header_text_align=&#8221;center&#8221; hover_enabled=&#8221;0&#8243; global_colors_info=&#8221;{}&#8221; sticky_enabled=&#8221;0&#8243;]<h3><span style=\"vertical-align: inherit;\"><span style=\"vertical-align: inherit;\">L\u00e5t oss hitta ett uppl\u00e4gg f\u00f6r dig!<\/span><\/span><\/h3>\n<p style=\"vertical-align: inherit;\"><span style=\"vertical-align: inherit;\"><span style=\"vertical-align: inherit;\">Vi hj\u00e4lper dig med r\u00e5dgivning och finansieringsuppl\u00e4gg som \u00e4r anpassade efter ditt f\u00f6retags specifika f\u00f6ruts\u00e4ttningar<\/span><\/span><\/p>[\/et_pb_text][et_pb_button button_url=&#8221;tel:+46020-899 444&#8243; button_text=&#8221;020-899 444&#8243; module_class=&#8221;inv-stdButton gtm-patrik-phn inv-btn-block&#8221; _builder_version=&#8221;4.23.4&#8243; _module_preset=&#8221;default&#8221; hover_enabled=&#8221;0&#8243; locked=&#8221;off&#8221; global_colors_info=&#8221;{}&#8221; sticky_enabled=&#8221;0&#8243;][\/et_pb_button][et_pb_button button_url=&#8221;mailto:info@invoier.com&#8221; button_text=&#8221;info@invoier.com&#8221; module_class=&#8221;inv-stdButtonBlack gtm-patrik-email inv-btn-block&#8221; _builder_version=&#8221;4.23.4&#8243; _module_preset=&#8221;default&#8221; hover_enabled=&#8221;0&#8243; locked=&#8221;off&#8221; global_colors_info=&#8221;{}&#8221; sticky_enabled=&#8221;0&#8243;][\/et_pb_button][\/et_pb_column][et_pb_column type=&#8221;1_2&#8243; module_class=&#8221;inv-contactPersonWrapper&#8221; _builder_version=&#8221;4.16&#8243; _module_preset=&#8221;default&#8221; global_colors_info=&#8221;{}&#8221;][et_pb_image src=&#8221;https:\/\/invoier.com\/stg_a4e73\/wp-content\/uploads\/contact-invoier-now.png&#8221; alt=&#8221;Gratis r\u00e5dgivning om factoring&#8221; title_text=&#8221;contact-invoier-now&#8221; _builder_version=&#8221;4.23.4&#8243; _module_preset=&#8221;default&#8221; hover_enabled=&#8221;0&#8243; global_colors_info=&#8221;{}&#8221; sticky_enabled=&#8221;0&#8243; custom_padding_last_edited=&#8221;on|desktop&#8221; custom_padding_tablet=&#8221;40px||||false|false&#8221; custom_padding_phone=&#8221;40px||||false|false&#8221; src_last_edited=&#8221;on|tablet&#8221; src_tablet=&#8221;https:\/\/invoier.com\/stg_a4e73\/wp-content\/uploads\/contact-invoier-now.png&#8221; src_phone=&#8221;https:\/\/invoier.com\/stg_a4e73\/wp-content\/uploads\/contact-invoier-now.png&#8221;][\/et_pb_image][\/et_pb_column][\/et_pb_row][\/et_pb_section]\n","protected":false},"excerpt":{"rendered":"<p>f\u00f6retagsfinansiering Boka r\u00e5dgivning helt kostnadsfritt Vi hj\u00e4lper dig snabbt och enkelt att hitta den l\u00f6sning som passar b\u00e4st f\u00f6r just ditt f\u00f6retag, helt f\u00f6ruts\u00e4ttningsl\u00f6st. Frig\u00f6r ditt eget intj\u00e4nade kapital i form av \u00e4nnu ej betalda fakturor eller finansiera kommande ink\u00f6p och m\u00f6jligg\u00f6r fler aff\u00e4rer. Boka r\u00e5dgivning med v\u00e5ra r\u00e5dgivare f\u00f6r att se hur din verksamhet [&hellip;]<\/p>\n","protected":false},"author":5,"featured_media":245623,"parent":0,"menu_order":0,"comment_status":"closed","ping_status":"closed","template":"","meta":{"_et_pb_use_builder":"on","_et_pb_old_content":"","_et_gb_content_width":"","footnotes":""},"class_list":["post-243906","page","type-page","status-publish","has-post-thumbnail","hentry"],"yoast_head":"<!-- This site is optimized with the Yoast SEO plugin v25.3.1 - https:\/\/yoast.com\/wordpress\/plugins\/seo\/ -->\n<title>Boka r\u00e5dgivning om f\u00f6retagsfinansiering - kostnadsfritt<\/title>\n<meta name=\"description\" content=\"P\u00e5 Invoier hj\u00e4lper vi dig med olika typer av f\u00f6retagsfinansiering. Boka r\u00e5dgivning s\u00e5 hittar vi den b\u00e4sta l\u00f6sningen f\u00f6r just ditt f\u00f6retag!\" \/>\n<meta name=\"robots\" content=\"noindex, follow, max-snippet:-1, max-image-preview:large, max-video-preview:-1\" \/>\n<meta property=\"og:locale\" content=\"sv_SE\" \/>\n<meta property=\"og:type\" content=\"article\" \/>\n<meta property=\"og:title\" content=\"Boka r\u00e5dgivning om f\u00f6retagsfinansiering - kostnadsfritt\" \/>\n<meta property=\"og:description\" content=\"P\u00e5 Invoier hj\u00e4lper vi dig med olika typer av f\u00f6retagsfinansiering. Boka r\u00e5dgivning s\u00e5 hittar vi den b\u00e4sta l\u00f6sningen f\u00f6r just ditt f\u00f6retag!\" \/>\n<meta property=\"og:url\" content=\"https:\/\/invoier.com\/stg_a4e73\/boka-radgivning\/\" \/>\n<meta property=\"og:site_name\" content=\"INVOIER - Fakturafinansiering\" \/>\n<meta property=\"article:modified_time\" content=\"2024-02-28T11:59:37+00:00\" \/>\n<meta property=\"og:image\" content=\"https:\/\/invoier.com\/stg_a4e73\/wp-content\/uploads\/contact-invoier-bg.png\" \/>\n\t<meta property=\"og:image:width\" content=\"706\" \/>\n\t<meta property=\"og:image:height\" content=\"375\" \/>\n\t<meta property=\"og:image:type\" content=\"image\/png\" \/>\n<meta name=\"twitter:card\" content=\"summary_large_image\" \/>\n<meta name=\"twitter:label1\" content=\"Ber\u00e4knad l\u00e4stid\" \/>\n\t<meta name=\"twitter:data1\" content=\"1 minut\" \/>\n<script type=\"application\/ld+json\" class=\"yoast-schema-graph\">{\"@context\":\"https:\/\/schema.org\",\"@graph\":[{\"@type\":\"WebPage\",\"@id\":\"https:\/\/invoier.com\/stg_a4e73\/boka-radgivning\/\",\"url\":\"https:\/\/invoier.com\/stg_a4e73\/boka-radgivning\/\",\"name\":\"Boka r\u00e5dgivning om f\u00f6retagsfinansiering - kostnadsfritt\",\"isPartOf\":{\"@id\":\"https:\/\/invoier.com\/stg_a4e73\/#website\"},\"primaryImageOfPage\":{\"@id\":\"https:\/\/invoier.com\/stg_a4e73\/boka-radgivning\/#primaryimage\"},\"image\":{\"@id\":\"https:\/\/invoier.com\/stg_a4e73\/boka-radgivning\/#primaryimage\"},\"thumbnailUrl\":\"https:\/\/invoier.com\/stg_a4e73\/wp-content\/uploads\/contact-invoier-bg.png\",\"datePublished\":\"2022-10-28T13:16:14+00:00\",\"dateModified\":\"2024-02-28T11:59:37+00:00\",\"description\":\"P\u00e5 Invoier hj\u00e4lper vi dig med olika typer av f\u00f6retagsfinansiering. Boka r\u00e5dgivning s\u00e5 hittar vi den b\u00e4sta l\u00f6sningen f\u00f6r just ditt f\u00f6retag!\",\"breadcrumb\":{\"@id\":\"https:\/\/invoier.com\/stg_a4e73\/boka-radgivning\/#breadcrumb\"},\"inLanguage\":\"sv-SE\",\"potentialAction\":[{\"@type\":\"ReadAction\",\"target\":[\"https:\/\/invoier.com\/stg_a4e73\/boka-radgivning\/\"]}]},{\"@type\":\"ImageObject\",\"inLanguage\":\"sv-SE\",\"@id\":\"https:\/\/invoier.com\/stg_a4e73\/boka-radgivning\/#primaryimage\",\"url\":\"https:\/\/invoier.com\/stg_a4e73\/wp-content\/uploads\/contact-invoier-bg.png\",\"contentUrl\":\"https:\/\/invoier.com\/stg_a4e73\/wp-content\/uploads\/contact-invoier-bg.png\",\"width\":706,\"height\":375},{\"@type\":\"BreadcrumbList\",\"@id\":\"https:\/\/invoier.com\/stg_a4e73\/boka-radgivning\/#breadcrumb\",\"itemListElement\":[{\"@type\":\"ListItem\",\"position\":1,\"name\":\"Home\",\"item\":\"https:\/\/invoier.com\/stg_a4e73\/\"},{\"@type\":\"ListItem\",\"position\":2,\"name\":\"Boka kostnadsfri r\u00e5dgivning\"}]},{\"@type\":\"WebSite\",\"@id\":\"https:\/\/invoier.com\/stg_a4e73\/#website\",\"url\":\"https:\/\/invoier.com\/stg_a4e73\/\",\"name\":\"INVOIER - Fakturafinansiering\",\"description\":\"Fakturafinansiering p\u00e5 dina villkor\",\"publisher\":{\"@id\":\"https:\/\/invoier.com\/stg_a4e73\/#organization\"},\"potentialAction\":[{\"@type\":\"SearchAction\",\"target\":{\"@type\":\"EntryPoint\",\"urlTemplate\":\"https:\/\/invoier.com\/stg_a4e73\/?s={search_term_string}\"},\"query-input\":{\"@type\":\"PropertyValueSpecification\",\"valueRequired\":true,\"valueName\":\"search_term_string\"}}],\"inLanguage\":\"sv-SE\"},{\"@type\":\"Organization\",\"@id\":\"https:\/\/invoier.com\/stg_a4e73\/#organization\",\"name\":\"Invoier AB\",\"url\":\"https:\/\/invoier.com\/stg_a4e73\/\",\"logo\":{\"@type\":\"ImageObject\",\"inLanguage\":\"sv-SE\",\"@id\":\"https:\/\/invoier.com\/stg_a4e73\/#\/schema\/logo\/image\/\",\"url\":\"https:\/\/invoier.com\/stg_a4e73\/wp-content\/uploads\/Stacked_Logo_Black-final-3.png\",\"contentUrl\":\"https:\/\/invoier.com\/stg_a4e73\/wp-content\/uploads\/Stacked_Logo_Black-final-3.png\",\"width\":338,\"height\":332,\"caption\":\"Invoier AB\"},\"image\":{\"@id\":\"https:\/\/invoier.com\/stg_a4e73\/#\/schema\/logo\/image\/\"}}]}<\/script>\n<!-- \/ Yoast SEO plugin. -->","yoast_head_json":{"title":"Boka r\u00e5dgivning om f\u00f6retagsfinansiering - kostnadsfritt","description":"P\u00e5 Invoier hj\u00e4lper vi dig med olika typer av f\u00f6retagsfinansiering. Boka r\u00e5dgivning s\u00e5 hittar vi den b\u00e4sta l\u00f6sningen f\u00f6r just ditt f\u00f6retag!","robots":{"index":"noindex","follow":"follow","max-snippet":"max-snippet:-1","max-image-preview":"max-image-preview:large","max-video-preview":"max-video-preview:-1"},"og_locale":"sv_SE","og_type":"article","og_title":"Boka r\u00e5dgivning om f\u00f6retagsfinansiering - kostnadsfritt","og_description":"P\u00e5 Invoier hj\u00e4lper vi dig med olika typer av f\u00f6retagsfinansiering. Boka r\u00e5dgivning s\u00e5 hittar vi den b\u00e4sta l\u00f6sningen f\u00f6r just ditt f\u00f6retag!","og_url":"https:\/\/invoier.com\/stg_a4e73\/boka-radgivning\/","og_site_name":"INVOIER - Fakturafinansiering","article_modified_time":"2024-02-28T11:59:37+00:00","og_image":[{"width":706,"height":375,"url":"https:\/\/invoier.com\/stg_a4e73\/wp-content\/uploads\/contact-invoier-bg.png","type":"image\/png"}],"twitter_card":"summary_large_image","twitter_misc":{"Ber\u00e4knad l\u00e4stid":"1 minut"},"schema":{"@context":"https:\/\/schema.org","@graph":[{"@type":"WebPage","@id":"https:\/\/invoier.com\/stg_a4e73\/boka-radgivning\/","url":"https:\/\/invoier.com\/stg_a4e73\/boka-radgivning\/","name":"Boka r\u00e5dgivning om f\u00f6retagsfinansiering - kostnadsfritt","isPartOf":{"@id":"https:\/\/invoier.com\/stg_a4e73\/#website"},"primaryImageOfPage":{"@id":"https:\/\/invoier.com\/stg_a4e73\/boka-radgivning\/#primaryimage"},"image":{"@id":"https:\/\/invoier.com\/stg_a4e73\/boka-radgivning\/#primaryimage"},"thumbnailUrl":"https:\/\/invoier.com\/stg_a4e73\/wp-content\/uploads\/contact-invoier-bg.png","datePublished":"2022-10-28T13:16:14+00:00","dateModified":"2024-02-28T11:59:37+00:00","description":"P\u00e5 Invoier hj\u00e4lper vi dig med olika typer av f\u00f6retagsfinansiering. Boka r\u00e5dgivning s\u00e5 hittar vi den b\u00e4sta l\u00f6sningen f\u00f6r just ditt f\u00f6retag!","breadcrumb":{"@id":"https:\/\/invoier.com\/stg_a4e73\/boka-radgivning\/#breadcrumb"},"inLanguage":"sv-SE","potentialAction":[{"@type":"ReadAction","target":["https:\/\/invoier.com\/stg_a4e73\/boka-radgivning\/"]}]},{"@type":"ImageObject","inLanguage":"sv-SE","@id":"https:\/\/invoier.com\/stg_a4e73\/boka-radgivning\/#primaryimage","url":"https:\/\/invoier.com\/stg_a4e73\/wp-content\/uploads\/contact-invoier-bg.png","contentUrl":"https:\/\/invoier.com\/stg_a4e73\/wp-content\/uploads\/contact-invoier-bg.png","width":706,"height":375},{"@type":"BreadcrumbList","@id":"https:\/\/invoier.com\/stg_a4e73\/boka-radgivning\/#breadcrumb","itemListElement":[{"@type":"ListItem","position":1,"name":"Home","item":"https:\/\/invoier.com\/stg_a4e73\/"},{"@type":"ListItem","position":2,"name":"Boka kostnadsfri r\u00e5dgivning"}]},{"@type":"WebSite","@id":"https:\/\/invoier.com\/stg_a4e73\/#website","url":"https:\/\/invoier.com\/stg_a4e73\/","name":"INVOIER - Fakturafinansiering","description":"Fakturafinansiering p\u00e5 dina villkor","publisher":{"@id":"https:\/\/invoier.com\/stg_a4e73\/#organization"},"potentialAction":[{"@type":"SearchAction","target":{"@type":"EntryPoint","urlTemplate":"https:\/\/invoier.com\/stg_a4e73\/?s={search_term_string}"},"query-input":{"@type":"PropertyValueSpecification","valueRequired":true,"valueName":"search_term_string"}}],"inLanguage":"sv-SE"},{"@type":"Organization","@id":"https:\/\/invoier.com\/stg_a4e73\/#organization","name":"Invoier AB","url":"https:\/\/invoier.com\/stg_a4e73\/","logo":{"@type":"ImageObject","inLanguage":"sv-SE","@id":"https:\/\/invoier.com\/stg_a4e73\/#\/schema\/logo\/image\/","url":"https:\/\/invoier.com\/stg_a4e73\/wp-content\/uploads\/Stacked_Logo_Black-final-3.png","contentUrl":"https:\/\/invoier.com\/stg_a4e73\/wp-content\/uploads\/Stacked_Logo_Black-final-3.png","width":338,"height":332,"caption":"Invoier AB"},"image":{"@id":"https:\/\/invoier.com\/stg_a4e73\/#\/schema\/logo\/image\/"}}]}},"_links":{"self":[{"href":"https:\/\/invoier.com\/stg_a4e73\/wp-json\/wp\/v2\/pages\/243906","targetHints":{"allow":["GET"]}}],"collection":[{"href":"https:\/\/invoier.com\/stg_a4e73\/wp-json\/wp\/v2\/pages"}],"about":[{"href":"https:\/\/invoier.com\/stg_a4e73\/wp-json\/wp\/v2\/types\/page"}],"author":[{"embeddable":true,"href":"https:\/\/invoier.com\/stg_a4e73\/wp-json\/wp\/v2\/users\/5"}],"replies":[{"embeddable":true,"href":"https:\/\/invoier.com\/stg_a4e73\/wp-json\/wp\/v2\/comments?post=243906"}],"version-history":[{"count":52,"href":"https:\/\/invoier.com\/stg_a4e73\/wp-json\/wp\/v2\/pages\/243906\/revisions"}],"predecessor-version":[{"id":245592,"href":"https:\/\/invoier.com\/stg_a4e73\/wp-json\/wp\/v2\/pages\/243906\/revisions\/245592"}],"wp:featuredmedia":[{"embeddable":true,"href":"https:\/\/invoier.com\/stg_a4e73\/wp-json\/wp\/v2\/media\/245623"}],"wp:attachment":[{"href":"https:\/\/invoier.com\/stg_a4e73\/wp-json\/wp\/v2\/media?parent=243906"}],"curies":[{"name":"wp","href":"https:\/\/api.w.org\/{rel}","templated":true}]}}