{"id":240903,"date":"2021-10-08T07:01:28","date_gmt":"2021-10-08T05:01:28","guid":{"rendered":"https:\/\/invoier.com\/stg_a4e73\/?page_id=240903"},"modified":"2024-02-06T16:36:52","modified_gmt":"2024-02-06T15:36:52","slug":"rekommenderar-abonnemangsfinansiering","status":"publish","type":"page","link":"https:\/\/invoier.com\/stg_a4e73\/rekommenderar-abonnemangsfinansiering\/","title":{"rendered":"rekommenderar abonnemangsfinansiering"},"content":{"rendered":"<p>[et_pb_section fb_built=&#8221;1&#8243; module_class=&#8221;inv-pageHeading&#8221; _builder_version=&#8221;4.16&#8243; _module_preset=&#8221;default&#8221; global_colors_info=&#8221;{}&#8221;][et_pb_row make_equal=&#8221;on&#8221; _builder_version=&#8221;4.16&#8243; _module_preset=&#8221;default&#8221; global_colors_info=&#8221;{}&#8221;][et_pb_column type=&#8221;4_4&#8243; module_class=&#8221;inv-vertCenter&#8221; _builder_version=&#8221;4.16&#8243; _module_preset=&#8221;default&#8221; global_colors_info=&#8221;{}&#8221;][et_pb_text module_class=&#8221;inv-centerHeading inv-mb-0&#8243; _builder_version=&#8221;4.16&#8243; _module_preset=&#8221;default&#8221; global_colors_info=&#8221;{}&#8221;]<\/p>\n<h1>Abonnemangsfinansiering<\/h1>\n<div class=\"inv-subheading\">\u00e4r v\u00e5r rekommenderade finansieringsl\u00f6sning f\u00f6r kontraktsfinansiering<\/div>\n<p>[\/et_pb_text][\/et_pb_column][\/et_pb_row][\/et_pb_section][et_pb_section fb_built=&#8221;1&#8243; _builder_version=&#8221;4.16&#8243; _module_preset=&#8221;default&#8221; global_colors_info=&#8221;{}&#8221;][et_pb_row column_structure=&#8221;1_2,1_2&#8243; make_equal=&#8221;on&#8221; _builder_version=&#8221;4.16&#8243; _module_preset=&#8221;default&#8221; global_colors_info=&#8221;{}&#8221;][et_pb_column type=&#8221;1_2&#8243; module_class=&#8221;inv-vertCenter&#8221; _builder_version=&#8221;4.16&#8243; _module_preset=&#8221;default&#8221; global_colors_info=&#8221;{}&#8221;][et_pb_image src=&#8221;https:\/\/invoier.com\/stg_a4e73\/wp-content\/uploads\/invoier-saas-swd.png&#8221; alt=&#8221;invoier saas&#8221; title_text=&#8221;invoier-saas-swd&#8221; _builder_version=&#8221;4.16&#8243; _module_preset=&#8221;default&#8221; global_colors_info=&#8221;{}&#8221;][\/et_pb_image][\/et_pb_column][et_pb_column type=&#8221;1_2&#8243; module_class=&#8221;inv-vertCenter&#8221; _builder_version=&#8221;4.16&#8243; _module_preset=&#8221;default&#8221; global_colors_info=&#8221;{}&#8221;][et_pb_text _builder_version=&#8221;4.16&#8243; _module_preset=&#8221;default&#8221; global_colors_info=&#8221;{}&#8221;]<\/p>\n<h4>Passar dig som:<\/h4>\n<p>vill f\u00f6rb\u00e4ttra ditt kassafl\u00f6de eller vill erbjuda kunderna mer flexibla betalningsalternativ. F\u00f6rmodligen har ni kunder som k\u00f6per prenumerationstj\u00e4nster (Saas) av er. F\u00e5 tillg\u00e5ng till hela \u00e5rets f\u00f6rs\u00e4ljning direkt.[\/et_pb_text][et_pb_text module_class=&#8221;inv-mb-15&#8243; _builder_version=&#8221;4.16&#8243; _module_preset=&#8221;default&#8221; global_colors_info=&#8221;{}&#8221;]<\/p>\n<h4>F\u00f6rdelar med Invoier Abonnemangsfinansiering:<\/h4>\n<ul class=\"inv-stdListing\">\n<li>F\u00e5 betalt i f\u00f6rhand<\/li>\n<li>F\u00f6rb\u00e4ttra kassafl\u00f6det<\/li>\n<li>Inga dolda avgifter<\/li>\n<li>Snabbare tillv\u00e4xt med direkt tillg\u00e5ng till hela \u00e5rets int\u00e4kter<\/li>\n<\/ul>\n<p>[\/et_pb_text][et_pb_button button_url=&#8221;@ET-DC@eyJkeW5hbWljIjp0cnVlLCJjb250ZW50IjoicG9zdF9saW5rX3VybF9wYWdlIiwic2V0dGluZ3MiOnsicG9zdF9pZCI6IjI4NjMwIn19@&#8221; button_text=&#8221;L\u00e4s mer och kom ig\u00e5ng&#8221; module_class=&#8221;inv-stdButton  inv-mb-0&#8243; _builder_version=&#8221;4.16&#8243; _dynamic_attributes=&#8221;button_url&#8221; _module_preset=&#8221;default&#8221; custom_margin=&#8221;||0px||false|false&#8221; global_colors_info=&#8221;{}&#8221;][\/et_pb_button][et_pb_code _builder_version=&#8221;4.16&#8243; _module_preset=&#8221;default&#8221; global_colors_info=&#8221;{}&#8221;][\/et_pb_code][\/et_pb_column][\/et_pb_row][\/et_pb_section][et_pb_section fb_built=&#8221;1&#8243; module_class=&#8221;inv-beach-bg&#8221; _builder_version=&#8221;4.24.0&#8243; _module_preset=&#8221;default&#8221; hover_enabled=&#8221;0&#8243; global_colors_info=&#8221;{}&#8221; sticky_enabled=&#8221;0&#8243;][et_pb_row column_structure=&#8221;1_2,1_2&#8243; make_equal=&#8221;on&#8221; module_class=&#8221;btn-inline&#8221; _builder_version=&#8221;4.16&#8243; _module_preset=&#8221;default&#8221; global_colors_info=&#8221;{}&#8221;][et_pb_column type=&#8221;1_2&#8243; _builder_version=&#8221;4.16&#8243; _module_preset=&#8221;default&#8221; global_colors_info=&#8221;{}&#8221;][et_pb_text _builder_version=&#8221;4.22.2&#8243; _module_preset=&#8221;default&#8221; global_colors_info=&#8221;{}&#8221;]<\/p>\n<h3>F\u00e5 kostnadsfri r\u00e5dgivning<\/h3>\n<p>Henrik hj\u00e4lper m\u00e5nga av Invoiers kunder med r\u00e5dgivning och f\u00f6rslag p\u00e5 finansieringsuppl\u00e4gg som \u00e4r anpassade efter varje f\u00f6retags specifika f\u00f6ruts\u00e4ttningar. Vi hj\u00e4lper till kostnadsfritt &#8211; kontakta Henrik![\/et_pb_text][et_pb_button button_url=&#8221;@ET-DC@eyJkeW5hbWljIjp0cnVlLCJjb250ZW50IjoicG9zdF9saW5rX3VybF9wYWdlIiwic2V0dGluZ3MiOnsicG9zdF9pZCI6IjI0MzkwNiJ9fQ==@&#8221; button_text=&#8221;Boka m\u00f6te&#8221; module_class=&#8221;inv-stdButton gtm-patrik-phn &#8221; _builder_version=&#8221;4.23.4&#8243; _dynamic_attributes=&#8221;button_url&#8221; _module_preset=&#8221;default&#8221; global_colors_info=&#8221;{}&#8221; locked=&#8221;off&#8221;][\/et_pb_button][\/et_pb_column][et_pb_column type=&#8221;1_2&#8243; _builder_version=&#8221;4.16&#8243; _module_preset=&#8221;default&#8221; global_colors_info=&#8221;{}&#8221;][et_pb_image src=&#8221;https:\/\/invoier.com\/stg_a4e73\/wp-content\/uploads\/contact-invoier-now.png&#8221; title_text=&#8221;contact-invoier-now&#8221; _builder_version=&#8221;4.24.0&#8243; _module_preset=&#8221;default&#8221; hover_enabled=&#8221;0&#8243; global_colors_info=&#8221;{}&#8221; sticky_enabled=&#8221;0&#8243;][\/et_pb_image][\/et_pb_column][\/et_pb_row][\/et_pb_section][et_pb_section fb_built=&#8221;1&#8243; _builder_version=&#8221;4.16&#8243; _module_preset=&#8221;default&#8221; global_colors_info=&#8221;{}&#8221;][et_pb_row _builder_version=&#8221;4.16&#8243; _module_preset=&#8221;default&#8221; global_colors_info=&#8221;{}&#8221;][et_pb_column type=&#8221;4_4&#8243; _builder_version=&#8221;4.16&#8243; _module_preset=&#8221;default&#8221; global_colors_info=&#8221;{}&#8221;][et_pb_text module_class=&#8221;inv-centerHeading inv-mb-0&#8243; _builder_version=&#8221;4.16&#8243; _module_preset=&#8221;default&#8221; locked=&#8221;off&#8221; global_colors_info=&#8221;{}&#8221;]<\/p>\n<h2>Andra utmaningar:<\/h2>\n<p>&nbsp;[\/et_pb_text][\/et_pb_column][\/et_pb_row][et_pb_row column_structure=&#8221;1_4,1_4,1_4,1_4&#8243; _builder_version=&#8221;4.16&#8243; _module_preset=&#8221;default&#8221; width=&#8221;90%&#8221; max_width=&#8221;1920px&#8221; custom_padding=&#8221;40px|||||&#8221; locked=&#8221;off&#8221; global_colors_info=&#8221;{}&#8221;][et_pb_column type=&#8221;1_4&#8243; _builder_version=&#8221;4.16&#8243; _module_preset=&#8221;default&#8221; animation_style=&#8221;slide&#8221; animation_direction=&#8221;bottom&#8221; animation_intensity_slide=&#8221;10%&#8221; global_colors_info=&#8221;{}&#8221;][et_pb_image src=&#8221;https:\/\/invoier.com\/stg_a4e73\/wp-content\/uploads\/Likviditetstillskott.png&#8221; alt=&#8221;Finansiering f\u00f6r f\u00f6retag &#8211; f\u00e5 r\u00e5d att v\u00e4xa&#8221; title_text=&#8221;Likviditetstillskott&#8221; _builder_version=&#8221;4.16&#8243; _module_preset=&#8221;default&#8221; max_width=&#8221;85px&#8221; locked=&#8221;off&#8221; global_colors_info=&#8221;{}&#8221;][\/et_pb_image][et_pb_text module_class=&#8221;inv-mb-15&#8243; _builder_version=&#8221;4.16&#8243; _module_preset=&#8221;default&#8221; animation_direction=&#8221;bottom&#8221; locked=&#8221;off&#8221; global_colors_info=&#8221;{}&#8221;]<\/p>\n<h3>Likviditetstillskott<\/h3>\n<p>Har du tillf\u00e4lliga utgiftstoppar som \u00e4r besv\u00e4rliga eller hindrar dig p\u00e5 olika s\u00e4tt i din dagliga verksamhet och som skulle kunna l\u00f6sas med ett tempor\u00e4rt ekonomiskt tillskott?[\/et_pb_text][et_pb_button button_url=&#8221;@ET-DC@eyJkeW5hbWljIjp0cnVlLCJjb250ZW50IjoicG9zdF9saW5rX3VybF9wYWdlIiwic2V0dGluZ3MiOnsicG9zdF9pZCI6IjI4NDE2In19@&#8221; button_text=&#8221;Se rekommendation&#8221; module_class=&#8221;inv-anchor-link&#8221; _builder_version=&#8221;4.16&#8243; _dynamic_attributes=&#8221;button_url&#8221; _module_preset=&#8221;default&#8221; locked=&#8221;off&#8221; global_colors_info=&#8221;{}&#8221;][\/et_pb_button][\/et_pb_column][et_pb_column type=&#8221;1_4&#8243; _builder_version=&#8221;4.16&#8243; _module_preset=&#8221;default&#8221; animation_style=&#8221;slide&#8221; animation_direction=&#8221;bottom&#8221; animation_delay=&#8221;300ms&#8221; animation_intensity_slide=&#8221;10%&#8221; global_colors_info=&#8221;{}&#8221;][et_pb_image src=&#8221;https:\/\/invoier.com\/stg_a4e73\/wp-content\/uploads\/2021\/01\/inv-payment.png&#8221; alt=&#8221;Finansiering f\u00f6r f\u00f6retag &#8211; f\u00e5 betalt p\u00e5 f\u00f6rhand&#8221; title_text=&#8221;Invoier Abonnemangsfinansiering &#8211; f\u00e5 betalt p\u00e5 f\u00f6rhand&#8221; _builder_version=&#8221;4.16&#8243; _module_preset=&#8221;default&#8221; global_colors_info=&#8221;{}&#8221;][\/et_pb_image][et_pb_text module_class=&#8221;inv-mb-15&#8243; _builder_version=&#8221;4.16&#8243; _module_preset=&#8221;default&#8221; animation_direction=&#8221;bottom&#8221; global_colors_info=&#8221;{}&#8221;]<\/p>\n<h3>Ut\u00f6kad kredittid<\/h3>\n<p>Skulle du kunna vilja erbjuda dina kunder l\u00e4ngre kredittider eller kunna ta nya kontrakt med f\u00f6rb\u00e4ttrade villkor? Finns det kassarabatter som du skulle kunna f\u00e5 tillg\u00e5ng till vid ink\u00f6p?[\/et_pb_text][et_pb_button button_url=&#8221;@ET-DC@eyJkeW5hbWljIjp0cnVlLCJjb250ZW50IjoicG9zdF9saW5rX3VybF9wYWdlIiwic2V0dGluZ3MiOnsicG9zdF9pZCI6IjI4NDE2In19@&#8221; button_text=&#8221;Se rekommendation&#8221; module_class=&#8221;inv-anchor-link&#8221; _builder_version=&#8221;4.16&#8243; _dynamic_attributes=&#8221;button_url&#8221; _module_preset=&#8221;default&#8221; locked=&#8221;off&#8221; global_colors_info=&#8221;{}&#8221;][\/et_pb_button][\/et_pb_column][et_pb_column type=&#8221;1_4&#8243; _builder_version=&#8221;4.16&#8243; _module_preset=&#8221;default&#8221; animation_style=&#8221;slide&#8221; animation_direction=&#8221;bottom&#8221; animation_delay=&#8221;900ms&#8221; animation_intensity_slide=&#8221;10%&#8221; global_colors_info=&#8221;{}&#8221;][et_pb_image src=&#8221;https:\/\/invoier.com\/stg_a4e73\/wp-content\/uploads\/2021\/01\/inv-integritetspolicy.png&#8221; alt=&#8221;Finansiering f\u00f6r f\u00f6retag &#8211; n\u00f6jdare kund&#8221; title_text=&#8221;Invoier Abonnemangsfinansiering &#8211; n\u00f6jdare kunder&#8221; _builder_version=&#8221;4.16&#8243; _module_preset=&#8221;default&#8221; global_colors_info=&#8221;{}&#8221;][\/et_pb_image][et_pb_text module_class=&#8221;inv-mb-15&#8243; _builder_version=&#8221;4.16&#8243; _module_preset=&#8221;default&#8221; animation_direction=&#8221;bottom&#8221; global_colors_info=&#8221;{}&#8221;]<\/p>\n<h3>S\u00e4songsvariationer<\/h3>\n<p>Har din verksamhet stora variationer i s\u00e4songsf\u00f6rs\u00e4ljning som g\u00f6r det sv\u00e5rt att hantera likviditeten l\u00f6pande?[\/et_pb_text][et_pb_button button_url=&#8221;@ET-DC@eyJkeW5hbWljIjp0cnVlLCJjb250ZW50IjoicG9zdF9saW5rX3VybF9wYWdlIiwic2V0dGluZ3MiOnsicG9zdF9pZCI6IjI4NDE2In19@&#8221; button_text=&#8221;Se rekommendation&#8221; module_class=&#8221;inv-anchor-link&#8221; _builder_version=&#8221;4.16&#8243; _dynamic_attributes=&#8221;button_url&#8221; _module_preset=&#8221;default&#8221; locked=&#8221;off&#8221; global_colors_info=&#8221;{}&#8221;][\/et_pb_button][\/et_pb_column][et_pb_column type=&#8221;1_4&#8243; _builder_version=&#8221;4.16&#8243; _module_preset=&#8221;default&#8221; animation_style=&#8221;slide&#8221; animation_direction=&#8221;bottom&#8221; animation_delay=&#8221;900ms&#8221; animation_intensity_slide=&#8221;10%&#8221; global_colors_info=&#8221;{}&#8221;][et_pb_image src=&#8221;https:\/\/invoier.com\/stg_a4e73\/wp-content\/uploads\/2021\/01\/inv-growth.png&#8221; alt=&#8221;Invoier Growth&#8221; title_text=&#8221;inv-growth&#8221; _builder_version=&#8221;4.16&#8243; _module_preset=&#8221;default&#8221; global_colors_info=&#8221;{}&#8221;][\/et_pb_image][et_pb_text module_class=&#8221;inv-mb-15&#8243; _builder_version=&#8221;4.16&#8243; _module_preset=&#8221;default&#8221; animation_direction=&#8221;bottom&#8221; global_colors_info=&#8221;{}&#8221;]<\/p>\n<h3>Tillv\u00e4xt<\/h3>\n<p class=\"p2\">Tvingas du pausa tillv\u00e4xten p.g.a. att du m\u00e5ste v\u00e4nta in kundernas betalningar? Kanske skulle du redan idag vilja investera i ny utrustning, anst\u00e4lla mer personal eller acceptera nya kontrakt.<\/p>\n<p>[\/et_pb_text][et_pb_button button_url=&#8221;@ET-DC@eyJkeW5hbWljIjp0cnVlLCJjb250ZW50IjoicG9zdF9saW5rX3VybF9wYWdlIiwic2V0dGluZ3MiOnsicG9zdF9pZCI6IjI0MDg3OCJ9fQ==@&#8221; button_text=&#8221;Se rekommendation&#8221; module_class=&#8221;inv-anchor-link&#8221; _builder_version=&#8221;4.16&#8243; _dynamic_attributes=&#8221;button_url&#8221; _module_preset=&#8221;default&#8221; locked=&#8221;off&#8221; global_colors_info=&#8221;{}&#8221;][\/et_pb_button][\/et_pb_column][\/et_pb_row][\/et_pb_section]<\/p>\n","protected":false},"excerpt":{"rendered":"<p>Abonnemangsfinansiering \u00e4r v\u00e5r rekommenderade finansieringsl\u00f6sning f\u00f6r kontraktsfinansieringPassar dig som: vill f\u00f6rb\u00e4ttra ditt kassafl\u00f6de eller vill erbjuda kunderna mer flexibla betalningsalternativ. F\u00f6rmodligen har ni kunder som k\u00f6per prenumerationstj\u00e4nster (Saas) av er. F\u00e5 tillg\u00e5ng till hela \u00e5rets f\u00f6rs\u00e4ljning direkt.F\u00f6rdelar med Invoier Abonnemangsfinansiering: F\u00e5 betalt i f\u00f6rhand F\u00f6rb\u00e4ttra kassafl\u00f6det Inga dolda avgifter Snabbare tillv\u00e4xt med direkt tillg\u00e5ng till [&hellip;]<\/p>\n","protected":false},"author":5,"featured_media":0,"parent":0,"menu_order":0,"comment_status":"closed","ping_status":"closed","template":"","meta":{"_et_pb_use_builder":"on","_et_pb_old_content":"","_et_gb_content_width":"","footnotes":""},"class_list":["post-240903","page","type-page","status-publish","hentry"],"yoast_head":"<!-- This site is optimized with the Yoast SEO plugin v25.3.1 - https:\/\/yoast.com\/wordpress\/plugins\/seo\/ -->\n<title>rekommenderar abonnemangsfinansiering - INVOIER - Fakturafinansiering<\/title>\n<meta name=\"robots\" content=\"noindex, follow, max-snippet:-1, max-image-preview:large, max-video-preview:-1\" \/>\n<meta property=\"og:locale\" content=\"sv_SE\" \/>\n<meta property=\"og:type\" content=\"article\" \/>\n<meta property=\"og:title\" content=\"rekommenderar abonnemangsfinansiering - INVOIER - Fakturafinansiering\" \/>\n<meta property=\"og:description\" content=\"Abonnemangsfinansiering \u00e4r v\u00e5r rekommenderade finansieringsl\u00f6sning f\u00f6r kontraktsfinansieringPassar dig som: vill f\u00f6rb\u00e4ttra ditt kassafl\u00f6de eller vill erbjuda kunderna mer flexibla betalningsalternativ. F\u00f6rmodligen har ni kunder som k\u00f6per prenumerationstj\u00e4nster (Saas) av er. F\u00e5 tillg\u00e5ng till hela \u00e5rets f\u00f6rs\u00e4ljning direkt.F\u00f6rdelar med Invoier Abonnemangsfinansiering: F\u00e5 betalt i f\u00f6rhand F\u00f6rb\u00e4ttra kassafl\u00f6det Inga dolda avgifter Snabbare tillv\u00e4xt med direkt tillg\u00e5ng till [&hellip;]\" \/>\n<meta property=\"og:url\" content=\"https:\/\/invoier.com\/stg_a4e73\/rekommenderar-abonnemangsfinansiering\/\" \/>\n<meta property=\"og:site_name\" content=\"INVOIER - Fakturafinansiering\" \/>\n<meta property=\"article:modified_time\" content=\"2024-02-06T15:36:52+00:00\" \/>\n<meta name=\"twitter:card\" content=\"summary_large_image\" \/>\n<script type=\"application\/ld+json\" class=\"yoast-schema-graph\">{\"@context\":\"https:\/\/schema.org\",\"@graph\":[{\"@type\":\"WebPage\",\"@id\":\"https:\/\/invoier.com\/stg_a4e73\/rekommenderar-abonnemangsfinansiering\/\",\"url\":\"https:\/\/invoier.com\/stg_a4e73\/rekommenderar-abonnemangsfinansiering\/\",\"name\":\"rekommenderar abonnemangsfinansiering - INVOIER - Fakturafinansiering\",\"isPartOf\":{\"@id\":\"https:\/\/invoier.com\/stg_a4e73\/#website\"},\"datePublished\":\"2021-10-08T05:01:28+00:00\",\"dateModified\":\"2024-02-06T15:36:52+00:00\",\"breadcrumb\":{\"@id\":\"https:\/\/invoier.com\/stg_a4e73\/rekommenderar-abonnemangsfinansiering\/#breadcrumb\"},\"inLanguage\":\"sv-SE\",\"potentialAction\":[{\"@type\":\"ReadAction\",\"target\":[\"https:\/\/invoier.com\/stg_a4e73\/rekommenderar-abonnemangsfinansiering\/\"]}]},{\"@type\":\"BreadcrumbList\",\"@id\":\"https:\/\/invoier.com\/stg_a4e73\/rekommenderar-abonnemangsfinansiering\/#breadcrumb\",\"itemListElement\":[{\"@type\":\"ListItem\",\"position\":1,\"name\":\"Home\",\"item\":\"https:\/\/invoier.com\/stg_a4e73\/\"},{\"@type\":\"ListItem\",\"position\":2,\"name\":\"rekommenderar abonnemangsfinansiering\"}]},{\"@type\":\"WebSite\",\"@id\":\"https:\/\/invoier.com\/stg_a4e73\/#website\",\"url\":\"https:\/\/invoier.com\/stg_a4e73\/\",\"name\":\"INVOIER - Fakturafinansiering\",\"description\":\"Fakturafinansiering p\u00e5 dina villkor\",\"publisher\":{\"@id\":\"https:\/\/invoier.com\/stg_a4e73\/#organization\"},\"potentialAction\":[{\"@type\":\"SearchAction\",\"target\":{\"@type\":\"EntryPoint\",\"urlTemplate\":\"https:\/\/invoier.com\/stg_a4e73\/?s={search_term_string}\"},\"query-input\":{\"@type\":\"PropertyValueSpecification\",\"valueRequired\":true,\"valueName\":\"search_term_string\"}}],\"inLanguage\":\"sv-SE\"},{\"@type\":\"Organization\",\"@id\":\"https:\/\/invoier.com\/stg_a4e73\/#organization\",\"name\":\"Invoier AB\",\"url\":\"https:\/\/invoier.com\/stg_a4e73\/\",\"logo\":{\"@type\":\"ImageObject\",\"inLanguage\":\"sv-SE\",\"@id\":\"https:\/\/invoier.com\/stg_a4e73\/#\/schema\/logo\/image\/\",\"url\":\"https:\/\/invoier.com\/stg_a4e73\/wp-content\/uploads\/Stacked_Logo_Black-final-3.png\",\"contentUrl\":\"https:\/\/invoier.com\/stg_a4e73\/wp-content\/uploads\/Stacked_Logo_Black-final-3.png\",\"width\":338,\"height\":332,\"caption\":\"Invoier AB\"},\"image\":{\"@id\":\"https:\/\/invoier.com\/stg_a4e73\/#\/schema\/logo\/image\/\"}}]}<\/script>\n<!-- \/ Yoast SEO plugin. -->","yoast_head_json":{"title":"rekommenderar abonnemangsfinansiering - INVOIER - Fakturafinansiering","robots":{"index":"noindex","follow":"follow","max-snippet":"max-snippet:-1","max-image-preview":"max-image-preview:large","max-video-preview":"max-video-preview:-1"},"og_locale":"sv_SE","og_type":"article","og_title":"rekommenderar abonnemangsfinansiering - INVOIER - Fakturafinansiering","og_description":"Abonnemangsfinansiering \u00e4r v\u00e5r rekommenderade finansieringsl\u00f6sning f\u00f6r kontraktsfinansieringPassar dig som: vill f\u00f6rb\u00e4ttra ditt kassafl\u00f6de eller vill erbjuda kunderna mer flexibla betalningsalternativ. F\u00f6rmodligen har ni kunder som k\u00f6per prenumerationstj\u00e4nster (Saas) av er. F\u00e5 tillg\u00e5ng till hela \u00e5rets f\u00f6rs\u00e4ljning direkt.F\u00f6rdelar med Invoier Abonnemangsfinansiering: F\u00e5 betalt i f\u00f6rhand F\u00f6rb\u00e4ttra kassafl\u00f6det Inga dolda avgifter Snabbare tillv\u00e4xt med direkt tillg\u00e5ng till [&hellip;]","og_url":"https:\/\/invoier.com\/stg_a4e73\/rekommenderar-abonnemangsfinansiering\/","og_site_name":"INVOIER - Fakturafinansiering","article_modified_time":"2024-02-06T15:36:52+00:00","twitter_card":"summary_large_image","schema":{"@context":"https:\/\/schema.org","@graph":[{"@type":"WebPage","@id":"https:\/\/invoier.com\/stg_a4e73\/rekommenderar-abonnemangsfinansiering\/","url":"https:\/\/invoier.com\/stg_a4e73\/rekommenderar-abonnemangsfinansiering\/","name":"rekommenderar abonnemangsfinansiering - INVOIER - Fakturafinansiering","isPartOf":{"@id":"https:\/\/invoier.com\/stg_a4e73\/#website"},"datePublished":"2021-10-08T05:01:28+00:00","dateModified":"2024-02-06T15:36:52+00:00","breadcrumb":{"@id":"https:\/\/invoier.com\/stg_a4e73\/rekommenderar-abonnemangsfinansiering\/#breadcrumb"},"inLanguage":"sv-SE","potentialAction":[{"@type":"ReadAction","target":["https:\/\/invoier.com\/stg_a4e73\/rekommenderar-abonnemangsfinansiering\/"]}]},{"@type":"BreadcrumbList","@id":"https:\/\/invoier.com\/stg_a4e73\/rekommenderar-abonnemangsfinansiering\/#breadcrumb","itemListElement":[{"@type":"ListItem","position":1,"name":"Home","item":"https:\/\/invoier.com\/stg_a4e73\/"},{"@type":"ListItem","position":2,"name":"rekommenderar abonnemangsfinansiering"}]},{"@type":"WebSite","@id":"https:\/\/invoier.com\/stg_a4e73\/#website","url":"https:\/\/invoier.com\/stg_a4e73\/","name":"INVOIER - Fakturafinansiering","description":"Fakturafinansiering p\u00e5 dina villkor","publisher":{"@id":"https:\/\/invoier.com\/stg_a4e73\/#organization"},"potentialAction":[{"@type":"SearchAction","target":{"@type":"EntryPoint","urlTemplate":"https:\/\/invoier.com\/stg_a4e73\/?s={search_term_string}"},"query-input":{"@type":"PropertyValueSpecification","valueRequired":true,"valueName":"search_term_string"}}],"inLanguage":"sv-SE"},{"@type":"Organization","@id":"https:\/\/invoier.com\/stg_a4e73\/#organization","name":"Invoier AB","url":"https:\/\/invoier.com\/stg_a4e73\/","logo":{"@type":"ImageObject","inLanguage":"sv-SE","@id":"https:\/\/invoier.com\/stg_a4e73\/#\/schema\/logo\/image\/","url":"https:\/\/invoier.com\/stg_a4e73\/wp-content\/uploads\/Stacked_Logo_Black-final-3.png","contentUrl":"https:\/\/invoier.com\/stg_a4e73\/wp-content\/uploads\/Stacked_Logo_Black-final-3.png","width":338,"height":332,"caption":"Invoier AB"},"image":{"@id":"https:\/\/invoier.com\/stg_a4e73\/#\/schema\/logo\/image\/"}}]}},"_links":{"self":[{"href":"https:\/\/invoier.com\/stg_a4e73\/wp-json\/wp\/v2\/pages\/240903","targetHints":{"allow":["GET"]}}],"collection":[{"href":"https:\/\/invoier.com\/stg_a4e73\/wp-json\/wp\/v2\/pages"}],"about":[{"href":"https:\/\/invoier.com\/stg_a4e73\/wp-json\/wp\/v2\/types\/page"}],"author":[{"embeddable":true,"href":"https:\/\/invoier.com\/stg_a4e73\/wp-json\/wp\/v2\/users\/5"}],"replies":[{"embeddable":true,"href":"https:\/\/invoier.com\/stg_a4e73\/wp-json\/wp\/v2\/comments?post=240903"}],"version-history":[{"count":22,"href":"https:\/\/invoier.com\/stg_a4e73\/wp-json\/wp\/v2\/pages\/240903\/revisions"}],"predecessor-version":[{"id":245597,"href":"https:\/\/invoier.com\/stg_a4e73\/wp-json\/wp\/v2\/pages\/240903\/revisions\/245597"}],"wp:attachment":[{"href":"https:\/\/invoier.com\/stg_a4e73\/wp-json\/wp\/v2\/media?parent=240903"}],"curies":[{"name":"wp","href":"https:\/\/api.w.org\/{rel}","templated":true}]}}