{"id":489,"date":"2020-09-11T15:22:57","date_gmt":"2020-09-11T13:22:57","guid":{"rendered":"http:\/\/invoier.com\/?page_id=489"},"modified":"2024-03-13T12:56:26","modified_gmt":"2024-03-13T11:56:26","slug":"kontakta-oss","status":"publish","type":"page","link":"https:\/\/invoier.com\/stg_a4e73\/en\/kontakta-oss\/","title":{"rendered":"Contact"},"content":{"rendered":"<p>[et_pb_section fb_built=&#8221;1&#8243; module_class=&#8221;inv-contactPage-wrapper&#8221; _builder_version=&#8221;4.16&#8243; _module_preset=&#8221;default&#8221; custom_padding=&#8221;||50px||false|false&#8221; global_colors_info=&#8221;{}&#8221;][et_pb_row column_structure=&#8221;1_2,1_2&#8243; _builder_version=&#8221;4.16&#8243; _module_preset=&#8221;default&#8221; global_colors_info=&#8221;{}&#8221;][et_pb_column type=&#8221;1_2&#8243; _builder_version=&#8221;4.16&#8243; _module_preset=&#8221;default&#8221; global_colors_info=&#8221;{}&#8221;][et_pb_text _builder_version=&#8221;4.16&#8243; _module_preset=&#8221;default&#8221; global_colors_info=&#8221;{}&#8221;]<\/p>\n<h1>Contact us!<\/h1>\n<p><span style=\"vertical-align: inherit;\">Would you like to know what financial possibilities there are, what would suit your company best or would you like to get in touch with someone at the Invoier team? <\/span>[\/et_pb_text][et_pb_blurb title=&#8221;Fakturafr\u00e5gor&#8221; url_new_window=&#8221;on&#8221; use_icon=&#8221;on&#8221; font_icon=&#8221;&#x75;||divi||400&#8243; icon_placement=&#8221;left&#8221; module_class=&#8221;inv-contactBlurb&#8221; _builder_version=&#8221;4.16&#8243; _module_preset=&#8221;default&#8221; link_option_url=&#8221;mailto:support@invoier.com%20?subject=Fakturafr\u00e5gor&#8221; link_option_url_new_window=&#8221;on&#8221; global_colors_info=&#8221;{}&#8221;][\/et_pb_blurb][et_pb_blurb title=&#8221;KundService&#8221; url_new_window=&#8221;on&#8221; use_icon=&#8221;on&#8221; font_icon=&#8221;&#xf007;||fa||900&#8243; icon_placement=&#8221;left&#8221; module_class=&#8221;inv-contactBlurb&#8221; _builder_version=&#8221;4.16&#8243; _module_preset=&#8221;default&#8221; link_option_url=&#8221;mailto:support@invoier.com%20?subject=KundService&#8221; link_option_url_new_window=&#8221;on&#8221; global_colors_info=&#8221;{}&#8221;][\/et_pb_blurb][et_pb_blurb title=&#8221;Bli kund&#8221; url_new_window=&#8221;on&#8221; use_icon=&#8221;on&#8221; font_icon=&#8221;&#xf2b5;||fa||900&#8243; icon_placement=&#8221;left&#8221; module_class=&#8221;inv-contactBlurb&#8221; _builder_version=&#8221;4.16&#8243; _module_preset=&#8221;default&#8221; link_option_url=&#8221;mailto:sales@invoier.com%20?subject=Bli%20kund&#8221; link_option_url_new_window=&#8221;on&#8221; global_colors_info=&#8221;{}&#8221;][\/et_pb_blurb][et_pb_blurb title=&#8221;Investera i fakturor&#8221; url_new_window=&#8221;on&#8221; use_icon=&#8221;on&#8221; font_icon=&#8221;&#xf201;||fa||900&#8243; icon_placement=&#8221;left&#8221; module_class=&#8221;inv-contactBlurb&#8221; _builder_version=&#8221;4.16&#8243; _module_preset=&#8221;default&#8221; custom_margin=&#8221;||29px|||&#8221; link_option_url=&#8221;mailto:fredrik.severin@invoier.com%20?subject=Investera%20i%20fakturor&#8221; link_option_url_new_window=&#8221;on&#8221; global_colors_info=&#8221;{}&#8221;][\/et_pb_blurb][et_pb_divider color=&#8221;#d8cbbe&#8221; divider_weight=&#8221;2px&#8221; _builder_version=&#8221;4.16&#8243; _module_preset=&#8221;default&#8221; custom_margin=&#8221;||0px|||&#8221; custom_padding=&#8221;||0px||false|false&#8221; global_colors_info=&#8221;{}&#8221;][\/et_pb_divider][et_pb_blurb title=&#8221;Synpunkter&#8221; url_new_window=&#8221;on&#8221; use_icon=&#8221;on&#8221; font_icon=&#8221;&#xf590;||fa||900&#8243; icon_placement=&#8221;left&#8221; module_class=&#8221;inv-contactBlurb&#8221; _builder_version=&#8221;4.22.1&#8243; _dynamic_attributes=&#8221;link_option_url&#8221; _module_preset=&#8221;default&#8221; custom_margin=&#8221;||40px||false|false&#8221; link_option_url=&#8221;@ET-DC@eyJkeW5hbWljIjp0cnVlLCJjb250ZW50IjoicG9zdF9saW5rX3VybF9wYWdlIiwic2V0dGluZ3MiOnsicG9zdF9pZCI6IjI0MzQ5NiJ9fQ==@&#8221; link_option_url_new_window=&#8221;on&#8221; global_colors_info=&#8221;{}&#8221;][\/et_pb_blurb][et_pb_text _builder_version=&#8221;4.24.0&#8243; _module_preset=&#8221;default&#8221; custom_margin=&#8221;||0px||false|false&#8221; global_colors_info=&#8221;{}&#8221;]<\/p>\n<h4>Customer Support 9.00-16.00 (weekdays)<\/h4>\n<p>[\/et_pb_text][et_pb_button button_url=&#8221;tel:+46%2020%20899%20444&#8243; button_text=&#8221;020-899 444&#8243; module_class=&#8221;inv-stdButtonBlack inv-btn-block&#8221; _builder_version=&#8221;4.16&#8243; _module_preset=&#8221;default&#8221; locked=&#8221;off&#8221; global_colors_info=&#8221;{}&#8221;][\/et_pb_button][\/et_pb_column][et_pb_column type=&#8221;1_2&#8243; module_class=&#8221;inv-form-wrapper&#8221; _builder_version=&#8221;4.16&#8243; _module_preset=&#8221;default&#8221; global_colors_info=&#8221;{}&#8221;][et_pb_text _builder_version=&#8221;4.16&#8243; _module_preset=&#8221;default&#8221; custom_margin=&#8221;||0px||false|false&#8221; global_colors_info=&#8221;{}&#8221;]<\/p>\n<h4>\u00d6vriga \u00e4renden<\/h4>\n<p>[\/et_pb_text][et_pb_code _builder_version=&#8221;4.24.2&#8243; _module_preset=&#8221;default&#8221; hover_enabled=&#8221;0&#8243; sticky_enabled=&#8221;0&#8243;]<iframe src=\"https:\/\/pages.upsales.com\/1000027uc024d1880b6740e89efbe289ea0afe73-frame\"<!--no numeric noise key 1002-->width=&#8221;100%&#8221;<!-- [et_pb_line_break_holder] -->height=&#8221;800&#8243;<!-- [et_pb_line_break_holder] -->style=&#8221;border:0&#8243;><\/iframe>[\/et_pb_code][\/et_pb_column][\/et_pb_row][et_pb_row column_structure=&#8221;1_2,1_2&#8243; make_equal=&#8221;on&#8221; module_class=&#8221;inv-contactBtmInfo&#8221; _builder_version=&#8221;4.16&#8243; _module_preset=&#8221;default&#8221; global_colors_info=&#8221;{}&#8221;][et_pb_column type=&#8221;1_2&#8243; _builder_version=&#8221;4.16&#8243; _module_preset=&#8221;default&#8221; global_colors_info=&#8221;{}&#8221;][et_pb_text _builder_version=&#8221;4.16&#8243; _module_preset=&#8221;default&#8221; text_orientation=&#8221;center&#8221; global_colors_info=&#8221;{}&#8221;]<\/p>\n<ul class=\"inv-contactDetail sm-font\">\n<li class=\"inv-boldtext\">Invoier AB<\/li>\n<li>Org. num 559146 \u2013 3327<\/li>\n<li>VAT: SE559146332701<\/li>\n<li>Holder of Swedish F-tax certificate<\/li>\n<\/ul>\n<p>[\/et_pb_text][\/et_pb_column][et_pb_column type=&#8221;1_2&#8243; module_class=&#8221;vertical-align align-item-end&#8221; _builder_version=&#8221;4.16&#8243; _module_preset=&#8221;default&#8221; global_colors_info=&#8221;{}&#8221;][et_pb_text module_class=&#8221;vertical-align&#8221; _builder_version=&#8221;4.16&#8243; _module_preset=&#8221;default&#8221; text_orientation=&#8221;center&#8221; global_colors_info=&#8221;{}&#8221;]<\/p>\n<ul class=\"inv-contactDetail-v2\">\n<li class=\"inv-phone\">020-899 444<\/li>\n<li class=\"inv-email\">support@invoier.com<\/li>\n<\/ul>\n<p>[\/et_pb_text][\/et_pb_column][\/et_pb_row][\/et_pb_section]<\/p>","protected":false},"excerpt":{"rendered":"<p>Kontakta oss g\u00e4rna! Vill du veta mer om vilka finansieringsm\u00f6jligheter som finns, vad som passar just ditt f\u00f6retag b\u00e4st eller vill du komma i kontakt med n\u00e5gon i teamet? Kundsupport 9.00-16.00 (vardagar)\u00d6vriga \u00e4renden Invoier AB Org. num 559146 \u2013 3327 Moms: SE559146332701 Registrerat f\u00f6r F-skatt 020-899 444 support@invoier.com<\/p>","protected":false},"author":1,"featured_media":0,"parent":0,"menu_order":0,"comment_status":"closed","ping_status":"closed","template":"","meta":{"_et_pb_use_builder":"on","_et_pb_old_content":"<!-- wp:heading -->\n<h2>H\u00f6r av dig s\u00e5 svarar vi!<\/h2>\n<!-- \/wp:heading -->\n\n<!-- wp:paragraph -->\n<p><\/p>\n<!-- \/wp:paragraph -->","_et_gb_content_width":"","footnotes":""},"class_list":["post-489","page","type-page","status-publish","hentry"],"yoast_head":"<!-- This site is optimized with the Yoast SEO plugin v25.3.1 - https:\/\/yoast.com\/wordpress\/plugins\/seo\/ -->\n<title>Kontakta oss | Invoier<\/title>\n<meta name=\"description\" content=\"Kontakta Invoier idag. V\u00e5rt team \u00e4r redo att svara p\u00e5 alla fr\u00e5gor du kan ha om v\u00e5ra tj\u00e4nster och hj\u00e4lpa dig att komma ig\u00e5ng.\" \/>\n<meta name=\"robots\" content=\"noindex, follow, max-snippet:-1, max-image-preview:large, max-video-preview:-1\" \/>\n<meta property=\"og:locale\" content=\"en_GB\" \/>\n<meta property=\"og:type\" content=\"article\" \/>\n<meta property=\"og:title\" content=\"Kontakta oss | Invoier\" \/>\n<meta property=\"og:description\" content=\"Kontakta Invoier idag. V\u00e5rt team \u00e4r redo att svara p\u00e5 alla fr\u00e5gor du kan ha om v\u00e5ra tj\u00e4nster och hj\u00e4lpa dig att komma ig\u00e5ng.\" \/>\n<meta property=\"og:url\" content=\"https:\/\/invoier.com\/stg_a4e73\/en\/kontakta-oss\/\" \/>\n<meta property=\"og:site_name\" content=\"INVOIER - Fakturafinansiering\" \/>\n<meta property=\"article:modified_time\" content=\"2024-03-13T11:56:26+00:00\" \/>\n<meta name=\"twitter:card\" content=\"summary_large_image\" \/>\n<meta name=\"twitter:label1\" content=\"Estimated reading time\" \/>\n\t<meta name=\"twitter:data1\" content=\"1 minute\" \/>\n<script type=\"application\/ld+json\" class=\"yoast-schema-graph\">{\"@context\":\"https:\/\/schema.org\",\"@graph\":[{\"@type\":\"WebPage\",\"@id\":\"https:\/\/invoier.com\/stg_a4e73\/kontakta-oss\/\",\"url\":\"https:\/\/invoier.com\/stg_a4e73\/kontakta-oss\/\",\"name\":\"Kontakta oss | Invoier\",\"isPartOf\":{\"@id\":\"https:\/\/invoier.com\/stg_a4e73\/#website\"},\"datePublished\":\"2020-09-11T13:22:57+00:00\",\"dateModified\":\"2024-03-13T11:56:26+00:00\",\"description\":\"Kontakta Invoier idag. V\u00e5rt team \u00e4r redo att svara p\u00e5 alla fr\u00e5gor du kan ha om v\u00e5ra tj\u00e4nster och hj\u00e4lpa dig att komma ig\u00e5ng.\",\"breadcrumb\":{\"@id\":\"https:\/\/invoier.com\/stg_a4e73\/kontakta-oss\/#breadcrumb\"},\"inLanguage\":\"en-GB\",\"potentialAction\":[{\"@type\":\"ReadAction\",\"target\":[\"https:\/\/invoier.com\/stg_a4e73\/kontakta-oss\/\"]}]},{\"@type\":\"BreadcrumbList\",\"@id\":\"https:\/\/invoier.com\/stg_a4e73\/kontakta-oss\/#breadcrumb\",\"itemListElement\":[{\"@type\":\"ListItem\",\"position\":1,\"name\":\"Home\",\"item\":\"https:\/\/invoier.com\/stg_a4e73\/\"},{\"@type\":\"ListItem\",\"position\":2,\"name\":\"Kontakt\"}]},{\"@type\":\"WebSite\",\"@id\":\"https:\/\/invoier.com\/stg_a4e73\/#website\",\"url\":\"https:\/\/invoier.com\/stg_a4e73\/\",\"name\":\"INVOIER - Fakturafinansiering\",\"description\":\"Fakturafinansiering p\u00e5 dina villkor\",\"publisher\":{\"@id\":\"https:\/\/invoier.com\/stg_a4e73\/#organization\"},\"potentialAction\":[{\"@type\":\"SearchAction\",\"target\":{\"@type\":\"EntryPoint\",\"urlTemplate\":\"https:\/\/invoier.com\/stg_a4e73\/?s={search_term_string}\"},\"query-input\":{\"@type\":\"PropertyValueSpecification\",\"valueRequired\":true,\"valueName\":\"search_term_string\"}}],\"inLanguage\":\"en-GB\"},{\"@type\":\"Organization\",\"@id\":\"https:\/\/invoier.com\/stg_a4e73\/#organization\",\"name\":\"Invoier AB\",\"url\":\"https:\/\/invoier.com\/stg_a4e73\/\",\"logo\":{\"@type\":\"ImageObject\",\"inLanguage\":\"en-GB\",\"@id\":\"https:\/\/invoier.com\/stg_a4e73\/#\/schema\/logo\/image\/\",\"url\":\"https:\/\/invoier.com\/stg_a4e73\/wp-content\/uploads\/Stacked_Logo_Black-final-3.png\",\"contentUrl\":\"https:\/\/invoier.com\/stg_a4e73\/wp-content\/uploads\/Stacked_Logo_Black-final-3.png\",\"width\":338,\"height\":332,\"caption\":\"Invoier AB\"},\"image\":{\"@id\":\"https:\/\/invoier.com\/stg_a4e73\/#\/schema\/logo\/image\/\"}}]}<\/script>\n<!-- \/ Yoast SEO plugin. -->","yoast_head_json":{"title":"Kontakta oss | Invoier","description":"Kontakta Invoier idag. V\u00e5rt team \u00e4r redo att svara p\u00e5 alla fr\u00e5gor du kan ha om v\u00e5ra tj\u00e4nster och hj\u00e4lpa dig att komma ig\u00e5ng.","robots":{"index":"noindex","follow":"follow","max-snippet":"max-snippet:-1","max-image-preview":"max-image-preview:large","max-video-preview":"max-video-preview:-1"},"og_locale":"en_GB","og_type":"article","og_title":"Kontakta oss | Invoier","og_description":"Kontakta Invoier idag. V\u00e5rt team \u00e4r redo att svara p\u00e5 alla fr\u00e5gor du kan ha om v\u00e5ra tj\u00e4nster och hj\u00e4lpa dig att komma ig\u00e5ng.","og_url":"https:\/\/invoier.com\/stg_a4e73\/en\/kontakta-oss\/","og_site_name":"INVOIER - Fakturafinansiering","article_modified_time":"2024-03-13T11:56:26+00:00","twitter_card":"summary_large_image","twitter_misc":{"Estimated reading time":"1 minute"},"schema":{"@context":"https:\/\/schema.org","@graph":[{"@type":"WebPage","@id":"https:\/\/invoier.com\/stg_a4e73\/kontakta-oss\/","url":"https:\/\/invoier.com\/stg_a4e73\/kontakta-oss\/","name":"Kontakta oss | Invoier","isPartOf":{"@id":"https:\/\/invoier.com\/stg_a4e73\/#website"},"datePublished":"2020-09-11T13:22:57+00:00","dateModified":"2024-03-13T11:56:26+00:00","description":"Kontakta Invoier idag. V\u00e5rt team \u00e4r redo att svara p\u00e5 alla fr\u00e5gor du kan ha om v\u00e5ra tj\u00e4nster och hj\u00e4lpa dig att komma ig\u00e5ng.","breadcrumb":{"@id":"https:\/\/invoier.com\/stg_a4e73\/kontakta-oss\/#breadcrumb"},"inLanguage":"en-GB","potentialAction":[{"@type":"ReadAction","target":["https:\/\/invoier.com\/stg_a4e73\/kontakta-oss\/"]}]},{"@type":"BreadcrumbList","@id":"https:\/\/invoier.com\/stg_a4e73\/kontakta-oss\/#breadcrumb","itemListElement":[{"@type":"ListItem","position":1,"name":"Home","item":"https:\/\/invoier.com\/stg_a4e73\/"},{"@type":"ListItem","position":2,"name":"Kontakt"}]},{"@type":"WebSite","@id":"https:\/\/invoier.com\/stg_a4e73\/#website","url":"https:\/\/invoier.com\/stg_a4e73\/","name":"INVOIER - Fakturafinansiering","description":"Fakturafinansiering p\u00e5 dina villkor","publisher":{"@id":"https:\/\/invoier.com\/stg_a4e73\/#organization"},"potentialAction":[{"@type":"SearchAction","target":{"@type":"EntryPoint","urlTemplate":"https:\/\/invoier.com\/stg_a4e73\/?s={search_term_string}"},"query-input":{"@type":"PropertyValueSpecification","valueRequired":true,"valueName":"search_term_string"}}],"inLanguage":"en-GB"},{"@type":"Organization","@id":"https:\/\/invoier.com\/stg_a4e73\/#organization","name":"Invoier AB","url":"https:\/\/invoier.com\/stg_a4e73\/","logo":{"@type":"ImageObject","inLanguage":"en-GB","@id":"https:\/\/invoier.com\/stg_a4e73\/#\/schema\/logo\/image\/","url":"https:\/\/invoier.com\/stg_a4e73\/wp-content\/uploads\/Stacked_Logo_Black-final-3.png","contentUrl":"https:\/\/invoier.com\/stg_a4e73\/wp-content\/uploads\/Stacked_Logo_Black-final-3.png","width":338,"height":332,"caption":"Invoier AB"},"image":{"@id":"https:\/\/invoier.com\/stg_a4e73\/#\/schema\/logo\/image\/"}}]}},"_links":{"self":[{"href":"https:\/\/invoier.com\/stg_a4e73\/en\/wp-json\/wp\/v2\/pages\/489","targetHints":{"allow":["GET"]}}],"collection":[{"href":"https:\/\/invoier.com\/stg_a4e73\/en\/wp-json\/wp\/v2\/pages"}],"about":[{"href":"https:\/\/invoier.com\/stg_a4e73\/en\/wp-json\/wp\/v2\/types\/page"}],"author":[{"embeddable":true,"href":"https:\/\/invoier.com\/stg_a4e73\/en\/wp-json\/wp\/v2\/users\/1"}],"replies":[{"embeddable":true,"href":"https:\/\/invoier.com\/stg_a4e73\/en\/wp-json\/wp\/v2\/comments?post=489"}],"version-history":[{"count":145,"href":"https:\/\/invoier.com\/stg_a4e73\/en\/wp-json\/wp\/v2\/pages\/489\/revisions"}],"predecessor-version":[{"id":245820,"href":"https:\/\/invoier.com\/stg_a4e73\/en\/wp-json\/wp\/v2\/pages\/489\/revisions\/245820"}],"wp:attachment":[{"href":"https:\/\/invoier.com\/stg_a4e73\/en\/wp-json\/wp\/v2\/media?parent=489"}],"curies":[{"name":"wp","href":"https:\/\/api.w.org\/{rel}","templated":true}]}}