{"id":246868,"date":"2025-02-12T08:39:23","date_gmt":"2025-02-12T07:39:23","guid":{"rendered":"https:\/\/invoier.com\/stg_a4e73\/?page_id=246868"},"modified":"2025-03-12T08:47:22","modified_gmt":"2025-03-12T07:47:22","slug":"invoier-cash-flow","status":"publish","type":"page","link":"https:\/\/invoier.com\/stg_a4e73\/en\/invoier-cash-flow\/","title":{"rendered":"Invoier cash flow"},"content":{"rendered":"<p>[et_pb_section fb_built=&#8221;1&#8243; _builder_version=&#8221;4.27.4&#8243; _module_preset=&#8221;default&#8221; background_image=&#8221;https:\/\/invoier.com\/stg_a4e73\/wp-content\/uploads\/bakgrund_.webp&#8221; background_size=&#8221;stretch&#8221; max_width=&#8221;100%&#8221; min_height=&#8221;722px&#8221; min_height_tablet=&#8221;722px&#8221; min_height_phone=&#8221;691px&#8221; min_height_last_edited=&#8221;on|phone&#8221; global_colors_info=&#8221;{}&#8221;][et_pb_row _builder_version=&#8221;4.27.4&#8243; _module_preset=&#8221;default&#8221; global_colors_info=&#8221;{}&#8221;][et_pb_column type=&#8221;4_4&#8243; _builder_version=&#8221;4.27.4&#8243; _module_preset=&#8221;default&#8221; global_colors_info=&#8221;{}&#8221;][et_pb_text _builder_version=&#8221;4.27.4&#8243; _module_preset=&#8221;default&#8221; text_font=&#8221;Blackout||||||||&#8221; text_text_color=&#8221;#FFFFFF&#8221; text_font_size=&#8221;140px&#8221; text_line_height=&#8221;0.9em&#8221; custom_margin=&#8221;||38px|||&#8221; text_font_size_tablet=&#8221;140px&#8221; text_font_size_phone=&#8221;96px&#8221; text_font_size_last_edited=&#8221;on|phone&#8221; global_colors_info=&#8221;{}&#8221;]<\/p>\n<p>CASH<br \/>FLOWAR<br \/>DU?<\/p>\n<p>[\/et_pb_text][et_pb_text _builder_version=&#8221;4.27.4&#8243; _module_preset=&#8221;default&#8221; text_font=&#8221;Brockmann||||||||&#8221; text_text_color=&#8221;#F6F0E8&#8243; text_font_size=&#8221;25px&#8221; global_colors_info=&#8221;{}&#8221;]<\/p>\n<p>G\u00f6r dina fakturor till en<br \/>tillv\u00e4xtmotor med n\u00e4sta generations factoring<\/p>\n<p>[\/et_pb_text][et_pb_button button_url=&#8221;@ET-DC@eyJkeW5hbWljIjp0cnVlLCJjb250ZW50IjoicG9zdF9saW5rX3VybF9wYWdlIiwic2V0dGluZ3MiOnsicG9zdF9pZCI6IjI0MzkwNiJ9fQ==@&#8221; button_text=&#8221;Boka m\u00f6te&#8221; module_class=&#8221;inv-stdButton  inv-btn-block&#8221; _builder_version=&#8221;4.27.4&#8243; _dynamic_attributes=&#8221;button_url&#8221; _module_preset=&#8221;default&#8221; filter_brightness=&#8221;123%&#8221; locked=&#8221;off&#8221; global_colors_info=&#8221;{}&#8221;][\/et_pb_button][\/et_pb_column][\/et_pb_row][\/et_pb_section][et_pb_section fb_built=&#8221;1&#8243; _builder_version=&#8221;4.27.4&#8243; _module_preset=&#8221;default&#8221; background_color=&#8221;#faf6ef&#8221; global_colors_info=&#8221;{}&#8221;][et_pb_row column_structure=&#8221;1_2,1_2&#8243; _builder_version=&#8221;4.27.4&#8243; _module_preset=&#8221;default&#8221; global_colors_info=&#8221;{}&#8221;][et_pb_column type=&#8221;1_2&#8243; _builder_version=&#8221;4.27.4&#8243; _module_preset=&#8221;default&#8221; global_colors_info=&#8221;{}&#8221;][et_pb_image src=&#8221;https:\/\/invoier.com\/stg_a4e73\/wp-content\/uploads\/Konverterade_1080x1920.webp&#8221; title_text=&#8221;Konverterade_1080x1920&#8243; _builder_version=&#8221;4.27.4&#8243; _module_preset=&#8221;default&#8221; global_colors_info=&#8221;{}&#8221;][\/et_pb_image][\/et_pb_column][et_pb_column type=&#8221;1_2&#8243; _builder_version=&#8221;4.27.4&#8243; _module_preset=&#8221;default&#8221; global_colors_info=&#8221;{}&#8221;][et_pb_text _builder_version=&#8221;4.27.4&#8243; _module_preset=&#8221;default&#8221; text_font=&#8221;||||||||&#8221; header_font=&#8221;Blackout||||||||&#8221; header_2_font=&#8221;||||||||&#8221; global_colors_info=&#8221;{}&#8221;]<\/p>\n<h2>How can I increase my growth with Invoier?<\/h2>\n<p>[\/et_pb_text][et_pb_text _builder_version=&#8221;4.27.4&#8243; _module_preset=&#8221;default&#8221; text_font=&#8221;Brockmann||||||||&#8221; global_colors_info=&#8221;{}&#8221;]<\/p>\n<p><span>Each company is unique, but in most cases a combination of the following products will provide the best possible results.<\/span><\/p>\n<p>[\/et_pb_text][et_pb_blurb url=&#8221;#&#8221; image=&#8221;https:\/\/invoier.com\/stg_a4e73\/wp-content\/uploads\/coding-icon_8.jpg&#8221; icon_placement=&#8221;left&#8221; image_icon_width=&#8221;64px&#8221; content_max_width=&#8221;1100px&#8221; _builder_version=&#8221;4.27.4&#8243; header_font=&#8221;|700|||||||&#8221; header_text_color=&#8221;#2e2545&#8243; header_line_height=&#8221;1.5em&#8221; body_font=&#8221;Brockmann||||||||&#8221; body_text_color=&#8221;#8585bd&#8221; body_line_height=&#8221;1.9em&#8221; background_color=&#8221;#ffffff&#8221; custom_margin=&#8221;|||&#8221; custom_padding=&#8221;30px|30px|30px|30px&#8221; animation_style=&#8221;zoom&#8221; animation_direction=&#8221;bottom&#8221; animation_intensity_zoom=&#8221;20%&#8221; animation_starting_opacity=&#8221;100%&#8221; hover_enabled=&#8221;0&#8243; box_shadow_style=&#8221;preset7&#8243; box_shadow_horizontal=&#8221;-1px&#8221; box_shadow_vertical=&#8221;-1px&#8221; box_shadow_color=&#8221;rgba(71,74,182,0.12)&#8221; image_max_width=&#8221;64px&#8221; locked=&#8221;off&#8221; global_colors_info=&#8221;{}&#8221; sticky_enabled=&#8221;0&#8243;]<\/p>\n<h4><a href=\"https:\/\/invoier.com\/stg_a4e73\/en\/factoring-invoier\/\"><span style=\"color: #000000;\">Factoring<\/span><\/a><\/h4>\n<p><span style=\"color: #000000;\">Get money for your customer invoices faster with factoring, which allows you to get better deals with your suppliers as you can submit bigger or more frequent orders.<\/span><\/p>\n<p>[\/et_pb_blurb][et_pb_blurb url=&#8221;#&#8221; image=&#8221;https:\/\/invoier.com\/stg_a4e73\/wp-content\/uploads\/coding-icon_8.jpg&#8221; icon_placement=&#8221;left&#8221; image_icon_width=&#8221;64px&#8221; content_max_width=&#8221;1100px&#8221; _builder_version=&#8221;4.27.4&#8243; header_font=&#8221;|700|||||||&#8221; header_text_color=&#8221;#2e2545&#8243; header_line_height=&#8221;1.5em&#8221; body_font=&#8221;Brockmann||||||||&#8221; body_text_color=&#8221;#8585bd&#8221; body_line_height=&#8221;1.9em&#8221; background_color=&#8221;#ffffff&#8221; custom_margin=&#8221;|||&#8221; custom_padding=&#8221;30px|30px|30px|30px&#8221; animation_style=&#8221;zoom&#8221; animation_direction=&#8221;bottom&#8221; animation_intensity_zoom=&#8221;20%&#8221; animation_starting_opacity=&#8221;100%&#8221; hover_enabled=&#8221;0&#8243; box_shadow_style=&#8221;preset7&#8243; box_shadow_horizontal=&#8221;-1px&#8221; box_shadow_vertical=&#8221;-1px&#8221; box_shadow_color=&#8221;rgba(71,74,182,0.12)&#8221; image_max_width=&#8221;64px&#8221; locked=&#8221;off&#8221; global_colors_info=&#8221;{}&#8221; sticky_enabled=&#8221;0&#8243;]<\/p>\n<h4><a href=\"https:\/\/invoier.com\/stg_a4e73\/en\/foretagsfinansiering-genom-inkopsfinansiering\/\"><span style=\"color: #000000;\">Purchase Financing<\/span><\/a><\/h4>\n<p><span style=\"color: #000000;\">Extend the payment deadline for your supplier invoices to ensure sufficient time to deliver and get payment from your own customers<\/span><\/p>\n<p>[\/et_pb_blurb][et_pb_blurb url=&#8221;#&#8221; image=&#8221;https:\/\/invoier.com\/stg_a4e73\/wp-content\/uploads\/coding-icon_8.jpg&#8221; icon_placement=&#8221;left&#8221; image_icon_width=&#8221;64px&#8221; content_max_width=&#8221;1100px&#8221; _builder_version=&#8221;4.27.4&#8243; header_font=&#8221;|700|||||||&#8221; header_text_color=&#8221;#2e2545&#8243; header_line_height=&#8221;1.5em&#8221; body_font=&#8221;Brockmann||||||||&#8221; body_text_color=&#8221;#8585bd&#8221; body_line_height=&#8221;1.9em&#8221; background_color=&#8221;#ffffff&#8221; custom_margin=&#8221;|||&#8221; custom_padding=&#8221;30px|30px|30px|30px&#8221; animation_style=&#8221;zoom&#8221; animation_direction=&#8221;bottom&#8221; animation_intensity_zoom=&#8221;20%&#8221; animation_starting_opacity=&#8221;100%&#8221; hover_enabled=&#8221;0&#8243; box_shadow_style=&#8221;preset7&#8243; box_shadow_horizontal=&#8221;-1px&#8221; box_shadow_vertical=&#8221;-1px&#8221; box_shadow_color=&#8221;rgba(71,74,182,0.12)&#8221; image_max_width=&#8221;64px&#8221; locked=&#8221;off&#8221; global_colors_info=&#8221;{}&#8221; sticky_enabled=&#8221;0&#8243;]<\/p>\n<h4><a href=\"https:\/\/invoier.com\/stg_a4e73\/en\/green-factoring\/?_gl=1*1jfvena*_up*MQ..*_ga*MTc4NDM0MzM0NC4xNzQxNzY0Mzcx*_ga_LJK5Z53PLD*MTc0MTc2NDM2OC4xLjEuMTc0MTc2NTI4Ni4wLjAuMA..\"><span style=\"color: #000000;\">Green Factoring\u2122<\/span><\/a><\/h4>\n<p><span style=\"color: #000000;\">Green Factoring \u2122 is an initiative from Invoier that suits companies that are already, or want to become, committed to making a positive impact on the climate.<\/span><\/p>\n<p>[\/et_pb_blurb][\/et_pb_column][\/et_pb_row][\/et_pb_section][et_pb_section fb_built=&#8221;1&#8243; _builder_version=&#8221;4.27.4&#8243; _module_preset=&#8221;default&#8221; background_color=&#8221;#F6F0E8&#8243; global_colors_info=&#8221;{}&#8221;][et_pb_row column_structure=&#8221;1_2,1_2&#8243; module_class=&#8221;btn-inline&#8221; _builder_version=&#8221;4.27.0&#8243; _module_preset=&#8221;default&#8221; global_colors_info=&#8221;{}&#8221;][et_pb_column type=&#8221;1_2&#8243; _builder_version=&#8221;4.27.0&#8243; _module_preset=&#8221;default&#8221; global_colors_info=&#8221;{}&#8221;][et_pb_text _builder_version=&#8221;4.27.4&#8243; _module_preset=&#8221;default&#8221; text_font=&#8221;Brockmann||||||||&#8221; text_text_color=&#8221;#000000&#8243; header_text_color=&#8221;#FFFFFF&#8221; header_2_font=&#8221;||||||||&#8221; header_2_text_color=&#8221;#000000&#8243; global_colors_info=&#8221;{}&#8221;]<\/p>\n<h2>Book a meeting with our financial advisors!<\/h2>\n<p>We help many companies finding the financial services best suited for them. Book a free counseling session!<\/p>\n<p>[\/et_pb_text][et_pb_button button_url=&#8221;tel:+46020-899%20444&#8243; button_text=&#8221;020-899 444&#8243; module_class=&#8221;inv-stdButtonBlack inv-btn-block&#8221; _builder_version=&#8221;4.27.4&#8243; _module_preset=&#8221;default&#8221; locked=&#8221;off&#8221; global_colors_info=&#8221;{}&#8221;][\/et_pb_button][et_pb_button button_url=&#8221;@ET-DC@eyJkeW5hbWljIjp0cnVlLCJjb250ZW50IjoicG9zdF9saW5rX3VybF9wYWdlIiwic2V0dGluZ3MiOnsicG9zdF9pZCI6IjI0MzkwNiJ9fQ==@&#8221; button_text=&#8221;Boka m\u00f6te&#8221; module_class=&#8221;inv-stdButton  inv-btn-block&#8221; _builder_version=&#8221;4.27.0&#8243; _dynamic_attributes=&#8221;button_url&#8221; _module_preset=&#8221;default&#8221; locked=&#8221;off&#8221; global_colors_info=&#8221;{}&#8221;][\/et_pb_button][et_pb_image src=&#8221;https:\/\/invoier.com\/stg_a4e73\/wp-content\/uploads\/SV_fundedbyEU_VERTICAL_RGB_POS.png&#8221; title_text=&#8221;SV_fundedbyEU_VERTICAL_RGB_POS&#8221; _builder_version=&#8221;4.27.4&#8243; _module_preset=&#8221;default&#8221; width=&#8221;28.8%&#8221; global_colors_info=&#8221;{}&#8221;][\/et_pb_image][\/et_pb_column][et_pb_column type=&#8221;1_2&#8243; _builder_version=&#8221;4.27.0&#8243; _module_preset=&#8221;default&#8221; global_colors_info=&#8221;{}&#8221;][et_pb_code _builder_version=&#8221;4.27.4&#8243; _module_preset=&#8221;default&#8221; global_colors_info=&#8221;{}&#8221;]<!-- Calendly inline widget begin --><!-- [et_pb_line_break_holder] --><\/p>\n<div class=\"calendly-inline-widget\" data-url=\"https:\/\/calendly.com\/d\/5bx-9qr-nvm\/let-s-talk\" style=\"height:970px;\"><\/div>\n<p><!-- [et_pb_line_break_holder] --><script type=\"text\/javascript\" src=\"https:\/\/assets.calendly.com\/assets\/external\/widget.js\" async><\/script><!-- [et_pb_line_break_holder] --><!-- Calendly inline widget end -->[\/et_pb_code][\/et_pb_column][\/et_pb_row][\/et_pb_section]<\/p>","protected":false},"excerpt":{"rendered":"<p>CASHFLOWARDU?G\u00f6r dina fakturor till entillv\u00e4xtmotor med n\u00e4sta generations factoringHur kan jag \u00f6ka mina int\u00e4kter med er?Varje f\u00f6retag \u00e4r unikt, men i de flesta fall brukar en kombination av f\u00f6ljande produkter ge b\u00e4st m\u00f6jliga resultat.Factoring F\u00e5 hem pengarna snabbare med factoring vilket g\u00f6r att du kan f\u00e5 b\u00e4ttre limiter hos dina leverant\u00f6rer och k\u00f6pa in mer.Ink\u00f6psfinansiering [&hellip;]<\/p>","protected":false},"author":9,"featured_media":0,"parent":0,"menu_order":0,"comment_status":"closed","ping_status":"closed","template":"page-template-blank.php","meta":{"_et_pb_use_builder":"on","_et_pb_old_content":"","_et_gb_content_width":"","footnotes":""},"class_list":["post-246868","page","type-page","status-publish","hentry"],"yoast_head":"<!-- This site is optimized with the Yoast SEO plugin v25.3.1 - https:\/\/yoast.com\/wordpress\/plugins\/seo\/ -->\n<title>Invoier cash flow - INVOIER - Fakturafinansiering<\/title>\n<meta name=\"robots\" content=\"noindex, follow, max-snippet:-1, max-image-preview:large, max-video-preview:-1\" \/>\n<meta property=\"og:locale\" content=\"en_GB\" \/>\n<meta property=\"og:type\" content=\"article\" \/>\n<meta property=\"og:title\" content=\"Invoier cash flow - INVOIER - Fakturafinansiering\" \/>\n<meta property=\"og:description\" content=\"CASHFLOWARDU?G\u00f6r dina fakturor till entillv\u00e4xtmotor med n\u00e4sta generations factoringHur kan jag \u00f6ka mina int\u00e4kter med er?Varje f\u00f6retag \u00e4r unikt, men i de flesta fall brukar en kombination av f\u00f6ljande produkter ge b\u00e4st m\u00f6jliga resultat.Factoring F\u00e5 hem pengarna snabbare med factoring vilket g\u00f6r att du kan f\u00e5 b\u00e4ttre limiter hos dina leverant\u00f6rer och k\u00f6pa in mer.Ink\u00f6psfinansiering [&hellip;]\" \/>\n<meta property=\"og:url\" content=\"https:\/\/invoier.com\/stg_a4e73\/en\/invoier-cash-flow\/\" \/>\n<meta property=\"og:site_name\" content=\"INVOIER - Fakturafinansiering\" \/>\n<meta property=\"article:modified_time\" content=\"2025-03-12T07:47:22+00:00\" \/>\n<meta name=\"twitter:card\" content=\"summary_large_image\" \/>\n<script type=\"application\/ld+json\" class=\"yoast-schema-graph\">{\"@context\":\"https:\/\/schema.org\",\"@graph\":[{\"@type\":\"WebPage\",\"@id\":\"https:\/\/invoier.com\/stg_a4e73\/invoier-cash-flow\/\",\"url\":\"https:\/\/invoier.com\/stg_a4e73\/invoier-cash-flow\/\",\"name\":\"Invoier cash flow - INVOIER - Fakturafinansiering\",\"isPartOf\":{\"@id\":\"https:\/\/invoier.com\/stg_a4e73\/#website\"},\"datePublished\":\"2025-02-12T07:39:23+00:00\",\"dateModified\":\"2025-03-12T07:47:22+00:00\",\"breadcrumb\":{\"@id\":\"https:\/\/invoier.com\/stg_a4e73\/invoier-cash-flow\/#breadcrumb\"},\"inLanguage\":\"en-GB\",\"potentialAction\":[{\"@type\":\"ReadAction\",\"target\":[\"https:\/\/invoier.com\/stg_a4e73\/invoier-cash-flow\/\"]}]},{\"@type\":\"BreadcrumbList\",\"@id\":\"https:\/\/invoier.com\/stg_a4e73\/invoier-cash-flow\/#breadcrumb\",\"itemListElement\":[{\"@type\":\"ListItem\",\"position\":1,\"name\":\"Home\",\"item\":\"https:\/\/invoier.com\/stg_a4e73\/\"},{\"@type\":\"ListItem\",\"position\":2,\"name\":\"Invoier cash flow\"}]},{\"@type\":\"WebSite\",\"@id\":\"https:\/\/invoier.com\/stg_a4e73\/#website\",\"url\":\"https:\/\/invoier.com\/stg_a4e73\/\",\"name\":\"INVOIER - Fakturafinansiering\",\"description\":\"Fakturafinansiering p\u00e5 dina villkor\",\"publisher\":{\"@id\":\"https:\/\/invoier.com\/stg_a4e73\/#organization\"},\"potentialAction\":[{\"@type\":\"SearchAction\",\"target\":{\"@type\":\"EntryPoint\",\"urlTemplate\":\"https:\/\/invoier.com\/stg_a4e73\/?s={search_term_string}\"},\"query-input\":{\"@type\":\"PropertyValueSpecification\",\"valueRequired\":true,\"valueName\":\"search_term_string\"}}],\"inLanguage\":\"en-GB\"},{\"@type\":\"Organization\",\"@id\":\"https:\/\/invoier.com\/stg_a4e73\/#organization\",\"name\":\"Invoier AB\",\"url\":\"https:\/\/invoier.com\/stg_a4e73\/\",\"logo\":{\"@type\":\"ImageObject\",\"inLanguage\":\"en-GB\",\"@id\":\"https:\/\/invoier.com\/stg_a4e73\/#\/schema\/logo\/image\/\",\"url\":\"https:\/\/invoier.com\/stg_a4e73\/wp-content\/uploads\/Stacked_Logo_Black-final-3.png\",\"contentUrl\":\"https:\/\/invoier.com\/stg_a4e73\/wp-content\/uploads\/Stacked_Logo_Black-final-3.png\",\"width\":338,\"height\":332,\"caption\":\"Invoier AB\"},\"image\":{\"@id\":\"https:\/\/invoier.com\/stg_a4e73\/#\/schema\/logo\/image\/\"}}]}<\/script>\n<!-- \/ Yoast SEO plugin. -->","yoast_head_json":{"title":"Invoier cash flow - INVOIER - Fakturafinansiering","robots":{"index":"noindex","follow":"follow","max-snippet":"max-snippet:-1","max-image-preview":"max-image-preview:large","max-video-preview":"max-video-preview:-1"},"og_locale":"en_GB","og_type":"article","og_title":"Invoier cash flow - INVOIER - Fakturafinansiering","og_description":"CASHFLOWARDU?G\u00f6r dina fakturor till entillv\u00e4xtmotor med n\u00e4sta generations factoringHur kan jag \u00f6ka mina int\u00e4kter med er?Varje f\u00f6retag \u00e4r unikt, men i de flesta fall brukar en kombination av f\u00f6ljande produkter ge b\u00e4st m\u00f6jliga resultat.Factoring F\u00e5 hem pengarna snabbare med factoring vilket g\u00f6r att du kan f\u00e5 b\u00e4ttre limiter hos dina leverant\u00f6rer och k\u00f6pa in mer.Ink\u00f6psfinansiering [&hellip;]","og_url":"https:\/\/invoier.com\/stg_a4e73\/en\/invoier-cash-flow\/","og_site_name":"INVOIER - Fakturafinansiering","article_modified_time":"2025-03-12T07:47:22+00:00","twitter_card":"summary_large_image","schema":{"@context":"https:\/\/schema.org","@graph":[{"@type":"WebPage","@id":"https:\/\/invoier.com\/stg_a4e73\/invoier-cash-flow\/","url":"https:\/\/invoier.com\/stg_a4e73\/invoier-cash-flow\/","name":"Invoier cash flow - INVOIER - Fakturafinansiering","isPartOf":{"@id":"https:\/\/invoier.com\/stg_a4e73\/#website"},"datePublished":"2025-02-12T07:39:23+00:00","dateModified":"2025-03-12T07:47:22+00:00","breadcrumb":{"@id":"https:\/\/invoier.com\/stg_a4e73\/invoier-cash-flow\/#breadcrumb"},"inLanguage":"en-GB","potentialAction":[{"@type":"ReadAction","target":["https:\/\/invoier.com\/stg_a4e73\/invoier-cash-flow\/"]}]},{"@type":"BreadcrumbList","@id":"https:\/\/invoier.com\/stg_a4e73\/invoier-cash-flow\/#breadcrumb","itemListElement":[{"@type":"ListItem","position":1,"name":"Home","item":"https:\/\/invoier.com\/stg_a4e73\/"},{"@type":"ListItem","position":2,"name":"Invoier cash flow"}]},{"@type":"WebSite","@id":"https:\/\/invoier.com\/stg_a4e73\/#website","url":"https:\/\/invoier.com\/stg_a4e73\/","name":"INVOIER - Fakturafinansiering","description":"Fakturafinansiering p\u00e5 dina villkor","publisher":{"@id":"https:\/\/invoier.com\/stg_a4e73\/#organization"},"potentialAction":[{"@type":"SearchAction","target":{"@type":"EntryPoint","urlTemplate":"https:\/\/invoier.com\/stg_a4e73\/?s={search_term_string}"},"query-input":{"@type":"PropertyValueSpecification","valueRequired":true,"valueName":"search_term_string"}}],"inLanguage":"en-GB"},{"@type":"Organization","@id":"https:\/\/invoier.com\/stg_a4e73\/#organization","name":"Invoier AB","url":"https:\/\/invoier.com\/stg_a4e73\/","logo":{"@type":"ImageObject","inLanguage":"en-GB","@id":"https:\/\/invoier.com\/stg_a4e73\/#\/schema\/logo\/image\/","url":"https:\/\/invoier.com\/stg_a4e73\/wp-content\/uploads\/Stacked_Logo_Black-final-3.png","contentUrl":"https:\/\/invoier.com\/stg_a4e73\/wp-content\/uploads\/Stacked_Logo_Black-final-3.png","width":338,"height":332,"caption":"Invoier AB"},"image":{"@id":"https:\/\/invoier.com\/stg_a4e73\/#\/schema\/logo\/image\/"}}]}},"_links":{"self":[{"href":"https:\/\/invoier.com\/stg_a4e73\/en\/wp-json\/wp\/v2\/pages\/246868","targetHints":{"allow":["GET"]}}],"collection":[{"href":"https:\/\/invoier.com\/stg_a4e73\/en\/wp-json\/wp\/v2\/pages"}],"about":[{"href":"https:\/\/invoier.com\/stg_a4e73\/en\/wp-json\/wp\/v2\/types\/page"}],"author":[{"embeddable":true,"href":"https:\/\/invoier.com\/stg_a4e73\/en\/wp-json\/wp\/v2\/users\/9"}],"replies":[{"embeddable":true,"href":"https:\/\/invoier.com\/stg_a4e73\/en\/wp-json\/wp\/v2\/comments?post=246868"}],"version-history":[{"count":18,"href":"https:\/\/invoier.com\/stg_a4e73\/en\/wp-json\/wp\/v2\/pages\/246868\/revisions"}],"predecessor-version":[{"id":246956,"href":"https:\/\/invoier.com\/stg_a4e73\/en\/wp-json\/wp\/v2\/pages\/246868\/revisions\/246956"}],"wp:attachment":[{"href":"https:\/\/invoier.com\/stg_a4e73\/en\/wp-json\/wp\/v2\/media?parent=246868"}],"curies":[{"name":"wp","href":"https:\/\/api.w.org\/{rel}","templated":true}]}}