{"id":244447,"date":"2023-08-29T13:52:20","date_gmt":"2023-08-29T11:52:20","guid":{"rendered":"https:\/\/invoier.com\/stg_a4e73\/?page_id=244447"},"modified":"2024-01-15T10:33:45","modified_gmt":"2024-01-15T09:33:45","slug":"appterms","status":"publish","type":"page","link":"https:\/\/invoier.com\/stg_a4e73\/en\/appterms\/","title":{"rendered":"Terms &#038; Conditions"},"content":{"rendered":"<p>[et_pb_section fb_built=&#8221;1&#8243; module_class=&#8221;inv-beach-bg &#8221; _builder_version=&#8221;4.16&#8243; _module_preset=&#8221;default&#8221; global_colors_info=&#8221;{}&#8221;][et_pb_row make_equal=&#8221;on&#8221; _builder_version=&#8221;4.22.1&#8243; _module_preset=&#8221;default&#8221; max_width=&#8221;1080px&#8221; global_colors_info=&#8221;{}&#8221;][et_pb_column type=&#8221;4_4&#8243; _builder_version=&#8221;4.16&#8243; _module_preset=&#8221;default&#8221; global_colors_info=&#8221;{}&#8221;][et_pb_text module_class=&#8221;inv-fullWidth-centerTitle&#8221; _builder_version=&#8221;4.22.1&#8243; _module_preset=&#8221;default&#8221; global_colors_info=&#8221;{}&#8221;]<\/p>\n<h2>Terms &amp; Conditions for Invoier\u2019s digital apps<\/h2>\n<p>G\u00e4ller fr\u00e5n och med 2023-09-01[\/et_pb_text][\/et_pb_column][\/et_pb_row][\/et_pb_section][et_pb_section fb_built=&#8221;1&#8243; _builder_version=&#8221;4.16&#8243; _module_preset=&#8221;default&#8221; global_colors_info=&#8221;{}&#8221;][et_pb_row _builder_version=&#8221;4.22.1&#8243; _module_preset=&#8221;default&#8221; max_width=&#8221;1080px&#8221; global_colors_info=&#8221;{}&#8221;][et_pb_column type=&#8221;4_4&#8243; _builder_version=&#8221;4.16&#8243; _module_preset=&#8221;default&#8221; global_colors_info=&#8221;{}&#8221;][et_pb_text _builder_version=&#8221;4.22.1&#8243; _module_preset=&#8221;default&#8221; global_colors_info=&#8221;{}&#8221;]<\/p>\n<p>Administrators who log into Invoier's digital services represent their company. The company guarantees that such administrators are authorized to use Invoier's digital services and there make decisions and provide information on behalf of the company. The company is responsible for the accuracy of the information provided to Invoier via digital services. The company is responsible for ensuring that no unauthorized person can use e-identification for access to Invoier's digital services.<\/p>\n<p>Any questions about Invoier's digital services should be sent to <a href=\"mailto:support@invoier.com\">support@invoier.com <\/a><\/p>\n<p>[\/et_pb_text][\/et_pb_column][\/et_pb_row][et_pb_row _builder_version=&#8221;4.22.1&#8243; _module_preset=&#8221;default&#8221; max_width=&#8221;1080px&#8221; locked=&#8221;off&#8221; global_colors_info=&#8221;{}&#8221;][et_pb_column type=&#8221;4_4&#8243; _builder_version=&#8221;4.16&#8243; _module_preset=&#8221;default&#8221; global_colors_info=&#8221;{}&#8221;][et_pb_divider color=&#8221;#e5e5e5&#8243; divider_position=&#8221;center&#8221; _builder_version=&#8221;4.16&#8243; _module_preset=&#8221;default&#8221; global_colors_info=&#8221;{}&#8221;][\/et_pb_divider][\/et_pb_column][\/et_pb_row][et_pb_row _builder_version=&#8221;4.16&#8243; _module_preset=&#8221;default&#8221; max_width=&#8221;1080px&#8221; locked=&#8221;off&#8221; global_colors_info=&#8221;{}&#8221;][et_pb_column type=&#8221;4_4&#8243; _builder_version=&#8221;4.16&#8243; _module_preset=&#8221;default&#8221; global_colors_info=&#8221;{}&#8221;][et_pb_text _builder_version=&#8221;4.23.4&#8243; _module_preset=&#8221;default&#8221; hover_enabled=&#8221;0&#8243; global_colors_info=&#8221;{}&#8221; sticky_enabled=&#8221;0&#8243;]<\/p>\n<h4>About Invoier<\/h4>\n<p>Invoier provides solutions for company financing and has developed Sweden\u2019s only marketplace for invoices. The purpose is to enable market-based pricing for financing and growth of small- and medium sized businesses, as well as a new type of investors get access to this market. The technical base of the offer consists of a unique AI engine that will anticipate both if and when an invoice will be paid. Invoier was founded in 2020 in Stockholm and is financed by the EU and KTH and operates with permission of the Swedish Financial Supervisory Authority <strong> <a href=\"https:\/\/invoier.com\/stg_a4e73\/en\/om-invoier\/\">Read more about Invoier<\/a> <\/strong>[\/et_pb_text][\/et_pb_column][\/et_pb_row][\/et_pb_section]<\/p>","protected":false},"excerpt":{"rendered":"<p>Allm\u00e4nna villkor f\u00f6r Invoiers digitala tj\u00e4nster G\u00e4ller fr\u00e5n och med 2023-09-01Administrat\u00f6r som loggar in p\u00e5 Invoiers digitala tj\u00e4nster f\u00f6retr\u00e4der sitt f\u00f6retag. F\u00f6retaget garanterar att s\u00e5dan(a) administrat\u00f6rer \u00e4r beh\u00f6riga att anv\u00e4nda Invoiers digitala tj\u00e4nster och d\u00e4r ta beslut samt l\u00e4mna uppgifter f\u00f6r f\u00f6retagets r\u00e4kning. F\u00f6retaget ansvarar f\u00f6r riktigheten i de uppgifter som l\u00e4mnas till Invoier via [&hellip;]<\/p>","protected":false},"author":5,"featured_media":0,"parent":0,"menu_order":0,"comment_status":"closed","ping_status":"closed","template":"","meta":{"_et_pb_use_builder":"on","_et_pb_old_content":"","_et_gb_content_width":"","footnotes":""},"class_list":["post-244447","page","type-page","status-publish","hentry"],"yoast_head":"<!-- This site is optimized with the Yoast SEO plugin v25.3.1 - https:\/\/yoast.com\/wordpress\/plugins\/seo\/ -->\n<title>Terms &amp; Conditions - INVOIER - Fakturafinansiering<\/title>\n<meta name=\"robots\" content=\"noindex, nofollow\" \/>\n<meta property=\"og:locale\" content=\"en_GB\" \/>\n<meta property=\"og:type\" content=\"article\" \/>\n<meta property=\"og:title\" content=\"Terms &amp; Conditions - INVOIER - Fakturafinansiering\" \/>\n<meta property=\"og:description\" content=\"Allm\u00e4nna villkor f\u00f6r Invoiers digitala tj\u00e4nster G\u00e4ller fr\u00e5n och med 2023-09-01Administrat\u00f6r som loggar in p\u00e5 Invoiers digitala tj\u00e4nster f\u00f6retr\u00e4der sitt f\u00f6retag. F\u00f6retaget garanterar att s\u00e5dan(a) administrat\u00f6rer \u00e4r beh\u00f6riga att anv\u00e4nda Invoiers digitala tj\u00e4nster och d\u00e4r ta beslut samt l\u00e4mna uppgifter f\u00f6r f\u00f6retagets r\u00e4kning. F\u00f6retaget ansvarar f\u00f6r riktigheten i de uppgifter som l\u00e4mnas till Invoier via [&hellip;]\" \/>\n<meta property=\"og:url\" content=\"https:\/\/invoier.com\/stg_a4e73\/en\/appterms\/\" \/>\n<meta property=\"og:site_name\" content=\"INVOIER - Fakturafinansiering\" \/>\n<meta property=\"article:modified_time\" content=\"2024-01-15T09:33:45+00:00\" \/>\n<meta name=\"twitter:card\" content=\"summary_large_image\" \/>\n<meta name=\"twitter:label1\" content=\"Estimated reading time\" \/>\n\t<meta name=\"twitter:data1\" content=\"2 minutes\" \/>\n<script type=\"application\/ld+json\" class=\"yoast-schema-graph\">{\"@context\":\"https:\/\/schema.org\",\"@graph\":[{\"@type\":\"WebPage\",\"@id\":\"https:\/\/invoier.com\/stg_a4e73\/appterms\/\",\"url\":\"https:\/\/invoier.com\/stg_a4e73\/appterms\/\",\"name\":\"Terms & Conditions - INVOIER - Fakturafinansiering\",\"isPartOf\":{\"@id\":\"https:\/\/invoier.com\/stg_a4e73\/#website\"},\"datePublished\":\"2023-08-29T11:52:20+00:00\",\"dateModified\":\"2024-01-15T09:33:45+00:00\",\"breadcrumb\":{\"@id\":\"https:\/\/invoier.com\/stg_a4e73\/appterms\/#breadcrumb\"},\"inLanguage\":\"en-GB\",\"potentialAction\":[{\"@type\":\"ReadAction\",\"target\":[\"https:\/\/invoier.com\/stg_a4e73\/appterms\/\"]}]},{\"@type\":\"BreadcrumbList\",\"@id\":\"https:\/\/invoier.com\/stg_a4e73\/appterms\/#breadcrumb\",\"itemListElement\":[{\"@type\":\"ListItem\",\"position\":1,\"name\":\"Home\",\"item\":\"https:\/\/invoier.com\/stg_a4e73\/\"},{\"@type\":\"ListItem\",\"position\":2,\"name\":\"Terms &#038; Conditions\"}]},{\"@type\":\"WebSite\",\"@id\":\"https:\/\/invoier.com\/stg_a4e73\/#website\",\"url\":\"https:\/\/invoier.com\/stg_a4e73\/\",\"name\":\"INVOIER - Fakturafinansiering\",\"description\":\"Fakturafinansiering p\u00e5 dina villkor\",\"publisher\":{\"@id\":\"https:\/\/invoier.com\/stg_a4e73\/#organization\"},\"potentialAction\":[{\"@type\":\"SearchAction\",\"target\":{\"@type\":\"EntryPoint\",\"urlTemplate\":\"https:\/\/invoier.com\/stg_a4e73\/?s={search_term_string}\"},\"query-input\":{\"@type\":\"PropertyValueSpecification\",\"valueRequired\":true,\"valueName\":\"search_term_string\"}}],\"inLanguage\":\"en-GB\"},{\"@type\":\"Organization\",\"@id\":\"https:\/\/invoier.com\/stg_a4e73\/#organization\",\"name\":\"Invoier AB\",\"url\":\"https:\/\/invoier.com\/stg_a4e73\/\",\"logo\":{\"@type\":\"ImageObject\",\"inLanguage\":\"en-GB\",\"@id\":\"https:\/\/invoier.com\/stg_a4e73\/#\/schema\/logo\/image\/\",\"url\":\"https:\/\/invoier.com\/stg_a4e73\/wp-content\/uploads\/Stacked_Logo_Black-final-3.png\",\"contentUrl\":\"https:\/\/invoier.com\/stg_a4e73\/wp-content\/uploads\/Stacked_Logo_Black-final-3.png\",\"width\":338,\"height\":332,\"caption\":\"Invoier AB\"},\"image\":{\"@id\":\"https:\/\/invoier.com\/stg_a4e73\/#\/schema\/logo\/image\/\"}}]}<\/script>\n<!-- \/ Yoast SEO plugin. -->","yoast_head_json":{"title":"Terms & Conditions - INVOIER - Fakturafinansiering","robots":{"index":"noindex","follow":"nofollow"},"og_locale":"en_GB","og_type":"article","og_title":"Terms & Conditions - INVOIER - Fakturafinansiering","og_description":"Allm\u00e4nna villkor f\u00f6r Invoiers digitala tj\u00e4nster G\u00e4ller fr\u00e5n och med 2023-09-01Administrat\u00f6r som loggar in p\u00e5 Invoiers digitala tj\u00e4nster f\u00f6retr\u00e4der sitt f\u00f6retag. F\u00f6retaget garanterar att s\u00e5dan(a) administrat\u00f6rer \u00e4r beh\u00f6riga att anv\u00e4nda Invoiers digitala tj\u00e4nster och d\u00e4r ta beslut samt l\u00e4mna uppgifter f\u00f6r f\u00f6retagets r\u00e4kning. F\u00f6retaget ansvarar f\u00f6r riktigheten i de uppgifter som l\u00e4mnas till Invoier via [&hellip;]","og_url":"https:\/\/invoier.com\/stg_a4e73\/en\/appterms\/","og_site_name":"INVOIER - Fakturafinansiering","article_modified_time":"2024-01-15T09:33:45+00:00","twitter_card":"summary_large_image","twitter_misc":{"Estimated reading time":"2 minutes"},"schema":{"@context":"https:\/\/schema.org","@graph":[{"@type":"WebPage","@id":"https:\/\/invoier.com\/stg_a4e73\/appterms\/","url":"https:\/\/invoier.com\/stg_a4e73\/appterms\/","name":"Terms & Conditions - INVOIER - Fakturafinansiering","isPartOf":{"@id":"https:\/\/invoier.com\/stg_a4e73\/#website"},"datePublished":"2023-08-29T11:52:20+00:00","dateModified":"2024-01-15T09:33:45+00:00","breadcrumb":{"@id":"https:\/\/invoier.com\/stg_a4e73\/appterms\/#breadcrumb"},"inLanguage":"en-GB","potentialAction":[{"@type":"ReadAction","target":["https:\/\/invoier.com\/stg_a4e73\/appterms\/"]}]},{"@type":"BreadcrumbList","@id":"https:\/\/invoier.com\/stg_a4e73\/appterms\/#breadcrumb","itemListElement":[{"@type":"ListItem","position":1,"name":"Home","item":"https:\/\/invoier.com\/stg_a4e73\/"},{"@type":"ListItem","position":2,"name":"Terms &#038; Conditions"}]},{"@type":"WebSite","@id":"https:\/\/invoier.com\/stg_a4e73\/#website","url":"https:\/\/invoier.com\/stg_a4e73\/","name":"INVOIER - Fakturafinansiering","description":"Fakturafinansiering p\u00e5 dina villkor","publisher":{"@id":"https:\/\/invoier.com\/stg_a4e73\/#organization"},"potentialAction":[{"@type":"SearchAction","target":{"@type":"EntryPoint","urlTemplate":"https:\/\/invoier.com\/stg_a4e73\/?s={search_term_string}"},"query-input":{"@type":"PropertyValueSpecification","valueRequired":true,"valueName":"search_term_string"}}],"inLanguage":"en-GB"},{"@type":"Organization","@id":"https:\/\/invoier.com\/stg_a4e73\/#organization","name":"Invoier AB","url":"https:\/\/invoier.com\/stg_a4e73\/","logo":{"@type":"ImageObject","inLanguage":"en-GB","@id":"https:\/\/invoier.com\/stg_a4e73\/#\/schema\/logo\/image\/","url":"https:\/\/invoier.com\/stg_a4e73\/wp-content\/uploads\/Stacked_Logo_Black-final-3.png","contentUrl":"https:\/\/invoier.com\/stg_a4e73\/wp-content\/uploads\/Stacked_Logo_Black-final-3.png","width":338,"height":332,"caption":"Invoier AB"},"image":{"@id":"https:\/\/invoier.com\/stg_a4e73\/#\/schema\/logo\/image\/"}}]}},"_links":{"self":[{"href":"https:\/\/invoier.com\/stg_a4e73\/en\/wp-json\/wp\/v2\/pages\/244447","targetHints":{"allow":["GET"]}}],"collection":[{"href":"https:\/\/invoier.com\/stg_a4e73\/en\/wp-json\/wp\/v2\/pages"}],"about":[{"href":"https:\/\/invoier.com\/stg_a4e73\/en\/wp-json\/wp\/v2\/types\/page"}],"author":[{"embeddable":true,"href":"https:\/\/invoier.com\/stg_a4e73\/en\/wp-json\/wp\/v2\/users\/5"}],"replies":[{"embeddable":true,"href":"https:\/\/invoier.com\/stg_a4e73\/en\/wp-json\/wp\/v2\/comments?post=244447"}],"version-history":[{"count":9,"href":"https:\/\/invoier.com\/stg_a4e73\/en\/wp-json\/wp\/v2\/pages\/244447\/revisions"}],"predecessor-version":[{"id":245515,"href":"https:\/\/invoier.com\/stg_a4e73\/en\/wp-json\/wp\/v2\/pages\/244447\/revisions\/245515"}],"wp:attachment":[{"href":"https:\/\/invoier.com\/stg_a4e73\/en\/wp-json\/wp\/v2\/media?parent=244447"}],"curies":[{"name":"wp","href":"https:\/\/api.w.org\/{rel}","templated":true}]}}