{"id":242602,"date":"2022-03-04T21:02:29","date_gmt":"2022-03-04T20:02:29","guid":{"rendered":"https:\/\/invoier.com\/stg_a4e73\/?page_id=242602"},"modified":"2022-03-10T09:51:01","modified_gmt":"2022-03-10T08:51:01","slug":"ledger-1","status":"publish","type":"page","link":"https:\/\/invoier.com\/stg_a4e73\/en\/ledger-1\/","title":{"rendered":"Ledger 1"},"content":{"rendered":"[et_pb_section fb_built=&#8221;1&#8243; _builder_version=&#8221;4.6.1&#8243; _module_preset=&#8221;default&#8221; global_colors_info=&#8221;{}&#8221;][et_pb_row make_equal=&#8221;on&#8221; module_class=&#8221;custom_row&#8221; _builder_version=&#8221;4.6.1&#8243; _module_preset=&#8221;default&#8221; global_colors_info=&#8221;{}&#8221;][et_pb_column type=&#8221;4_4&#8243; module_class=&#8221;second-on-mobile&#8221; _builder_version=&#8221;4.6.1&#8243; _module_preset=&#8221;default&#8221; global_colors_info=&#8221;{}&#8221;][et_pb_text _builder_version=&#8221;4.14.7&#8243; _module_preset=&#8221;default&#8221; hover_enabled=&#8221;0&#8243; global_colors_info=&#8221;{}&#8221; sticky_enabled=&#8221;0&#8243;]<h1>Plastic wholesaler with recurring customers looking for factoring (SWE)<\/h1>\n<p><span>Swedish-registered limited company with the highest possible credit rating. Conducts purchases and sales of disposable materials and packaging in household products and groceries as well as cleaning products and related activities. The company sells its entire invoice stock continuously as doing so enables the company to finance new purchases and increase its growth rate. <\/span><span>Among the company's customers are smaller (Swedish) limited companies, trading companies and individual companies - the majority of which are repeat customers who pick up and sign their orders on site. <\/span>The company has successfully sold invoices through Invoier's marketplace since September 2021.<\/p>[\/et_pb_text][\/et_pb_column][\/et_pb_row][\/et_pb_section][et_pb_section fb_built=&#8221;1&#8243; _builder_version=&#8221;4.6.1&#8243; _module_preset=&#8221;default&#8221; custom_padding=&#8221;0px|||||&#8221; global_colors_info=&#8221;{}&#8221;][et_pb_row column_structure=&#8221;1_4,3_4&#8243; use_custom_gutter=&#8221;on&#8221; gutter_width=&#8221;1&#8243; make_equal=&#8221;on&#8221; module_class=&#8221;inv-inline-ipoWrapper&#8221; _builder_version=&#8221;4.14.7&#8243; _module_preset=&#8221;default&#8221; hover_enabled=&#8221;0&#8243; global_colors_info=&#8221;{}&#8221; sticky_enabled=&#8221;0&#8243;][et_pb_column type=&#8221;1_4&#8243; _builder_version=&#8221;4.14.7&#8243; _module_preset=&#8221;default&#8221; background_color=&#8221;#f6efe8&#8243; global_colors_info=&#8221;{}&#8221;][et_pb_text _builder_version=&#8221;4.14.7&#8243; _module_preset=&#8221;default&#8221; hover_enabled=&#8221;0&#8243; global_colors_info=&#8221;{}&#8221; sticky_enabled=&#8221;0&#8243;]<div class=\"inv-ipoTitleWrapper\"><span class=\"inv-ipoStatus\">ONGOING BIDDING<\/span><\/div>\n<div class=\"inv-ipoValueWrapper\">\n<div class=\"inv-row\">\n<div class=\"inv-col-50\">\n<div class=\"inv-ipoValue\">9,23%<\/div>\n<div class=\"inv-ipoValue-label\">Leading bid<\/div>\n<p><span class=\"inv-ipoValue-label-sm\">(interest per annum)<\/span><\/p>\n<\/div>\n<div class=\"inv-col-50\">\n<div class=\"inv-ipoValue\">Low<\/div>\n<div class=\"inv-ipoValue-label\">Risk classification<\/div>\n<\/div>\n<\/div>\n<\/div>[\/et_pb_text][\/et_pb_column][et_pb_column type=&#8221;3_4&#8243; _builder_version=&#8221;4.14.7&#8243; _module_preset=&#8221;default&#8221; global_colors_info=&#8221;{}&#8221;][et_pb_text module_class=&#8221;inv-ipoData&#8221; _builder_version=&#8221;4.14.7&#8243; _module_preset=&#8221;default&#8221; hover_enabled=&#8221;0&#8243; global_colors_info=&#8221;{}&#8221; sticky_enabled=&#8221;0&#8243;]<table border=\"0\" style=\"border-collapse: collapse; width: 100%;\">\n<tbody>\n<tr>\n<td style=\"width: 20%;\">Type<\/td>\n<td>Invoice financing (B2B)<\/td>\n<\/tr>\n<tr>\n<td style=\"width: 20%;\">Selling company<\/td>\n<td>Sweden<\/td>\n<\/tr>\n<tr>\n<td style=\"width: 20%;\">Avg. payment terms<\/td>\n<td>30 days<\/td>\n<\/tr>\n<tr>\n<td style=\"width: 20%;\">Avg. no. invoices<\/td>\n<td>&lt;50 \/ month<\/td>\n<\/tr>\n<tr>\n<td style=\"width: 20%;\">Avg. invoice amount<\/td>\n<td>18.000<\/td>\n<\/tr>\n<tr>\n<td style=\"width: 20%;\">Currency<\/td>\n<td>SEK<\/td>\n<\/tr>\n<\/tbody>\n<\/table>[\/et_pb_text][\/et_pb_column][\/et_pb_row][\/et_pb_section][et_pb_section fb_built=&#8221;1&#8243; _builder_version=&#8221;4.6.1&#8243; _module_preset=&#8221;default&#8221; custom_padding=&#8221;0px|||||&#8221; global_colors_info=&#8221;{}&#8221;][et_pb_row _builder_version=&#8221;4.14.7&#8243; _module_preset=&#8221;default&#8221; global_colors_info=&#8221;{}&#8221;][et_pb_column type=&#8221;4_4&#8243; _builder_version=&#8221;4.14.7&#8243; _module_preset=&#8221;default&#8221; global_colors_info=&#8221;{}&#8221;][et_pb_text _builder_version=&#8221;4.14.7&#8243; _module_preset=&#8221;default&#8221; custom_margin=&#8221;||-1px|||&#8221; hover_enabled=&#8221;0&#8243; global_colors_info=&#8221;{}&#8221; sticky_enabled=&#8221;0&#8243;]<h3>Investment details<\/h3>[\/et_pb_text][et_pb_code module_class=&#8221;inv-beach-contentWrap inv-premiumOption&#8221; _builder_version=&#8221;4.14.7&#8243; _module_preset=&#8221;default&#8221; hover_enabled=&#8221;0&#8243; global_colors_info=&#8221;{}&#8221; sticky_enabled=&#8221;0&#8243;]<!-- [et_pb_line_break_holder] --><pee>Lorem Ipsum is simply dummy text of the printing and typesetting industry. Lorem Ipsum has been the industry&#8217;s standard dummy text ever since the 1500s, when an unknown printer took a galley of type and scrambled it to make a type specimen book. It has survived not only five centuries, but also the leap into electronic typesetting, remaining essentially unchanged. It was popularised in the 1960s with the release of Letraset sheets containing Lorem Ipsum passages, and more recently with desktop publishing software like Aldus PageMaker including versions of Lorem Ipsum.<\/pee><!-- [et_pb_line_break_holder] --><pee>Lorem Ipsum is simply dummy text of the printing and typesetting industry. Lorem Ipsum has been the industry&#8217;s standard dummy text ever since the 1500s, when an unknown printer took a galley of type and scrambled it to make a type specimen book. It has survived not only five centuries, but also the leap into electronic typesetting, remaining essentially unchanged. It was popularised in the 1960s with the release of Letraset sheets containing Lorem Ipsum passages, and more recently with desktop publishing software like Aldus PageMaker including versions of Lorem Ipsum.<\/pee><!-- [et_pb_line_break_holder] --><div class=\"inv-pro-overlay\"><!-- [et_pb_line_break_holder] -->  <div><!-- [et_pb_line_break_holder] -->\t      <pee>Get detailed information<\/pee><!-- [et_pb_line_break_holder] -->\t      <pee><a href=\"#contact-severin\" rel=\"\"><i class=\"fa fa-lock\"><\/i><\/a><\/pee><!-- [et_pb_line_break_holder] -->\t    <\/div><!-- [et_pb_line_break_holder] --><\/div><!-- [et_pb_line_break_holder] -->[\/et_pb_code][\/et_pb_column][\/et_pb_row][\/et_pb_section][et_pb_section fb_built=&#8221;1&#8243; _builder_version=&#8221;4.6.1&#8243; _module_preset=&#8221;default&#8221; custom_padding=&#8221;0px|||||&#8221; global_colors_info=&#8221;{}&#8221;][et_pb_row _builder_version=&#8221;4.14.7&#8243; _module_preset=&#8221;default&#8221; global_colors_info=&#8221;{}&#8221;][et_pb_column type=&#8221;4_4&#8243; _builder_version=&#8221;4.14.7&#8243; _module_preset=&#8221;default&#8221; global_colors_info=&#8221;{}&#8221;][et_pb_text _builder_version=&#8221;4.14.7&#8243; _module_preset=&#8221;default&#8221; hover_enabled=&#8221;0&#8243; global_colors_info=&#8221;{}&#8221; sticky_enabled=&#8221;0&#8243;]<h3>Q&amp;A<\/h3>[\/et_pb_text][et_pb_code module_class=&#8221;inv-beach-contentWrap inv-premiumOption&#8221; _builder_version=&#8221;4.14.7&#8243; _module_preset=&#8221;default&#8221; hover_enabled=&#8221;0&#8243; global_colors_info=&#8221;{}&#8221; sticky_enabled=&#8221;0&#8243;]<!-- [et_pb_line_break_holder] --><pee>Lorem Ipsum is simply dummy text of the printing and typesetting industry. Lorem Ipsum has been the industry&#8217;s standard dummy text ever since the 1500s, when an unknown printer took a galley of type and scrambled it to make a type specimen book. It has survived not only five centuries, but also the leap into electronic typesetting, remaining essentially unchanged. It was popularised in the 1960s with the release of Letraset sheets containing Lorem Ipsum passages, and more recently with desktop publishing software like Aldus PageMaker including versions of Lorem Ipsum.<\/pee><!-- [et_pb_line_break_holder] --><pee>Lorem Ipsum is simply dummy text of the printing and typesetting industry. Lorem Ipsum has been the industry&#8217;s standard dummy text ever since the 1500s, when an unknown printer took a galley of type and scrambled it to make a type specimen book. It has survived not only five centuries, but also the leap into electronic typesetting, remaining essentially unchanged. It was popularised in the 1960s with the release of Letraset sheets containing Lorem Ipsum passages, and more recently with desktop publishing software like Aldus PageMaker including versions of Lorem Ipsum.<\/pee><!-- [et_pb_line_break_holder] --><div class=\"inv-pro-overlay\"><!-- [et_pb_line_break_holder] -->  <div><!-- [et_pb_line_break_holder] -->\t      <pee>Get detailed information<\/pee><!-- [et_pb_line_break_holder] -->\t      <pee><a href=\"#contact-severin\" rel=\"\"><i class=\"fa fa-lock\"><\/i><\/a><\/pee><!-- [et_pb_line_break_holder] -->\t    <\/div><!-- [et_pb_line_break_holder] --><\/div><!-- [et_pb_line_break_holder] -->[\/et_pb_code][\/et_pb_column][\/et_pb_row][\/et_pb_section][et_pb_section fb_built=&#8221;1&#8243; module_id=&#8221;contact-severin&#8221; module_class=&#8221;inv-contactPerson&#8221; _builder_version=&#8221;4.14.7&#8243; _module_preset=&#8221;default&#8221; locked=&#8221;off&#8221; global_colors_info=&#8221;{}&#8221;][et_pb_row column_structure=&#8221;1_2,1_2&#8243; make_equal=&#8221;on&#8221; module_class=&#8221;btn-inline&#8221; _builder_version=&#8221;4.6.1&#8243; _module_preset=&#8221;default&#8221; global_colors_info=&#8221;{}&#8221;][et_pb_column type=&#8221;1_2&#8243; _builder_version=&#8221;4.6.1&#8243; _module_preset=&#8221;default&#8221; global_colors_info=&#8221;{}&#8221;][et_pb_text _builder_version=&#8221;4.14.7&#8243; _module_preset=&#8221;default&#8221; hover_enabled=&#8221;0&#8243; global_colors_info=&#8221;{}&#8221; sticky_enabled=&#8221;0&#8243;]<h3>Want to invest?<\/h3>\n<p><span style=\"vertical-align: inherit;\">To learn more about the asset and place a bid, please get in touch with founding partner <strong>Fredrik Severin<\/strong>.<\/span><\/p>[\/et_pb_text][et_pb_button button_url=&#8221;tel:+46%20(0)%20705%20925751&#8243; button_text=&#8221;+46 (0) 705 925751&#8243; module_class=&#8221;inv-stdButton gtm-fredrikSev-phn inv-btn-block&#8221; _builder_version=&#8221;4.12.1&#8243; _module_preset=&#8221;default&#8221; global_colors_info=&#8221;{}&#8221;][\/et_pb_button][et_pb_button button_url=&#8221;mailto:fredrik.severin@invoier.com%20?subject=Invoier%20Investor&#8221; button_text=&#8221;fredrik.severin@invoier.com&#8221; module_class=&#8221;inv-stdButtonBlack gtm-fredrikSev-email inv-btn-block&#8221; _builder_version=&#8221;4.12.1&#8243; _module_preset=&#8221;default&#8221; global_colors_info=&#8221;{}&#8221;][\/et_pb_button][\/et_pb_column][et_pb_column type=&#8221;1_2&#8243; module_class=&#8221;inv-contactPersonWrapper&#8221; _builder_version=&#8221;4.6.1&#8243; _module_preset=&#8221;default&#8221; global_colors_info=&#8221;{}&#8221;][et_pb_image src=&#8221;https:\/\/invoier.com\/stg_a4e73\/wp-content\/uploads\/contact-fredrik-severin.png&#8221; title_text=&#8221;contact-fredrik-severin&#8221; _builder_version=&#8221;4.6.1&#8243; _module_preset=&#8221;default&#8221; global_colors_info=&#8221;{}&#8221;][\/et_pb_image][\/et_pb_column][\/et_pb_row][\/et_pb_section][et_pb_section fb_built=&#8221;1&#8243; _builder_version=&#8221;4.6.1&#8243; _module_preset=&#8221;default&#8221; custom_padding=&#8221;0px||0px|||&#8221; global_colors_info=&#8221;{}&#8221;][et_pb_row _builder_version=&#8221;4.6.1&#8243; _module_preset=&#8221;default&#8221; custom_padding=&#8221;0px|0px|0px|0px|false|false&#8221; global_colors_info=&#8221;{}&#8221;][et_pb_column type=&#8221;4_4&#8243; _builder_version=&#8221;4.6.1&#8243; _module_preset=&#8221;default&#8221; global_colors_info=&#8221;{}&#8221;][et_pb_code _builder_version=&#8221;4.6.1&#8243; _module_preset=&#8221;default&#8221; global_colors_info=&#8221;{}&#8221;]<script><!-- [et_pb_line_break_holder] -->\tjQuery(document).ready(function() {<!-- [et_pb_line_break_holder] -->  \t\/\/ \tfile download after form submit - Investors page<!-- [et_pb_line_break_holder] -->\t\tvar wpcf7Elm = document.querySelector( '.wpcf7' );<!-- [et_pb_line_break_holder] -->\t\twpcf7Elm.addEventListener( 'wpcf7mailsent', function( event ) {<!-- [et_pb_line_break_holder] -->\t\t\tvar link = document.createElement(\"a\");<!-- [et_pb_line_break_holder] -->\t\t\tlink.download = 'invoier';<!-- [et_pb_line_break_holder] -->\t\t\tlink.href = 'https:\/\/invoier.com\/stg_a4e73\/wp-content\/uploads\/Invoier-Market-Service-Description-for-buyers.pdf';<!-- [et_pb_line_break_holder] -->\t\t\tlink.click();<!-- [et_pb_line_break_holder] -->\t\t\twindow.open(<!-- [et_pb_line_break_holder] -->\t\t\t\tlink,<!-- [et_pb_line_break_holder] -->\t\t\t\t'_blank' <!-- [et_pb_line_break_holder] -->\t\t\t);<!-- [et_pb_line_break_holder] -->\t\t\t\/\/ alert( \"Fire!\" );<!-- [et_pb_line_break_holder] --><!-- [et_pb_line_break_holder] -->\t\t}, false );  <!-- [et_pb_line_break_holder] -->  });<!-- [et_pb_line_break_holder] --><\/script>[\/et_pb_code][\/et_pb_column][\/et_pb_row][\/et_pb_section]","protected":false},"excerpt":{"rendered":"<p>Plastgrossist med \u00e5terkommande kunder s\u00f6ker factoringl\u00f6sning (SE) Svenskregistrerat aktiebolag med h\u00f6gsta m\u00f6jliga kreditklassning. Bedriver ink\u00f6p och f\u00f6rs\u00e4ljning av eng\u00e5ngsmaterial och f\u00f6rpackningar inom hush\u00e5llsprodukter och dagligvaror samt reng\u00f6ringsprodukter och d\u00e4rmed f\u00f6renlig verksamhet. F\u00f6retaget s\u00e4ljer hela sin fakturastock kontinuerligt d\u00e5 f\u00f6retaget p\u00e5 s\u00e5 s\u00e4tt kan finansiera nya ink\u00f6p och \u00f6ka tillv\u00e4xttakten. Bland f\u00f6retagets kunder hittas mindre (svenska) [&hellip;]<\/p>","protected":false},"author":5,"featured_media":0,"parent":0,"menu_order":0,"comment_status":"closed","ping_status":"closed","template":"","meta":{"_et_pb_use_builder":"on","_et_pb_old_content":"","_et_gb_content_width":"","footnotes":""},"class_list":["post-242602","page","type-page","status-publish","hentry"],"yoast_head":"<!-- This site is optimized with the Yoast SEO plugin v25.3.1 - https:\/\/yoast.com\/wordpress\/plugins\/seo\/ -->\n<title>Ledger 1 - INVOIER - Fakturafinansiering<\/title>\n<meta name=\"robots\" content=\"noindex, nofollow\" \/>\n<meta property=\"og:locale\" content=\"en_GB\" \/>\n<meta property=\"og:type\" content=\"article\" \/>\n<meta property=\"og:title\" content=\"Ledger 1 - INVOIER - Fakturafinansiering\" \/>\n<meta property=\"og:description\" content=\"Plastgrossist med \u00e5terkommande kunder s\u00f6ker factoringl\u00f6sning (SE) Svenskregistrerat aktiebolag med h\u00f6gsta m\u00f6jliga kreditklassning. Bedriver ink\u00f6p och f\u00f6rs\u00e4ljning av eng\u00e5ngsmaterial och f\u00f6rpackningar inom hush\u00e5llsprodukter och dagligvaror samt reng\u00f6ringsprodukter och d\u00e4rmed f\u00f6renlig verksamhet. F\u00f6retaget s\u00e4ljer hela sin fakturastock kontinuerligt d\u00e5 f\u00f6retaget p\u00e5 s\u00e5 s\u00e4tt kan finansiera nya ink\u00f6p och \u00f6ka tillv\u00e4xttakten. Bland f\u00f6retagets kunder hittas mindre (svenska) [&hellip;]\" \/>\n<meta property=\"og:url\" content=\"https:\/\/invoier.com\/stg_a4e73\/en\/ledger-1\/\" \/>\n<meta property=\"og:site_name\" content=\"INVOIER - Fakturafinansiering\" \/>\n<meta property=\"article:modified_time\" content=\"2022-03-10T08:51:01+00:00\" \/>\n<meta name=\"twitter:card\" content=\"summary_large_image\" \/>\n<meta name=\"twitter:label1\" content=\"Estimated reading time\" \/>\n\t<meta name=\"twitter:data1\" content=\"4 minutes\" \/>\n<script type=\"application\/ld+json\" class=\"yoast-schema-graph\">{\"@context\":\"https:\/\/schema.org\",\"@graph\":[{\"@type\":\"WebPage\",\"@id\":\"https:\/\/invoier.com\/stg_a4e73\/ledger-1\/\",\"url\":\"https:\/\/invoier.com\/stg_a4e73\/ledger-1\/\",\"name\":\"Ledger 1 - INVOIER - Fakturafinansiering\",\"isPartOf\":{\"@id\":\"https:\/\/invoier.com\/stg_a4e73\/#website\"},\"datePublished\":\"2022-03-04T20:02:29+00:00\",\"dateModified\":\"2022-03-10T08:51:01+00:00\",\"breadcrumb\":{\"@id\":\"https:\/\/invoier.com\/stg_a4e73\/ledger-1\/#breadcrumb\"},\"inLanguage\":\"en-GB\",\"potentialAction\":[{\"@type\":\"ReadAction\",\"target\":[\"https:\/\/invoier.com\/stg_a4e73\/ledger-1\/\"]}]},{\"@type\":\"BreadcrumbList\",\"@id\":\"https:\/\/invoier.com\/stg_a4e73\/ledger-1\/#breadcrumb\",\"itemListElement\":[{\"@type\":\"ListItem\",\"position\":1,\"name\":\"Home\",\"item\":\"https:\/\/invoier.com\/stg_a4e73\/\"},{\"@type\":\"ListItem\",\"position\":2,\"name\":\"Ledger 1\"}]},{\"@type\":\"WebSite\",\"@id\":\"https:\/\/invoier.com\/stg_a4e73\/#website\",\"url\":\"https:\/\/invoier.com\/stg_a4e73\/\",\"name\":\"INVOIER - Fakturafinansiering\",\"description\":\"Fakturafinansiering p\u00e5 dina villkor\",\"publisher\":{\"@id\":\"https:\/\/invoier.com\/stg_a4e73\/#organization\"},\"potentialAction\":[{\"@type\":\"SearchAction\",\"target\":{\"@type\":\"EntryPoint\",\"urlTemplate\":\"https:\/\/invoier.com\/stg_a4e73\/?s={search_term_string}\"},\"query-input\":{\"@type\":\"PropertyValueSpecification\",\"valueRequired\":true,\"valueName\":\"search_term_string\"}}],\"inLanguage\":\"en-GB\"},{\"@type\":\"Organization\",\"@id\":\"https:\/\/invoier.com\/stg_a4e73\/#organization\",\"name\":\"Invoier AB\",\"url\":\"https:\/\/invoier.com\/stg_a4e73\/\",\"logo\":{\"@type\":\"ImageObject\",\"inLanguage\":\"en-GB\",\"@id\":\"https:\/\/invoier.com\/stg_a4e73\/#\/schema\/logo\/image\/\",\"url\":\"https:\/\/invoier.com\/stg_a4e73\/wp-content\/uploads\/Stacked_Logo_Black-final-3.png\",\"contentUrl\":\"https:\/\/invoier.com\/stg_a4e73\/wp-content\/uploads\/Stacked_Logo_Black-final-3.png\",\"width\":338,\"height\":332,\"caption\":\"Invoier AB\"},\"image\":{\"@id\":\"https:\/\/invoier.com\/stg_a4e73\/#\/schema\/logo\/image\/\"}}]}<\/script>\n<!-- \/ Yoast SEO plugin. -->","yoast_head_json":{"title":"Ledger 1 - INVOIER - Fakturafinansiering","robots":{"index":"noindex","follow":"nofollow"},"og_locale":"en_GB","og_type":"article","og_title":"Ledger 1 - INVOIER - Fakturafinansiering","og_description":"Plastgrossist med \u00e5terkommande kunder s\u00f6ker factoringl\u00f6sning (SE) Svenskregistrerat aktiebolag med h\u00f6gsta m\u00f6jliga kreditklassning. Bedriver ink\u00f6p och f\u00f6rs\u00e4ljning av eng\u00e5ngsmaterial och f\u00f6rpackningar inom hush\u00e5llsprodukter och dagligvaror samt reng\u00f6ringsprodukter och d\u00e4rmed f\u00f6renlig verksamhet. F\u00f6retaget s\u00e4ljer hela sin fakturastock kontinuerligt d\u00e5 f\u00f6retaget p\u00e5 s\u00e5 s\u00e4tt kan finansiera nya ink\u00f6p och \u00f6ka tillv\u00e4xttakten. Bland f\u00f6retagets kunder hittas mindre (svenska) [&hellip;]","og_url":"https:\/\/invoier.com\/stg_a4e73\/en\/ledger-1\/","og_site_name":"INVOIER - Fakturafinansiering","article_modified_time":"2022-03-10T08:51:01+00:00","twitter_card":"summary_large_image","twitter_misc":{"Estimated reading time":"4 minutes"},"schema":{"@context":"https:\/\/schema.org","@graph":[{"@type":"WebPage","@id":"https:\/\/invoier.com\/stg_a4e73\/ledger-1\/","url":"https:\/\/invoier.com\/stg_a4e73\/ledger-1\/","name":"Ledger 1 - INVOIER - Fakturafinansiering","isPartOf":{"@id":"https:\/\/invoier.com\/stg_a4e73\/#website"},"datePublished":"2022-03-04T20:02:29+00:00","dateModified":"2022-03-10T08:51:01+00:00","breadcrumb":{"@id":"https:\/\/invoier.com\/stg_a4e73\/ledger-1\/#breadcrumb"},"inLanguage":"en-GB","potentialAction":[{"@type":"ReadAction","target":["https:\/\/invoier.com\/stg_a4e73\/ledger-1\/"]}]},{"@type":"BreadcrumbList","@id":"https:\/\/invoier.com\/stg_a4e73\/ledger-1\/#breadcrumb","itemListElement":[{"@type":"ListItem","position":1,"name":"Home","item":"https:\/\/invoier.com\/stg_a4e73\/"},{"@type":"ListItem","position":2,"name":"Ledger 1"}]},{"@type":"WebSite","@id":"https:\/\/invoier.com\/stg_a4e73\/#website","url":"https:\/\/invoier.com\/stg_a4e73\/","name":"INVOIER - Fakturafinansiering","description":"Fakturafinansiering p\u00e5 dina villkor","publisher":{"@id":"https:\/\/invoier.com\/stg_a4e73\/#organization"},"potentialAction":[{"@type":"SearchAction","target":{"@type":"EntryPoint","urlTemplate":"https:\/\/invoier.com\/stg_a4e73\/?s={search_term_string}"},"query-input":{"@type":"PropertyValueSpecification","valueRequired":true,"valueName":"search_term_string"}}],"inLanguage":"en-GB"},{"@type":"Organization","@id":"https:\/\/invoier.com\/stg_a4e73\/#organization","name":"Invoier AB","url":"https:\/\/invoier.com\/stg_a4e73\/","logo":{"@type":"ImageObject","inLanguage":"en-GB","@id":"https:\/\/invoier.com\/stg_a4e73\/#\/schema\/logo\/image\/","url":"https:\/\/invoier.com\/stg_a4e73\/wp-content\/uploads\/Stacked_Logo_Black-final-3.png","contentUrl":"https:\/\/invoier.com\/stg_a4e73\/wp-content\/uploads\/Stacked_Logo_Black-final-3.png","width":338,"height":332,"caption":"Invoier AB"},"image":{"@id":"https:\/\/invoier.com\/stg_a4e73\/#\/schema\/logo\/image\/"}}]}},"_links":{"self":[{"href":"https:\/\/invoier.com\/stg_a4e73\/en\/wp-json\/wp\/v2\/pages\/242602","targetHints":{"allow":["GET"]}}],"collection":[{"href":"https:\/\/invoier.com\/stg_a4e73\/en\/wp-json\/wp\/v2\/pages"}],"about":[{"href":"https:\/\/invoier.com\/stg_a4e73\/en\/wp-json\/wp\/v2\/types\/page"}],"author":[{"embeddable":true,"href":"https:\/\/invoier.com\/stg_a4e73\/en\/wp-json\/wp\/v2\/users\/5"}],"replies":[{"embeddable":true,"href":"https:\/\/invoier.com\/stg_a4e73\/en\/wp-json\/wp\/v2\/comments?post=242602"}],"version-history":[{"count":25,"href":"https:\/\/invoier.com\/stg_a4e73\/en\/wp-json\/wp\/v2\/pages\/242602\/revisions"}],"predecessor-version":[{"id":242707,"href":"https:\/\/invoier.com\/stg_a4e73\/en\/wp-json\/wp\/v2\/pages\/242602\/revisions\/242707"}],"wp:attachment":[{"href":"https:\/\/invoier.com\/stg_a4e73\/en\/wp-json\/wp\/v2\/media?parent=242602"}],"curies":[{"name":"wp","href":"https:\/\/api.w.org\/{rel}","templated":true}]}}