{"id":240878,"date":"2021-10-07T16:54:08","date_gmt":"2021-10-07T14:54:08","guid":{"rendered":"https:\/\/invoier.com\/stg_a4e73\/?page_id=240878"},"modified":"2023-09-06T11:17:41","modified_gmt":"2023-09-06T09:17:41","slug":"rekommenderar-partner","status":"publish","type":"page","link":"https:\/\/invoier.com\/stg_a4e73\/en\/rekommenderar-partner\/","title":{"rendered":"rekommenderar partner"},"content":{"rendered":"<p>[et_pb_section fb_built=&#8221;1&#8243; module_class=&#8221;inv-pageHeading&#8221; _builder_version=&#8221;4.16&#8243; _module_preset=&#8221;default&#8221; global_colors_info=&#8221;{}&#8221;][et_pb_row make_equal=&#8221;on&#8221; _builder_version=&#8221;4.16&#8243; _module_preset=&#8221;default&#8221; global_colors_info=&#8221;{}&#8221;][et_pb_column type=&#8221;4_4&#8243; module_class=&#8221;inv-vertCenter&#8221; _builder_version=&#8221;4.16&#8243; _module_preset=&#8221;default&#8221; global_colors_info=&#8221;{}&#8221;][et_pb_text module_class=&#8221;inv-centerHeading inv-mb-0&#8243; _builder_version=&#8221;4.16&#8243; _module_preset=&#8221;default&#8221; global_colors_info=&#8221;{}&#8221;]<\/p>\n<h1>Invoier Partner<\/h1>\n<div class=\"inv-subheading\">is our recommended financial solution for increased growth<\/div>\n<p>[\/et_pb_text][\/et_pb_column][\/et_pb_row][\/et_pb_section][et_pb_section fb_built=&#8221;1&#8243; _builder_version=&#8221;4.16&#8243; _module_preset=&#8221;default&#8221; global_colors_info=&#8221;{}&#8221;][et_pb_row column_structure=&#8221;1_2,1_2&#8243; make_equal=&#8221;on&#8221; _builder_version=&#8221;4.16&#8243; _module_preset=&#8221;default&#8221; global_colors_info=&#8221;{}&#8221;][et_pb_column type=&#8221;1_2&#8243; module_class=&#8221;inv-vertCenter&#8221; _builder_version=&#8221;4.16&#8243; _module_preset=&#8221;default&#8221; global_colors_info=&#8221;{}&#8221;][et_pb_image src=&#8221;https:\/\/invoier.com\/stg_a4e73\/wp-content\/uploads\/2021\/01\/partner.png&#8221; alt=&#8221;L\u00f6pande finansiering med factoring &#8211; Invoier Partner&#8221; title_text=&#8221;Invoier Partner&#8221; _builder_version=&#8221;4.16&#8243; _module_preset=&#8221;default&#8221; global_colors_info=&#8221;{}&#8221;][\/et_pb_image][\/et_pb_column][et_pb_column type=&#8221;1_2&#8243; module_class=&#8221;inv-vertCenter&#8221; _builder_version=&#8221;4.16&#8243; _module_preset=&#8221;default&#8221; global_colors_info=&#8221;{}&#8221;][et_pb_text _builder_version=&#8221;4.16&#8243; _module_preset=&#8221;default&#8221; global_colors_info=&#8221;{}&#8221;]<\/p>\n<h4>Is suitable when:<\/h4>\n<p>vill v\u00e4xa snabbare och undvika att v\u00e4nta p\u00e5 kundernas betalningar eller vill kunna erbjuda l\u00e4ngre kredittider till era kunder. F\u00e5 alla fakturor finansierade l\u00f6pande och enkelt med factoring.[\/et_pb_text][et_pb_text module_class=&#8221;inv-mb-15&#8243; _builder_version=&#8221;4.16&#8243; _module_preset=&#8221;default&#8221; global_colors_info=&#8221;{}&#8221;]<\/p>\n<h4>Benefits of Invoier Partner:<\/h4>\n<ul class=\"inv-stdListing\">\n<li>Instant price quote<\/li>\n<li>Fast payments<\/li>\n<li>No hidden fees<\/li>\n<li>Choose whether you prefer to be the sender of the invoices or if you would like for us to handle it for you\u00a0<span>om du f\u00f6redrar att vi hanterar det \u00e5t dig<\/span><\/li>\n<li>Avoid reminder handling and following up on payments from your customers<\/li>\n<\/ul>\n<p>[\/et_pb_text][et_pb_button button_url=&#8221;@ET-DC@eyJkeW5hbWljIjp0cnVlLCJjb250ZW50IjoicG9zdF9saW5rX3VybF9wYWdlIiwic2V0dGluZ3MiOnsicG9zdF9pZCI6IjI5NDA5In19@&#8221; url_new_window=&#8221;on&#8221; button_text=&#8221;L\u00e4s mer och kom ig\u00e5ng&#8221; module_class=&#8221;inv-stdButton  inv-mb-0&#8243; _builder_version=&#8221;4.16&#8243; _dynamic_attributes=&#8221;button_url&#8221; _module_preset=&#8221;default&#8221; custom_margin=&#8221;||0px||false|false&#8221; global_colors_info=&#8221;{}&#8221;][\/et_pb_button][et_pb_code _builder_version=&#8221;4.16&#8243; _module_preset=&#8221;default&#8221; global_colors_info=&#8221;{}&#8221;][\/et_pb_code][\/et_pb_column][\/et_pb_row][\/et_pb_section][et_pb_section fb_built=&#8221;1&#8243; module_class=&#8221;inv-contactPerson&#8221; _builder_version=&#8221;4.16&#8243; _module_preset=&#8221;default&#8221; global_colors_info=&#8221;{}&#8221;][et_pb_row column_structure=&#8221;1_2,1_2&#8243; make_equal=&#8221;on&#8221; module_class=&#8221;btn-inline&#8221; _builder_version=&#8221;4.16&#8243; _module_preset=&#8221;default&#8221; global_colors_info=&#8221;{}&#8221;][et_pb_column type=&#8221;1_2&#8243; _builder_version=&#8221;4.16&#8243; _module_preset=&#8221;default&#8221; global_colors_info=&#8221;{}&#8221;][et_pb_text _builder_version=&#8221;4.22.1&#8243; _module_preset=&#8221;default&#8221; hover_enabled=&#8221;0&#8243; global_colors_info=&#8221;{}&#8221; sticky_enabled=&#8221;0&#8243;]<\/p>\n<h3>Get a free counseling session<\/h3>\n<p>Henrik hj\u00e4lper m\u00e5nga av Invoiers kunder med r\u00e5dgivning och f\u00f6rslag p\u00e5 finansieringsuppl\u00e4gg som \u00e4r anpassade efter varje f\u00f6retags specifika f\u00f6ruts\u00e4ttningar. Vi hj\u00e4lper till kostnadsfritt &#8211; kontakta Henrik![\/et_pb_text][et_pb_button button_url=&#8221;tel:+46%20(0)%20707%20657296&#8243; button_text=&#8221;+46 (0) 707 657296&#8243; module_class=&#8221;inv-stdButton&#8221; _builder_version=&#8221;4.22.1&#8243; _module_preset=&#8221;default&#8221; hover_enabled=&#8221;0&#8243; global_colors_info=&#8221;{}&#8221; sticky_enabled=&#8221;0&#8243;][\/et_pb_button][et_pb_button button_url=&#8221;mailto:henrik.windahl@invoier.com?&#038;cc=%20sales@invoier.com&#038;subject=Invoier%20Partner%20&#038;body=Hej%20Henrik%20%0D%0A%20%0D%0A%20Jag%20skulle%20vilja%20h\u00f6ra%20mer%20om%20Invoiers%20tj\u00e4nst%20Partner.%20%0D%0A%20%0D%0A%20Mitt%20namn:%20%0D%0A%20Mitt%20f\u00f6retag:%20%20%0D%0A%20Mitt%20telefonnummer:%20%0D%0A%20&#8243; button_text=&#8221;henrik.windahl@invoier.com&#8221; module_class=&#8221;inv-stdButtonBlack&#8221; _builder_version=&#8221;4.22.1&#8243; _module_preset=&#8221;default&#8221; hover_enabled=&#8221;0&#8243; global_colors_info=&#8221;{}&#8221; sticky_enabled=&#8221;0&#8243;][\/et_pb_button][\/et_pb_column][et_pb_column type=&#8221;1_2&#8243; _builder_version=&#8221;4.16&#8243; _module_preset=&#8221;default&#8221; global_colors_info=&#8221;{}&#8221;][et_pb_image src=&#8221;https:\/\/invoier.com\/stg_a4e73\/wp-content\/uploads\/Henrik-Windahl-SalesManager.png&#8221; title_text=&#8221;Henrik Windahl-SalesManager&#8221; _builder_version=&#8221;4.22.1&#8243; _module_preset=&#8221;default&#8221; hover_enabled=&#8221;0&#8243; global_colors_info=&#8221;{}&#8221; sticky_enabled=&#8221;0&#8243;][\/et_pb_image][\/et_pb_column][\/et_pb_row][\/et_pb_section][et_pb_section fb_built=&#8221;1&#8243; _builder_version=&#8221;4.16&#8243; _module_preset=&#8221;default&#8221; global_colors_info=&#8221;{}&#8221;][et_pb_row _builder_version=&#8221;4.16&#8243; _module_preset=&#8221;default&#8221; global_colors_info=&#8221;{}&#8221;][et_pb_column type=&#8221;4_4&#8243; _builder_version=&#8221;4.16&#8243; _module_preset=&#8221;default&#8221; global_colors_info=&#8221;{}&#8221;][et_pb_text module_class=&#8221;inv-centerHeading inv-mb-0&#8243; _builder_version=&#8221;4.16&#8243; _module_preset=&#8221;default&#8221; locked=&#8221;off&#8221; global_colors_info=&#8221;{}&#8221;]<\/p>\n<h2>Other recommendations:<\/h2>\n<p>[\/et_pb_text][\/et_pb_column][\/et_pb_row][et_pb_row column_structure=&#8221;1_4,1_4,1_4,1_4&#8243; _builder_version=&#8221;4.16&#8243; _module_preset=&#8221;default&#8221; width=&#8221;90%&#8221; max_width=&#8221;1920px&#8221; custom_padding=&#8221;40px|||||&#8221; locked=&#8221;off&#8221; global_colors_info=&#8221;{}&#8221;][et_pb_column type=&#8221;1_4&#8243; _builder_version=&#8221;4.16&#8243; _module_preset=&#8221;default&#8221; animation_style=&#8221;slide&#8221; animation_direction=&#8221;bottom&#8221; animation_intensity_slide=&#8221;10%&#8221; global_colors_info=&#8221;{}&#8221;][et_pb_image src=&#8221;https:\/\/invoier.com\/stg_a4e73\/wp-content\/uploads\/Likviditetstillskott.png&#8221; alt=&#8221;Finansiering f\u00f6r f\u00f6retag &#8211; f\u00e5 r\u00e5d att v\u00e4xa&#8221; title_text=&#8221;Likviditetstillskott&#8221; _builder_version=&#8221;4.16&#8243; _module_preset=&#8221;default&#8221; max_width=&#8221;85px&#8221; custom_padding=&#8221;||0px|||&#8221; locked=&#8221;off&#8221; global_colors_info=&#8221;{}&#8221;][\/et_pb_image][et_pb_text module_class=&#8221;inv-mb-15&#8243; _builder_version=&#8221;4.16&#8243; _module_preset=&#8221;default&#8221; animation_direction=&#8221;bottom&#8221; locked=&#8221;off&#8221; global_colors_info=&#8221;{}&#8221;]<\/p>\n<h3>Liquidity contribution<\/h3>\n<p><span>Do you temporarily have higher costs that are hindering you in different ways in your daily operations and that could be solved through a temporary financial contribution?<\/span><\/p>\n<p>[\/et_pb_text][et_pb_button button_url=&#8221;@ET-DC@eyJkeW5hbWljIjp0cnVlLCJjb250ZW50IjoicG9zdF9saW5rX3VybF9wYWdlIiwic2V0dGluZ3MiOnsicG9zdF9pZCI6IjI0MDkzMCJ9fQ==@&#8221; button_text=&#8221;Se rekommendation&#8221; module_class=&#8221;inv-anchor-link&#8221; _builder_version=&#8221;4.16&#8243; _dynamic_attributes=&#8221;button_url&#8221; _module_preset=&#8221;default&#8221; locked=&#8221;off&#8221; global_colors_info=&#8221;{}&#8221;][\/et_pb_button][\/et_pb_column][et_pb_column type=&#8221;1_4&#8243; _builder_version=&#8221;4.16&#8243; _module_preset=&#8221;default&#8221; animation_style=&#8221;slide&#8221; animation_direction=&#8221;bottom&#8221; animation_delay=&#8221;300ms&#8221; animation_intensity_slide=&#8221;10%&#8221; global_colors_info=&#8221;{}&#8221;][et_pb_image src=&#8221;https:\/\/invoier.com\/stg_a4e73\/wp-content\/uploads\/2021\/01\/inv-delayPayment.png&#8221; alt=&#8221;Delay Payment&#8221; title_text=&#8221;inv-delayPayment&#8221; _builder_version=&#8221;4.16&#8243; _module_preset=&#8221;default&#8221; global_colors_info=&#8221;{}&#8221;][\/et_pb_image][et_pb_text module_class=&#8221;inv-mb-15&#8243; _builder_version=&#8221;4.16&#8243; _module_preset=&#8221;default&#8221; animation_direction=&#8221;bottom&#8221; global_colors_info=&#8221;{}&#8221;]<\/p>\n<h3>Extended credit<\/h3>\n<p>Skulle du kunna vilja erbjuda dina kunder l\u00e4ngre kredittider eller kunna ta nya kontrakt med f\u00f6rb\u00e4ttrade villkor? Finns det kassarabatter som du skulle kunna f\u00e5 tillg\u00e5ng till vid ink\u00f6p?[\/et_pb_text][et_pb_button button_url=&#8221;@ET-DC@eyJkeW5hbWljIjp0cnVlLCJjb250ZW50IjoicG9zdF9saW5rX3VybF9wYWdlIiwic2V0dGluZ3MiOnsicG9zdF9pZCI6IjI0MDkzNiJ9fQ==@&#8221; button_text=&#8221;Se rekommendation&#8221; module_class=&#8221;inv-anchor-link&#8221; _builder_version=&#8221;4.16&#8243; _dynamic_attributes=&#8221;button_url&#8221; _module_preset=&#8221;default&#8221; locked=&#8221;off&#8221; global_colors_info=&#8221;{}&#8221;][\/et_pb_button][\/et_pb_column][et_pb_column type=&#8221;1_4&#8243; _builder_version=&#8221;4.16&#8243; _module_preset=&#8221;default&#8221; animation_style=&#8221;slide&#8221; animation_direction=&#8221;bottom&#8221; animation_delay=&#8221;900ms&#8221; animation_intensity_slide=&#8221;10%&#8221; global_colors_info=&#8221;{}&#8221;][et_pb_image src=&#8221;https:\/\/invoier.com\/stg_a4e73\/wp-content\/uploads\/2021\/01\/inv-integritetspolicy.png&#8221; alt=&#8221;Finansiering f\u00f6r f\u00f6retag &#8211; n\u00f6jdare kund&#8221; title_text=&#8221;Invoier Abonnemangsfinansiering &#8211; n\u00f6jdare kunder&#8221; _builder_version=&#8221;4.16&#8243; _module_preset=&#8221;default&#8221; global_colors_info=&#8221;{}&#8221;][\/et_pb_image][et_pb_text module_class=&#8221;inv-mb-15&#8243; _builder_version=&#8221;4.16&#8243; _module_preset=&#8221;default&#8221; animation_direction=&#8221;bottom&#8221; global_colors_info=&#8221;{}&#8221;]<\/p>\n<h3>Seasonal variations<\/h3>\n<p>Har din verksamhet stora variationer i s\u00e4songsf\u00f6rs\u00e4ljning som g\u00f6r det sv\u00e5rt att hantera likviditeten l\u00f6pande?[\/et_pb_text][et_pb_button button_url=&#8221;@ET-DC@eyJkeW5hbWljIjp0cnVlLCJjb250ZW50IjoicG9zdF9saW5rX3VybF9wYWdlIiwic2V0dGluZ3MiOnsicG9zdF9pZCI6IjI0MDkzMCJ9fQ==@&#8221; button_text=&#8221;Se rekommendation&#8221; module_class=&#8221;inv-anchor-link&#8221; _builder_version=&#8221;4.16&#8243; _dynamic_attributes=&#8221;button_url&#8221; _module_preset=&#8221;default&#8221; locked=&#8221;off&#8221; global_colors_info=&#8221;{}&#8221;][\/et_pb_button][\/et_pb_column][et_pb_column type=&#8221;1_4&#8243; _builder_version=&#8221;4.16&#8243; _module_preset=&#8221;default&#8221; animation_style=&#8221;slide&#8221; animation_direction=&#8221;bottom&#8221; animation_delay=&#8221;900ms&#8221; animation_intensity_slide=&#8221;10%&#8221; global_colors_info=&#8221;{}&#8221;][et_pb_image src=&#8221;https:\/\/invoier.com\/stg_a4e73\/wp-content\/uploads\/2021\/01\/inv-PurchaseCertificate.png&#8221; alt=&#8221;Invoier Purchase Certificate&#8221; title_text=&#8221;inv-PurchaseCertificate&#8221; _builder_version=&#8221;4.16&#8243; _module_preset=&#8221;default&#8221; global_colors_info=&#8221;{}&#8221;][\/et_pb_image][et_pb_text module_class=&#8221;inv-mb-15&#8243; _builder_version=&#8221;4.16&#8243; _module_preset=&#8221;default&#8221; animation_direction=&#8221;bottom&#8221; global_colors_info=&#8221;{}&#8221;]<\/p>\n<h3>Contract financing<\/h3>\n<p class=\"p2\">Do you have subscription customers and would prefer to receive the yearly sales immediately in order to reinvest earlier?<\/p>\n<p>[\/et_pb_text][et_pb_button button_url=&#8221;@ET-DC@eyJkeW5hbWljIjp0cnVlLCJjb250ZW50IjoicG9zdF9saW5rX3VybF9wYWdlIiwic2V0dGluZ3MiOnsicG9zdF9pZCI6IjI0MDkwMyJ9fQ==@&#8221; button_text=&#8221;Se rekommendation&#8221; module_class=&#8221;inv-anchor-link&#8221; _builder_version=&#8221;4.16&#8243; _dynamic_attributes=&#8221;button_url&#8221; _module_preset=&#8221;default&#8221; locked=&#8221;off&#8221; global_colors_info=&#8221;{}&#8221;][\/et_pb_button][\/et_pb_column][\/et_pb_row][\/et_pb_section]<\/p>","protected":false},"excerpt":{"rendered":"<p>Invoier Partner \u00e4r v\u00e5r rekommenderade finansieringsl\u00f6sning f\u00f6r \u00f6kad tillv\u00e4xtPassar dig som: vill v\u00e4xa snabbare och undvika att v\u00e4nta p\u00e5 kundernas betalningar eller vill kunna erbjuda l\u00e4ngre kredittider till era kunder. F\u00e5 alla fakturor finansierade l\u00f6pande och enkelt med factoring.F\u00f6rdelar med Invoier Partner: Prisoffert direkt Snabba utbetalningar Inga dolda avgifter V\u00e4lj sj\u00e4lv om du vill vara [&hellip;]<\/p>","protected":false},"author":5,"featured_media":0,"parent":0,"menu_order":0,"comment_status":"closed","ping_status":"closed","template":"","meta":{"_et_pb_use_builder":"on","_et_pb_old_content":"","_et_gb_content_width":"","footnotes":""},"class_list":["post-240878","page","type-page","status-publish","hentry"],"yoast_head":"<!-- This site is optimized with the Yoast SEO plugin v25.3.1 - https:\/\/yoast.com\/wordpress\/plugins\/seo\/ -->\n<title>rekommenderar partner - INVOIER - Fakturafinansiering<\/title>\n<meta name=\"robots\" content=\"noindex, follow, max-snippet:-1, max-image-preview:large, max-video-preview:-1\" \/>\n<meta property=\"og:locale\" content=\"en_GB\" \/>\n<meta property=\"og:type\" content=\"article\" \/>\n<meta property=\"og:title\" content=\"rekommenderar partner - INVOIER - Fakturafinansiering\" \/>\n<meta property=\"og:description\" content=\"Invoier Partner \u00e4r v\u00e5r rekommenderade finansieringsl\u00f6sning f\u00f6r \u00f6kad tillv\u00e4xtPassar dig som: vill v\u00e4xa snabbare och undvika att v\u00e4nta p\u00e5 kundernas betalningar eller vill kunna erbjuda l\u00e4ngre kredittider till era kunder. F\u00e5 alla fakturor finansierade l\u00f6pande och enkelt med factoring.F\u00f6rdelar med Invoier Partner: Prisoffert direkt Snabba utbetalningar Inga dolda avgifter V\u00e4lj sj\u00e4lv om du vill vara [&hellip;]\" \/>\n<meta property=\"og:url\" content=\"https:\/\/invoier.com\/stg_a4e73\/en\/rekommenderar-partner\/\" \/>\n<meta property=\"og:site_name\" content=\"INVOIER - Fakturafinansiering\" \/>\n<meta property=\"article:modified_time\" content=\"2023-09-06T09:17:41+00:00\" \/>\n<meta name=\"twitter:card\" content=\"summary_large_image\" \/>\n<meta name=\"twitter:label1\" content=\"Estimated reading time\" \/>\n\t<meta name=\"twitter:data1\" content=\"3 minutes\" \/>\n<script type=\"application\/ld+json\" class=\"yoast-schema-graph\">{\"@context\":\"https:\/\/schema.org\",\"@graph\":[{\"@type\":[\"WebPage\",\"ItemPage\"],\"@id\":\"https:\/\/invoier.com\/stg_a4e73\/rekommenderar-partner\/\",\"url\":\"https:\/\/invoier.com\/stg_a4e73\/rekommenderar-partner\/\",\"name\":\"rekommenderar partner - INVOIER - Fakturafinansiering\",\"isPartOf\":{\"@id\":\"https:\/\/invoier.com\/stg_a4e73\/#website\"},\"datePublished\":\"2021-10-07T14:54:08+00:00\",\"dateModified\":\"2023-09-06T09:17:41+00:00\",\"breadcrumb\":{\"@id\":\"https:\/\/invoier.com\/stg_a4e73\/rekommenderar-partner\/#breadcrumb\"},\"inLanguage\":\"en-GB\",\"potentialAction\":[{\"@type\":\"ReadAction\",\"target\":[\"https:\/\/invoier.com\/stg_a4e73\/rekommenderar-partner\/\"]}]},{\"@type\":\"BreadcrumbList\",\"@id\":\"https:\/\/invoier.com\/stg_a4e73\/rekommenderar-partner\/#breadcrumb\",\"itemListElement\":[{\"@type\":\"ListItem\",\"position\":1,\"name\":\"Home\",\"item\":\"https:\/\/invoier.com\/stg_a4e73\/\"},{\"@type\":\"ListItem\",\"position\":2,\"name\":\"rekommenderar partner\"}]},{\"@type\":\"WebSite\",\"@id\":\"https:\/\/invoier.com\/stg_a4e73\/#website\",\"url\":\"https:\/\/invoier.com\/stg_a4e73\/\",\"name\":\"INVOIER - Fakturafinansiering\",\"description\":\"Fakturafinansiering p\u00e5 dina villkor\",\"publisher\":{\"@id\":\"https:\/\/invoier.com\/stg_a4e73\/#organization\"},\"potentialAction\":[{\"@type\":\"SearchAction\",\"target\":{\"@type\":\"EntryPoint\",\"urlTemplate\":\"https:\/\/invoier.com\/stg_a4e73\/?s={search_term_string}\"},\"query-input\":{\"@type\":\"PropertyValueSpecification\",\"valueRequired\":true,\"valueName\":\"search_term_string\"}}],\"inLanguage\":\"en-GB\"},{\"@type\":\"Organization\",\"@id\":\"https:\/\/invoier.com\/stg_a4e73\/#organization\",\"name\":\"Invoier AB\",\"url\":\"https:\/\/invoier.com\/stg_a4e73\/\",\"logo\":{\"@type\":\"ImageObject\",\"inLanguage\":\"en-GB\",\"@id\":\"https:\/\/invoier.com\/stg_a4e73\/#\/schema\/logo\/image\/\",\"url\":\"https:\/\/invoier.com\/stg_a4e73\/wp-content\/uploads\/Stacked_Logo_Black-final-3.png\",\"contentUrl\":\"https:\/\/invoier.com\/stg_a4e73\/wp-content\/uploads\/Stacked_Logo_Black-final-3.png\",\"width\":338,\"height\":332,\"caption\":\"Invoier AB\"},\"image\":{\"@id\":\"https:\/\/invoier.com\/stg_a4e73\/#\/schema\/logo\/image\/\"}}]}<\/script>\n<!-- \/ Yoast SEO plugin. -->","yoast_head_json":{"title":"rekommenderar partner - INVOIER - Fakturafinansiering","robots":{"index":"noindex","follow":"follow","max-snippet":"max-snippet:-1","max-image-preview":"max-image-preview:large","max-video-preview":"max-video-preview:-1"},"og_locale":"en_GB","og_type":"article","og_title":"rekommenderar partner - INVOIER - Fakturafinansiering","og_description":"Invoier Partner \u00e4r v\u00e5r rekommenderade finansieringsl\u00f6sning f\u00f6r \u00f6kad tillv\u00e4xtPassar dig som: vill v\u00e4xa snabbare och undvika att v\u00e4nta p\u00e5 kundernas betalningar eller vill kunna erbjuda l\u00e4ngre kredittider till era kunder. F\u00e5 alla fakturor finansierade l\u00f6pande och enkelt med factoring.F\u00f6rdelar med Invoier Partner: Prisoffert direkt Snabba utbetalningar Inga dolda avgifter V\u00e4lj sj\u00e4lv om du vill vara [&hellip;]","og_url":"https:\/\/invoier.com\/stg_a4e73\/en\/rekommenderar-partner\/","og_site_name":"INVOIER - Fakturafinansiering","article_modified_time":"2023-09-06T09:17:41+00:00","twitter_card":"summary_large_image","twitter_misc":{"Estimated reading time":"3 minutes"},"schema":{"@context":"https:\/\/schema.org","@graph":[{"@type":["WebPage","ItemPage"],"@id":"https:\/\/invoier.com\/stg_a4e73\/rekommenderar-partner\/","url":"https:\/\/invoier.com\/stg_a4e73\/rekommenderar-partner\/","name":"rekommenderar partner - INVOIER - Fakturafinansiering","isPartOf":{"@id":"https:\/\/invoier.com\/stg_a4e73\/#website"},"datePublished":"2021-10-07T14:54:08+00:00","dateModified":"2023-09-06T09:17:41+00:00","breadcrumb":{"@id":"https:\/\/invoier.com\/stg_a4e73\/rekommenderar-partner\/#breadcrumb"},"inLanguage":"en-GB","potentialAction":[{"@type":"ReadAction","target":["https:\/\/invoier.com\/stg_a4e73\/rekommenderar-partner\/"]}]},{"@type":"BreadcrumbList","@id":"https:\/\/invoier.com\/stg_a4e73\/rekommenderar-partner\/#breadcrumb","itemListElement":[{"@type":"ListItem","position":1,"name":"Home","item":"https:\/\/invoier.com\/stg_a4e73\/"},{"@type":"ListItem","position":2,"name":"rekommenderar partner"}]},{"@type":"WebSite","@id":"https:\/\/invoier.com\/stg_a4e73\/#website","url":"https:\/\/invoier.com\/stg_a4e73\/","name":"INVOIER - Fakturafinansiering","description":"Fakturafinansiering p\u00e5 dina villkor","publisher":{"@id":"https:\/\/invoier.com\/stg_a4e73\/#organization"},"potentialAction":[{"@type":"SearchAction","target":{"@type":"EntryPoint","urlTemplate":"https:\/\/invoier.com\/stg_a4e73\/?s={search_term_string}"},"query-input":{"@type":"PropertyValueSpecification","valueRequired":true,"valueName":"search_term_string"}}],"inLanguage":"en-GB"},{"@type":"Organization","@id":"https:\/\/invoier.com\/stg_a4e73\/#organization","name":"Invoier AB","url":"https:\/\/invoier.com\/stg_a4e73\/","logo":{"@type":"ImageObject","inLanguage":"en-GB","@id":"https:\/\/invoier.com\/stg_a4e73\/#\/schema\/logo\/image\/","url":"https:\/\/invoier.com\/stg_a4e73\/wp-content\/uploads\/Stacked_Logo_Black-final-3.png","contentUrl":"https:\/\/invoier.com\/stg_a4e73\/wp-content\/uploads\/Stacked_Logo_Black-final-3.png","width":338,"height":332,"caption":"Invoier AB"},"image":{"@id":"https:\/\/invoier.com\/stg_a4e73\/#\/schema\/logo\/image\/"}}]}},"_links":{"self":[{"href":"https:\/\/invoier.com\/stg_a4e73\/en\/wp-json\/wp\/v2\/pages\/240878","targetHints":{"allow":["GET"]}}],"collection":[{"href":"https:\/\/invoier.com\/stg_a4e73\/en\/wp-json\/wp\/v2\/pages"}],"about":[{"href":"https:\/\/invoier.com\/stg_a4e73\/en\/wp-json\/wp\/v2\/types\/page"}],"author":[{"embeddable":true,"href":"https:\/\/invoier.com\/stg_a4e73\/en\/wp-json\/wp\/v2\/users\/5"}],"replies":[{"embeddable":true,"href":"https:\/\/invoier.com\/stg_a4e73\/en\/wp-json\/wp\/v2\/comments?post=240878"}],"version-history":[{"count":29,"href":"https:\/\/invoier.com\/stg_a4e73\/en\/wp-json\/wp\/v2\/pages\/240878\/revisions"}],"predecessor-version":[{"id":244566,"href":"https:\/\/invoier.com\/stg_a4e73\/en\/wp-json\/wp\/v2\/pages\/240878\/revisions\/244566"}],"wp:attachment":[{"href":"https:\/\/invoier.com\/stg_a4e73\/en\/wp-json\/wp\/v2\/media?parent=240878"}],"curies":[{"name":"wp","href":"https:\/\/api.w.org\/{rel}","templated":true}]}}