{"id":243885,"date":"2022-10-31T14:36:54","date_gmt":"2022-10-31T13:36:54","guid":{"rendered":"https:\/\/invoier.com\/?page_id=243885"},"modified":"2024-02-06T16:51:11","modified_gmt":"2024-02-06T15:51:11","slug":"finansiera","status":"publish","type":"page","link":"https:\/\/invoier.com\/en\/finansiera\/","title":{"rendered":"Tillverkning"},"content":{"rendered":"<p>[et_pb_section fb_built=&#8221;1&#8243; _builder_version=&#8221;4.18.0&#8243; _module_preset=&#8221;default&#8221; global_colors_info=&#8221;{}&#8221;][et_pb_row _builder_version=&#8221;4.18.0&#8243; _module_preset=&#8221;default&#8221; global_colors_info=&#8221;{}&#8221;][et_pb_column type=&#8221;4_4&#8243; _builder_version=&#8221;4.18.0&#8243; _module_preset=&#8221;default&#8221; global_colors_info=&#8221;{}&#8221;][et_pb_text _builder_version=&#8221;4.18.0&#8243; _module_preset=&#8221;default&#8221; global_colors_info=&#8221;{}&#8221;]<\/p>\n<h2>Finansiering f\u00f6r tillverkningsindustrin<\/h2>\n<p>[\/et_pb_text][\/et_pb_column][\/et_pb_row][et_pb_row column_structure=&#8221;1_2,1_2&#8243; _builder_version=&#8221;4.18.0&#8243; _module_preset=&#8221;default&#8221; global_colors_info=&#8221;{}&#8221;][et_pb_column type=&#8221;1_2&#8243; _builder_version=&#8221;4.18.0&#8243; _module_preset=&#8221;default&#8221; global_colors_info=&#8221;{}&#8221;][et_pb_text _builder_version=&#8221;4.18.0&#8243; _module_preset=&#8221;default&#8221; global_colors_info=&#8221;{}&#8221;]<\/p>\n<p>Vi hj\u00e4lper dagligen f\u00f6retag i tillverkningsindustrin till b\u00e4ttre finansiering som hj\u00e4lper de att v\u00e4xa snabbare, g\u00f6ra ink\u00f6p eller anst\u00e4lla fler personer. En tj\u00e4nst som \u00e4r l\u00e4mplig f\u00f6r dessa scenarios \u00e4r ink\u00f6psfinansiering, vilket inneb\u00e4r att du med hj\u00e4lp av planerade ink\u00f6p frig\u00f6r pengar i din verksamhet. Det kan exempelvis avse ink\u00f6p av produktlager, industri- eller skogsmaskiner, transportrelaterade ink\u00f6p eller annan utrustning.<\/p>\n<p>[\/et_pb_text][et_pb_text _builder_version=&#8221;4.18.0&#8243; _module_preset=&#8221;default&#8221; locked=&#8221;off&#8221; global_colors_info=&#8221;{}&#8221;]<\/p>\n<h4>Vad \u00e4r f\u00f6rdelarna med ink\u00f6psfinansiering?<\/h4>\n<p>Ink\u00f6psfinansiering ger dig m\u00f6jlighet att g\u00f6ra aff\u00e4rer som kanske inte annars skulle vara m\u00f6jliga, men till skillnad mot m\u00e5nga andra former av finansiering, har det bl.a. \u00e4ven dessa praktiska f\u00f6rdelar:<\/p>\n<ul>\n<li>kostar endast n\u00e4r kredit utnyttjas<\/li>\n<li>kr\u00e4ver ingen borgen<\/li>\n<li>tar inget kreditutrymme fr\u00e5n banken<\/li>\n<\/ul>\n<p>&nbsp;<\/p>\n<p>[\/et_pb_text][et_pb_button button_url=&#8221;@ET-DC@eyJkeW5hbWljIjp0cnVlLCJjb250ZW50IjoicG9zdF9saW5rX3VybF9wYWdlIiwic2V0dGluZ3MiOnsicG9zdF9pZCI6IjI0MzkwNiJ9fQ==@&#8221; url_new_window=&#8221;on&#8221; button_text=&#8221;Boka gratis r\u00e5dgivning&#8221; button_alignment=&#8221;left&#8221; module_class=&#8221;inv-stdButton&#8221; _builder_version=&#8221;4.18.0&#8243; _dynamic_attributes=&#8221;button_url&#8221; _module_preset=&#8221;default&#8221; global_colors_info=&#8221;{}&#8221;][\/et_pb_button][\/et_pb_column][et_pb_column type=&#8221;1_2&#8243; _builder_version=&#8221;4.18.0&#8243; _module_preset=&#8221;default&#8221; global_colors_info=&#8221;{}&#8221;][et_pb_image src=&#8221;https:\/\/invoier.com\/wp-content\/uploads\/tillverkning_fin.jpg&#8221; alt=&#8221;tillverkning&#8221; title_text=&#8221;tillverkning&#8221; _builder_version=&#8221;4.18.0&#8243; _module_preset=&#8221;default&#8221; global_colors_info=&#8221;{}&#8221;][\/et_pb_image][\/et_pb_column][\/et_pb_row][\/et_pb_section][et_pb_section fb_built=&#8221;1&#8243; module_class=&#8221;inv-beach-bg inv-left-aligned&#8221; _builder_version=&#8221;4.24.0&#8243; _module_preset=&#8221;default&#8221; custom_padding=&#8221;||||false|false&#8221; hover_enabled=&#8221;0&#8243; locked=&#8221;off&#8221; global_colors_info=&#8221;{}&#8221; sticky_enabled=&#8221;0&#8243;][et_pb_row make_equal=&#8221;on&#8221; module_class=&#8221;btn-inline&#8221; _builder_version=&#8221;4.16&#8243; _module_preset=&#8221;default&#8221; global_colors_info=&#8221;{}&#8221;][et_pb_column type=&#8221;4_4&#8243; _builder_version=&#8221;4.16&#8243; _module_preset=&#8221;default&#8221; global_colors_info=&#8221;{}&#8221;][et_pb_text _builder_version=&#8221;4.18.0&#8243; _module_preset=&#8221;default&#8221; locked=&#8221;off&#8221; global_colors_info=&#8221;{}&#8221;]<\/p>\n<h3>Finansiera ditt f\u00f6retags ink\u00f6p enkelt och smidigt<\/h3>\n<p><span>Beh\u00f6ver ert f\u00f6retag hj\u00e4lp med att finansiera en eller flera ordrar till era leverant\u00f6rer? L\u00f6s er f\u00f6retagsfinansiering med ink\u00f6psfinansiering fr\u00e5n Invoier och undvik att ta l\u00e5n. Det g\u00f6r det enklare \u00e4n n\u00e5gonsin att erbjuda era leverant\u00f6rer betalning direkt \u2013 samtidigt som ni sj\u00e4lva f\u00e5r <\/span><span>mellan 30 och 90 dagar extra betalningsvillkor.<\/span><\/p>\n<h3>Hur fungerar ink\u00f6psfinansiering?<\/h3>\n<p>Att finansiera sitt f\u00f6retags ink\u00f6p i f\u00f6rv\u00e4g och dessutom f\u00f6rl\u00e4nga sin egen kredittid s\u00e5 att man kan g\u00f6ra fler aff\u00e4rer \u00e4r mycket enkelt. Din ofinansierade faktura \u00e4r v\u00e5r s\u00e4kerhet. Fl\u00f6det kan beskrivas i tre enkla steg:<\/p>\n<ol>\n<li><strong>\u00a0<\/strong>Du skickar din leverant\u00f6rsfaktura direkt till oss och vi betalar ut omg\u00e5ende.<\/li>\n<li>\u00a0Vi har d\u00e5 tagit \u00f6ver \u00e4gandet av fakturan och skickar ett meddelande om \u00f6vertagande av betalansvar till leverant\u00f6ren som bekr\u00e4ftar det och vi f\u00e5r betalning fr\u00e5n leverant\u00f6ren till oss.<\/li>\n<li>\u00a0Vi skickar sedan en ny faktura till dig med nytt pris och ny kredittid som ni betalar vid det nya, f\u00f6rl\u00e4ngda f\u00f6rfallodatumet<\/li>\n<\/ol>\n<p><span style=\"font-weight: 400;\"><\/span><\/p>\n<p>[\/et_pb_text][\/et_pb_column][\/et_pb_row][\/et_pb_section][et_pb_section fb_built=&#8221;1&#8243; module_class=&#8221;inv-beach-bg&#8221; _builder_version=&#8221;4.16&#8243; _module_preset=&#8221;default&#8221; custom_padding=&#8221;0px||||false|false&#8221; hover_enabled=&#8221;0&#8243; border_radii=&#8221;off|1px|1px||&#8221; border_color_top=&#8221;#efefef&#8221; locked=&#8221;off&#8221; global_colors_info=&#8221;{}&#8221; sticky_enabled=&#8221;0&#8243;][et_pb_row _builder_version=&#8221;4.24.0&#8243; _module_preset=&#8221;default&#8221; custom_padding=&#8221;||50px||false|false&#8221; hover_enabled=&#8221;0&#8243; locked=&#8221;off&#8221; global_colors_info=&#8221;{}&#8221; sticky_enabled=&#8221;0&#8243; custom_padding_last_edited=&#8221;on|desktop&#8221; custom_padding_tablet=&#8221;||50px||false|false&#8221; custom_padding_phone=&#8221;||50px||false|false&#8221;][et_pb_column type=&#8221;4_4&#8243; _builder_version=&#8221;4.16&#8243; _module_preset=&#8221;default&#8221; global_colors_info=&#8221;{}&#8221;][et_pb_divider color=&#8221;#d6ccc3&#8243; divider_position=&#8221;center&#8221; _builder_version=&#8221;4.16&#8243; _module_preset=&#8221;default&#8221; global_colors_info=&#8221;{}&#8221;][\/et_pb_divider][\/et_pb_column][\/et_pb_row][et_pb_row column_structure=&#8221;1_3,1_3,1_3&#8243; _builder_version=&#8221;4.18.0&#8243; _module_preset=&#8221;default&#8221; global_colors_info=&#8221;{}&#8221;][et_pb_column type=&#8221;1_3&#8243; _builder_version=&#8221;4.18.0&#8243; _module_preset=&#8221;default&#8221; global_colors_info=&#8221;{}&#8221;][et_pb_blurb title=&#8221;Skjut upp betalning &#8221; image=&#8221;https:\/\/invoier.com\/wp-content\/uploads\/2021\/01\/inv-delayPayment.png&#8221; alt=&#8221;Delay Payment&#8221; content_max_width=&#8221;800px&#8221; module_class=&#8221;inv-small-icon&#8221; _builder_version=&#8221;4.18.0&#8243; _module_preset=&#8221;default&#8221; header_text_align=&#8221;center&#8221; body_text_align=&#8221;center&#8221; global_colors_info=&#8221;{}&#8221;]<\/p>\n<p><span>Du best\u00e4mmer sj\u00e4lv \u00f6nskad betalningsperiod.<br \/>Skjut upp betalningen upp till 120 dagar.<\/span><\/p>\n<p>[\/et_pb_blurb][\/et_pb_column][et_pb_column type=&#8221;1_3&#8243; _builder_version=&#8221;4.18.0&#8243; _module_preset=&#8221;default&#8221; global_colors_info=&#8221;{}&#8221;][et_pb_blurb title=&#8221;100% finansieringsgrad&#8221; image=&#8221;https:\/\/invoier.com\/wp-content\/uploads\/2021\/01\/inv-fullPercent.png&#8221; alt=&#8221;Invoier 100%&#8221; content_max_width=&#8221;800px&#8221; module_class=&#8221;inv-small-icon&#8221; _builder_version=&#8221;4.18.0&#8243; _module_preset=&#8221;default&#8221; header_text_align=&#8221;center&#8221; body_text_align=&#8221;center&#8221; global_colors_info=&#8221;{}&#8221;]<\/p>\n<p><span>F\u00e5 hela leverant\u00f6rsfakturan finansierad. Finansieringskostnaden betalar ni i samband med f\u00f6rfallodagen, n\u00e4r ni oftast redan f\u00e5tt betalt av er kund.<\/span><\/p>\n<p>[\/et_pb_blurb][\/et_pb_column][et_pb_column type=&#8221;1_3&#8243; _builder_version=&#8221;4.18.0&#8243; _module_preset=&#8221;default&#8221; global_colors_info=&#8221;{}&#8221;][et_pb_blurb title=&#8221;B\u00e4ttre ink\u00f6psvillkor&#8221; image=&#8221;https:\/\/invoier.com\/wp-content\/uploads\/2021\/01\/inv-PurchaseCertificate.png&#8221; alt=&#8221;Invoier Purchase Certificate&#8221; content_max_width=&#8221;800px&#8221; _builder_version=&#8221;4.18.0&#8243; _module_preset=&#8221;default&#8221; header_text_align=&#8221;center&#8221; body_text_align=&#8221;center&#8221; global_colors_info=&#8221;{}&#8221;]<\/p>\n<p><span>F\u00f6retagsfinansiering med kontroll. M\u00f6jlighet att uppn\u00e5 b\u00e4ttre ink\u00f6psvillkor genom leverant\u00f6rsbonus, kassarabatter, etc.<\/span><\/p>\n<p>[\/et_pb_blurb][\/et_pb_column][\/et_pb_row][et_pb_row _builder_version=&#8221;4.16&#8243; _module_preset=&#8221;default&#8221; custom_padding=&#8221;50px||50px||false|false&#8221; locked=&#8221;off&#8221; global_colors_info=&#8221;{}&#8221;][et_pb_column type=&#8221;4_4&#8243; _builder_version=&#8221;4.16&#8243; _module_preset=&#8221;default&#8221; global_colors_info=&#8221;{}&#8221;][et_pb_divider color=&#8221;#d6ccc3&#8243; divider_position=&#8221;center&#8221; _builder_version=&#8221;4.16&#8243; _module_preset=&#8221;default&#8221; global_colors_info=&#8221;{}&#8221;][\/et_pb_divider][\/et_pb_column][\/et_pb_row][et_pb_row _builder_version=&#8221;4.16&#8243; _module_preset=&#8221;default&#8221; global_colors_info=&#8221;{}&#8221;][et_pb_column type=&#8221;4_4&#8243; _builder_version=&#8221;4.16&#8243; _module_preset=&#8221;default&#8221; global_colors_info=&#8221;{}&#8221;][et_pb_button button_url=&#8221;https:\/\/invoier.com\/vilken-finansieringsform-passar-ditt-foretag\/&#8221; url_new_window=&#8221;on&#8221; button_text=&#8221;Hitta r\u00e4tt finansieringsform f\u00f6r ditt f\u00f6retag (guide)&#8221; button_alignment=&#8221;center&#8221; module_class=&#8221;inv-stdButtonBlack&#8221; _builder_version=&#8221;4.18.0&#8243; _module_preset=&#8221;default&#8221; global_colors_info=&#8221;{}&#8221;][\/et_pb_button][\/et_pb_column][\/et_pb_row][\/et_pb_section][et_pb_section fb_built=&#8221;1&#8243; _builder_version=&#8221;4.16&#8243; _module_preset=&#8221;default&#8221; global_colors_info=&#8221;{}&#8221;][et_pb_row column_structure=&#8221;2_5,3_5&#8243; make_equal=&#8221;on&#8221; _builder_version=&#8221;4.16&#8243; _module_preset=&#8221;default&#8221; global_colors_info=&#8221;{}&#8221;][et_pb_column type=&#8221;2_5&#8243; module_class=&#8221;second-on-mobile inv-vertCenter&#8221; _builder_version=&#8221;4.16&#8243; _module_preset=&#8221;default&#8221; global_colors_info=&#8221;{}&#8221;][et_pb_text _builder_version=&#8221;4.22.2&#8243; _module_preset=&#8221;default&#8221; global_colors_info=&#8221;{}&#8221;]<\/p>\n<h1 class=\"inv-Leftlinetitle\">finansiera ditt f\u00f6retag<\/h1>\n<h3>Boka kostnadsfri r\u00e5dgivning<\/h3>\n<p>Vi hj\u00e4lper dig snabbt och enkelt att hitta den l\u00f6sning som passar b\u00e4st f\u00f6r just ditt f\u00f6retag, helt f\u00f6ruts\u00e4ttningsl\u00f6st.<\/p>\n<p>Frig\u00f6r ditt eget intj\u00e4nade kapital i form av \u00e4nnu ej betalda fakturor eller finansiera kommande ink\u00f6p och m\u00f6jligg\u00f6r fler aff\u00e4rer. Boka r\u00e5dgivning med v\u00e5r r\u00e5dgivare Henrik Windahl som hj\u00e4lper dig att se hur din verksamhet skulle kunna v\u00e4xa \u00e4nnu snabbare![\/et_pb_text][\/et_pb_column][et_pb_column type=&#8221;3_5&#8243; module_class=&#8221;inv-vertCenter first-on-mobile&#8221; _builder_version=&#8221;4.16&#8243; _module_preset=&#8221;default&#8221; global_colors_info=&#8221;{}&#8221;][et_pb_code _builder_version=&#8221;4.24.0&#8243; _module_preset=&#8221;default&#8221; hover_enabled=&#8221;0&#8243; global_colors_info=&#8221;{}&#8221; sticky_enabled=&#8221;0&#8243;]<!-- Calendly inline widget begin --><!-- [et_pb_line_break_holder] --><\/p>\n<div class=\"calendly-inline-widget\" data-url=\"https:\/\/calendly.com\/d\/5bx-9qr-nvm\/let-s-talk\" style=\"height:970px;\"><\/div>\n<p><!-- [et_pb_line_break_holder] --><script type=\"text\/javascript\" src=\"https:\/\/assets.calendly.com\/assets\/external\/widget.js\" async><\/script><!-- [et_pb_line_break_holder] --><!-- Calendly inline widget end -->[\/et_pb_code][\/et_pb_column][\/et_pb_row][\/et_pb_section]<\/p>\n","protected":false},"excerpt":{"rendered":"<p>Finansiering f\u00f6r tillverkningsindustrinVi hj\u00e4lper dagligen f\u00f6retag i tillverkningsindustrin till b\u00e4ttre finansiering som hj\u00e4lper de att v\u00e4xa snabbare, g\u00f6ra ink\u00f6p eller anst\u00e4lla fler personer. En tj\u00e4nst som \u00e4r l\u00e4mplig f\u00f6r dessa scenarios \u00e4r ink\u00f6psfinansiering, vilket inneb\u00e4r att du med hj\u00e4lp av planerade ink\u00f6p frig\u00f6r pengar i din verksamhet. Det kan exempelvis avse ink\u00f6p av produktlager, industri- [&hellip;]<\/p>\n","protected":false},"author":7,"featured_media":243897,"parent":0,"menu_order":0,"comment_status":"closed","ping_status":"closed","template":"","meta":{"_et_pb_use_builder":"on","_et_pb_old_content":"","_et_gb_content_width":"","footnotes":""},"class_list":["post-243885","page","type-page","status-publish","has-post-thumbnail","hentry"],"yoast_head":"<!-- This site is optimized with the Yoast SEO plugin v27.3 - https:\/\/yoast.com\/product\/yoast-seo-wordpress\/ -->\n<title>Finansiera ink\u00f6p i ditt f\u00f6retag med INVOIER<\/title>\n<meta name=\"description\" content=\"Finansiera din verksamhets ink\u00f6p av maskiner, lager eller annat med hj\u00e4lp av Invoiers finansieringstj\u00e4nster.\" \/>\n<meta name=\"robots\" content=\"index, follow, max-snippet:-1, max-image-preview:large, max-video-preview:-1\" \/>\n<link rel=\"canonical\" href=\"https:\/\/invoier.com\/en\/finansiera\/\" \/>\n<meta property=\"og:locale\" content=\"en_GB\" \/>\n<meta property=\"og:type\" content=\"article\" \/>\n<meta property=\"og:title\" content=\"Finansiera ink\u00f6p i ditt f\u00f6retag med INVOIER\" \/>\n<meta property=\"og:description\" content=\"Finansiera din verksamhets ink\u00f6p av maskiner, lager eller annat med hj\u00e4lp av Invoiers finansieringstj\u00e4nster.\" \/>\n<meta property=\"og:url\" content=\"https:\/\/invoier.com\/en\/finansiera\/\" \/>\n<meta property=\"og:site_name\" content=\"INVOIER - Fakturafinansiering\" \/>\n<meta property=\"article:modified_time\" content=\"2024-02-06T15:51:11+00:00\" \/>\n<meta property=\"og:image\" content=\"https:\/\/invoier.com\/wp-content\/uploads\/tillverkning_fin.jpg\" \/>\n\t<meta property=\"og:image:width\" content=\"2550\" \/>\n\t<meta property=\"og:image:height\" content=\"1700\" \/>\n\t<meta property=\"og:image:type\" content=\"image\/jpeg\" \/>\n<meta name=\"twitter:card\" content=\"summary_large_image\" \/>\n<meta name=\"twitter:label1\" content=\"Estimated reading time\" \/>\n\t<meta name=\"twitter:data1\" content=\"3 minutes\" \/>\n<script type=\"application\/ld+json\" class=\"yoast-schema-graph\">{\"@context\":\"https:\\\/\\\/schema.org\",\"@graph\":[{\"@type\":\"WebPage\",\"@id\":\"https:\\\/\\\/invoier.com\\\/en\\\/finansiera\\\/\",\"url\":\"https:\\\/\\\/invoier.com\\\/en\\\/finansiera\\\/\",\"name\":\"Finansiera ink\u00f6p i ditt f\u00f6retag med INVOIER\",\"isPartOf\":{\"@id\":\"https:\\\/\\\/invoier.com\\\/en\\\/#website\"},\"primaryImageOfPage\":{\"@id\":\"https:\\\/\\\/invoier.com\\\/en\\\/finansiera\\\/#primaryimage\"},\"image\":{\"@id\":\"https:\\\/\\\/invoier.com\\\/en\\\/finansiera\\\/#primaryimage\"},\"thumbnailUrl\":\"https:\\\/\\\/invoier.com\\\/wp-content\\\/uploads\\\/tillverkning_fin.jpg\",\"datePublished\":\"2022-10-31T13:36:54+00:00\",\"dateModified\":\"2024-02-06T15:51:11+00:00\",\"description\":\"Finansiera din verksamhets ink\u00f6p av maskiner, lager eller annat med hj\u00e4lp av Invoiers finansieringstj\u00e4nster.\",\"breadcrumb\":{\"@id\":\"https:\\\/\\\/invoier.com\\\/en\\\/finansiera\\\/#breadcrumb\"},\"inLanguage\":\"en-GB\",\"potentialAction\":[{\"@type\":\"ReadAction\",\"target\":[\"https:\\\/\\\/invoier.com\\\/en\\\/finansiera\\\/\"]}]},{\"@type\":\"ImageObject\",\"inLanguage\":\"en-GB\",\"@id\":\"https:\\\/\\\/invoier.com\\\/en\\\/finansiera\\\/#primaryimage\",\"url\":\"https:\\\/\\\/invoier.com\\\/wp-content\\\/uploads\\\/tillverkning_fin.jpg\",\"contentUrl\":\"https:\\\/\\\/invoier.com\\\/wp-content\\\/uploads\\\/tillverkning_fin.jpg\",\"width\":2550,\"height\":1700,\"caption\":\"Ink\u00f6psfinansiering\"},{\"@type\":\"BreadcrumbList\",\"@id\":\"https:\\\/\\\/invoier.com\\\/en\\\/finansiera\\\/#breadcrumb\",\"itemListElement\":[{\"@type\":\"ListItem\",\"position\":1,\"name\":\"Home\",\"item\":\"https:\\\/\\\/invoier.com\\\/en\\\/\"},{\"@type\":\"ListItem\",\"position\":2,\"name\":\"Tillverkning\"}]},{\"@type\":\"WebSite\",\"@id\":\"https:\\\/\\\/invoier.com\\\/en\\\/#website\",\"url\":\"https:\\\/\\\/invoier.com\\\/en\\\/\",\"name\":\"INVOIER - Fakturafinansiering\",\"description\":\"Fakturafinansiering p\u00e5 dina villkor\",\"publisher\":{\"@id\":\"https:\\\/\\\/invoier.com\\\/en\\\/#organization\"},\"potentialAction\":[{\"@type\":\"SearchAction\",\"target\":{\"@type\":\"EntryPoint\",\"urlTemplate\":\"https:\\\/\\\/invoier.com\\\/en\\\/?s={search_term_string}\"},\"query-input\":{\"@type\":\"PropertyValueSpecification\",\"valueRequired\":true,\"valueName\":\"search_term_string\"}}],\"inLanguage\":\"en-GB\"},{\"@type\":\"Organization\",\"@id\":\"https:\\\/\\\/invoier.com\\\/en\\\/#organization\",\"name\":\"Invoier AB\",\"url\":\"https:\\\/\\\/invoier.com\\\/en\\\/\",\"logo\":{\"@type\":\"ImageObject\",\"inLanguage\":\"en-GB\",\"@id\":\"https:\\\/\\\/invoier.com\\\/en\\\/#\\\/schema\\\/logo\\\/image\\\/\",\"url\":\"https:\\\/\\\/invoier.com\\\/stg_a4e73\\\/wp-content\\\/uploads\\\/Stacked_Logo_Black-final-3.png\",\"contentUrl\":\"https:\\\/\\\/invoier.com\\\/stg_a4e73\\\/wp-content\\\/uploads\\\/Stacked_Logo_Black-final-3.png\",\"width\":338,\"height\":332,\"caption\":\"Invoier AB\"},\"image\":{\"@id\":\"https:\\\/\\\/invoier.com\\\/en\\\/#\\\/schema\\\/logo\\\/image\\\/\"}}]}<\/script>\n<!-- \/ Yoast SEO plugin. -->","yoast_head_json":{"title":"Finansiera ink\u00f6p i ditt f\u00f6retag med INVOIER","description":"Finansiera din verksamhets ink\u00f6p av maskiner, lager eller annat med hj\u00e4lp av Invoiers finansieringstj\u00e4nster.","robots":{"index":"index","follow":"follow","max-snippet":"max-snippet:-1","max-image-preview":"max-image-preview:large","max-video-preview":"max-video-preview:-1"},"canonical":"https:\/\/invoier.com\/en\/finansiera\/","og_locale":"en_GB","og_type":"article","og_title":"Finansiera ink\u00f6p i ditt f\u00f6retag med INVOIER","og_description":"Finansiera din verksamhets ink\u00f6p av maskiner, lager eller annat med hj\u00e4lp av Invoiers finansieringstj\u00e4nster.","og_url":"https:\/\/invoier.com\/en\/finansiera\/","og_site_name":"INVOIER - Fakturafinansiering","article_modified_time":"2024-02-06T15:51:11+00:00","og_image":[{"width":2550,"height":1700,"url":"https:\/\/invoier.com\/wp-content\/uploads\/tillverkning_fin.jpg","type":"image\/jpeg"}],"twitter_card":"summary_large_image","twitter_misc":{"Estimated reading time":"3 minutes"},"schema":{"@context":"https:\/\/schema.org","@graph":[{"@type":"WebPage","@id":"https:\/\/invoier.com\/en\/finansiera\/","url":"https:\/\/invoier.com\/en\/finansiera\/","name":"Finansiera ink\u00f6p i ditt f\u00f6retag med INVOIER","isPartOf":{"@id":"https:\/\/invoier.com\/en\/#website"},"primaryImageOfPage":{"@id":"https:\/\/invoier.com\/en\/finansiera\/#primaryimage"},"image":{"@id":"https:\/\/invoier.com\/en\/finansiera\/#primaryimage"},"thumbnailUrl":"https:\/\/invoier.com\/wp-content\/uploads\/tillverkning_fin.jpg","datePublished":"2022-10-31T13:36:54+00:00","dateModified":"2024-02-06T15:51:11+00:00","description":"Finansiera din verksamhets ink\u00f6p av maskiner, lager eller annat med hj\u00e4lp av Invoiers finansieringstj\u00e4nster.","breadcrumb":{"@id":"https:\/\/invoier.com\/en\/finansiera\/#breadcrumb"},"inLanguage":"en-GB","potentialAction":[{"@type":"ReadAction","target":["https:\/\/invoier.com\/en\/finansiera\/"]}]},{"@type":"ImageObject","inLanguage":"en-GB","@id":"https:\/\/invoier.com\/en\/finansiera\/#primaryimage","url":"https:\/\/invoier.com\/wp-content\/uploads\/tillverkning_fin.jpg","contentUrl":"https:\/\/invoier.com\/wp-content\/uploads\/tillverkning_fin.jpg","width":2550,"height":1700,"caption":"Ink\u00f6psfinansiering"},{"@type":"BreadcrumbList","@id":"https:\/\/invoier.com\/en\/finansiera\/#breadcrumb","itemListElement":[{"@type":"ListItem","position":1,"name":"Home","item":"https:\/\/invoier.com\/en\/"},{"@type":"ListItem","position":2,"name":"Tillverkning"}]},{"@type":"WebSite","@id":"https:\/\/invoier.com\/en\/#website","url":"https:\/\/invoier.com\/en\/","name":"INVOIER - Fakturafinansiering","description":"Fakturafinansiering p\u00e5 dina villkor","publisher":{"@id":"https:\/\/invoier.com\/en\/#organization"},"potentialAction":[{"@type":"SearchAction","target":{"@type":"EntryPoint","urlTemplate":"https:\/\/invoier.com\/en\/?s={search_term_string}"},"query-input":{"@type":"PropertyValueSpecification","valueRequired":true,"valueName":"search_term_string"}}],"inLanguage":"en-GB"},{"@type":"Organization","@id":"https:\/\/invoier.com\/en\/#organization","name":"Invoier AB","url":"https:\/\/invoier.com\/en\/","logo":{"@type":"ImageObject","inLanguage":"en-GB","@id":"https:\/\/invoier.com\/en\/#\/schema\/logo\/image\/","url":"https:\/\/invoier.com\/stg_a4e73\/wp-content\/uploads\/Stacked_Logo_Black-final-3.png","contentUrl":"https:\/\/invoier.com\/stg_a4e73\/wp-content\/uploads\/Stacked_Logo_Black-final-3.png","width":338,"height":332,"caption":"Invoier AB"},"image":{"@id":"https:\/\/invoier.com\/en\/#\/schema\/logo\/image\/"}}]}},"_links":{"self":[{"href":"https:\/\/invoier.com\/en\/wp-json\/wp\/v2\/pages\/243885","targetHints":{"allow":["GET"]}}],"collection":[{"href":"https:\/\/invoier.com\/en\/wp-json\/wp\/v2\/pages"}],"about":[{"href":"https:\/\/invoier.com\/en\/wp-json\/wp\/v2\/types\/page"}],"author":[{"embeddable":true,"href":"https:\/\/invoier.com\/en\/wp-json\/wp\/v2\/users\/7"}],"replies":[{"embeddable":true,"href":"https:\/\/invoier.com\/en\/wp-json\/wp\/v2\/comments?post=243885"}],"version-history":[{"count":34,"href":"https:\/\/invoier.com\/en\/wp-json\/wp\/v2\/pages\/243885\/revisions"}],"predecessor-version":[{"id":245601,"href":"https:\/\/invoier.com\/en\/wp-json\/wp\/v2\/pages\/243885\/revisions\/245601"}],"wp:featuredmedia":[{"embeddable":true,"href":"https:\/\/invoier.com\/en\/wp-json\/wp\/v2\/media\/243897"}],"wp:attachment":[{"href":"https:\/\/invoier.com\/en\/wp-json\/wp\/v2\/media?parent=243885"}],"curies":[{"name":"wp","href":"https:\/\/api.w.org\/{rel}","templated":true}]}}