{"id":243645,"date":"2022-07-15T14:47:01","date_gmt":"2022-07-15T12:47:01","guid":{"rendered":"https:\/\/invoier.com\/?page_id=243645"},"modified":"2023-10-09T18:57:48","modified_gmt":"2023-10-09T16:57:48","slug":"fakturafinansiering-inom-24-timmar","status":"publish","type":"page","link":"https:\/\/invoier.com\/en\/fakturafinansiering-inom-24-timmar\/","title":{"rendered":"Hem 8"},"content":{"rendered":"<p>[et_pb_section fb_built=&#8221;1&#8243; _builder_version=&#8221;4.16&#8243; _module_preset=&#8221;default&#8221; global_colors_info=&#8221;{}&#8221;][et_pb_row column_structure=&#8221;1_2,1_2&#8243; make_equal=&#8221;on&#8221; module_class=&#8221;custom_row&#8221; _builder_version=&#8221;4.16&#8243; _module_preset=&#8221;default&#8221; global_colors_info=&#8221;{}&#8221;][et_pb_column type=&#8221;1_2&#8243; module_class=&#8221;first-on-mobile  inv-vertCenter&#8221; _builder_version=&#8221;4.16&#8243; _module_preset=&#8221;default&#8221; global_colors_info=&#8221;{}&#8221;][et_pb_text _builder_version=&#8221;4.16&#8243; _module_preset=&#8221;default&#8221; global_colors_info=&#8221;{}&#8221;]<\/p>\n<h1>Factoring till b\u00e4sta marknadspris<\/h1>\n<p class=\"inv-subheading\">Fakturafinansiering &#8211; kom ig\u00e5ng och s\u00e4lj din faktura inom 24 timmar.\u00a0<\/p>\n<p>[\/et_pb_text][et_pb_text _builder_version=&#8221;4.16&#8243; _module_preset=&#8221;default&#8221; global_colors_info=&#8221;{}&#8221;]<\/p>\n<p>Sluta v\u00e4nta p\u00e5 att kunder betalar. Kom ig\u00e5ng snabbt och s\u00e4lj fakturor enkelt och tryggt med factoring! Invoier \u00e4r ett factoringf\u00f6retag som hj\u00e4lper dig att f\u00e5 ett konkurrensutsatt erbjudande. Vi k\u00f6per inte sj\u00e4lva din faktura och har d\u00e4rf\u00f6r inget intresse av ett h\u00f6gt pris. Ist\u00e4llet har vi samlat flera finansbolag och andra akt\u00f6rer p\u00e5 v\u00e5r marknadsplats, d\u00e4r de konkurrerar om att k\u00f6pa din faktura, vilket g\u00f6r att du kan vara s\u00e4ker p\u00e5 att alltid f\u00e5 ett r\u00e4ttvist pris n\u00e4r du s\u00e4ljer din faktura!<\/p>\n<p><b>Invoier erbjuder:<\/b><\/p>\n<ul class=\"inv-stdListing\">\n<li>Utbetalning direkt, till b\u00e4sta marknadspris<\/li>\n<li>Ingen bindningstid eller dolda avgifter<\/li>\n<li>S\u00e4lj fakturor d\u00e5 och d\u00e5 eller l\u00f6pande &#8211; du best\u00e4mmer sj\u00e4lv<\/li>\n<\/ul>\n<p>[\/et_pb_text][\/et_pb_column][et_pb_column type=&#8221;1_2&#8243; module_class=&#8221;second-on-mobile inv-vertCenter&#8221; _builder_version=&#8221;4.16&#8243; _module_preset=&#8221;default&#8221; global_colors_info=&#8221;{}&#8221;][et_pb_text module_class=&#8221;inv-form inv-sm-form inv-color-form&#8221; _builder_version=&#8221;4.18.0&#8243; _module_preset=&#8221;default&#8221; global_colors_info=&#8221;{}&#8221;]\n<div class=\"wpcf7 no-js\" id=\"wpcf7-f244198-o1\" lang=\"en-US\" dir=\"ltr\" data-wpcf7-id=\"244198\">\n<div class=\"screen-reader-response\"><p role=\"status\" aria-live=\"polite\" aria-atomic=\"true\"><\/p> <ul><\/ul><\/div>\n<form action=\"\/en\/wp-json\/wp\/v2\/pages\/243645#wpcf7-f244198-o1\" method=\"post\" class=\"wpcf7-form init\" aria-label=\"Contact form\" novalidate=\"novalidate\" data-status=\"init\">\n<fieldset class=\"hidden-fields-container\"><input type=\"hidden\" name=\"_wpcf7\" value=\"244198\" \/><input type=\"hidden\" name=\"_wpcf7_version\" value=\"6.1.5\" \/><input type=\"hidden\" name=\"_wpcf7_locale\" value=\"en_US\" \/><input type=\"hidden\" name=\"_wpcf7_unit_tag\" value=\"wpcf7-f244198-o1\" \/><input type=\"hidden\" name=\"_wpcf7_container_post\" value=\"0\" \/><input type=\"hidden\" name=\"_wpcf7_posted_data_hash\" value=\"\" \/><input type=\"hidden\" name=\"_wpcf7_recaptcha_response\" value=\"\" \/>\n<\/fieldset>\n<h4>Fyll i dina kontaktuppgifter h\u00e4r s\u00e5 kontaktar Henrik dig:<\/h4>\n\n<div class=\"inv-row\">\n <div class=\"inv-col-50\">\n  <label><span class=\"wpcf7-form-control-wrap\" data-name=\"your-name\"><input size=\"40\" maxlength=\"400\" class=\"wpcf7-form-control wpcf7-text wpcf7-validates-as-required\" aria-required=\"true\" aria-invalid=\"false\" value=\"\" type=\"text\" name=\"your-name\" \/><\/span>Namn<\/label>\n <\/div>\n <div class=\"inv-col-50\">\n  <label><span class=\"wpcf7-form-control-wrap\" data-name=\"your-business\"><input size=\"40\" maxlength=\"400\" class=\"wpcf7-form-control wpcf7-text wpcf7-validates-as-required\" aria-required=\"true\" aria-invalid=\"false\" value=\"\" type=\"text\" name=\"your-business\" \/><\/span>F\u00f6retag<\/label>\n <\/div>\n<\/div>\n\n\n\n<div class=\"inv-row\">\n <div class=\"inv-col-50\">\n  <label><span class=\"wpcf7-form-control-wrap\" data-name=\"your-email\"><input size=\"40\" maxlength=\"400\" class=\"wpcf7-form-control wpcf7-email wpcf7-validates-as-required wpcf7-text wpcf7-validates-as-email\" aria-required=\"true\" aria-invalid=\"false\" value=\"\" type=\"email\" name=\"your-email\" \/><\/span>E-post<\/label>\n <\/div>\n <div class=\"inv-col-50\">\n  <label><span class=\"wpcf7-form-control-wrap\" data-name=\"your-phone\"><input size=\"40\" maxlength=\"400\" class=\"wpcf7-form-control wpcf7-text wpcf7-validates-as-required\" aria-required=\"true\" aria-invalid=\"false\" value=\"\" type=\"text\" name=\"your-phone\" \/><\/span>Telefon<\/label>\n <\/div>\n<input type=\"hidden\" name=\"page-title\" value=\"fakturafinansiering inom 24 timmar\">\n<input type=\"hidden\" name=\"page-url\" value=\"https:\/\/invoier.com\/fakturafinansiering-inom-24-timmar\/\">\n<\/div>\n\n<input class=\"wpcf7-form-control wpcf7-submit has-spinner\" type=\"submit\" value=\"Skicka\" \/><div class=\"wpcf7-response-output\" aria-hidden=\"true\"><\/div>\n<\/form>\n<\/div>\n[\/et_pb_text][\/et_pb_column][\/et_pb_row][\/et_pb_section][et_pb_section fb_built=&#8221;1&#8243; module_class=&#8221;inv-contactPerson&#8221; _builder_version=&#8221;4.16&#8243; _module_preset=&#8221;default&#8221; locked=&#8221;off&#8221; global_colors_info=&#8221;{}&#8221;][et_pb_row column_structure=&#8221;1_2,1_2&#8243; make_equal=&#8221;on&#8221; module_class=&#8221;btn-inline&#8221; _builder_version=&#8221;4.16&#8243; _module_preset=&#8221;default&#8221; global_colors_info=&#8221;{}&#8221;][et_pb_column type=&#8221;1_2&#8243; _builder_version=&#8221;4.16&#8243; _module_preset=&#8221;default&#8221; global_colors_info=&#8221;{}&#8221;][et_pb_text _builder_version=&#8221;4.16&#8243; _module_preset=&#8221;default&#8221; locked=&#8221;off&#8221; global_colors_info=&#8221;{}&#8221;]<\/p>\n<h2>Hur g\u00e5r fakturafinansiering till hos Invoier?<\/h2>\n<p>Vi pressar priserna, j\u00e4mf\u00f6r olika akt\u00f6rer \u00e5t dig och presenterar b\u00e4sta m\u00f6jliga pris f\u00f6r fakturak\u00f6p. Du v\u00e4ljer sedan om du vill acceptera prisf\u00f6rslaget, som inte p\u00e5 n\u00e5got s\u00e4tt \u00e4r bindande. V\u00e4lj mellan att f\u00e5 hj\u00e4lp av v\u00e5ra handl\u00e4ggare eller g\u00f6r det sj\u00e4lv, digitalt via invoier.com.<\/p>\n<p><strong>Om marknadsplatsen<\/strong><br \/>Invoiers marknadsplats f\u00f6r k\u00f6p och s\u00e4lj av fakturor g\u00f6r det m\u00f6jligt f\u00f6r nya typer av k\u00f6pare att f\u00e5 access till fakturahandelsmarknaden, samtidigt som s\u00e4ljare av fakturor kan f\u00e5 priserna automatiskt konkurrensutsatta, d\u00e5 de olika k\u00f6parna budar p\u00e5 fakturorna. Genom att s\u00e4lja fakturor l\u00f6pande kan du f\u00f6rb\u00e4ttra f\u00f6retagets likviditet utan att beh\u00f6va ta l\u00e5ngvariga f\u00f6retagsl\u00e5n. P\u00e5 Invoiers marknadsplats \u00e4r det gratis att vara registrerad och du f\u00f6rpliktigar dig inte till att s\u00e4lja n\u00e5got. Du best\u00e4mmer sj\u00e4lv helt och h\u00e5ller n\u00e4r och om du vill s\u00e4lja fakturor.<\/p>\n<p>[\/et_pb_text][et_pb_blurb image=&#8221;https:\/\/invoier.com\/wp-content\/uploads\/2021\/01\/european-union.png&#8221; alt=&#8221;saas&#8221; icon_placement=&#8221;left&#8221; content_max_width=&#8221;800px&#8221; module_class=&#8221;inv-blurb inv-blurb-vCenter inv-pt-20&#8243; _builder_version=&#8221;4.16&#8243; _module_preset=&#8221;default&#8221; header_text_align=&#8221;left&#8221; body_text_align=&#8221;left&#8221; custom_padding=&#8221;||30px||false|false&#8221; global_colors_info=&#8221;{}&#8221;]<\/p>\n<p>Invoier finansieras av <a href=\"https:\/\/europa.eu\/european-union\/index_sv\" title=\"EU\" target=\"_blank\" rel=\"noopener noreferrer\">EU<\/a> i syfte att f\u00f6rb\u00e4ttra de finansiella villkoren f\u00f6r sm\u00e5- och medelstora f\u00f6retag.<\/p>\n<p>[\/et_pb_blurb][\/et_pb_column][et_pb_column type=&#8221;1_2&#8243; module_class=&#8221;inv-contactPersonWrapper&#8221; _builder_version=&#8221;4.16&#8243; _module_preset=&#8221;default&#8221; global_colors_info=&#8221;{}&#8221;][et_pb_image src=&#8221;https:\/\/invoier.com\/wp-content\/uploads\/Henrik-Windahl-SalesManager.png&#8221; title_text=&#8221;Henrik Windahl-SalesManager&#8221; _builder_version=&#8221;4.22.2&#8243; _module_preset=&#8221;default&#8221; hover_enabled=&#8221;0&#8243; global_colors_info=&#8221;{}&#8221; sticky_enabled=&#8221;0&#8243;][\/et_pb_image][\/et_pb_column][\/et_pb_row][\/et_pb_section][et_pb_section fb_built=&#8221;1&#8243; _builder_version=&#8221;4.16&#8243; _module_preset=&#8221;default&#8221; custom_padding=&#8221;||||false|false&#8221; border_radii=&#8221;off|1px|1px||&#8221; border_color_top=&#8221;#efefef&#8221; global_colors_info=&#8221;{}&#8221;][et_pb_row _builder_version=&#8221;4.16&#8243; _module_preset=&#8221;default&#8221; global_colors_info=&#8221;{}&#8221;][et_pb_column type=&#8221;4_4&#8243; _builder_version=&#8221;4.16&#8243; _module_preset=&#8221;default&#8221; global_colors_info=&#8221;{}&#8221;][et_pb_text module_class=&#8221;inv-centerHeading&#8221; _builder_version=&#8221;4.16&#8243; _module_preset=&#8221;default&#8221; global_colors_info=&#8221;{}&#8221;]<\/p>\n<h2>Vad \u00e4r f\u00f6rdelarna med att v\u00e4lja Invoier:<\/h2>\n<p>[\/et_pb_text][\/et_pb_column][\/et_pb_row][et_pb_row column_structure=&#8221;1_3,1_3,1_3&#8243; make_equal=&#8221;on&#8221; _builder_version=&#8221;4.16&#8243; _module_preset=&#8221;default&#8221; custom_padding=&#8221;||||false|false&#8221; border_color_top=&#8221;#ededed&#8221; global_colors_info=&#8221;{}&#8221;][et_pb_column type=&#8221;1_3&#8243; _builder_version=&#8221;4.16&#8243; _module_preset=&#8221;default&#8221; animation_style=&#8221;slide&#8221; animation_direction=&#8221;bottom&#8221; animation_intensity_slide=&#8221;10%&#8221; global_colors_info=&#8221;{}&#8221;][et_pb_blurb title=&#8221;Prispressat&#8221; image=&#8221;https:\/\/invoier.com\/wp-content\/uploads\/inv-bid.png&#8221; alt=&#8221;Bid Marketplace&#8221; content_max_width=&#8221;800px&#8221; module_class=&#8221;inv-small-icon&#8221; _builder_version=&#8221;4.16&#8243; _module_preset=&#8221;default&#8221; header_text_align=&#8221;center&#8221; body_text_align=&#8221;center&#8221; global_colors_info=&#8221;{}&#8221;]vi hj\u00e4lper dig att hitta b\u00e4sta m\u00f6jliga pris bland flera k\u00f6pare n\u00e4r du ska s\u00e4lja din faktura p\u00e5 v\u00e5r marknadsplats[\/et_pb_blurb][\/et_pb_column][et_pb_column type=&#8221;1_3&#8243; _builder_version=&#8221;4.16&#8243; _module_preset=&#8221;default&#8221; animation_style=&#8221;slide&#8221; animation_direction=&#8221;bottom&#8221; animation_intensity_slide=&#8221;10%&#8221; global_colors_info=&#8221;{}&#8221;][et_pb_blurb title=&#8221;Personlig kontaktperson&#8221; image=&#8221;https:\/\/invoier.com\/wp-content\/uploads\/2021\/01\/inv-integritetspolicy.png&#8221; alt=&#8221;Integritets policy&#8221; content_max_width=&#8221;800px&#8221; _builder_version=&#8221;4.16&#8243; _module_preset=&#8221;default&#8221; header_text_align=&#8221;center&#8221; body_text_align=&#8221;center&#8221; global_colors_info=&#8221;{}&#8221;]f\u00e5 skr\u00e4ddarsydd r\u00e5dgivning av din personliga kontaktperson som f\u00f6rst\u00e5r din verksamhet[\/et_pb_blurb][\/et_pb_column][et_pb_column type=&#8221;1_3&#8243; _builder_version=&#8221;4.16&#8243; _module_preset=&#8221;default&#8221; animation_style=&#8221;slide&#8221; animation_direction=&#8221;bottom&#8221; animation_intensity_slide=&#8221;10%&#8221; global_colors_info=&#8221;{}&#8221;][et_pb_blurb title=&#8221;Flexibilitet&#8221; image=&#8221;https:\/\/invoier.com\/wp-content\/uploads\/2021\/01\/inv-delayPayment.png&#8221; alt=&#8221;Delay Payment&#8221; content_max_width=&#8221;800px&#8221; _builder_version=&#8221;4.16&#8243; _module_preset=&#8221;default&#8221; header_text_align=&#8221;center&#8221; body_text_align=&#8221;center&#8221; global_colors_info=&#8221;{}&#8221;]s\u00e4lj en enstaka faktura eller l\u00f6pande. Se pris f\u00f6rst och best\u00e4m dig sedan[\/et_pb_blurb][\/et_pb_column][\/et_pb_row][\/et_pb_section]<\/p>\n","protected":false},"excerpt":{"rendered":"<p>Factoring till b\u00e4sta marknadspris Fakturafinansiering &#8211; kom ig\u00e5ng och s\u00e4lj din faktura inom 24 timmar.\u00a0Sluta v\u00e4nta p\u00e5 att kunder betalar. Kom ig\u00e5ng snabbt och s\u00e4lj fakturor enkelt och tryggt med factoring! Invoier \u00e4r ett factoringf\u00f6retag som hj\u00e4lper dig att f\u00e5 ett konkurrensutsatt erbjudande. Vi k\u00f6per inte sj\u00e4lva din faktura och har d\u00e4rf\u00f6r inget intresse av [&hellip;]<\/p>\n","protected":false},"author":5,"featured_media":243652,"parent":0,"menu_order":0,"comment_status":"closed","ping_status":"closed","template":"","meta":{"_et_pb_use_builder":"on","_et_pb_old_content":"","_et_gb_content_width":"","footnotes":""},"class_list":["post-243645","page","type-page","status-publish","has-post-thumbnail","hentry"],"yoast_head":"<!-- This site is optimized with the Yoast SEO plugin v27.3 - https:\/\/yoast.com\/product\/yoast-seo-wordpress\/ -->\n<title>Fakturafinansiering - s\u00e4lj inom 24 timmar<\/title>\n<meta name=\"description\" content=\"Kom ig\u00e5ng snabbt med fakturafinansiering och s\u00e4lj p\u00e5 Sveriges enda marknadsplats f\u00f6r fakturor. Alltid b\u00e4sta marknadspris p\u00e5 factoring.\" \/>\n<meta name=\"robots\" content=\"index, follow, max-snippet:-1, max-image-preview:large, max-video-preview:-1\" \/>\n<link rel=\"canonical\" href=\"https:\/\/invoier.com\/en\/fakturafinansiering-inom-24-timmar\/\" \/>\n<meta property=\"og:locale\" content=\"en_GB\" \/>\n<meta property=\"og:type\" content=\"article\" \/>\n<meta property=\"og:title\" content=\"Fakturafinansiering - s\u00e4lj inom 24 timmar\" \/>\n<meta property=\"og:description\" content=\"Kom ig\u00e5ng snabbt med fakturafinansiering och s\u00e4lj p\u00e5 Sveriges enda marknadsplats f\u00f6r fakturor. Alltid b\u00e4sta marknadspris p\u00e5 factoring.\" \/>\n<meta property=\"og:url\" content=\"https:\/\/invoier.com\/en\/fakturafinansiering-inom-24-timmar\/\" \/>\n<meta property=\"og:site_name\" content=\"INVOIER - Fakturafinansiering\" \/>\n<meta property=\"article:modified_time\" content=\"2023-10-09T16:57:48+00:00\" \/>\n<meta property=\"og:image\" content=\"https:\/\/invoier.com\/wp-content\/uploads\/betaltidsindex_branschja\u0308mfo\u0308relse.jpg\" \/>\n\t<meta property=\"og:image:width\" content=\"1920\" \/>\n\t<meta property=\"og:image:height\" content=\"1281\" \/>\n\t<meta property=\"og:image:type\" content=\"image\/jpeg\" \/>\n<meta name=\"twitter:card\" content=\"summary_large_image\" \/>\n<script type=\"application\/ld+json\" class=\"yoast-schema-graph\">{\"@context\":\"https:\\\/\\\/schema.org\",\"@graph\":[{\"@type\":\"WebPage\",\"@id\":\"https:\\\/\\\/invoier.com\\\/en\\\/fakturafinansiering-inom-24-timmar\\\/\",\"url\":\"https:\\\/\\\/invoier.com\\\/en\\\/fakturafinansiering-inom-24-timmar\\\/\",\"name\":\"Fakturafinansiering - s\u00e4lj inom 24 timmar\",\"isPartOf\":{\"@id\":\"https:\\\/\\\/invoier.com\\\/en\\\/#website\"},\"primaryImageOfPage\":{\"@id\":\"https:\\\/\\\/invoier.com\\\/en\\\/fakturafinansiering-inom-24-timmar\\\/#primaryimage\"},\"image\":{\"@id\":\"https:\\\/\\\/invoier.com\\\/en\\\/fakturafinansiering-inom-24-timmar\\\/#primaryimage\"},\"thumbnailUrl\":\"https:\\\/\\\/invoier.com\\\/wp-content\\\/uploads\\\/betaltidsindex_branschja\u0308mfo\u0308relse.jpg\",\"datePublished\":\"2022-07-15T12:47:01+00:00\",\"dateModified\":\"2023-10-09T16:57:48+00:00\",\"description\":\"Kom ig\u00e5ng snabbt med fakturafinansiering och s\u00e4lj p\u00e5 Sveriges enda marknadsplats f\u00f6r fakturor. Alltid b\u00e4sta marknadspris p\u00e5 factoring.\",\"breadcrumb\":{\"@id\":\"https:\\\/\\\/invoier.com\\\/en\\\/fakturafinansiering-inom-24-timmar\\\/#breadcrumb\"},\"inLanguage\":\"en-GB\",\"potentialAction\":[{\"@type\":\"ReadAction\",\"target\":[\"https:\\\/\\\/invoier.com\\\/en\\\/fakturafinansiering-inom-24-timmar\\\/\"]}]},{\"@type\":\"ImageObject\",\"inLanguage\":\"en-GB\",\"@id\":\"https:\\\/\\\/invoier.com\\\/en\\\/fakturafinansiering-inom-24-timmar\\\/#primaryimage\",\"url\":\"https:\\\/\\\/invoier.com\\\/wp-content\\\/uploads\\\/betaltidsindex_branschja\u0308mfo\u0308relse.jpg\",\"contentUrl\":\"https:\\\/\\\/invoier.com\\\/wp-content\\\/uploads\\\/betaltidsindex_branschja\u0308mfo\u0308relse.jpg\",\"width\":1920,\"height\":1281,\"caption\":\"S\u00e4lj din f\u00f6rsta faktura inom 24 timmar med Invoier!\"},{\"@type\":\"BreadcrumbList\",\"@id\":\"https:\\\/\\\/invoier.com\\\/en\\\/fakturafinansiering-inom-24-timmar\\\/#breadcrumb\",\"itemListElement\":[{\"@type\":\"ListItem\",\"position\":1,\"name\":\"Home\",\"item\":\"https:\\\/\\\/invoier.com\\\/en\\\/\"},{\"@type\":\"ListItem\",\"position\":2,\"name\":\"Hem 8\"}]},{\"@type\":\"WebSite\",\"@id\":\"https:\\\/\\\/invoier.com\\\/en\\\/#website\",\"url\":\"https:\\\/\\\/invoier.com\\\/en\\\/\",\"name\":\"INVOIER - Fakturafinansiering\",\"description\":\"Fakturafinansiering p\u00e5 dina villkor\",\"publisher\":{\"@id\":\"https:\\\/\\\/invoier.com\\\/en\\\/#organization\"},\"potentialAction\":[{\"@type\":\"SearchAction\",\"target\":{\"@type\":\"EntryPoint\",\"urlTemplate\":\"https:\\\/\\\/invoier.com\\\/en\\\/?s={search_term_string}\"},\"query-input\":{\"@type\":\"PropertyValueSpecification\",\"valueRequired\":true,\"valueName\":\"search_term_string\"}}],\"inLanguage\":\"en-GB\"},{\"@type\":\"Organization\",\"@id\":\"https:\\\/\\\/invoier.com\\\/en\\\/#organization\",\"name\":\"Invoier AB\",\"url\":\"https:\\\/\\\/invoier.com\\\/en\\\/\",\"logo\":{\"@type\":\"ImageObject\",\"inLanguage\":\"en-GB\",\"@id\":\"https:\\\/\\\/invoier.com\\\/en\\\/#\\\/schema\\\/logo\\\/image\\\/\",\"url\":\"https:\\\/\\\/invoier.com\\\/stg_a4e73\\\/wp-content\\\/uploads\\\/Stacked_Logo_Black-final-3.png\",\"contentUrl\":\"https:\\\/\\\/invoier.com\\\/stg_a4e73\\\/wp-content\\\/uploads\\\/Stacked_Logo_Black-final-3.png\",\"width\":338,\"height\":332,\"caption\":\"Invoier AB\"},\"image\":{\"@id\":\"https:\\\/\\\/invoier.com\\\/en\\\/#\\\/schema\\\/logo\\\/image\\\/\"}}]}<\/script>\n<!-- \/ Yoast SEO plugin. -->","yoast_head_json":{"title":"Fakturafinansiering - s\u00e4lj inom 24 timmar","description":"Kom ig\u00e5ng snabbt med fakturafinansiering och s\u00e4lj p\u00e5 Sveriges enda marknadsplats f\u00f6r fakturor. Alltid b\u00e4sta marknadspris p\u00e5 factoring.","robots":{"index":"index","follow":"follow","max-snippet":"max-snippet:-1","max-image-preview":"max-image-preview:large","max-video-preview":"max-video-preview:-1"},"canonical":"https:\/\/invoier.com\/en\/fakturafinansiering-inom-24-timmar\/","og_locale":"en_GB","og_type":"article","og_title":"Fakturafinansiering - s\u00e4lj inom 24 timmar","og_description":"Kom ig\u00e5ng snabbt med fakturafinansiering och s\u00e4lj p\u00e5 Sveriges enda marknadsplats f\u00f6r fakturor. Alltid b\u00e4sta marknadspris p\u00e5 factoring.","og_url":"https:\/\/invoier.com\/en\/fakturafinansiering-inom-24-timmar\/","og_site_name":"INVOIER - Fakturafinansiering","article_modified_time":"2023-10-09T16:57:48+00:00","og_image":[{"width":1920,"height":1281,"url":"https:\/\/invoier.com\/wp-content\/uploads\/betaltidsindex_branschja\u0308mfo\u0308relse.jpg","type":"image\/jpeg"}],"twitter_card":"summary_large_image","schema":{"@context":"https:\/\/schema.org","@graph":[{"@type":"WebPage","@id":"https:\/\/invoier.com\/en\/fakturafinansiering-inom-24-timmar\/","url":"https:\/\/invoier.com\/en\/fakturafinansiering-inom-24-timmar\/","name":"Fakturafinansiering - s\u00e4lj inom 24 timmar","isPartOf":{"@id":"https:\/\/invoier.com\/en\/#website"},"primaryImageOfPage":{"@id":"https:\/\/invoier.com\/en\/fakturafinansiering-inom-24-timmar\/#primaryimage"},"image":{"@id":"https:\/\/invoier.com\/en\/fakturafinansiering-inom-24-timmar\/#primaryimage"},"thumbnailUrl":"https:\/\/invoier.com\/wp-content\/uploads\/betaltidsindex_branschja\u0308mfo\u0308relse.jpg","datePublished":"2022-07-15T12:47:01+00:00","dateModified":"2023-10-09T16:57:48+00:00","description":"Kom ig\u00e5ng snabbt med fakturafinansiering och s\u00e4lj p\u00e5 Sveriges enda marknadsplats f\u00f6r fakturor. Alltid b\u00e4sta marknadspris p\u00e5 factoring.","breadcrumb":{"@id":"https:\/\/invoier.com\/en\/fakturafinansiering-inom-24-timmar\/#breadcrumb"},"inLanguage":"en-GB","potentialAction":[{"@type":"ReadAction","target":["https:\/\/invoier.com\/en\/fakturafinansiering-inom-24-timmar\/"]}]},{"@type":"ImageObject","inLanguage":"en-GB","@id":"https:\/\/invoier.com\/en\/fakturafinansiering-inom-24-timmar\/#primaryimage","url":"https:\/\/invoier.com\/wp-content\/uploads\/betaltidsindex_branschja\u0308mfo\u0308relse.jpg","contentUrl":"https:\/\/invoier.com\/wp-content\/uploads\/betaltidsindex_branschja\u0308mfo\u0308relse.jpg","width":1920,"height":1281,"caption":"S\u00e4lj din f\u00f6rsta faktura inom 24 timmar med Invoier!"},{"@type":"BreadcrumbList","@id":"https:\/\/invoier.com\/en\/fakturafinansiering-inom-24-timmar\/#breadcrumb","itemListElement":[{"@type":"ListItem","position":1,"name":"Home","item":"https:\/\/invoier.com\/en\/"},{"@type":"ListItem","position":2,"name":"Hem 8"}]},{"@type":"WebSite","@id":"https:\/\/invoier.com\/en\/#website","url":"https:\/\/invoier.com\/en\/","name":"INVOIER - Fakturafinansiering","description":"Fakturafinansiering p\u00e5 dina villkor","publisher":{"@id":"https:\/\/invoier.com\/en\/#organization"},"potentialAction":[{"@type":"SearchAction","target":{"@type":"EntryPoint","urlTemplate":"https:\/\/invoier.com\/en\/?s={search_term_string}"},"query-input":{"@type":"PropertyValueSpecification","valueRequired":true,"valueName":"search_term_string"}}],"inLanguage":"en-GB"},{"@type":"Organization","@id":"https:\/\/invoier.com\/en\/#organization","name":"Invoier AB","url":"https:\/\/invoier.com\/en\/","logo":{"@type":"ImageObject","inLanguage":"en-GB","@id":"https:\/\/invoier.com\/en\/#\/schema\/logo\/image\/","url":"https:\/\/invoier.com\/stg_a4e73\/wp-content\/uploads\/Stacked_Logo_Black-final-3.png","contentUrl":"https:\/\/invoier.com\/stg_a4e73\/wp-content\/uploads\/Stacked_Logo_Black-final-3.png","width":338,"height":332,"caption":"Invoier AB"},"image":{"@id":"https:\/\/invoier.com\/en\/#\/schema\/logo\/image\/"}}]}},"_links":{"self":[{"href":"https:\/\/invoier.com\/en\/wp-json\/wp\/v2\/pages\/243645","targetHints":{"allow":["GET"]}}],"collection":[{"href":"https:\/\/invoier.com\/en\/wp-json\/wp\/v2\/pages"}],"about":[{"href":"https:\/\/invoier.com\/en\/wp-json\/wp\/v2\/types\/page"}],"author":[{"embeddable":true,"href":"https:\/\/invoier.com\/en\/wp-json\/wp\/v2\/users\/5"}],"replies":[{"embeddable":true,"href":"https:\/\/invoier.com\/en\/wp-json\/wp\/v2\/comments?post=243645"}],"version-history":[{"count":10,"href":"https:\/\/invoier.com\/en\/wp-json\/wp\/v2\/pages\/243645\/revisions"}],"predecessor-version":[{"id":244695,"href":"https:\/\/invoier.com\/en\/wp-json\/wp\/v2\/pages\/243645\/revisions\/244695"}],"wp:featuredmedia":[{"embeddable":true,"href":"https:\/\/invoier.com\/en\/wp-json\/wp\/v2\/media\/243652"}],"wp:attachment":[{"href":"https:\/\/invoier.com\/en\/wp-json\/wp\/v2\/media?parent=243645"}],"curies":[{"name":"wp","href":"https:\/\/api.w.org\/{rel}","templated":true}]}}