{"id":241719,"date":"2021-12-20T09:17:26","date_gmt":"2021-12-20T08:17:26","guid":{"rendered":"https:\/\/invoier.com\/?page_id=241719"},"modified":"2026-04-02T06:58:51","modified_gmt":"2026-04-02T04:58:51","slug":"foretagarguiden-finansiering-for-foretagare","status":"publish","type":"page","link":"https:\/\/invoier.com\/en\/foretagarguiden-finansiering-for-foretagare\/","title":{"rendered":"The Business Owner's Guide"},"content":{"rendered":"<p>[et_pb_section fb_built=&#8221;1&#8243; _builder_version=&#8221;4.16&#8243; _module_preset=&#8221;default&#8221; custom_padding=&#8221;||0px|||&#8221; global_colors_info=&#8221;{}&#8221;][et_pb_row make_equal=&#8221;on&#8221; _builder_version=&#8221;4.16&#8243; _module_preset=&#8221;default&#8221; custom_padding=&#8221;||0px|||&#8221; global_colors_info=&#8221;{}&#8221;][et_pb_column type=&#8221;4_4&#8243; module_class=&#8221;inv-vertCenter&#8221; _builder_version=&#8221;4.16&#8243; _module_preset=&#8221;default&#8221; global_colors_info=&#8221;{}&#8221;][et_pb_text module_class=&#8221;inv-centerHeading&#8221; _builder_version=&#8221;4.27.6&#8243; _module_preset=&#8221;default&#8221; text_text_color=&#8221;#000000&#8243; hover_enabled=&#8221;0&#8243; global_colors_info=&#8221;{}&#8221; sticky_enabled=&#8221;0&#8243;]<\/p>\n<p><span class=\"inv-toplinetitle\">Finansiering f\u00f6r f\u00f6retagare<\/span><\/p>\n<h2 class=\"tw-data-text tw-text-large tw-ta\" data-placeholder=\"\u00d6vers\u00e4ttning\" id=\"tw-target-text\" role=\"text\" data-ved=\"2ahUKEwjy0LDer86TAxVUS1UIHWGELYIQ3ewLegQIDBAW\" dir=\"ltr\" aria-label=\"\u00d6versatt text: Ett smartare s\u00e4tt att f\u00e5 tillg\u00e5ng till finansiering\" tabindex=\"-1\"><span class=\"Y2IQFc\" lang=\"sv\">Ett smartare s\u00e4tt att f\u00e5 tillg\u00e5ng till finansiering<\/span><\/h2>\n<p class=\"tw-data-text tw-text-large tw-ta\" data-placeholder=\"\u00d6vers\u00e4ttning\" id=\"tw-target-text\" role=\"text\" data-ved=\"2ahUKEwjy0LDer86TAxVUS1UIHWGELYIQ3ewLegQIDBAW\" dir=\"ltr\" aria-label=\"\u00d6versatt text: L\u00e4r dig hur du f\u00f6rb\u00e4ttrar din tillg\u00e5ng till r\u00f6relsekapital \u2013 och ut\u00f6kar din verksamhet med b\u00e4ttre ekonomisk flexibilitet.\" tabindex=\"-1\"><span class=\"Y2IQFc\" lang=\"sv\">L\u00e4r dig hur du f\u00f6rb\u00e4ttrar din tillg\u00e5ng till r\u00f6relsekapital \u2013 och ut\u00f6kar din verksamhet med b\u00e4ttre ekonomisk flexibilitet.<\/span><\/p>\n<p class=\"tw-data-text tw-text-large tw-ta\" data-placeholder=\"\u00d6vers\u00e4ttning\" id=\"tw-target-text\" role=\"text\" data-ved=\"2ahUKEwjy0LDer86TAxVUS1UIHWGELYIQ3ewLegQIDBAW\" dir=\"ltr\" aria-label=\"\u00d6versatt text: M\u00e5nga f\u00f6retag st\u00e5r inf\u00f6r samma utmaning: l\u00e5nga betalningsvillkor som binder upp likvida medel och begr\u00e4nsar tillv\u00e4xten. Denna guide f\u00f6rklarar hur du kan frig\u00f6ra kapital fr\u00e5n dina fakturor och f\u00e5 tillg\u00e5ng till finansiering p\u00e5 mer effektiva villkor.\" tabindex=\"-1\"><span class=\"Y2IQFc\" lang=\"sv\">M\u00e5nga f\u00f6retag st\u00e5r inf\u00f6r samma utmaning: l\u00e5nga betalningsvillkor som binder upp likvida medel och begr\u00e4nsar tillv\u00e4xten. <\/span><\/p>\n<p class=\"tw-data-text tw-text-large tw-ta\" data-placeholder=\"\u00d6vers\u00e4ttning\" role=\"text\" data-ved=\"2ahUKEwjy0LDer86TAxVUS1UIHWGELYIQ3ewLegQIDBAW\" dir=\"ltr\" aria-label=\"\u00d6versatt text: M\u00e5nga f\u00f6retag st\u00e5r inf\u00f6r samma utmaning: l\u00e5nga betalningsvillkor som binder upp likvida medel och begr\u00e4nsar tillv\u00e4xten. Denna guide f\u00f6rklarar hur du kan frig\u00f6ra kapital fr\u00e5n dina fakturor och f\u00e5 tillg\u00e5ng till finansiering p\u00e5 mer effektiva villkor.\" tabindex=\"-1\"><span class=\"Y2IQFc\" lang=\"sv\">Denna guide f\u00f6rklarar hur du kan frig\u00f6ra kapital fr\u00e5n dina fakturor och f\u00e5 tillg\u00e5ng till finansiering p\u00e5 mer effektiva villkor.<\/span><\/p>\n<p><span>\u00a0<\/span><\/p>\n<p><span>\u00a0<\/span><\/p>\n<p>[\/et_pb_text][et_pb_divider _builder_version=&#8221;4.27.6&#8243; _module_preset=&#8221;default&#8221; global_colors_info=&#8221;{}&#8221;][\/et_pb_divider][et_pb_text module_class=&#8221;inv-centerHeading&#8221; _builder_version=&#8221;4.27.6&#8243; _module_preset=&#8221;default&#8221; text_text_color=&#8221;#000000&#8243; hover_enabled=&#8221;0&#8243; global_colors_info=&#8221;{}&#8221; sticky_enabled=&#8221;0&#8243;]<\/p>\n<h3 class=\"tw-data-text tw-text-large tw-ta\" data-placeholder=\"\u00d6vers\u00e4ttning\" id=\"tw-target-text\" role=\"text\" data-ved=\"2ahUKEwjy0LDer86TAxVUS1UIHWGELYIQ3ewLegQIDBAW\" dir=\"ltr\" aria-label=\"\u00d6versatt text: Byggd f\u00f6r att st\u00f6dja sm\u00e5 och medelstora f\u00f6retag\" tabindex=\"-1\"><span class=\"Y2IQFc\" lang=\"sv\">Byggd f\u00f6r att st\u00f6dja sm\u00e5 och medelstora f\u00f6retag<\/span><\/h3>\n<p class=\"tw-data-text tw-text-large tw-ta\" data-placeholder=\"\u00d6vers\u00e4ttning\" id=\"tw-target-text\" role=\"text\" data-ved=\"2ahUKEwjy0LDer86TAxVUS1UIHWGELYIQ3ewLegQIDBAW\" dir=\"ltr\" aria-label=\"\u00d6versatt text: Invoier st\u00f6ds av Europeiska unionen som en del av ett initiativ f\u00f6r att f\u00f6rb\u00e4ttra tillg\u00e5ngen till finansiering f\u00f6r sm\u00e5 och medelstora f\u00f6retag.\" tabindex=\"-1\"><span class=\"Y2IQFc\" lang=\"sv\">Invoier st\u00f6ds av Europeiska unionen som en del av ett initiativ f\u00f6r att f\u00f6rb\u00e4ttra tillg\u00e5ngen till finansiering f\u00f6r sm\u00e5 och medelstora f\u00f6retag.<\/span><\/p>\n<p>[\/et_pb_text][et_pb_code _builder_version=&#8221;4.16&#8243; _module_preset=&#8221;default&#8221; global_colors_info=&#8221;{}&#8221;][\/et_pb_code][\/et_pb_column][\/et_pb_row][\/et_pb_section][et_pb_section fb_built=&#8221;1&#8243; module_class=&#8221;inv-pt-0&#8243; _builder_version=&#8221;4.16&#8243; _module_preset=&#8221;default&#8221; global_colors_info=&#8221;{}&#8221;][et_pb_row _builder_version=&#8221;4.16&#8243; _module_preset=&#8221;default&#8221; global_colors_info=&#8221;{}&#8221;][et_pb_column type=&#8221;4_4&#8243; _builder_version=&#8221;4.16&#8243; _module_preset=&#8221;default&#8221; global_colors_info=&#8221;{}&#8221;][et_pb_blog fullwidth=&#8221;off&#8221; posts_number=&#8221;6&#8243; include_categories=&#8221;59,58&#8243; show_author=&#8221;off&#8221; show_date=&#8221;off&#8221; show_categories=&#8221;off&#8221; show_excerpt=&#8221;off&#8221; use_overlay=&#8221;on&#8221; module_class=&#8221;inv-custom-blogs inv-hide-dates&#8221; _builder_version=&#8221;4.18.0&#8243; _module_preset=&#8221;default&#8221; header_level=&#8221;h4&#8243; custom_padding=&#8221;|||2px|false|false&#8221; border_width_all_image=&#8221;1px&#8221; border_color_all_image=&#8221;#d8d8d8&#8243; global_colors_info=&#8221;{}&#8221;][\/et_pb_blog][\/et_pb_column][\/et_pb_row][\/et_pb_section]<\/p>\n","protected":false},"excerpt":{"rendered":"<p>Finansiering f\u00f6r f\u00f6retagare Ett smartare s\u00e4tt att f\u00e5 tillg\u00e5ng till finansiering L\u00e4r dig hur du f\u00f6rb\u00e4ttrar din tillg\u00e5ng till r\u00f6relsekapital \u2013 och ut\u00f6kar din verksamhet med b\u00e4ttre ekonomisk flexibilitet. M\u00e5nga f\u00f6retag st\u00e5r inf\u00f6r samma utmaning: l\u00e5nga betalningsvillkor som binder upp likvida medel och begr\u00e4nsar tillv\u00e4xten. Denna guide f\u00f6rklarar hur du kan frig\u00f6ra kapital fr\u00e5n dina [&hellip;]<\/p>\n","protected":false},"author":5,"featured_media":242062,"parent":0,"menu_order":0,"comment_status":"closed","ping_status":"closed","template":"","meta":{"_et_pb_use_builder":"on","_et_pb_old_content":"","_et_gb_content_width":"","footnotes":""},"class_list":["post-241719","page","type-page","status-publish","has-post-thumbnail","hentry"],"yoast_head":"<!-- This site is optimized with the Yoast SEO plugin v27.3 - https:\/\/yoast.com\/product\/yoast-seo-wordpress\/ -->\n<title>Finansiering f\u00f6r f\u00f6retagare - F\u00f6retagarguiden<\/title>\n<meta name=\"description\" content=\"Finansiering f\u00f6r f\u00f6retagare kan vara ett komplext \u00e4mne. Vi hj\u00e4lper och guidar dig till vad du beh\u00f6ver veta.\" \/>\n<meta name=\"robots\" content=\"noindex, nofollow\" \/>\n<meta property=\"og:locale\" content=\"en_GB\" \/>\n<meta property=\"og:type\" content=\"article\" \/>\n<meta property=\"og:title\" content=\"Finansiering f\u00f6r f\u00f6retagare - F\u00f6retagarguiden\" \/>\n<meta property=\"og:description\" content=\"Finansiering f\u00f6r f\u00f6retagare kan vara ett komplext \u00e4mne. Vi hj\u00e4lper och guidar dig till vad du beh\u00f6ver veta.\" \/>\n<meta property=\"og:url\" content=\"https:\/\/invoier.com\/en\/foretagarguiden-finansiering-for-foretagare\/\" \/>\n<meta property=\"og:site_name\" content=\"INVOIER - Fakturafinansiering\" \/>\n<meta property=\"article:modified_time\" content=\"2026-04-02T04:58:51+00:00\" \/>\n<meta property=\"og:image\" content=\"https:\/\/invoier.com\/wp-content\/uploads\/finansiering-fo\u0308r-fo\u0308retagare.png\" \/>\n\t<meta property=\"og:image:width\" content=\"982\" \/>\n\t<meta property=\"og:image:height\" content=\"1116\" \/>\n\t<meta property=\"og:image:type\" content=\"image\/png\" \/>\n<meta name=\"twitter:card\" content=\"summary_large_image\" \/>\n<meta name=\"twitter:label1\" content=\"Estimated reading time\" \/>\n\t<meta name=\"twitter:data1\" content=\"1 minute\" \/>\n<script type=\"application\/ld+json\" class=\"yoast-schema-graph\">{\"@context\":\"https:\\\/\\\/schema.org\",\"@graph\":[{\"@type\":\"Article\",\"@id\":\"https:\\\/\\\/invoier.com\\\/foretagarguiden-finansiering-for-foretagare\\\/#article\",\"isPartOf\":{\"@id\":\"https:\\\/\\\/invoier.com\\\/foretagarguiden-finansiering-for-foretagare\\\/\"},\"author\":{\"name\":\"rakesh\",\"@id\":\"https:\\\/\\\/invoier.com\\\/en\\\/#\\\/schema\\\/person\\\/7c81259de71e20a84e6501886347c2b9\"},\"headline\":\"F\u00f6retagarguiden\",\"datePublished\":\"2021-12-20T08:17:26+00:00\",\"dateModified\":\"2026-04-02T04:58:51+00:00\",\"mainEntityOfPage\":{\"@id\":\"https:\\\/\\\/invoier.com\\\/foretagarguiden-finansiering-for-foretagare\\\/\"},\"wordCount\":368,\"publisher\":{\"@id\":\"https:\\\/\\\/invoier.com\\\/en\\\/#organization\"},\"image\":{\"@id\":\"https:\\\/\\\/invoier.com\\\/foretagarguiden-finansiering-for-foretagare\\\/#primaryimage\"},\"thumbnailUrl\":\"https:\\\/\\\/invoier.com\\\/wp-content\\\/uploads\\\/finansiering-fo\u0308r-fo\u0308retagare.png\",\"inLanguage\":\"en-GB\"},{\"@type\":[\"WebPage\",\"CollectionPage\"],\"@id\":\"https:\\\/\\\/invoier.com\\\/foretagarguiden-finansiering-for-foretagare\\\/\",\"url\":\"https:\\\/\\\/invoier.com\\\/foretagarguiden-finansiering-for-foretagare\\\/\",\"name\":\"Finansiering f\u00f6r f\u00f6retagare - F\u00f6retagarguiden\",\"isPartOf\":{\"@id\":\"https:\\\/\\\/invoier.com\\\/en\\\/#website\"},\"primaryImageOfPage\":{\"@id\":\"https:\\\/\\\/invoier.com\\\/foretagarguiden-finansiering-for-foretagare\\\/#primaryimage\"},\"image\":{\"@id\":\"https:\\\/\\\/invoier.com\\\/foretagarguiden-finansiering-for-foretagare\\\/#primaryimage\"},\"thumbnailUrl\":\"https:\\\/\\\/invoier.com\\\/wp-content\\\/uploads\\\/finansiering-fo\u0308r-fo\u0308retagare.png\",\"datePublished\":\"2021-12-20T08:17:26+00:00\",\"dateModified\":\"2026-04-02T04:58:51+00:00\",\"description\":\"Finansiering f\u00f6r f\u00f6retagare kan vara ett komplext \u00e4mne. Vi hj\u00e4lper och guidar dig till vad du beh\u00f6ver veta.\",\"breadcrumb\":{\"@id\":\"https:\\\/\\\/invoier.com\\\/foretagarguiden-finansiering-for-foretagare\\\/#breadcrumb\"},\"inLanguage\":\"en-GB\"},{\"@type\":\"ImageObject\",\"inLanguage\":\"en-GB\",\"@id\":\"https:\\\/\\\/invoier.com\\\/foretagarguiden-finansiering-for-foretagare\\\/#primaryimage\",\"url\":\"https:\\\/\\\/invoier.com\\\/wp-content\\\/uploads\\\/finansiering-fo\u0308r-fo\u0308retagare.png\",\"contentUrl\":\"https:\\\/\\\/invoier.com\\\/wp-content\\\/uploads\\\/finansiering-fo\u0308r-fo\u0308retagare.png\",\"width\":982,\"height\":1116,\"caption\":\"F\u00f6retagarguiden - om finansiering f\u00f6r f\u00f6retagare\"},{\"@type\":\"BreadcrumbList\",\"@id\":\"https:\\\/\\\/invoier.com\\\/foretagarguiden-finansiering-for-foretagare\\\/#breadcrumb\",\"itemListElement\":[{\"@type\":\"ListItem\",\"position\":1,\"name\":\"Home\",\"item\":\"https:\\\/\\\/invoier.com\\\/en\\\/\"},{\"@type\":\"ListItem\",\"position\":2,\"name\":\"F\u00f6retagarguiden\"}]},{\"@type\":\"WebSite\",\"@id\":\"https:\\\/\\\/invoier.com\\\/en\\\/#website\",\"url\":\"https:\\\/\\\/invoier.com\\\/en\\\/\",\"name\":\"INVOIER - Fakturafinansiering\",\"description\":\"Fakturafinansiering p\u00e5 dina villkor\",\"publisher\":{\"@id\":\"https:\\\/\\\/invoier.com\\\/en\\\/#organization\"},\"potentialAction\":[{\"@type\":\"SearchAction\",\"target\":{\"@type\":\"EntryPoint\",\"urlTemplate\":\"https:\\\/\\\/invoier.com\\\/en\\\/?s={search_term_string}\"},\"query-input\":{\"@type\":\"PropertyValueSpecification\",\"valueRequired\":true,\"valueName\":\"search_term_string\"}}],\"inLanguage\":\"en-GB\"},{\"@type\":\"Organization\",\"@id\":\"https:\\\/\\\/invoier.com\\\/en\\\/#organization\",\"name\":\"Invoier AB\",\"url\":\"https:\\\/\\\/invoier.com\\\/en\\\/\",\"logo\":{\"@type\":\"ImageObject\",\"inLanguage\":\"en-GB\",\"@id\":\"https:\\\/\\\/invoier.com\\\/en\\\/#\\\/schema\\\/logo\\\/image\\\/\",\"url\":\"https:\\\/\\\/invoier.com\\\/stg_a4e73\\\/wp-content\\\/uploads\\\/Stacked_Logo_Black-final-3.png\",\"contentUrl\":\"https:\\\/\\\/invoier.com\\\/stg_a4e73\\\/wp-content\\\/uploads\\\/Stacked_Logo_Black-final-3.png\",\"width\":338,\"height\":332,\"caption\":\"Invoier AB\"},\"image\":{\"@id\":\"https:\\\/\\\/invoier.com\\\/en\\\/#\\\/schema\\\/logo\\\/image\\\/\"}},{\"@type\":\"Person\",\"@id\":\"https:\\\/\\\/invoier.com\\\/en\\\/#\\\/schema\\\/person\\\/7c81259de71e20a84e6501886347c2b9\",\"name\":\"rakesh\",\"image\":{\"@type\":\"ImageObject\",\"inLanguage\":\"en-GB\",\"@id\":\"https:\\\/\\\/secure.gravatar.com\\\/avatar\\\/31fa9cf9d4fae3d71f5720d48050ce2fcd1d8dcc9d65254512ec979a9925c505?s=96&d=mm&r=g\",\"url\":\"https:\\\/\\\/secure.gravatar.com\\\/avatar\\\/31fa9cf9d4fae3d71f5720d48050ce2fcd1d8dcc9d65254512ec979a9925c505?s=96&d=mm&r=g\",\"contentUrl\":\"https:\\\/\\\/secure.gravatar.com\\\/avatar\\\/31fa9cf9d4fae3d71f5720d48050ce2fcd1d8dcc9d65254512ec979a9925c505?s=96&d=mm&r=g\",\"caption\":\"rakesh\"}}]}<\/script>\n<!-- \/ Yoast SEO plugin. -->","yoast_head_json":{"title":"Finansiering f\u00f6r f\u00f6retagare - F\u00f6retagarguiden","description":"Finansiering f\u00f6r f\u00f6retagare kan vara ett komplext \u00e4mne. Vi hj\u00e4lper och guidar dig till vad du beh\u00f6ver veta.","robots":{"index":"noindex","follow":"nofollow"},"og_locale":"en_GB","og_type":"article","og_title":"Finansiering f\u00f6r f\u00f6retagare - F\u00f6retagarguiden","og_description":"Finansiering f\u00f6r f\u00f6retagare kan vara ett komplext \u00e4mne. Vi hj\u00e4lper och guidar dig till vad du beh\u00f6ver veta.","og_url":"https:\/\/invoier.com\/en\/foretagarguiden-finansiering-for-foretagare\/","og_site_name":"INVOIER - Fakturafinansiering","article_modified_time":"2026-04-02T04:58:51+00:00","og_image":[{"width":982,"height":1116,"url":"https:\/\/invoier.com\/wp-content\/uploads\/finansiering-fo\u0308r-fo\u0308retagare.png","type":"image\/png"}],"twitter_card":"summary_large_image","twitter_misc":{"Estimated reading time":"1 minute"},"schema":{"@context":"https:\/\/schema.org","@graph":[{"@type":"Article","@id":"https:\/\/invoier.com\/foretagarguiden-finansiering-for-foretagare\/#article","isPartOf":{"@id":"https:\/\/invoier.com\/foretagarguiden-finansiering-for-foretagare\/"},"author":{"name":"rakesh","@id":"https:\/\/invoier.com\/en\/#\/schema\/person\/7c81259de71e20a84e6501886347c2b9"},"headline":"F\u00f6retagarguiden","datePublished":"2021-12-20T08:17:26+00:00","dateModified":"2026-04-02T04:58:51+00:00","mainEntityOfPage":{"@id":"https:\/\/invoier.com\/foretagarguiden-finansiering-for-foretagare\/"},"wordCount":368,"publisher":{"@id":"https:\/\/invoier.com\/en\/#organization"},"image":{"@id":"https:\/\/invoier.com\/foretagarguiden-finansiering-for-foretagare\/#primaryimage"},"thumbnailUrl":"https:\/\/invoier.com\/wp-content\/uploads\/finansiering-fo\u0308r-fo\u0308retagare.png","inLanguage":"en-GB"},{"@type":["WebPage","CollectionPage"],"@id":"https:\/\/invoier.com\/foretagarguiden-finansiering-for-foretagare\/","url":"https:\/\/invoier.com\/foretagarguiden-finansiering-for-foretagare\/","name":"Finansiering f\u00f6r f\u00f6retagare - F\u00f6retagarguiden","isPartOf":{"@id":"https:\/\/invoier.com\/en\/#website"},"primaryImageOfPage":{"@id":"https:\/\/invoier.com\/foretagarguiden-finansiering-for-foretagare\/#primaryimage"},"image":{"@id":"https:\/\/invoier.com\/foretagarguiden-finansiering-for-foretagare\/#primaryimage"},"thumbnailUrl":"https:\/\/invoier.com\/wp-content\/uploads\/finansiering-fo\u0308r-fo\u0308retagare.png","datePublished":"2021-12-20T08:17:26+00:00","dateModified":"2026-04-02T04:58:51+00:00","description":"Finansiering f\u00f6r f\u00f6retagare kan vara ett komplext \u00e4mne. Vi hj\u00e4lper och guidar dig till vad du beh\u00f6ver veta.","breadcrumb":{"@id":"https:\/\/invoier.com\/foretagarguiden-finansiering-for-foretagare\/#breadcrumb"},"inLanguage":"en-GB"},{"@type":"ImageObject","inLanguage":"en-GB","@id":"https:\/\/invoier.com\/foretagarguiden-finansiering-for-foretagare\/#primaryimage","url":"https:\/\/invoier.com\/wp-content\/uploads\/finansiering-fo\u0308r-fo\u0308retagare.png","contentUrl":"https:\/\/invoier.com\/wp-content\/uploads\/finansiering-fo\u0308r-fo\u0308retagare.png","width":982,"height":1116,"caption":"F\u00f6retagarguiden - om finansiering f\u00f6r f\u00f6retagare"},{"@type":"BreadcrumbList","@id":"https:\/\/invoier.com\/foretagarguiden-finansiering-for-foretagare\/#breadcrumb","itemListElement":[{"@type":"ListItem","position":1,"name":"Home","item":"https:\/\/invoier.com\/en\/"},{"@type":"ListItem","position":2,"name":"F\u00f6retagarguiden"}]},{"@type":"WebSite","@id":"https:\/\/invoier.com\/en\/#website","url":"https:\/\/invoier.com\/en\/","name":"INVOIER - Fakturafinansiering","description":"Fakturafinansiering p\u00e5 dina villkor","publisher":{"@id":"https:\/\/invoier.com\/en\/#organization"},"potentialAction":[{"@type":"SearchAction","target":{"@type":"EntryPoint","urlTemplate":"https:\/\/invoier.com\/en\/?s={search_term_string}"},"query-input":{"@type":"PropertyValueSpecification","valueRequired":true,"valueName":"search_term_string"}}],"inLanguage":"en-GB"},{"@type":"Organization","@id":"https:\/\/invoier.com\/en\/#organization","name":"Invoier AB","url":"https:\/\/invoier.com\/en\/","logo":{"@type":"ImageObject","inLanguage":"en-GB","@id":"https:\/\/invoier.com\/en\/#\/schema\/logo\/image\/","url":"https:\/\/invoier.com\/stg_a4e73\/wp-content\/uploads\/Stacked_Logo_Black-final-3.png","contentUrl":"https:\/\/invoier.com\/stg_a4e73\/wp-content\/uploads\/Stacked_Logo_Black-final-3.png","width":338,"height":332,"caption":"Invoier AB"},"image":{"@id":"https:\/\/invoier.com\/en\/#\/schema\/logo\/image\/"}},{"@type":"Person","@id":"https:\/\/invoier.com\/en\/#\/schema\/person\/7c81259de71e20a84e6501886347c2b9","name":"rakesh","image":{"@type":"ImageObject","inLanguage":"en-GB","@id":"https:\/\/secure.gravatar.com\/avatar\/31fa9cf9d4fae3d71f5720d48050ce2fcd1d8dcc9d65254512ec979a9925c505?s=96&d=mm&r=g","url":"https:\/\/secure.gravatar.com\/avatar\/31fa9cf9d4fae3d71f5720d48050ce2fcd1d8dcc9d65254512ec979a9925c505?s=96&d=mm&r=g","contentUrl":"https:\/\/secure.gravatar.com\/avatar\/31fa9cf9d4fae3d71f5720d48050ce2fcd1d8dcc9d65254512ec979a9925c505?s=96&d=mm&r=g","caption":"rakesh"}}]}},"_links":{"self":[{"href":"https:\/\/invoier.com\/en\/wp-json\/wp\/v2\/pages\/241719","targetHints":{"allow":["GET"]}}],"collection":[{"href":"https:\/\/invoier.com\/en\/wp-json\/wp\/v2\/pages"}],"about":[{"href":"https:\/\/invoier.com\/en\/wp-json\/wp\/v2\/types\/page"}],"author":[{"embeddable":true,"href":"https:\/\/invoier.com\/en\/wp-json\/wp\/v2\/users\/5"}],"replies":[{"embeddable":true,"href":"https:\/\/invoier.com\/en\/wp-json\/wp\/v2\/comments?post=241719"}],"version-history":[{"count":18,"href":"https:\/\/invoier.com\/en\/wp-json\/wp\/v2\/pages\/241719\/revisions"}],"predecessor-version":[{"id":247112,"href":"https:\/\/invoier.com\/en\/wp-json\/wp\/v2\/pages\/241719\/revisions\/247112"}],"wp:featuredmedia":[{"embeddable":true,"href":"https:\/\/invoier.com\/en\/wp-json\/wp\/v2\/media\/242062"}],"wp:attachment":[{"href":"https:\/\/invoier.com\/en\/wp-json\/wp\/v2\/media?parent=241719"}],"curies":[{"name":"wp","href":"https:\/\/api.w.org\/{rel}","templated":true}]}}