{"id":241498,"date":"2021-11-09T08:38:51","date_gmt":"2021-11-09T07:38:51","guid":{"rendered":"https:\/\/invoier.com\/?page_id=241498"},"modified":"2021-11-16T10:19:56","modified_gmt":"2021-11-16T09:19:56","slug":"anslut-bokforing","status":"publish","type":"page","link":"https:\/\/invoier.com\/en\/anslut-bokforing\/","title":{"rendered":"Anslut bokf\u00f6ring"},"content":{"rendered":"\n[et_pb_section fb_built=&#8221;1&#8243; module_class=&#8221;inv-take-data&#8221; _builder_version=&#8221;4.6.1&#8243; _module_preset=&#8221;default&#8221; global_colors_info=&#8221;{}&#8221;][et_pb_row make_equal=&#8221;on&#8221; module_class=&#8221;custom_row&#8221; _builder_version=&#8221;4.6.1&#8243; _module_preset=&#8221;default&#8221; global_colors_info=&#8221;{}&#8221;][et_pb_column type=&#8221;4_4&#8243; module_class=&#8221;first-on-mobile &#8221; _builder_version=&#8221;4.6.1&#8243; _module_preset=&#8221;default&#8221; global_colors_info=&#8221;{}&#8221;][et_pb_text _builder_version=&#8221;4.12.1&#8243; _module_preset=&#8221;default&#8221; max_width=&#8221;1166px&#8221; module_alignment=&#8221;center&#8221; custom_padding=&#8221;||60px|||&#8221; hover_enabled=&#8221;0&#8243; global_colors_info=&#8221;{}&#8221; sticky_enabled=&#8221;0&#8243;]<h1 style=\"text-align: center;\">Anslut din bokf\u00f6ring<\/h1>\n<h2 style=\"text-align: center;\">&#8211; ett enklet steg mot b\u00e4ttre finansieringsvillkor<\/h2>[\/et_pb_text][\/et_pb_column][\/et_pb_row][et_pb_row column_structure=&#8221;1_2,1_2&#8243; use_custom_gutter=&#8221;on&#8221; gutter_width=&#8221;1&#8243; make_equal=&#8221;on&#8221; module_class=&#8221;custom_row inv-boxShadow inv-ptb-0&#8243; _builder_version=&#8221;4.12.1&#8243; _module_preset=&#8221;default&#8221; hover_enabled=&#8221;0&#8243; border_radii=&#8221;off|5px|||5px&#8221; border_radii_tablet=&#8221;off|5px|0px|0px|&#8221; border_radii_phone=&#8221;off|5px|5px|0px|0px&#8221; border_radii_last_edited=&#8221;on|desktop&#8221; global_colors_info=&#8221;{}&#8221; sticky_enabled=&#8221;0&#8243;][et_pb_column type=&#8221;1_2&#8243; module_class=&#8221;first-on-mobile &#8221; _builder_version=&#8221;4.6.1&#8243; _module_preset=&#8221;default&#8221; background_image=&#8221;https:\/\/invoier.com\/wp-content\/uploads\/invoier-business.jpg&#8221; border_radii=&#8221;off|5px|||5px&#8221; border_radii_tablet=&#8221;off|5px|||&#8221; border_radii_phone=&#8221;off|5px|5px||&#8221; border_radii_last_edited=&#8221;on|phone&#8221; global_colors_info=&#8221;{}&#8221;][et_pb_image src=&#8221;https:\/\/invoier.com\/wp-content\/uploads\/invoier-business.jpg&#8221; title_text=&#8221;invoier-business&#8221; disabled_on=&#8221;off|off|on&#8221; _builder_version=&#8221;4.6.1&#8243; _module_preset=&#8221;default&#8221; global_colors_info=&#8221;{}&#8221;][\/et_pb_image][\/et_pb_column][et_pb_column type=&#8221;1_2&#8243; module_class=&#8221;second-on-mobile inv-form inv-sm-form inv-color-form inv-imgForm&#8221; _builder_version=&#8221;4.12.1&#8243; _module_preset=&#8221;default&#8221; hover_enabled=&#8221;0&#8243; border_radii_tablet=&#8221;&#8221; border_radii_phone=&#8221;&#8221; border_radii_last_edited=&#8221;on|desktop&#8221; global_colors_info=&#8221;{}&#8221; sticky_enabled=&#8221;0&#8243;][et_pb_text _builder_version=&#8221;4.12.1&#8243; _module_preset=&#8221;default&#8221; hover_enabled=&#8221;0&#8243; locked=&#8221;off&#8221; global_colors_info=&#8221;{}&#8221; sticky_enabled=&#8221;0&#8243; custom_padding=&#8221;||35px|||&#8221;]<h3>Anslut din bokf\u00f6ring f\u00f6r att bli erbjuden b\u00e4sta m\u00f6jliga pris<\/h3>\n<p style=\"font-weight: 400;\">Som ett steg i v\u00e5r ambition att erbjuda b\u00e4ttre finansieringstj\u00e4nster f\u00f6r dig som f\u00f6retagare har Invoier inlett ett samarbete med MyNumbers.\u00a0<\/p>\n<p style=\"font-weight: 400;\">Samarbetet erbjuder dig som kund att ge samtycke f\u00f6r Invoier att f\u00e5 inblick i din bokf\u00f6ring &#8211; vilket i sin tur betyder att vi kan ta fram ett (\u00e4nnu) b\u00e4ttre erbjudande till just ditt f\u00f6retag.<\/p>\n<p style=\"font-weight: 400;\">Det tar endast n\u00e5gra minuter att komma ig\u00e5ng och du kan n\u00e4r som helst v\u00e4lja att avsluta samtycket.<\/p>[\/et_pb_text][et_pb_button button_url=&#8221;https:\/\/onboarding.mynumbers.se\/d5f73ceb-7987-4bd5-b7f2-c45f36114657\/authenticate&#8221; button_text=&#8221;Anslut bokf\u00f6ring&#8221; module_class=&#8221;inv-stdButton &#8221; _builder_version=&#8221;4.12.1&#8243; _module_preset=&#8221;default&#8221; custom_button=&#8221;on&#8221; hover_enabled=&#8221;0&#8243; global_colors_info=&#8221;{}&#8221; locked=&#8221;off&#8221; sticky_enabled=&#8221;0&#8243;][\/et_pb_button][\/et_pb_column][\/et_pb_row][\/et_pb_section][et_pb_section fb_built=&#8221;1&#8243; module_id=&#8221;inv-show-Result&#8221; _builder_version=&#8221;4.6.1&#8243; _module_preset=&#8221;default&#8221; global_colors_info=&#8221;{}&#8221;][et_pb_row make_equal=&#8221;on&#8221; module_class=&#8221;custom_row&#8221; _builder_version=&#8221;4.6.1&#8243; _module_preset=&#8221;default&#8221; global_colors_info=&#8221;{}&#8221;][et_pb_column type=&#8221;4_4&#8243; module_class=&#8221;first-on-mobile &#8221; _builder_version=&#8221;4.6.1&#8243; _module_preset=&#8221;default&#8221; global_colors_info=&#8221;{}&#8221;][et_pb_text module_class=&#8221;inv-centerHeading&#8221; _builder_version=&#8221;4.6.1&#8243; _module_preset=&#8221;default&#8221; global_colors_info=&#8221;{}&#8221;]<h1>Grattis! Det finns ett intresse bland marknadsplatsens k\u00f6pare att k\u00f6pa din faktura. <\/h1>[\/et_pb_text][\/et_pb_column][\/et_pb_row][et_pb_row make_equal=&#8221;on&#8221; module_class=&#8221;inv-CalculatorResult&#8221; _builder_version=&#8221;4.6.1&#8243; _module_preset=&#8221;default&#8221; background_enable_color=&#8221;off&#8221; background_enable_image=&#8221;off&#8221; background_position=&#8221;top_center&#8221; max_width=&#8221;1166px&#8221; global_colors_info=&#8221;{}&#8221;][et_pb_column type=&#8221;4_4&#8243; module_class=&#8221;first-on-mobile &#8221; _builder_version=&#8221;4.6.1&#8243; _module_preset=&#8221;default&#8221; global_colors_info=&#8221;{}&#8221;][et_pb_text module_class=&#8221;inv-result-wrap&#8221; _builder_version=&#8221;4.6.1&#8243; _module_preset=&#8221;default&#8221; max_width=&#8221;1166px&#8221; module_alignment=&#8221;center&#8221; global_colors_info=&#8221;{}&#8221;]<div class=\"inv-result-message\">B\u00e4sta priset f\u00f6r denna faktura \u00e4r just nu:<\/div>\n<div class=\"inv-result-figure\">65 237 Kr<\/div>\n<h3>Skapa ett konto f\u00f6r att f\u00e5 utbetalt idag<\/h3>\n<div class=\"\">(Att skapa ett konto tar bara 2 minuter och \u00e4r s\u00e5klart kostnadsfritt och villkorsl\u00f6s)<\/div>[\/et_pb_text][et_pb_button button_url=&#8221;@ET-DC@eyJkeW5hbWljIjp0cnVlLCJjb250ZW50IjoicG9zdF9saW5rX3VybF9wYWdlIiwic2V0dGluZ3MiOnsicG9zdF9pZCI6IjIzODE1MSJ9fQ==@&#8221; button_text=&#8221;SKAPA KONTO&#8221; button_alignment=&#8221;center&#8221; module_class=&#8221;inv-stdButton&#8221; _builder_version=&#8221;4.6.1&#8243; _dynamic_attributes=&#8221;button_url&#8221; _module_preset=&#8221;default&#8221; global_colors_info=&#8221;{}&#8221;][\/et_pb_button][et_pb_button button_url=&#8221;@ET-DC@eyJkeW5hbWljIjp0cnVlLCJjb250ZW50IjoicG9zdF9saW5rX3VybF9wYWdlIiwic2V0dGluZ3MiOnsicG9zdF9pZCI6IjIzOTk4NCJ9fQ==@&#8221; button_text=&#8221;Testa med en annan faktura&#8221; button_alignment=&#8221;center&#8221; module_class=&#8221;inv-normallink&#8221; _builder_version=&#8221;4.6.1&#8243; _dynamic_attributes=&#8221;button_url&#8221; _module_preset=&#8221;default&#8221; global_colors_info=&#8221;{}&#8221;][\/et_pb_button][\/et_pb_column][\/et_pb_row][et_pb_row _builder_version=&#8221;4.6.1&#8243; _module_preset=&#8221;default&#8221; custom_padding=&#8221;7px|||||&#8221; global_colors_info=&#8221;{}&#8221;][et_pb_column type=&#8221;4_4&#8243; _builder_version=&#8221;4.6.1&#8243; _module_preset=&#8221;default&#8221; global_colors_info=&#8221;{}&#8221;][et_pb_text _builder_version=&#8221;4.6.1&#8243; _module_preset=&#8221;default&#8221; max_width=&#8221;1166px&#8221; module_alignment=&#8221;center&#8221; global_colors_info=&#8221;{}&#8221;]<div class=\"inv-notes\" style=\"text-align: left;\">Obs: det presenterade priset \u00e4r ett indikativt pris baserat p\u00e5 de uppgifter du angivit. Skapa ett konto f\u00f6r att bli erbjuden ett exakt pris.<\/div>[\/et_pb_text][\/et_pb_column][\/et_pb_row][\/et_pb_section][et_pb_section fb_built=&#8221;1&#8243; _builder_version=&#8221;4.6.1&#8243; _module_preset=&#8221;default&#8221; custom_padding=&#8221;0px|||||&#8221; border_radii=&#8221;off|1px|1px||&#8221; border_color_top=&#8221;#efefef&#8221; global_colors_info=&#8221;{}&#8221;][et_pb_row column_structure=&#8221;1_2,1_2&#8243; make_equal=&#8221;on&#8221; _builder_version=&#8221;4.6.1&#8243; _module_preset=&#8221;default&#8221; custom_padding=&#8221;64px|||||&#8221; border_width_top=&#8221;1px&#8221; border_color_top=&#8221;#ededed&#8221; global_colors_info=&#8221;{}&#8221;][et_pb_column type=&#8221;1_2&#8243; _builder_version=&#8221;4.6.1&#8243; _module_preset=&#8221;default&#8221; animation_style=&#8221;slide&#8221; animation_direction=&#8221;bottom&#8221; animation_intensity_slide=&#8221;10%&#8221; global_colors_info=&#8221;{}&#8221;][et_pb_text _builder_version=&#8221;4.12.1&#8243; _module_preset=&#8221;default&#8221; hover_enabled=&#8221;0&#8243; locked=&#8221;off&#8221; global_colors_info=&#8221;{}&#8221; custom_margin=&#8221;||30px|||&#8221; sticky_enabled=&#8221;0&#8243;]<h3>Hur ansluter jag min bokf\u00f6ring?<\/h3>\n<b>Processen best\u00e5r av ett f\u00e5tal enkla steg:<\/b>\n<ul class=\"inv-stdListing\">\n\t<li style=\"font-weight: 400;\" aria-level=\"1\"><span style=\"font-weight: 400;\">Autentisering\/inloggning via Bank-Id<\/span><span style=\"font-weight: 400;\"><\/span><\/li>\n\t<li style=\"font-weight: 400;\" aria-level=\"1\"><span style=\"font-weight: 400;\">Kontroll g\u00f6rs mot bolagsregister f\u00f6r angivet personnummer <\/span><span style=\"font-weight: 400;\"><\/span><\/li>\n\t<li style=\"font-weight: 400;\" aria-level=\"1\"><span style=\"font-weight: 400;\">Ange din e-postadress<\/span><span style=\"font-weight: 400;\"><\/span><\/li>\n\t<li style=\"font-weight: 400;\" aria-level=\"1\"><span style=\"font-weight: 400;\">Ge medgivande till MyNumbers att dela mina m\u00e5natliga resultat- och balansr\u00e4kningar med Invoier<\/span><span style=\"font-weight: 400;\"><\/span><\/li>\n\t<li style=\"font-weight: 400;\" aria-level=\"1\"><span style=\"font-weight: 400;\">V\u00e4lj ditt bokf\u00f6ringssystem eller v\u00e4lj SIE4-fil f\u00f6r att koppla din bokf\u00f6ring<\/span><span style=\"font-weight: 400;\"><\/span><\/li>\n\t<li style=\"font-weight: 400;\" aria-level=\"1\"><span style=\"font-weight: 400;\">Klart!<\/span><\/li>\n<\/ul>[\/et_pb_text][et_pb_button button_url=&#8221;https:\/\/onboarding.mynumbers.se\/d5f73ceb-7987-4bd5-b7f2-c45f36114657\/authenticate&#8221; button_text=&#8221;Anslut bokf\u00f6ring&#8221; module_class=&#8221;inv-stdButton &#8221; _builder_version=&#8221;4.12.1&#8243; _module_preset=&#8221;default&#8221; custom_button=&#8221;on&#8221; hover_enabled=&#8221;0&#8243; global_colors_info=&#8221;{}&#8221; locked=&#8221;off&#8221; sticky_enabled=&#8221;0&#8243;][\/et_pb_button][\/et_pb_column][et_pb_column type=&#8221;1_2&#8243; _builder_version=&#8221;4.6.1&#8243; _module_preset=&#8221;default&#8221; animation_style=&#8221;slide&#8221; animation_direction=&#8221;bottom&#8221; animation_delay=&#8221;300ms&#8221; animation_intensity_slide=&#8221;10%&#8221; global_colors_info=&#8221;{}&#8221;][et_pb_text _builder_version=&#8221;4.12.1&#8243; _module_preset=&#8221;default&#8221; hover_enabled=&#8221;0&#8243; locked=&#8221;off&#8221; global_colors_info=&#8221;{}&#8221; sticky_enabled=&#8221;0&#8243;]<h3>Vilka \u00e4r MyNumbers?<\/h3>\n<span style=\"font-weight: 400;\"><a target=\"_blank\" href=\"https:\/\/mynumbers.se\/\" rel=\"noopener\">MyNumbers<\/a> \u00e4r ett svenskt f\u00f6retag som erbjuder tj\u00e4nster som extraherar och bearbetar bokf\u00f6ringsdata f\u00f6r automatiserad och regelstyrd ekonomisk rapportering av resultat-och balansr\u00e4kningar och finansiella m\u00e4tetal. <\/span>[\/et_pb_text][\/et_pb_column][\/et_pb_row][\/et_pb_section][et_pb_section fb_built=&#8221;1&#8243; _builder_version=&#8221;4.12.1&#8243; _module_preset=&#8221;default&#8221; global_colors_info=&#8221;{}&#8221;][\/et_pb_section][et_pb_section fb_built=&#8221;1&#8243; _builder_version=&#8221;4.6.1&#8243; _module_preset=&#8221;default&#8221; custom_padding=&#8221;0px||0px|||&#8221; global_colors_info=&#8221;{}&#8221;][et_pb_row _builder_version=&#8221;4.6.1&#8243; _module_preset=&#8221;default&#8221; global_colors_info=&#8221;{}&#8221;][et_pb_column type=&#8221;4_4&#8243; _builder_version=&#8221;4.6.1&#8243; _module_preset=&#8221;default&#8221; global_colors_info=&#8221;{}&#8221;][et_pb_code _builder_version=&#8221;4.6.1&#8243; _module_preset=&#8221;default&#8221; global_colors_info=&#8221;{}&#8221;]<div id=\"myNav\" class=\"overlay\"><!-- [et_pb_line_break_holder] -->\t<a href=\"javascript:void(0)\" class=\"closebtn\" onclick=\"closeNav()\">\u00d7<\/a><!-- [et_pb_line_break_holder] -->\t<div class=\"loader_overlay\"><\/div> <!-- [et_pb_line_break_holder] -->\t<div class=\"inv-loader\"><!-- [et_pb_line_break_holder] -->\t\t<img decoding=\"async\" alt=\"loader\" src=\"http:\/\/invoier.com\/wp-content\/uploads\/2020\/09\/inv-loader-148X148.gif\" class=\"\"><!-- [et_pb_line_break_holder] -->\t\t<div id=\"loader_msg\">Analyserar faktura&#8230;<\/div><!-- [et_pb_line_break_holder] -->\t<\/div><!-- [et_pb_line_break_holder] --><\/div><!-- [et_pb_line_break_holder] --><!-- [et_pb_line_break_holder] --><script><!-- [et_pb_line_break_holder] -->  jQuery(document).ready(function(){<!-- [et_pb_line_break_holder] -->    \t<!-- [et_pb_line_break_holder] -->\t\t\t <!-- [et_pb_line_break_holder] -->\t\t\tvar wpcf7Elm = document.querySelector( '.wpcf7' );<!-- [et_pb_line_break_holder] -->\t\t  wpcf7Elm.addEventListener( 'wpcf7mailsent', function( event ) {<!-- [et_pb_line_break_holder] -->       <!-- [et_pb_line_break_holder] -->\t\t\tjQuery(\".overlay\").css(\"display\", \"block\");<!-- [et_pb_line_break_holder] -->       count = 0;<!-- [et_pb_line_break_holder] -->       wordsArray = [\"Analyserar faktura...\", \"Kollar ditt f\u00f6retags kreditinformation...\", \"Unders\u00f6ker din kunds betalningshistorik...\", \"Matchar bud fr\u00e5n marknadsplatsen f\u00f6r att ge b\u00e4sta pris...\"];<!-- [et_pb_line_break_holder] -->       setInterval(function () {<!-- [et_pb_line_break_holder] -->\t\t\t\t\tcount++;<!-- [et_pb_line_break_holder] -->  \t\t\t\tjQuery(\"#loader_msg\").fadeOut(400, function () {<!-- [et_pb_line_break_holder] -->\t\t\t\t\t\tjQuery(this).text(wordsArray[count % wordsArray.length]).fadeIn(400);<!-- [et_pb_line_break_holder] -->\t\t\t\t\t});<!-- [et_pb_line_break_holder] -->\t\t\t}, 3500);<!-- [et_pb_line_break_holder] -->      <!-- [et_pb_line_break_holder] -->    \tvar invAmount = jQuery(\"#invoice-amount\").val();<!-- [et_pb_line_break_holder] -->      var nodays = jQuery(\"#payment-days\").val();<!-- [et_pb_line_break_holder] -->      var total = (parseFloat(invAmount)-parseFloat(invAmount)*0.0004304*parseFloat(nodays));<!-- [et_pb_line_break_holder] --><!-- [et_pb_line_break_holder] --><!-- [et_pb_line_break_holder] -->   \t\tsetTimeout(function() {<!-- [et_pb_line_break_holder] -->        jQuery(\".overlay\").css(\"display\", \"none\");<!-- [et_pb_line_break_holder] -->\t\t\t  jQuery(\".inv-take-data\").css(\"display\", \"none\");<!-- [et_pb_line_break_holder] -->        jQuery(\"#inv-show-Result\").css(\"display\", \"block\");<!-- [et_pb_line_break_holder] -->        jQuery(window).scrollTop(0);<!-- [et_pb_line_break_holder] -->        jQuery(\".inv-result-figure\").text(total.toFixed().replace(\/B(?=(d{3})+(?!d))\/g, ' '));<!-- [et_pb_line_break_holder] -->        jQuery('.inv-result-figure').append(' Kr');<!-- [et_pb_line_break_holder] -->      }, 14000);<!-- [et_pb_line_break_holder] -->    });<!-- [et_pb_line_break_holder] -->  });<!-- [et_pb_line_break_holder] --><\/script>[\/et_pb_code][\/et_pb_column][\/et_pb_row][\/et_pb_section][et_pb_section fb_built=&#8221;1&#8243; _builder_version=&#8221;4.6.1&#8243; _module_preset=&#8221;default&#8221; z_index=&#8221;-1&#8243; custom_padding=&#8221;0px||0px|||&#8221; global_colors_info=&#8221;{}&#8221;][et_pb_row _builder_version=&#8221;4.6.1&#8243; _module_preset=&#8221;default&#8221; global_colors_info=&#8221;{}&#8221;][et_pb_column type=&#8221;4_4&#8243; _builder_version=&#8221;4.6.1&#8243; _module_preset=&#8221;default&#8221; global_colors_info=&#8221;{}&#8221;][et_pb_image src=&#8221;https:\/\/invoier.com\/wp-content\/uploads\/2020\/09\/invoier.png&#8221; alt=&#8221;Invoier logo&#8221; title_text=&#8221;Invoier logo&#8221; url=&#8221;@ET-DC@eyJkeW5hbWljIjp0cnVlLCJjb250ZW50IjoicG9zdF9saW5rX3VybF9wYWdlIiwic2V0dGluZ3MiOnsicG9zdF9pZCI6IjI4MTM3In19@&#8221; align=&#8221;center&#8221; _builder_version=&#8221;4.6.1&#8243; _dynamic_attributes=&#8221;url&#8221; _module_preset=&#8221;default&#8221; global_colors_info=&#8221;{}&#8221;][\/et_pb_image][\/et_pb_column][\/et_pb_row][\/et_pb_section]\n","protected":false},"excerpt":{"rendered":"<p>Anslut din bokf\u00f6ring &#8211; ett enklet steg mot b\u00e4ttre finansieringsvillkorAnslut din bokf\u00f6ring f\u00f6r att bli erbjuden b\u00e4sta m\u00f6jliga pris Som ett steg i v\u00e5r ambition att erbjuda b\u00e4ttre finansieringstj\u00e4nster f\u00f6r dig som f\u00f6retagare har Invoier inlett ett samarbete med MyNumbers.\u00a0 Samarbetet erbjuder dig som kund att ge samtycke f\u00f6r Invoier att f\u00e5 inblick i din [&hellip;]<\/p>\n","protected":false},"author":1,"featured_media":0,"parent":0,"menu_order":0,"comment_status":"closed","ping_status":"closed","template":"","meta":{"_et_pb_use_builder":"on","_et_pb_old_content":"","_et_gb_content_width":"","footnotes":""},"class_list":["post-241498","page","type-page","status-publish","hentry"],"yoast_head":"<!-- This site is optimized with the Yoast SEO plugin v27.3 - https:\/\/yoast.com\/product\/yoast-seo-wordpress\/ -->\n<title>Anslut bokf\u00f6ring - INVOIER - Fakturafinansiering<\/title>\n<meta name=\"robots\" content=\"noindex, nofollow\" \/>\n<meta property=\"og:locale\" content=\"en_GB\" \/>\n<meta property=\"og:type\" content=\"article\" \/>\n<meta property=\"og:title\" content=\"Anslut bokf\u00f6ring - INVOIER - Fakturafinansiering\" \/>\n<meta property=\"og:description\" content=\"Anslut din bokf\u00f6ring - ett enklet steg mot b\u00e4ttre finansieringsvillkorAnslut din bokf\u00f6ring f\u00f6r att bli erbjuden b\u00e4sta m\u00f6jliga pris Som ett steg i v\u00e5r ambition att erbjuda b\u00e4ttre finansieringstj\u00e4nster f\u00f6r dig som f\u00f6retagare har Invoier inlett ett samarbete med MyNumbers.\u00a0 Samarbetet erbjuder dig som kund att ge samtycke f\u00f6r Invoier att f\u00e5 inblick i din [&hellip;]\" \/>\n<meta property=\"og:url\" content=\"https:\/\/invoier.com\/en\/anslut-bokforing\/\" \/>\n<meta property=\"og:site_name\" content=\"INVOIER - Fakturafinansiering\" \/>\n<meta property=\"article:modified_time\" content=\"2021-11-16T09:19:56+00:00\" \/>\n<meta property=\"og:image\" content=\"http:\/\/invoier.com\/wp-content\/uploads\/2020\/09\/inv-loader-148X148.gif\" \/>\n<meta name=\"twitter:card\" content=\"summary_large_image\" \/>\n<meta name=\"twitter:label1\" content=\"Estimated reading time\" \/>\n\t<meta name=\"twitter:data1\" content=\"3 minutes\" \/>\n<script type=\"application\/ld+json\" class=\"yoast-schema-graph\">{\"@context\":\"https:\\\/\\\/schema.org\",\"@graph\":[{\"@type\":\"WebPage\",\"@id\":\"https:\\\/\\\/invoier.com\\\/en\\\/anslut-bokforing\\\/\",\"url\":\"https:\\\/\\\/invoier.com\\\/en\\\/anslut-bokforing\\\/\",\"name\":\"Anslut bokf\u00f6ring - INVOIER - Fakturafinansiering\",\"isPartOf\":{\"@id\":\"https:\\\/\\\/invoier.com\\\/en\\\/#website\"},\"primaryImageOfPage\":{\"@id\":\"https:\\\/\\\/invoier.com\\\/en\\\/anslut-bokforing\\\/#primaryimage\"},\"image\":{\"@id\":\"https:\\\/\\\/invoier.com\\\/en\\\/anslut-bokforing\\\/#primaryimage\"},\"thumbnailUrl\":\"http:\\\/\\\/invoier.com\\\/wp-content\\\/uploads\\\/2020\\\/09\\\/inv-loader-148X148.gif\",\"datePublished\":\"2021-11-09T07:38:51+00:00\",\"dateModified\":\"2021-11-16T09:19:56+00:00\",\"breadcrumb\":{\"@id\":\"https:\\\/\\\/invoier.com\\\/en\\\/anslut-bokforing\\\/#breadcrumb\"},\"inLanguage\":\"en-GB\",\"potentialAction\":[{\"@type\":\"ReadAction\",\"target\":[\"https:\\\/\\\/invoier.com\\\/en\\\/anslut-bokforing\\\/\"]}]},{\"@type\":\"ImageObject\",\"inLanguage\":\"en-GB\",\"@id\":\"https:\\\/\\\/invoier.com\\\/en\\\/anslut-bokforing\\\/#primaryimage\",\"url\":\"http:\\\/\\\/invoier.com\\\/wp-content\\\/uploads\\\/2020\\\/09\\\/inv-loader-148X148.gif\",\"contentUrl\":\"http:\\\/\\\/invoier.com\\\/wp-content\\\/uploads\\\/2020\\\/09\\\/inv-loader-148X148.gif\"},{\"@type\":\"BreadcrumbList\",\"@id\":\"https:\\\/\\\/invoier.com\\\/en\\\/anslut-bokforing\\\/#breadcrumb\",\"itemListElement\":[{\"@type\":\"ListItem\",\"position\":1,\"name\":\"Home\",\"item\":\"https:\\\/\\\/invoier.com\\\/en\\\/\"},{\"@type\":\"ListItem\",\"position\":2,\"name\":\"Anslut bokf\u00f6ring\"}]},{\"@type\":\"WebSite\",\"@id\":\"https:\\\/\\\/invoier.com\\\/en\\\/#website\",\"url\":\"https:\\\/\\\/invoier.com\\\/en\\\/\",\"name\":\"INVOIER - Fakturafinansiering\",\"description\":\"Fakturafinansiering p\u00e5 dina villkor\",\"publisher\":{\"@id\":\"https:\\\/\\\/invoier.com\\\/en\\\/#organization\"},\"potentialAction\":[{\"@type\":\"SearchAction\",\"target\":{\"@type\":\"EntryPoint\",\"urlTemplate\":\"https:\\\/\\\/invoier.com\\\/en\\\/?s={search_term_string}\"},\"query-input\":{\"@type\":\"PropertyValueSpecification\",\"valueRequired\":true,\"valueName\":\"search_term_string\"}}],\"inLanguage\":\"en-GB\"},{\"@type\":\"Organization\",\"@id\":\"https:\\\/\\\/invoier.com\\\/en\\\/#organization\",\"name\":\"Invoier AB\",\"url\":\"https:\\\/\\\/invoier.com\\\/en\\\/\",\"logo\":{\"@type\":\"ImageObject\",\"inLanguage\":\"en-GB\",\"@id\":\"https:\\\/\\\/invoier.com\\\/en\\\/#\\\/schema\\\/logo\\\/image\\\/\",\"url\":\"https:\\\/\\\/invoier.com\\\/stg_a4e73\\\/wp-content\\\/uploads\\\/Stacked_Logo_Black-final-3.png\",\"contentUrl\":\"https:\\\/\\\/invoier.com\\\/stg_a4e73\\\/wp-content\\\/uploads\\\/Stacked_Logo_Black-final-3.png\",\"width\":338,\"height\":332,\"caption\":\"Invoier AB\"},\"image\":{\"@id\":\"https:\\\/\\\/invoier.com\\\/en\\\/#\\\/schema\\\/logo\\\/image\\\/\"}}]}<\/script>\n<!-- \/ Yoast SEO plugin. -->","yoast_head_json":{"title":"Anslut bokf\u00f6ring - INVOIER - Fakturafinansiering","robots":{"index":"noindex","follow":"nofollow"},"og_locale":"en_GB","og_type":"article","og_title":"Anslut bokf\u00f6ring - INVOIER - Fakturafinansiering","og_description":"Anslut din bokf\u00f6ring - ett enklet steg mot b\u00e4ttre finansieringsvillkorAnslut din bokf\u00f6ring f\u00f6r att bli erbjuden b\u00e4sta m\u00f6jliga pris Som ett steg i v\u00e5r ambition att erbjuda b\u00e4ttre finansieringstj\u00e4nster f\u00f6r dig som f\u00f6retagare har Invoier inlett ett samarbete med MyNumbers.\u00a0 Samarbetet erbjuder dig som kund att ge samtycke f\u00f6r Invoier att f\u00e5 inblick i din [&hellip;]","og_url":"https:\/\/invoier.com\/en\/anslut-bokforing\/","og_site_name":"INVOIER - Fakturafinansiering","article_modified_time":"2021-11-16T09:19:56+00:00","og_image":[{"url":"http:\/\/invoier.com\/wp-content\/uploads\/2020\/09\/inv-loader-148X148.gif","type":"","width":"","height":""}],"twitter_card":"summary_large_image","twitter_misc":{"Estimated reading time":"3 minutes"},"schema":{"@context":"https:\/\/schema.org","@graph":[{"@type":"WebPage","@id":"https:\/\/invoier.com\/en\/anslut-bokforing\/","url":"https:\/\/invoier.com\/en\/anslut-bokforing\/","name":"Anslut bokf\u00f6ring - INVOIER - Fakturafinansiering","isPartOf":{"@id":"https:\/\/invoier.com\/en\/#website"},"primaryImageOfPage":{"@id":"https:\/\/invoier.com\/en\/anslut-bokforing\/#primaryimage"},"image":{"@id":"https:\/\/invoier.com\/en\/anslut-bokforing\/#primaryimage"},"thumbnailUrl":"http:\/\/invoier.com\/wp-content\/uploads\/2020\/09\/inv-loader-148X148.gif","datePublished":"2021-11-09T07:38:51+00:00","dateModified":"2021-11-16T09:19:56+00:00","breadcrumb":{"@id":"https:\/\/invoier.com\/en\/anslut-bokforing\/#breadcrumb"},"inLanguage":"en-GB","potentialAction":[{"@type":"ReadAction","target":["https:\/\/invoier.com\/en\/anslut-bokforing\/"]}]},{"@type":"ImageObject","inLanguage":"en-GB","@id":"https:\/\/invoier.com\/en\/anslut-bokforing\/#primaryimage","url":"http:\/\/invoier.com\/wp-content\/uploads\/2020\/09\/inv-loader-148X148.gif","contentUrl":"http:\/\/invoier.com\/wp-content\/uploads\/2020\/09\/inv-loader-148X148.gif"},{"@type":"BreadcrumbList","@id":"https:\/\/invoier.com\/en\/anslut-bokforing\/#breadcrumb","itemListElement":[{"@type":"ListItem","position":1,"name":"Home","item":"https:\/\/invoier.com\/en\/"},{"@type":"ListItem","position":2,"name":"Anslut bokf\u00f6ring"}]},{"@type":"WebSite","@id":"https:\/\/invoier.com\/en\/#website","url":"https:\/\/invoier.com\/en\/","name":"INVOIER - Fakturafinansiering","description":"Fakturafinansiering p\u00e5 dina villkor","publisher":{"@id":"https:\/\/invoier.com\/en\/#organization"},"potentialAction":[{"@type":"SearchAction","target":{"@type":"EntryPoint","urlTemplate":"https:\/\/invoier.com\/en\/?s={search_term_string}"},"query-input":{"@type":"PropertyValueSpecification","valueRequired":true,"valueName":"search_term_string"}}],"inLanguage":"en-GB"},{"@type":"Organization","@id":"https:\/\/invoier.com\/en\/#organization","name":"Invoier AB","url":"https:\/\/invoier.com\/en\/","logo":{"@type":"ImageObject","inLanguage":"en-GB","@id":"https:\/\/invoier.com\/en\/#\/schema\/logo\/image\/","url":"https:\/\/invoier.com\/stg_a4e73\/wp-content\/uploads\/Stacked_Logo_Black-final-3.png","contentUrl":"https:\/\/invoier.com\/stg_a4e73\/wp-content\/uploads\/Stacked_Logo_Black-final-3.png","width":338,"height":332,"caption":"Invoier AB"},"image":{"@id":"https:\/\/invoier.com\/en\/#\/schema\/logo\/image\/"}}]}},"_links":{"self":[{"href":"https:\/\/invoier.com\/en\/wp-json\/wp\/v2\/pages\/241498","targetHints":{"allow":["GET"]}}],"collection":[{"href":"https:\/\/invoier.com\/en\/wp-json\/wp\/v2\/pages"}],"about":[{"href":"https:\/\/invoier.com\/en\/wp-json\/wp\/v2\/types\/page"}],"author":[{"embeddable":true,"href":"https:\/\/invoier.com\/en\/wp-json\/wp\/v2\/users\/1"}],"replies":[{"embeddable":true,"href":"https:\/\/invoier.com\/en\/wp-json\/wp\/v2\/comments?post=241498"}],"version-history":[{"count":28,"href":"https:\/\/invoier.com\/en\/wp-json\/wp\/v2\/pages\/241498\/revisions"}],"predecessor-version":[{"id":241546,"href":"https:\/\/invoier.com\/en\/wp-json\/wp\/v2\/pages\/241498\/revisions\/241546"}],"wp:attachment":[{"href":"https:\/\/invoier.com\/en\/wp-json\/wp\/v2\/media?parent=241498"}],"curies":[{"name":"wp","href":"https:\/\/api.w.org\/{rel}","templated":true}]}}