{"id":241353,"date":"2021-10-13T16:14:15","date_gmt":"2021-10-13T14:14:15","guid":{"rendered":"https:\/\/invoier.com\/?page_id=241353"},"modified":"2021-11-10T14:26:00","modified_gmt":"2021-11-10T13:26:00","slug":"login-option","status":"publish","type":"page","link":"https:\/\/invoier.com\/en\/login-option\/","title":{"rendered":"login option"},"content":{"rendered":"<p>[et_pb_section fb_built=&#8221;1&#8243; module_class=&#8221;inv-beach-bg inv-login-option&#8221; _builder_version=&#8221;4.6.1&#8243; _module_preset=&#8221;default&#8221; global_colors_info=&#8221;{}&#8221;][et_pb_row column_structure=&#8221;1_2,1_2&#8243; module_class=&#8221;inv-logOption-wrap&#8221; _builder_version=&#8221;4.6.1&#8243; _module_preset=&#8221;default&#8221; max_width=&#8221;991px&#8221; global_colors_info=&#8221;{}&#8221;][et_pb_column type=&#8221;1_2&#8243; module_class=&#8221;inv-first-column&#8221; _builder_version=&#8221;4.6.1&#8243; _module_preset=&#8221;default&#8221; global_colors_info=&#8221;{}&#8221;][et_pb_text module_class=&#8221;inv-login-wrap&#8221; _builder_version=&#8221;4.6.1&#8243; _module_preset=&#8221;default&#8221; global_colors_info=&#8221;{}&#8221;]<\/p>\n<h3>Logga in som<br \/>\n<span class=\"inv-highlight\">FLEX<\/span>-kund<\/h3>\n<p>F\u00f6r registrerade kunder som s\u00e4ljer enstaka fakturor d\u00e5 och d\u00e5[\/et_pb_text][et_pb_button button_url=&#8221;https:\/\/mypages.invoier.com&#8221; button_text=&#8221;LOGGA IN&#8221; button_alignment=&#8221;center&#8221; module_class=&#8221;inv-stdButton&#8221; _builder_version=&#8221;4.6.1&#8243; _module_preset=&#8221;default&#8221; global_colors_info=&#8221;{}&#8221;][\/et_pb_button][\/et_pb_column][et_pb_column type=&#8221;1_2&#8243; _builder_version=&#8221;4.6.1&#8243; _module_preset=&#8221;default&#8221; global_colors_info=&#8221;{}&#8221;][et_pb_text module_class=&#8221;inv-login-wrap&#8221; _builder_version=&#8221;4.6.1&#8243; _module_preset=&#8221;default&#8221; global_colors_info=&#8221;{}&#8221;]<\/p>\n<h3>Logga in som<br \/>\n<span class=\"inv-highlight\">PARTNER<\/span>-kund<\/h3>\n<p>F\u00f6r registrerade kunder som s\u00e4ljer hela sin fakturastock[\/et_pb_text][et_pb_button button_url=&#8221;https:\/\/login.invoier.com\/&#8221; button_text=&#8221;LOGGA IN&#8221; button_alignment=&#8221;center&#8221; module_class=&#8221;inv-stdButton&#8221; _builder_version=&#8221;4.6.1&#8243; _module_preset=&#8221;default&#8221; global_colors_info=&#8221;{}&#8221;][\/et_pb_button][\/et_pb_column][\/et_pb_row][et_pb_row _builder_version=&#8221;4.6.1&#8243; _module_preset=&#8221;default&#8221; max_width=&#8221;991px&#8221; global_colors_info=&#8221;{}&#8221;][et_pb_column type=&#8221;4_4&#8243; _builder_version=&#8221;4.6.1&#8243; _module_preset=&#8221;default&#8221; global_colors_info=&#8221;{}&#8221;][et_pb_text module_class=&#8221;inv-below-option&#8221; _builder_version=&#8221;4.12.1&#8243; _module_preset=&#8221;default&#8221; hover_enabled=&#8221;0&#8243; global_colors_info=&#8221;{}&#8221; sticky_enabled=&#8221;0&#8243;]<\/p>\n<p>Inget konto? Att ans\u00f6ka om ett konto p\u00e5 Invoier tar endast 2 minuter.<br \/>Det \u00e4r sj\u00e4lvklart kostnadsfritt och villkorsl\u00f6st. <a class=\"inv-normallink\" href=\"https:\/\/invoier.com\/pre-application\/\">Registrera ditt f\u00f6retag h\u00e4r<\/a><\/p>\n<p>[\/et_pb_text][\/et_pb_column][\/et_pb_row][\/et_pb_section]<\/p>\n","protected":false},"excerpt":{"rendered":"<p>Logga in som FLEX-kund F\u00f6r registrerade kunder som s\u00e4ljer enstaka fakturor d\u00e5 och d\u00e5Logga in som PARTNER-kund F\u00f6r registrerade kunder som s\u00e4ljer hela sin fakturastockInget konto? Att ans\u00f6ka om ett konto p\u00e5 Invoier tar endast 2 minuter.Det \u00e4r sj\u00e4lvklart kostnadsfritt och villkorsl\u00f6st. Registrera ditt f\u00f6retag h\u00e4r<\/p>","protected":false},"author":5,"featured_media":0,"parent":0,"menu_order":0,"comment_status":"closed","ping_status":"closed","template":"","meta":{"_et_pb_use_builder":"on","_et_pb_old_content":"","_et_gb_content_width":"","footnotes":""},"class_list":["post-241353","page","type-page","status-publish","hentry"],"yoast_head":"<!-- This site is optimized with the Yoast SEO plugin v27.3 - https:\/\/yoast.com\/product\/yoast-seo-wordpress\/ -->\n<title>login option - INVOIER - Fakturafinansiering<\/title>\n<meta name=\"robots\" content=\"index, follow, max-snippet:-1, max-image-preview:large, max-video-preview:-1\" \/>\n<link rel=\"canonical\" href=\"https:\/\/invoier.com\/en\/login-option\/\" \/>\n<meta property=\"og:locale\" content=\"en_GB\" \/>\n<meta property=\"og:type\" content=\"article\" \/>\n<meta property=\"og:title\" content=\"login option - INVOIER - Fakturafinansiering\" \/>\n<meta property=\"og:description\" content=\"Logga in som FLEX-kund F\u00f6r registrerade kunder som s\u00e4ljer enstaka fakturor d\u00e5 och d\u00e5Logga in som PARTNER-kund F\u00f6r registrerade kunder som s\u00e4ljer hela sin fakturastockInget konto? Att ans\u00f6ka om ett konto p\u00e5 Invoier tar endast 2 minuter.Det \u00e4r sj\u00e4lvklart kostnadsfritt och villkorsl\u00f6st. Registrera ditt f\u00f6retag h\u00e4r\" \/>\n<meta property=\"og:url\" content=\"https:\/\/invoier.com\/en\/login-option\/\" \/>\n<meta property=\"og:site_name\" content=\"INVOIER - Fakturafinansiering\" \/>\n<meta property=\"article:modified_time\" content=\"2021-11-10T13:26:00+00:00\" \/>\n<meta name=\"twitter:card\" content=\"summary_large_image\" \/>\n<script type=\"application\/ld+json\" class=\"yoast-schema-graph\">{\"@context\":\"https:\\\/\\\/schema.org\",\"@graph\":[{\"@type\":\"WebPage\",\"@id\":\"https:\\\/\\\/invoier.com\\\/en\\\/login-option\\\/\",\"url\":\"https:\\\/\\\/invoier.com\\\/en\\\/login-option\\\/\",\"name\":\"login option - INVOIER - Fakturafinansiering\",\"isPartOf\":{\"@id\":\"https:\\\/\\\/invoier.com\\\/en\\\/#website\"},\"datePublished\":\"2021-10-13T14:14:15+00:00\",\"dateModified\":\"2021-11-10T13:26:00+00:00\",\"breadcrumb\":{\"@id\":\"https:\\\/\\\/invoier.com\\\/en\\\/login-option\\\/#breadcrumb\"},\"inLanguage\":\"en-GB\",\"potentialAction\":[{\"@type\":\"ReadAction\",\"target\":[\"https:\\\/\\\/invoier.com\\\/en\\\/login-option\\\/\"]}]},{\"@type\":\"BreadcrumbList\",\"@id\":\"https:\\\/\\\/invoier.com\\\/en\\\/login-option\\\/#breadcrumb\",\"itemListElement\":[{\"@type\":\"ListItem\",\"position\":1,\"name\":\"Home\",\"item\":\"https:\\\/\\\/invoier.com\\\/en\\\/\"},{\"@type\":\"ListItem\",\"position\":2,\"name\":\"login option\"}]},{\"@type\":\"WebSite\",\"@id\":\"https:\\\/\\\/invoier.com\\\/en\\\/#website\",\"url\":\"https:\\\/\\\/invoier.com\\\/en\\\/\",\"name\":\"INVOIER - Fakturafinansiering\",\"description\":\"Fakturafinansiering p\u00e5 dina villkor\",\"publisher\":{\"@id\":\"https:\\\/\\\/invoier.com\\\/en\\\/#organization\"},\"potentialAction\":[{\"@type\":\"SearchAction\",\"target\":{\"@type\":\"EntryPoint\",\"urlTemplate\":\"https:\\\/\\\/invoier.com\\\/en\\\/?s={search_term_string}\"},\"query-input\":{\"@type\":\"PropertyValueSpecification\",\"valueRequired\":true,\"valueName\":\"search_term_string\"}}],\"inLanguage\":\"en-GB\"},{\"@type\":\"Organization\",\"@id\":\"https:\\\/\\\/invoier.com\\\/en\\\/#organization\",\"name\":\"Invoier AB\",\"url\":\"https:\\\/\\\/invoier.com\\\/en\\\/\",\"logo\":{\"@type\":\"ImageObject\",\"inLanguage\":\"en-GB\",\"@id\":\"https:\\\/\\\/invoier.com\\\/en\\\/#\\\/schema\\\/logo\\\/image\\\/\",\"url\":\"https:\\\/\\\/invoier.com\\\/stg_a4e73\\\/wp-content\\\/uploads\\\/Stacked_Logo_Black-final-3.png\",\"contentUrl\":\"https:\\\/\\\/invoier.com\\\/stg_a4e73\\\/wp-content\\\/uploads\\\/Stacked_Logo_Black-final-3.png\",\"width\":338,\"height\":332,\"caption\":\"Invoier AB\"},\"image\":{\"@id\":\"https:\\\/\\\/invoier.com\\\/en\\\/#\\\/schema\\\/logo\\\/image\\\/\"}}]}<\/script>\n<!-- \/ Yoast SEO plugin. -->","yoast_head_json":{"title":"login option - INVOIER - Fakturafinansiering","robots":{"index":"index","follow":"follow","max-snippet":"max-snippet:-1","max-image-preview":"max-image-preview:large","max-video-preview":"max-video-preview:-1"},"canonical":"https:\/\/invoier.com\/en\/login-option\/","og_locale":"en_GB","og_type":"article","og_title":"login option - INVOIER - Fakturafinansiering","og_description":"Logga in som FLEX-kund F\u00f6r registrerade kunder som s\u00e4ljer enstaka fakturor d\u00e5 och d\u00e5Logga in som PARTNER-kund F\u00f6r registrerade kunder som s\u00e4ljer hela sin fakturastockInget konto? Att ans\u00f6ka om ett konto p\u00e5 Invoier tar endast 2 minuter.Det \u00e4r sj\u00e4lvklart kostnadsfritt och villkorsl\u00f6st. Registrera ditt f\u00f6retag h\u00e4r","og_url":"https:\/\/invoier.com\/en\/login-option\/","og_site_name":"INVOIER - Fakturafinansiering","article_modified_time":"2021-11-10T13:26:00+00:00","twitter_card":"summary_large_image","schema":{"@context":"https:\/\/schema.org","@graph":[{"@type":"WebPage","@id":"https:\/\/invoier.com\/en\/login-option\/","url":"https:\/\/invoier.com\/en\/login-option\/","name":"login option - INVOIER - Fakturafinansiering","isPartOf":{"@id":"https:\/\/invoier.com\/en\/#website"},"datePublished":"2021-10-13T14:14:15+00:00","dateModified":"2021-11-10T13:26:00+00:00","breadcrumb":{"@id":"https:\/\/invoier.com\/en\/login-option\/#breadcrumb"},"inLanguage":"en-GB","potentialAction":[{"@type":"ReadAction","target":["https:\/\/invoier.com\/en\/login-option\/"]}]},{"@type":"BreadcrumbList","@id":"https:\/\/invoier.com\/en\/login-option\/#breadcrumb","itemListElement":[{"@type":"ListItem","position":1,"name":"Home","item":"https:\/\/invoier.com\/en\/"},{"@type":"ListItem","position":2,"name":"login option"}]},{"@type":"WebSite","@id":"https:\/\/invoier.com\/en\/#website","url":"https:\/\/invoier.com\/en\/","name":"INVOIER - Fakturafinansiering","description":"Fakturafinansiering p\u00e5 dina villkor","publisher":{"@id":"https:\/\/invoier.com\/en\/#organization"},"potentialAction":[{"@type":"SearchAction","target":{"@type":"EntryPoint","urlTemplate":"https:\/\/invoier.com\/en\/?s={search_term_string}"},"query-input":{"@type":"PropertyValueSpecification","valueRequired":true,"valueName":"search_term_string"}}],"inLanguage":"en-GB"},{"@type":"Organization","@id":"https:\/\/invoier.com\/en\/#organization","name":"Invoier AB","url":"https:\/\/invoier.com\/en\/","logo":{"@type":"ImageObject","inLanguage":"en-GB","@id":"https:\/\/invoier.com\/en\/#\/schema\/logo\/image\/","url":"https:\/\/invoier.com\/stg_a4e73\/wp-content\/uploads\/Stacked_Logo_Black-final-3.png","contentUrl":"https:\/\/invoier.com\/stg_a4e73\/wp-content\/uploads\/Stacked_Logo_Black-final-3.png","width":338,"height":332,"caption":"Invoier AB"},"image":{"@id":"https:\/\/invoier.com\/en\/#\/schema\/logo\/image\/"}}]}},"_links":{"self":[{"href":"https:\/\/invoier.com\/en\/wp-json\/wp\/v2\/pages\/241353","targetHints":{"allow":["GET"]}}],"collection":[{"href":"https:\/\/invoier.com\/en\/wp-json\/wp\/v2\/pages"}],"about":[{"href":"https:\/\/invoier.com\/en\/wp-json\/wp\/v2\/types\/page"}],"author":[{"embeddable":true,"href":"https:\/\/invoier.com\/en\/wp-json\/wp\/v2\/users\/5"}],"replies":[{"embeddable":true,"href":"https:\/\/invoier.com\/en\/wp-json\/wp\/v2\/comments?post=241353"}],"version-history":[{"count":16,"href":"https:\/\/invoier.com\/en\/wp-json\/wp\/v2\/pages\/241353\/revisions"}],"predecessor-version":[{"id":241519,"href":"https:\/\/invoier.com\/en\/wp-json\/wp\/v2\/pages\/241353\/revisions\/241519"}],"wp:attachment":[{"href":"https:\/\/invoier.com\/en\/wp-json\/wp\/v2\/media?parent=241353"}],"curies":[{"name":"wp","href":"https:\/\/api.w.org\/{rel}","templated":true}]}}