{"id":240284,"date":"2021-09-15T17:23:10","date_gmt":"2021-09-15T15:23:10","guid":{"rendered":"https:\/\/invoier.com\/?page_id=240284"},"modified":"2023-10-09T19:19:21","modified_gmt":"2023-10-09T17:19:21","slug":"lp6-foretagslan","status":"publish","type":"page","link":"https:\/\/invoier.com\/en\/lp6-foretagslan\/","title":{"rendered":"Hem 6"},"content":{"rendered":"<p>[et_pb_section fb_built=&#8221;1&#8243; module_class=&#8221;inv-beach-bg&#8221; _builder_version=&#8221;4.16&#8243; _module_preset=&#8221;default&#8221; global_colors_info=&#8221;{}&#8221;][et_pb_row column_structure=&#8221;3_5,2_5&#8243; make_equal=&#8221;on&#8221; _builder_version=&#8221;4.16&#8243; _module_preset=&#8221;default&#8221; global_colors_info=&#8221;{}&#8221;][et_pb_column type=&#8221;3_5&#8243; module_class=&#8221;inv-right-border&#8221; _builder_version=&#8221;4.16&#8243; _module_preset=&#8221;default&#8221; global_colors_info=&#8221;{}&#8221;][et_pb_text _builder_version=&#8221;4.16&#8243; _module_preset=&#8221;default&#8221; global_colors_info=&#8221;{}&#8221;]<span class=\"inv-Leftlinetitle\">F\u00f6retagsl\u00e5n<\/span><\/p>\n<h2>Snabb hantering och utbetalning<\/h2>\n<p>Med ett f\u00f6retagsl\u00e5n ger du ditt f\u00f6retag en snabb skjuts fram\u00e5t och kan, efter bara en utbetalning, finansiera dina fortsatta planer, oavsett om det g\u00e4ller nya investeringar, utrustning eller fler anst\u00e4llda.<\/p>\n<ul class=\"inv-stdListing\">\n<li>L\u00e5net \u00e4r inte bindande<\/li>\n<li>L\u00f6s l\u00e5net n\u00e4r du vill utan extra kostnad<\/li>\n<li>Fr\u00e5n 5% \u00e5rlig r\u00e4nta och upp till 60 m\u00e5naders amorteringstid<\/li>\n<\/ul>\n<p>[\/et_pb_text][\/et_pb_column][et_pb_column type=&#8221;2_5&#8243; _builder_version=&#8221;4.16&#8243; _module_preset=&#8221;default&#8221; global_colors_info=&#8221;{}&#8221;][et_pb_text module_class=&#8221;inv-centerHeading-600&#8243; _builder_version=&#8221;4.16&#8243; _module_preset=&#8221;default&#8221; custom_margin=&#8221;||1px|||&#8221; custom_padding=&#8221;||||false|false&#8221; global_colors_info=&#8221;{}&#8221;]<\/p>\n<h4>Ans\u00f6k direkt eller l\u00e5t v\u00e5ra r\u00e5dgivare kontakta dig<\/h4>\n<p>[\/et_pb_text][et_pb_button button_url=&#8221;@ET-DC@eyJkeW5hbWljIjp0cnVlLCJjb250ZW50IjoicG9zdF9saW5rX3VybF9wYWdlIiwic2V0dGluZ3MiOnsicG9zdF9pZCI6IjI0MDMyNCJ9fQ==@&#8221; button_text=&#8221;Ans\u00f6k direkt&#8221; module_class=&#8221;inv-stdButton inv-btn-block-full inv-mt-10&#8243; _builder_version=&#8221;4.16&#8243; _dynamic_attributes=&#8221;button_url&#8221; _module_preset=&#8221;default&#8221; locked=&#8221;off&#8221; global_colors_info=&#8221;{}&#8221;][\/et_pb_button][et_pb_code _builder_version=&#8221;4.16&#8243; _module_preset=&#8221;default&#8221; global_colors_info=&#8221;{}&#8221;]<\/p>\n<div class=\"inv-or\"><!-- [et_pb_line_break_holder] -->  <span>eller<\/span><!-- [et_pb_line_break_holder] --><\/div>\n<p>[\/et_pb_code][et_pb_text module_class=&#8221;inv-form inv-combo-option inv-ButtonBlack inv-ipad-break&#8221; _builder_version=&#8221;4.16&#8243; _module_preset=&#8221;default&#8221; global_colors_info=&#8221;{}&#8221;]<\/p>\n\n<div class=\"wpcf7 no-js\" id=\"wpcf7-f240331-o1\" lang=\"en-US\" dir=\"ltr\" data-wpcf7-id=\"240331\">\n<div class=\"screen-reader-response\"><p role=\"status\" aria-live=\"polite\" aria-atomic=\"true\"><\/p> <ul><\/ul><\/div>\n<form action=\"\/en\/wp-json\/wp\/v2\/pages\/240284#wpcf7-f240331-o1\" method=\"post\" class=\"wpcf7-form init\" aria-label=\"Contact form\" novalidate=\"novalidate\" data-status=\"init\">\n<fieldset class=\"hidden-fields-container\"><input type=\"hidden\" name=\"_wpcf7\" value=\"240331\" \/><input type=\"hidden\" name=\"_wpcf7_version\" value=\"6.1.5\" \/><input type=\"hidden\" name=\"_wpcf7_locale\" value=\"en_US\" \/><input type=\"hidden\" name=\"_wpcf7_unit_tag\" value=\"wpcf7-f240331-o1\" \/><input type=\"hidden\" name=\"_wpcf7_container_post\" value=\"0\" \/><input type=\"hidden\" name=\"_wpcf7_posted_data_hash\" value=\"\" \/><input type=\"hidden\" name=\"_wpcf7_recaptcha_response\" value=\"\" \/>\n<\/fieldset>\n<div class=\"inv-row\">\n   <div class=\"inv-col-50\">\n      <label><span class=\"wpcf7-form-control-wrap\" data-name=\"your-email\"><input size=\"40\" maxlength=\"400\" class=\"wpcf7-form-control wpcf7-email wpcf7-validates-as-required wpcf7-text wpcf7-validates-as-email\" aria-required=\"true\" aria-invalid=\"false\" placeholder=\"namn@f\u00f6retag.com\" value=\"\" type=\"email\" name=\"your-email\" \/><\/span><\/label>\n   <\/div>\n   <div class=\"inv-col-50\">\n       <span class=\"wpcf7-form-control-wrap\" data-name=\"tel-433\"><input size=\"40\" maxlength=\"400\" class=\"wpcf7-form-control wpcf7-tel wpcf7-text wpcf7-validates-as-tel inv-tel-pb\" aria-invalid=\"false\" placeholder=\"Telefon\" value=\"\" type=\"tel\" name=\"tel-433\" \/><\/span>\n   <\/div>\n\n<input type=\"hidden\" name=\"page-title\" value=\"F\u00f6retagsl\u00e5n 1\">\n<input type=\"hidden\" name=\"page-url\" value=\"https:\/\/invoier.com\/lp6-foretagslan\/\">\n\n<\/div>\n\n<input class=\"wpcf7-form-control wpcf7-submit has-spinner\" type=\"submit\" value=\"Kontakta mig\" \/><div class=\"wpcf7-response-output\" aria-hidden=\"true\"><\/div>\n<\/form>\n<\/div>\n\n<p>[\/et_pb_text][\/et_pb_column][\/et_pb_row][\/et_pb_section][et_pb_section fb_built=&#8221;1&#8243; _builder_version=&#8221;4.16&#8243; _module_preset=&#8221;default&#8221; locked=&#8221;off&#8221; global_colors_info=&#8221;{}&#8221;][et_pb_row _builder_version=&#8221;4.16&#8243; _module_preset=&#8221;default&#8221; global_colors_info=&#8221;{}&#8221;][et_pb_column type=&#8221;4_4&#8243; _builder_version=&#8221;4.16&#8243; _module_preset=&#8221;default&#8221; global_colors_info=&#8221;{}&#8221;][et_pb_text module_class=&#8221;inv-centerHeading&#8221; _builder_version=&#8221;4.16&#8243; _module_preset=&#8221;default&#8221; global_colors_info=&#8221;{}&#8221;]<\/p>\n<h2>Vanliga fr\u00e5gor<\/h2>\n<p>[\/et_pb_text][\/et_pb_column][\/et_pb_row][et_pb_row column_padding_mobile=&#8221;on&#8221; custom_padding_last_edited=&#8221;on|phone&#8221; admin_label=&#8221;Row&#8221; module_class=&#8221;inv-faq-center&#8221; _builder_version=&#8221;4.16&#8243; background_size=&#8221;initial&#8221; background_position=&#8221;top_left&#8221; background_repeat=&#8221;repeat&#8221; custom_padding=&#8221;||0px||false|false&#8221; custom_padding_tablet=&#8221;||0px||false|false&#8221; custom_padding_phone=&#8221;&#8221; make_fullwidth=&#8221;off&#8221; use_custom_width=&#8221;off&#8221; width_unit=&#8221;on&#8221; global_colors_info=&#8221;{}&#8221;][et_pb_column type=&#8221;4_4&#8243; _builder_version=&#8221;4.16&#8243; custom_padding=&#8221;|||&#8221; global_colors_info=&#8221;{}&#8221; custom_padding__hover=&#8221;|||&#8221;][et_pb_divider color=&#8221;#222222&#8243; divider_weight=&#8221;2px&#8221; admin_label=&#8221;Divider&#8221; _builder_version=&#8221;4.16&#8243; height=&#8221;0px&#8221; hide_on_mobile=&#8221;off&#8221; global_colors_info=&#8221;{}&#8221;][\/et_pb_divider][et_pb_toggle title=&#8221;Vad baseras r\u00e4ntan p\u00e5?&#8221; open_toggle_text_color=&#8221;#000000&#8243; open_toggle_background_color=&#8221;rgba(0,0,0,0)&#8221; closed_toggle_text_color=&#8221;#000000&#8243; closed_toggle_background_color=&#8221;rgba(0,0,0,0)&#8221; icon_color=&#8221;#000000&#8243; open_icon_color=&#8221;#000000&#8243; admin_label=&#8221;Toggle&#8221; _builder_version=&#8221;4.16&#8243; title_text_color=&#8221;#000000&#8243; title_level=&#8221;h4&#8243; title_font=&#8221;|700|||||||&#8221; title_font_size=&#8221;24&#8243; body_font=&#8221;||||||||&#8221; body_text_color=&#8221;#666666&#8243; body_font_size=&#8221;18&#8243; body_line_height=&#8221;1.6em&#8221; background_color=&#8221;rgba(0,0,0,0)&#8221; background_size=&#8221;initial&#8221; background_position=&#8221;top_left&#8221; background_repeat=&#8221;repeat&#8221; custom_padding=&#8221;2px|0px|2px|0px&#8221; title_font_size_tablet=&#8221;18&#8243; title_font_size_phone=&#8221;&#8221; title_font_size_last_edited=&#8221;on|tablet&#8221; custom_css_toggle_icon=&#8221;font-size:20px;||&#8221; border_width_all=&#8221;0px&#8221; border_color_all=&#8221;#f7f7f7&#8243; border_style_all=&#8221;solid&#8221; use_border_color=&#8221;on&#8221; border_color=&#8221;#f7f7f7&#8243; border_style=&#8221;solid&#8221; global_colors_info=&#8221;{}&#8221;]<\/p>\n<p><span style=\"font-weight: 400;\">R\u00e4nta utg\u00e5r fr\u00e5n 5% per \u00e5r och varje f\u00f6retag bed\u00f6ms enskilt utifr\u00e5n riskbed\u00f6mning.<\/span><\/p>\n<p>[\/et_pb_toggle][et_pb_divider color=&#8221;#222222&#8243; divider_weight=&#8221;2px&#8221; admin_label=&#8221;Divider&#8221; _builder_version=&#8221;4.16&#8243; height=&#8221;0px&#8221; hide_on_mobile=&#8221;off&#8221; global_colors_info=&#8221;{}&#8221;][\/et_pb_divider][et_pb_toggle title=&#8221;Hur mycket kan jag l\u00e5na?&#8221; open_toggle_text_color=&#8221;#000000&#8243; open_toggle_background_color=&#8221;rgba(0,0,0,0)&#8221; closed_toggle_text_color=&#8221;#000000&#8243; closed_toggle_background_color=&#8221;rgba(0,0,0,0)&#8221; icon_color=&#8221;#000000&#8243; open_icon_color=&#8221;#000000&#8243; admin_label=&#8221;Toggle&#8221; _builder_version=&#8221;4.16&#8243; title_text_color=&#8221;#000000&#8243; title_level=&#8221;h4&#8243; title_font=&#8221;|700|||||||&#8221; title_font_size=&#8221;24&#8243; body_font=&#8221;||||||||&#8221; body_text_color=&#8221;#666666&#8243; body_font_size=&#8221;18&#8243; body_line_height=&#8221;1.6em&#8221; background_color=&#8221;rgba(0,0,0,0)&#8221; background_size=&#8221;initial&#8221; background_position=&#8221;top_left&#8221; background_repeat=&#8221;repeat&#8221; custom_padding=&#8221;2px|0px|2px|0px&#8221; title_font_size_tablet=&#8221;18&#8243; title_font_size_phone=&#8221;&#8221; title_font_size_last_edited=&#8221;on|tablet&#8221; custom_css_toggle_icon=&#8221;font-size:20px;||&#8221; border_width_all=&#8221;0px&#8221; border_color_all=&#8221;#f7f7f7&#8243; border_style_all=&#8221;solid&#8221; use_border_color=&#8221;on&#8221; border_color=&#8221;#f7f7f7&#8243; border_style=&#8221;solid&#8221; global_colors_info=&#8221;{}&#8221;]<\/p>\n<p><span style=\"font-weight: 400;\">Beloppet varierar mellan olika l\u00e5ntagare och baseras bl.a. p\u00e5 vad l\u00e5net avser, i kombination med en riskbed\u00f6mning. Invoier hanterar ofta l\u00e5n upp till 5 miljoner men kan \u00e4ven hj\u00e4lpa till vid f\u00f6rfr\u00e5gningar upp till 20 miljoner. <\/span><\/p>\n<p>&nbsp;<\/p>\n<p>[\/et_pb_toggle][et_pb_divider color=&#8221;#222222&#8243; divider_weight=&#8221;2px&#8221; admin_label=&#8221;Divider&#8221; _builder_version=&#8221;4.16&#8243; height=&#8221;0px&#8221; hide_on_mobile=&#8221;off&#8221; global_colors_info=&#8221;{}&#8221;][\/et_pb_divider][et_pb_toggle title=&#8221;Hur l\u00e5ng tid tar l\u00e5neprocessen? &#8221; open_toggle_text_color=&#8221;#000000&#8243; open_toggle_background_color=&#8221;rgba(0,0,0,0)&#8221; closed_toggle_text_color=&#8221;#000000&#8243; closed_toggle_background_color=&#8221;rgba(0,0,0,0)&#8221; icon_color=&#8221;#000000&#8243; open_icon_color=&#8221;#000000&#8243; admin_label=&#8221;Toggle&#8221; _builder_version=&#8221;4.16&#8243; title_text_color=&#8221;#000000&#8243; title_level=&#8221;h4&#8243; title_font=&#8221;|700|||||||&#8221; title_font_size=&#8221;24&#8243; body_font=&#8221;||||||||&#8221; body_text_color=&#8221;#666666&#8243; body_font_size=&#8221;18&#8243; body_line_height=&#8221;1.6em&#8221; background_color=&#8221;rgba(0,0,0,0)&#8221; background_size=&#8221;initial&#8221; background_position=&#8221;top_left&#8221; background_repeat=&#8221;repeat&#8221; custom_padding=&#8221;2px|0px|2px|0px&#8221; title_font_size_tablet=&#8221;18&#8243; title_font_size_phone=&#8221;&#8221; title_font_size_last_edited=&#8221;on|tablet&#8221; custom_css_toggle_icon=&#8221;font-size:20px;||&#8221; border_width_all=&#8221;0px&#8221; border_color_all=&#8221;#f7f7f7&#8243; border_style_all=&#8221;solid&#8221; use_border_color=&#8221;on&#8221; border_color=&#8221;#f7f7f7&#8243; border_style=&#8221;solid&#8221; global_colors_info=&#8221;{}&#8221;]<\/p>\n<p><span style=\"font-weight: 400;\">Oftast behandlar vi din ans\u00f6kan inom 24 timmar och utbetalning kan ske s\u00e5 fort <a href=\"https:\/\/invoier.com\/ansokan\/\" target=\"_blank\" rel=\"noopener\" title=\"Invoier - f\u00f6retagsl\u00e5n\">ans\u00f6kan<\/a> \u00e4r godk\u00e4nd. <\/span><\/p>\n<p>[\/et_pb_toggle][et_pb_divider color=&#8221;#222222&#8243; divider_weight=&#8221;2px&#8221; admin_label=&#8221;Divider&#8221; _builder_version=&#8221;4.16&#8243; height=&#8221;0px&#8221; hide_on_mobile=&#8221;off&#8221; global_colors_info=&#8221;{}&#8221;][\/et_pb_divider][\/et_pb_column][\/et_pb_row][et_pb_row _builder_version=&#8221;4.16&#8243; _module_preset=&#8221;default&#8221; global_colors_info=&#8221;{}&#8221;][et_pb_column type=&#8221;4_4&#8243; _builder_version=&#8221;4.16&#8243; _module_preset=&#8221;default&#8221; global_colors_info=&#8221;{}&#8221;][et_pb_blurb image=&#8221;https:\/\/invoier.com\/wp-content\/uploads\/2021\/01\/european-union.png&#8221; alt=&#8221;saas&#8221; icon_placement=&#8221;left&#8221; content_max_width=&#8221;400px&#8221; module_class=&#8221;inv-blurb&#8221; _builder_version=&#8221;4.16&#8243; _module_preset=&#8221;default&#8221; header_text_align=&#8221;left&#8221; body_text_align=&#8221;left&#8221; module_alignment=&#8221;center&#8221; link_option_url_new_window=&#8221;on&#8221; locked=&#8221;off&#8221; global_colors_info=&#8221;{}&#8221;]<\/p>\n<p>Invoier finansieras av EU i syfte att f\u00f6rb\u00e4ttra de finansiella villkoren f\u00f6r sm\u00e5- och medelstora f\u00f6retag.<\/p>\n<p>[\/et_pb_blurb][\/et_pb_column][\/et_pb_row][\/et_pb_section][et_pb_section fb_built=&#8221;1&#8243; module_class=&#8221;inv-contactPerson&#8221; _builder_version=&#8221;4.16&#8243; _module_preset=&#8221;default&#8221; locked=&#8221;off&#8221; global_colors_info=&#8221;{}&#8221;][et_pb_row _builder_version=&#8221;4.16&#8243; _module_preset=&#8221;default&#8221; locked=&#8221;off&#8221; global_colors_info=&#8221;{}&#8221;][et_pb_column type=&#8221;4_4&#8243; _builder_version=&#8221;4.16&#8243; _module_preset=&#8221;default&#8221; global_colors_info=&#8221;{}&#8221;][et_pb_text module_class=&#8221;inv-centerHeading&#8221; _builder_version=&#8221;4.16&#8243; _module_preset=&#8221;default&#8221; global_colors_info=&#8221;{}&#8221;]<\/p>\n<h2>Vi hj\u00e4lper dig kostnadsfritt att hitta r\u00e4tt f\u00f6retagsl\u00e5n!<\/h2>\n<p>[\/et_pb_text][\/et_pb_column][\/et_pb_row][et_pb_row module_class=&#8221;inv-contact-wrapper&#8221; _builder_version=&#8221;4.22.2&#8243; _module_preset=&#8221;default&#8221; hover_enabled=&#8221;0&#8243; global_colors_info=&#8221;{}&#8221; sticky_enabled=&#8221;0&#8243; module_alignment=&#8221;center&#8221;][et_pb_column type=&#8221;4_4&#8243; _builder_version=&#8221;4.16&#8243; _module_preset=&#8221;default&#8221; global_colors_info=&#8221;{}&#8221;][et_pb_team_member name=&#8221;Henrik Windahl&#8221; image_url=&#8221;https:\/\/invoier.com\/wp-content\/uploads\/Henrik-Windahl.jpg&#8221; module_class=&#8221;inv-contact-person inv-first-ctcPrsn&#8221; _builder_version=&#8221;4.22.2&#8243; _module_preset=&#8221;default&#8221; hover_enabled=&#8221;0&#8243; global_colors_info=&#8221;{}&#8221; width=&#8221;50%&#8221; sticky_enabled=&#8221;0&#8243; position=&#8221;Sales Manager&#8221; module_alignment=&#8221;center&#8221; title_text=&#8221;Henrik-Windahl&#8221;]<\/p>\n<div class=\"inv-person-contact\"><a href=\"tel:+46%20(0)%20707%20657296\">+46 (0) 707657296<\/a><br \/><a href=\"mailto:henrik.windahl@invoier.com%20?subject=Invoier%20f\u00f6retagsfinansiering%20&amp;body=Hej%20Henrik%20%0D%0A%20%0D%0A%20Jag%20vill%20g\u00e4rna%20veta%20mer%20om%20m\u00f6jligheter%20till%20f\u00f6retagsfinansiering%20via%20Invoier.%20%0D%0A%20%0D%0A%20Mitt%20namn:%20%0D%0A%20Mitt%20f\u00f6retag:%20%20%0D%0A%20Mitt%20telefonnummer:%20%0D%0A%20\">henrik.windahl@invoier.com<\/a><\/div>\n<p>[\/et_pb_team_member][\/et_pb_column][\/et_pb_row][\/et_pb_section]<\/p>\n","protected":false},"excerpt":{"rendered":"<p>F\u00f6retagsl\u00e5n Snabb hantering och utbetalning Med ett f\u00f6retagsl\u00e5n ger du ditt f\u00f6retag en snabb skjuts fram\u00e5t och kan, efter bara en utbetalning, finansiera dina fortsatta planer, oavsett om det g\u00e4ller nya investeringar, utrustning eller fler anst\u00e4llda. L\u00e5net \u00e4r inte bindande L\u00f6s l\u00e5net n\u00e4r du vill utan extra kostnad Fr\u00e5n 5% \u00e5rlig r\u00e4nta och upp till [&hellip;]<\/p>\n","protected":false},"author":5,"featured_media":0,"parent":0,"menu_order":0,"comment_status":"closed","ping_status":"closed","template":"","meta":{"_et_pb_use_builder":"on","_et_pb_old_content":"","_et_gb_content_width":"","footnotes":""},"class_list":["post-240284","page","type-page","status-publish","hentry"],"yoast_head":"<!-- This site is optimized with the Yoast SEO plugin v27.3 - https:\/\/yoast.com\/product\/yoast-seo-wordpress\/ -->\n<title>F\u00f6retagsl\u00e5n fr\u00e5n 5% r\u00e4nta - INVOIER<\/title>\n<meta name=\"description\" content=\"J\u00e4mf\u00f6r f\u00f6retagsl\u00e5n fr\u00e5n 18 l\u00e5ngivare och presenterar det b\u00e4sta f\u00f6r dig. Upp till 60 m\u00e5naders amorteringstid. L\u00f6s l\u00e5net utan extra kostnad.\" \/>\n<meta name=\"robots\" content=\"noindex, nofollow\" \/>\n<meta property=\"og:locale\" content=\"en_GB\" \/>\n<meta property=\"og:type\" content=\"article\" \/>\n<meta property=\"og:title\" content=\"F\u00f6retagsl\u00e5n fr\u00e5n 5% r\u00e4nta - INVOIER\" \/>\n<meta property=\"og:description\" content=\"J\u00e4mf\u00f6r f\u00f6retagsl\u00e5n fr\u00e5n 18 l\u00e5ngivare och presenterar det b\u00e4sta f\u00f6r dig. Upp till 60 m\u00e5naders amorteringstid. L\u00f6s l\u00e5net utan extra kostnad.\" \/>\n<meta property=\"og:url\" content=\"https:\/\/invoier.com\/en\/lp6-foretagslan\/\" \/>\n<meta property=\"og:site_name\" content=\"INVOIER - Fakturafinansiering\" \/>\n<meta property=\"article:modified_time\" content=\"2023-10-09T17:19:21+00:00\" \/>\n<meta name=\"twitter:card\" content=\"summary_large_image\" \/>\n<meta name=\"twitter:label1\" content=\"Estimated reading time\" \/>\n\t<meta name=\"twitter:data1\" content=\"3 minutes\" \/>\n<script type=\"application\/ld+json\" class=\"yoast-schema-graph\">{\"@context\":\"https:\\\/\\\/schema.org\",\"@graph\":[{\"@type\":\"WebPage\",\"@id\":\"https:\\\/\\\/invoier.com\\\/en\\\/lp6-foretagslan\\\/\",\"url\":\"https:\\\/\\\/invoier.com\\\/en\\\/lp6-foretagslan\\\/\",\"name\":\"F\u00f6retagsl\u00e5n fr\u00e5n 5% r\u00e4nta - INVOIER\",\"isPartOf\":{\"@id\":\"https:\\\/\\\/invoier.com\\\/en\\\/#website\"},\"datePublished\":\"2021-09-15T15:23:10+00:00\",\"dateModified\":\"2023-10-09T17:19:21+00:00\",\"description\":\"J\u00e4mf\u00f6r f\u00f6retagsl\u00e5n fr\u00e5n 18 l\u00e5ngivare och presenterar det b\u00e4sta f\u00f6r dig. Upp till 60 m\u00e5naders amorteringstid. L\u00f6s l\u00e5net utan extra kostnad.\",\"breadcrumb\":{\"@id\":\"https:\\\/\\\/invoier.com\\\/en\\\/lp6-foretagslan\\\/#breadcrumb\"},\"inLanguage\":\"en-GB\",\"potentialAction\":[{\"@type\":\"ReadAction\",\"target\":[\"https:\\\/\\\/invoier.com\\\/en\\\/lp6-foretagslan\\\/\"]}]},{\"@type\":\"BreadcrumbList\",\"@id\":\"https:\\\/\\\/invoier.com\\\/en\\\/lp6-foretagslan\\\/#breadcrumb\",\"itemListElement\":[{\"@type\":\"ListItem\",\"position\":1,\"name\":\"Home\",\"item\":\"https:\\\/\\\/invoier.com\\\/en\\\/\"},{\"@type\":\"ListItem\",\"position\":2,\"name\":\"Hem 6\"}]},{\"@type\":\"WebSite\",\"@id\":\"https:\\\/\\\/invoier.com\\\/en\\\/#website\",\"url\":\"https:\\\/\\\/invoier.com\\\/en\\\/\",\"name\":\"INVOIER - Fakturafinansiering\",\"description\":\"Fakturafinansiering p\u00e5 dina villkor\",\"publisher\":{\"@id\":\"https:\\\/\\\/invoier.com\\\/en\\\/#organization\"},\"potentialAction\":[{\"@type\":\"SearchAction\",\"target\":{\"@type\":\"EntryPoint\",\"urlTemplate\":\"https:\\\/\\\/invoier.com\\\/en\\\/?s={search_term_string}\"},\"query-input\":{\"@type\":\"PropertyValueSpecification\",\"valueRequired\":true,\"valueName\":\"search_term_string\"}}],\"inLanguage\":\"en-GB\"},{\"@type\":\"Organization\",\"@id\":\"https:\\\/\\\/invoier.com\\\/en\\\/#organization\",\"name\":\"Invoier AB\",\"url\":\"https:\\\/\\\/invoier.com\\\/en\\\/\",\"logo\":{\"@type\":\"ImageObject\",\"inLanguage\":\"en-GB\",\"@id\":\"https:\\\/\\\/invoier.com\\\/en\\\/#\\\/schema\\\/logo\\\/image\\\/\",\"url\":\"https:\\\/\\\/invoier.com\\\/stg_a4e73\\\/wp-content\\\/uploads\\\/Stacked_Logo_Black-final-3.png\",\"contentUrl\":\"https:\\\/\\\/invoier.com\\\/stg_a4e73\\\/wp-content\\\/uploads\\\/Stacked_Logo_Black-final-3.png\",\"width\":338,\"height\":332,\"caption\":\"Invoier AB\"},\"image\":{\"@id\":\"https:\\\/\\\/invoier.com\\\/en\\\/#\\\/schema\\\/logo\\\/image\\\/\"}}]}<\/script>\n<!-- \/ Yoast SEO plugin. -->","yoast_head_json":{"title":"F\u00f6retagsl\u00e5n fr\u00e5n 5% r\u00e4nta - INVOIER","description":"J\u00e4mf\u00f6r f\u00f6retagsl\u00e5n fr\u00e5n 18 l\u00e5ngivare och presenterar det b\u00e4sta f\u00f6r dig. Upp till 60 m\u00e5naders amorteringstid. L\u00f6s l\u00e5net utan extra kostnad.","robots":{"index":"noindex","follow":"nofollow"},"og_locale":"en_GB","og_type":"article","og_title":"F\u00f6retagsl\u00e5n fr\u00e5n 5% r\u00e4nta - INVOIER","og_description":"J\u00e4mf\u00f6r f\u00f6retagsl\u00e5n fr\u00e5n 18 l\u00e5ngivare och presenterar det b\u00e4sta f\u00f6r dig. Upp till 60 m\u00e5naders amorteringstid. L\u00f6s l\u00e5net utan extra kostnad.","og_url":"https:\/\/invoier.com\/en\/lp6-foretagslan\/","og_site_name":"INVOIER - Fakturafinansiering","article_modified_time":"2023-10-09T17:19:21+00:00","twitter_card":"summary_large_image","twitter_misc":{"Estimated reading time":"3 minutes"},"schema":{"@context":"https:\/\/schema.org","@graph":[{"@type":"WebPage","@id":"https:\/\/invoier.com\/en\/lp6-foretagslan\/","url":"https:\/\/invoier.com\/en\/lp6-foretagslan\/","name":"F\u00f6retagsl\u00e5n fr\u00e5n 5% r\u00e4nta - INVOIER","isPartOf":{"@id":"https:\/\/invoier.com\/en\/#website"},"datePublished":"2021-09-15T15:23:10+00:00","dateModified":"2023-10-09T17:19:21+00:00","description":"J\u00e4mf\u00f6r f\u00f6retagsl\u00e5n fr\u00e5n 18 l\u00e5ngivare och presenterar det b\u00e4sta f\u00f6r dig. Upp till 60 m\u00e5naders amorteringstid. L\u00f6s l\u00e5net utan extra kostnad.","breadcrumb":{"@id":"https:\/\/invoier.com\/en\/lp6-foretagslan\/#breadcrumb"},"inLanguage":"en-GB","potentialAction":[{"@type":"ReadAction","target":["https:\/\/invoier.com\/en\/lp6-foretagslan\/"]}]},{"@type":"BreadcrumbList","@id":"https:\/\/invoier.com\/en\/lp6-foretagslan\/#breadcrumb","itemListElement":[{"@type":"ListItem","position":1,"name":"Home","item":"https:\/\/invoier.com\/en\/"},{"@type":"ListItem","position":2,"name":"Hem 6"}]},{"@type":"WebSite","@id":"https:\/\/invoier.com\/en\/#website","url":"https:\/\/invoier.com\/en\/","name":"INVOIER - Fakturafinansiering","description":"Fakturafinansiering p\u00e5 dina villkor","publisher":{"@id":"https:\/\/invoier.com\/en\/#organization"},"potentialAction":[{"@type":"SearchAction","target":{"@type":"EntryPoint","urlTemplate":"https:\/\/invoier.com\/en\/?s={search_term_string}"},"query-input":{"@type":"PropertyValueSpecification","valueRequired":true,"valueName":"search_term_string"}}],"inLanguage":"en-GB"},{"@type":"Organization","@id":"https:\/\/invoier.com\/en\/#organization","name":"Invoier AB","url":"https:\/\/invoier.com\/en\/","logo":{"@type":"ImageObject","inLanguage":"en-GB","@id":"https:\/\/invoier.com\/en\/#\/schema\/logo\/image\/","url":"https:\/\/invoier.com\/stg_a4e73\/wp-content\/uploads\/Stacked_Logo_Black-final-3.png","contentUrl":"https:\/\/invoier.com\/stg_a4e73\/wp-content\/uploads\/Stacked_Logo_Black-final-3.png","width":338,"height":332,"caption":"Invoier AB"},"image":{"@id":"https:\/\/invoier.com\/en\/#\/schema\/logo\/image\/"}}]}},"_links":{"self":[{"href":"https:\/\/invoier.com\/en\/wp-json\/wp\/v2\/pages\/240284","targetHints":{"allow":["GET"]}}],"collection":[{"href":"https:\/\/invoier.com\/en\/wp-json\/wp\/v2\/pages"}],"about":[{"href":"https:\/\/invoier.com\/en\/wp-json\/wp\/v2\/types\/page"}],"author":[{"embeddable":true,"href":"https:\/\/invoier.com\/en\/wp-json\/wp\/v2\/users\/5"}],"replies":[{"embeddable":true,"href":"https:\/\/invoier.com\/en\/wp-json\/wp\/v2\/comments?post=240284"}],"version-history":[{"count":38,"href":"https:\/\/invoier.com\/en\/wp-json\/wp\/v2\/pages\/240284\/revisions"}],"predecessor-version":[{"id":244702,"href":"https:\/\/invoier.com\/en\/wp-json\/wp\/v2\/pages\/240284\/revisions\/244702"}],"wp:attachment":[{"href":"https:\/\/invoier.com\/en\/wp-json\/wp\/v2\/media?parent=240284"}],"curies":[{"name":"wp","href":"https:\/\/api.w.org\/{rel}","templated":true}]}}