{"id":239870,"date":"2021-08-24T07:22:38","date_gmt":"2021-08-24T05:22:38","guid":{"rendered":"https:\/\/invoier.com\/?page_id=239870"},"modified":"2021-11-30T14:28:04","modified_gmt":"2021-11-30T13:28:04","slug":"lp1-salja-fakturor","status":"publish","type":"page","link":"https:\/\/invoier.com\/en\/lp1-salja-fakturor\/","title":{"rendered":"Hem 1"},"content":{"rendered":"\n[et_pb_section fb_built=&#8221;1&#8243; _builder_version=&#8221;4.6.1&#8243; _module_preset=&#8221;default&#8221; global_colors_info=&#8221;{}&#8221;][et_pb_row column_structure=&#8221;1_2,1_2&#8243; make_equal=&#8221;on&#8221; module_class=&#8221;custom_row&#8221; _builder_version=&#8221;4.6.1&#8243; _module_preset=&#8221;default&#8221; global_colors_info=&#8221;{}&#8221;][et_pb_column type=&#8221;1_2&#8243; module_class=&#8221;first-on-mobile  inv-vertCenter&#8221; _builder_version=&#8221;4.6.1&#8243; _module_preset=&#8221;default&#8221; global_colors_info=&#8221;{}&#8221;][et_pb_text _builder_version=&#8221;4.12.1&#8243; _module_preset=&#8221;default&#8221; global_colors_info=&#8221;{}&#8221;]<h1>S\u00e4lj dina fakturor<\/h1>\n<p class=\"inv-subheading\">h\u00e4r kan du s\u00e4lja fakturor och f\u00e5 offert p\u00e5 b\u00e4sta marknadspris!<\/p>[\/et_pb_text][et_pb_image src=&#8221;https:\/\/invoier.com\/wp-content\/uploads\/factoring-sw-inverted.jpg&#8221; alt=&#8221;S\u00e4lja fakturor via Invoier&#8221; title_text=&#8221;Invoiers marknadsplats f\u00f6r fakturor&#8221; _builder_version=&#8221;4.12.1&#8243; _module_preset=&#8221;default&#8221; global_colors_info=&#8221;{}&#8221;][\/et_pb_image][\/et_pb_column][et_pb_column type=&#8221;1_2&#8243; module_class=&#8221;second-on-mobile inv-vertCenter&#8221; _builder_version=&#8221;4.6.1&#8243; _module_preset=&#8221;default&#8221; global_colors_info=&#8221;{}&#8221;][et_pb_text module_class=&#8221;inv-form inv-sm-form inv-color-form&#8221; _builder_version=&#8221;4.6.1&#8243; _module_preset=&#8221;default&#8221; global_colors_info=&#8221;{}&#8221;]\n<div class=\"wpcf7 no-js\" id=\"wpcf7-f239883-o1\" lang=\"en-US\" dir=\"ltr\" data-wpcf7-id=\"239883\">\n<div class=\"screen-reader-response\"><p role=\"status\" aria-live=\"polite\" aria-atomic=\"true\"><\/p> <ul><\/ul><\/div>\n<form action=\"\/en\/wp-json\/wp\/v2\/pages\/239870#wpcf7-f239883-o1\" method=\"post\" class=\"wpcf7-form init\" aria-label=\"Contact form\" novalidate=\"novalidate\" data-status=\"init\">\n<fieldset class=\"hidden-fields-container\"><input type=\"hidden\" name=\"_wpcf7\" value=\"239883\" \/><input type=\"hidden\" name=\"_wpcf7_version\" value=\"6.1.5\" \/><input type=\"hidden\" name=\"_wpcf7_locale\" value=\"en_US\" \/><input type=\"hidden\" name=\"_wpcf7_unit_tag\" value=\"wpcf7-f239883-o1\" \/><input type=\"hidden\" name=\"_wpcf7_container_post\" value=\"0\" \/><input type=\"hidden\" name=\"_wpcf7_posted_data_hash\" value=\"\" \/><input type=\"hidden\" name=\"_wpcf7_recaptcha_response\" value=\"\" \/>\n<\/fieldset>\n<h4>Fyll i formul\u00e4ret s\u00e5 \u00e5terkommer vi till dig inom kort med en offert<\/h4>\n\n<div class=\"inv-row\">\n <div class=\"inv-col-50\">\n  <label><span class=\"wpcf7-form-control-wrap\" data-name=\"number-invoice\"><input class=\"wpcf7-form-control wpcf7-number wpcf7-validates-as-required wpcf7-validates-as-number\" aria-required=\"true\" aria-invalid=\"false\" value=\"\" type=\"number\" name=\"number-invoice\" \/><\/span>Antal fakturor att s\u00e4lja (ca)<\/label>\n <\/div>\n <div class=\"inv-col-50\">\n  <label><span class=\"wpcf7-form-control-wrap\" data-name=\"number-avg-amount\"><input class=\"wpcf7-form-control wpcf7-number wpcf7-validates-as-required wpcf7-validates-as-number\" aria-required=\"true\" aria-invalid=\"false\" value=\"\" type=\"number\" name=\"number-avg-amount\" \/><\/span>Snittbelopp per faktura (ca)<\/label>\n <\/div>\n<\/div>\n\n<label><span class=\"wpcf7-form-control-wrap\" data-name=\"your-customer\"><input size=\"40\" maxlength=\"400\" class=\"wpcf7-form-control wpcf7-text\" aria-invalid=\"false\" value=\"\" type=\"text\" name=\"your-customer\" \/><\/span> Din kund\/fakturamottagare <span class=\"inv-no-bold\">(ej obligatoriskt)<\/span><\/label>\n\n<label><span class=\"wpcf7-form-control-wrap\" data-name=\"your-name\"><input size=\"40\" maxlength=\"400\" class=\"wpcf7-form-control wpcf7-text wpcf7-validates-as-required\" aria-required=\"true\" aria-invalid=\"false\" value=\"\" type=\"text\" name=\"your-name\" \/><\/span>Ditt namn<\/label>\n\n<label><span class=\"wpcf7-form-control-wrap\" data-name=\"your-business\"><input size=\"40\" maxlength=\"400\" class=\"wpcf7-form-control wpcf7-text wpcf7-validates-as-required\" aria-required=\"true\" aria-invalid=\"false\" value=\"\" type=\"text\" name=\"your-business\" \/><\/span>Ditt f\u00f6retag<\/label>\n\n<div class=\"inv-row\">\n <div class=\"inv-col-50\">\n  <label><span class=\"wpcf7-form-control-wrap\" data-name=\"your-email\"><input size=\"40\" maxlength=\"400\" class=\"wpcf7-form-control wpcf7-email wpcf7-validates-as-required wpcf7-text wpcf7-validates-as-email\" aria-required=\"true\" aria-invalid=\"false\" value=\"\" type=\"email\" name=\"your-email\" \/><\/span>E-post<\/label>\n <\/div>\n <div class=\"inv-col-50\">\n  <label><span class=\"wpcf7-form-control-wrap\" data-name=\"your-phone\"><input size=\"40\" maxlength=\"400\" class=\"wpcf7-form-control wpcf7-text wpcf7-validates-as-required\" aria-required=\"true\" aria-invalid=\"false\" value=\"\" type=\"text\" name=\"your-phone\" \/><\/span>Telefon<\/label>\n <\/div>\n\n<input type=\"hidden\" name=\"page-title\" value=\"S\u00e4lj dina fakturor\">\n<input type=\"hidden\" name=\"page-url\" value=\"https:\/\/invoier.com\/lp1-salja-fakturor\/\">\n<\/div>\n\n<input class=\"wpcf7-form-control wpcf7-submit has-spinner inv-mt-20\" type=\"submit\" value=\"Skicka offert\" \/><div class=\"wpcf7-response-output\" aria-hidden=\"true\"><\/div>\n<\/form>\n<\/div>\n[\/et_pb_text][\/et_pb_column][\/et_pb_row][\/et_pb_section][et_pb_section fb_built=&#8221;1&#8243; _builder_version=&#8221;4.6.1&#8243; _module_preset=&#8221;default&#8221; custom_padding=&#8221;0px|||||&#8221; border_radii=&#8221;off||||&#8221; border_color_top=&#8221;#efefef&#8221; global_colors_info=&#8221;{}&#8221;][et_pb_row column_structure=&#8221;1_2,1_2&#8243; make_equal=&#8221;on&#8221; _builder_version=&#8221;4.6.1&#8243; _module_preset=&#8221;default&#8221; custom_padding=&#8221;64px|||||&#8221; border_width_top=&#8221;1px&#8221; border_color_top=&#8221;#ededed&#8221; global_colors_info=&#8221;{}&#8221;][et_pb_column type=&#8221;1_2&#8243; _builder_version=&#8221;4.6.1&#8243; _module_preset=&#8221;default&#8221; animation_style=&#8221;slide&#8221; animation_direction=&#8221;bottom&#8221; animation_intensity_slide=&#8221;10%&#8221; global_colors_info=&#8221;{}&#8221;][et_pb_text _builder_version=&#8221;4.12.1&#8243; _module_preset=&#8221;default&#8221; hover_enabled=&#8221;0&#8243; locked=&#8221;off&#8221; global_colors_info=&#8221;{}&#8221; sticky_enabled=&#8221;0&#8243;]<h3>Hur g\u00e5r det till att s\u00e4lja fakturor?<\/h3>\n<p>F\u00f6r att handla med fakturor registrerar du dig gratis hos Invoier. Efter att du f\u00e5tt access till marknadsplatsen kan du ladda upp fakturor och se vad v\u00e5ra k\u00f6pare betalar f\u00f6r fakturorna. Du v\u00e4ljer sedan om du vill acceptera prisf\u00f6rslaget, som inte p\u00e5 n\u00e5got s\u00e4tt \u00e4r bindande. V\u00e4lj mellan att f\u00e5 hj\u00e4lp av v\u00e5ra handl\u00e4ggare eller g\u00f6r det sj\u00e4lv helt digitalt via invoier.com n\u00e4r det passar dig.<\/p>\n<p><strong>Om marknadsplatsen<\/strong><br \/>Invoiers marknadsplats f\u00f6r k\u00f6p och s\u00e4lj av fakturor g\u00f6r det m\u00f6jligt f\u00f6r nya typer av k\u00f6pare att f\u00e5 access till fakturahandelsmarknaden, samtidigt som s\u00e4ljare av fakturor kan f\u00e5 priserna automatiskt konkurrensutsatta, d\u00e5 de olika k\u00f6parna budar p\u00e5 fakturorna. Vi pressar priserna och j\u00e4mf\u00f6r olika k\u00f6pares pris \u00e5t dig och presenterar direkt b\u00e4sta m\u00f6jliga pris p\u00e5 marknadsplatsen. Genom att s\u00e4lja fakturor l\u00f6pande kan du f\u00f6rb\u00e4ttra f\u00f6retagets likviditet utan att beh\u00f6va ta l\u00e5ngvariga f\u00f6retagsl\u00e5n. P\u00e5 Invoiers marknadsplats \u00e4r det gratis att vara registrerad och det f\u00f6rpliktigar dig inte till att s\u00e4lja n\u00e5got. Du best\u00e4mmer sj\u00e4lv helt och h\u00e5ller n\u00e4r och om du vill s\u00e4lja fakturor.<\/p>[\/et_pb_text][et_pb_blurb image=&#8221;https:\/\/invoier.com\/wp-content\/uploads\/2021\/01\/european-union.png&#8221; alt=&#8221;saas&#8221; icon_placement=&#8221;left&#8221; content_max_width=&#8221;800px&#8221; module_class=&#8221;inv-blurb inv-blurb-vCenter inv-pt-20&#8243; _builder_version=&#8221;4.6.1&#8243; _module_preset=&#8221;default&#8221; header_text_align=&#8221;left&#8221; body_text_align=&#8221;left&#8221; global_colors_info=&#8221;{}&#8221;]Invoier finansieras av EU i syfte att f\u00f6rb\u00e4ttra de finansiella villkoren f\u00f6r sm\u00e5- och medelstora f\u00f6retag.[\/et_pb_blurb][\/et_pb_column][et_pb_column type=&#8221;1_2&#8243; _builder_version=&#8221;4.6.1&#8243; _module_preset=&#8221;default&#8221; animation_style=&#8221;slide&#8221; animation_direction=&#8221;bottom&#8221; animation_delay=&#8221;300ms&#8221; animation_intensity_slide=&#8221;10%&#8221; global_colors_info=&#8221;{}&#8221;][et_pb_blurb title=&#8221;Prispressat&#8221; image=&#8221;https:\/\/invoier.com\/wp-content\/uploads\/inv-bid.png&#8221; alt=&#8221;Bid Marketplace&#8221; icon_placement=&#8221;left&#8221; content_max_width=&#8221;800px&#8221; module_class=&#8221;inv-blurb&#8221; _builder_version=&#8221;4.6.1&#8243; _module_preset=&#8221;default&#8221; header_text_align=&#8221;left&#8221; body_text_align=&#8221;left&#8221; global_colors_info=&#8221;{}&#8221;]vi hj\u00e4lper dig att hitta b\u00e4sta m\u00f6jliga pris bland flera k\u00f6pare av fakturor p\u00e5 v\u00e5r marknadsplats[\/et_pb_blurb][et_pb_blurb title=&#8221;Flexibilitet&#8221; image=&#8221;https:\/\/invoier.com\/wp-content\/uploads\/2021\/01\/inv-delayPayment.png&#8221; alt=&#8221;Delay Payment&#8221; icon_placement=&#8221;left&#8221; content_max_width=&#8221;800px&#8221; module_class=&#8221;inv-blurb&#8221; _builder_version=&#8221;4.6.1&#8243; _module_preset=&#8221;default&#8221; header_text_align=&#8221;left&#8221; body_text_align=&#8221;left&#8221; global_colors_info=&#8221;{}&#8221;]s\u00e4lj n\u00e4r du vill, enstaka fakturor eller l\u00f6pande[\/et_pb_blurb][et_pb_blurb title=&#8221;Transparens&#8221; image=&#8221;https:\/\/invoier.com\/wp-content\/uploads\/2021\/01\/inv-fullPercent.png&#8221; alt=&#8221;Invoier 100%&#8221; icon_placement=&#8221;left&#8221; content_max_width=&#8221;800px&#8221; module_class=&#8221;inv-blurb&#8221; _builder_version=&#8221;4.6.1&#8243; _module_preset=&#8221;default&#8221; header_text_align=&#8221;left&#8221; body_text_align=&#8221;left&#8221; global_colors_info=&#8221;{}&#8221;]inga dolda eller of\u00f6rutsedda avgifter[\/et_pb_blurb][\/et_pb_column][\/et_pb_row][\/et_pb_section]\n","protected":false},"excerpt":{"rendered":"<p>S\u00e4lj dina fakturor h\u00e4r kan du s\u00e4lja fakturor och f\u00e5 offert p\u00e5 b\u00e4sta marknadspris!\n<div class=\"wpcf7 no-js\" id=\"wpcf7-f239883-o2\" lang=\"en-US\" dir=\"ltr\" data-wpcf7-id=\"239883\">\n<div class=\"screen-reader-response\"><p role=\"status\" aria-live=\"polite\" aria-atomic=\"true\"><\/p> <ul><\/ul><\/div>\n<form action=\"\/en\/wp-json\/wp\/v2\/pages\/239870#wpcf7-f239883-o2\" method=\"post\" class=\"wpcf7-form init\" aria-label=\"Contact form\" novalidate=\"novalidate\" data-status=\"init\">\n<fieldset class=\"hidden-fields-container\"><input type=\"hidden\" name=\"_wpcf7\" value=\"239883\" \/><input type=\"hidden\" name=\"_wpcf7_version\" value=\"6.1.5\" \/><input type=\"hidden\" name=\"_wpcf7_locale\" value=\"en_US\" \/><input type=\"hidden\" name=\"_wpcf7_unit_tag\" value=\"wpcf7-f239883-o2\" \/><input type=\"hidden\" name=\"_wpcf7_container_post\" value=\"0\" \/><input type=\"hidden\" name=\"_wpcf7_posted_data_hash\" value=\"\" \/><input type=\"hidden\" name=\"_wpcf7_recaptcha_response\" value=\"\" \/>\n<\/fieldset>\n<h4>Fyll i formul\u00e4ret s\u00e5 \u00e5terkommer vi till dig inom kort med en offert<\/h4>\n\n<div class=\"inv-row\">\n <div class=\"inv-col-50\">\n  <label><span class=\"wpcf7-form-control-wrap\" data-name=\"number-invoice\"><input class=\"wpcf7-form-control wpcf7-number wpcf7-validates-as-required wpcf7-validates-as-number\" aria-required=\"true\" aria-invalid=\"false\" value=\"\" type=\"number\" name=\"number-invoice\" \/><\/span>Antal fakturor att s\u00e4lja (ca)<\/label>\n <\/div>\n <div class=\"inv-col-50\">\n  <label><span class=\"wpcf7-form-control-wrap\" data-name=\"number-avg-amount\"><input class=\"wpcf7-form-control wpcf7-number wpcf7-validates-as-required wpcf7-validates-as-number\" aria-required=\"true\" aria-invalid=\"false\" value=\"\" type=\"number\" name=\"number-avg-amount\" \/><\/span>Snittbelopp per faktura (ca)<\/label>\n <\/div>\n<\/div>\n\n<label><span class=\"wpcf7-form-control-wrap\" data-name=\"your-customer\"><input size=\"40\" maxlength=\"400\" class=\"wpcf7-form-control wpcf7-text\" aria-invalid=\"false\" value=\"\" type=\"text\" name=\"your-customer\" \/><\/span> Din kund\/fakturamottagare <span class=\"inv-no-bold\">(ej obligatoriskt)<\/span><\/label>\n\n<label><span class=\"wpcf7-form-control-wrap\" data-name=\"your-name\"><input size=\"40\" maxlength=\"400\" class=\"wpcf7-form-control wpcf7-text wpcf7-validates-as-required\" aria-required=\"true\" aria-invalid=\"false\" value=\"\" type=\"text\" name=\"your-name\" \/><\/span>Ditt namn<\/label>\n\n<label><span class=\"wpcf7-form-control-wrap\" data-name=\"your-business\"><input size=\"40\" maxlength=\"400\" class=\"wpcf7-form-control wpcf7-text wpcf7-validates-as-required\" aria-required=\"true\" aria-invalid=\"false\" value=\"\" type=\"text\" name=\"your-business\" \/><\/span>Ditt f\u00f6retag<\/label>\n\n<div class=\"inv-row\">\n <div class=\"inv-col-50\">\n  <label><span class=\"wpcf7-form-control-wrap\" data-name=\"your-email\"><input size=\"40\" maxlength=\"400\" class=\"wpcf7-form-control wpcf7-email wpcf7-validates-as-required wpcf7-text wpcf7-validates-as-email\" aria-required=\"true\" aria-invalid=\"false\" value=\"\" type=\"email\" name=\"your-email\" \/><\/span>E-post<\/label>\n <\/div>\n <div class=\"inv-col-50\">\n  <label><span class=\"wpcf7-form-control-wrap\" data-name=\"your-phone\"><input size=\"40\" maxlength=\"400\" class=\"wpcf7-form-control wpcf7-text wpcf7-validates-as-required\" aria-required=\"true\" aria-invalid=\"false\" value=\"\" type=\"text\" name=\"your-phone\" \/><\/span>Telefon<\/label>\n <\/div>\n\n<input type=\"hidden\" name=\"page-title\" value=\"S\u00e4lj dina fakturor\">\n<input type=\"hidden\" name=\"page-url\" value=\"https:\/\/invoier.com\/lp1-salja-fakturor\/\">\n<\/div>\n\n<input class=\"wpcf7-form-control wpcf7-submit has-spinner inv-mt-20\" type=\"submit\" value=\"Skicka offert\" \/><div class=\"wpcf7-response-output\" aria-hidden=\"true\"><\/div>\n<\/form>\n<\/div>\nHur g\u00e5r det till att s\u00e4lja fakturor? F\u00f6r att handla med fakturor registrerar du dig gratis hos Invoier. Efter att du f\u00e5tt access till marknadsplatsen kan du ladda upp fakturor och se vad v\u00e5ra k\u00f6pare betalar f\u00f6r fakturorna. Du [&hellip;]<\/p>\n","protected":false},"author":5,"featured_media":0,"parent":0,"menu_order":0,"comment_status":"closed","ping_status":"closed","template":"","meta":{"_et_pb_use_builder":"on","_et_pb_old_content":"","_et_gb_content_width":"","footnotes":""},"class_list":["post-239870","page","type-page","status-publish","hentry"],"yoast_head":"<!-- This site is optimized with the Yoast SEO plugin v27.3 - https:\/\/yoast.com\/product\/yoast-seo-wordpress\/ -->\n<title>S\u00e4lja fakturor via factoring - INVOIER<\/title>\n<meta name=\"description\" content=\"P\u00e5 Invoiers marknadsplats kan du s\u00e4lja fakturor enkelt och snabbt. Finansiera ditt f\u00f6retag med factoring och slipp ta f\u00f6retagsl\u00e5n.\" \/>\n<meta name=\"robots\" content=\"noindex, nofollow\" \/>\n<meta property=\"og:locale\" content=\"en_GB\" \/>\n<meta property=\"og:type\" content=\"article\" \/>\n<meta property=\"og:title\" content=\"S\u00e4lja fakturor via factoring - INVOIER\" \/>\n<meta property=\"og:description\" content=\"P\u00e5 Invoiers marknadsplats kan du s\u00e4lja fakturor enkelt och snabbt. Finansiera ditt f\u00f6retag med factoring och slipp ta f\u00f6retagsl\u00e5n.\" \/>\n<meta property=\"og:url\" content=\"https:\/\/invoier.com\/en\/lp1-salja-fakturor\/\" \/>\n<meta property=\"og:site_name\" content=\"INVOIER - Fakturafinansiering\" \/>\n<meta property=\"article:modified_time\" content=\"2021-11-30T13:28:04+00:00\" \/>\n<meta name=\"twitter:card\" content=\"summary_large_image\" \/>\n<meta name=\"twitter:label1\" content=\"Estimated reading time\" \/>\n\t<meta name=\"twitter:data1\" content=\"2 minutes\" \/>\n<script type=\"application\/ld+json\" class=\"yoast-schema-graph\">{\"@context\":\"https:\\\/\\\/schema.org\",\"@graph\":[{\"@type\":\"WebPage\",\"@id\":\"https:\\\/\\\/invoier.com\\\/en\\\/lp1-salja-fakturor\\\/\",\"url\":\"https:\\\/\\\/invoier.com\\\/en\\\/lp1-salja-fakturor\\\/\",\"name\":\"S\u00e4lja fakturor via factoring - INVOIER\",\"isPartOf\":{\"@id\":\"https:\\\/\\\/invoier.com\\\/en\\\/#website\"},\"datePublished\":\"2021-08-24T05:22:38+00:00\",\"dateModified\":\"2021-11-30T13:28:04+00:00\",\"description\":\"P\u00e5 Invoiers marknadsplats kan du s\u00e4lja fakturor enkelt och snabbt. Finansiera ditt f\u00f6retag med factoring och slipp ta f\u00f6retagsl\u00e5n.\",\"breadcrumb\":{\"@id\":\"https:\\\/\\\/invoier.com\\\/en\\\/lp1-salja-fakturor\\\/#breadcrumb\"},\"inLanguage\":\"en-GB\",\"potentialAction\":[{\"@type\":\"ReadAction\",\"target\":[\"https:\\\/\\\/invoier.com\\\/en\\\/lp1-salja-fakturor\\\/\"]}]},{\"@type\":\"BreadcrumbList\",\"@id\":\"https:\\\/\\\/invoier.com\\\/en\\\/lp1-salja-fakturor\\\/#breadcrumb\",\"itemListElement\":[{\"@type\":\"ListItem\",\"position\":1,\"name\":\"Home\",\"item\":\"https:\\\/\\\/invoier.com\\\/en\\\/\"},{\"@type\":\"ListItem\",\"position\":2,\"name\":\"Hem 1\"}]},{\"@type\":\"WebSite\",\"@id\":\"https:\\\/\\\/invoier.com\\\/en\\\/#website\",\"url\":\"https:\\\/\\\/invoier.com\\\/en\\\/\",\"name\":\"INVOIER - Fakturafinansiering\",\"description\":\"Fakturafinansiering p\u00e5 dina villkor\",\"publisher\":{\"@id\":\"https:\\\/\\\/invoier.com\\\/en\\\/#organization\"},\"potentialAction\":[{\"@type\":\"SearchAction\",\"target\":{\"@type\":\"EntryPoint\",\"urlTemplate\":\"https:\\\/\\\/invoier.com\\\/en\\\/?s={search_term_string}\"},\"query-input\":{\"@type\":\"PropertyValueSpecification\",\"valueRequired\":true,\"valueName\":\"search_term_string\"}}],\"inLanguage\":\"en-GB\"},{\"@type\":\"Organization\",\"@id\":\"https:\\\/\\\/invoier.com\\\/en\\\/#organization\",\"name\":\"Invoier AB\",\"url\":\"https:\\\/\\\/invoier.com\\\/en\\\/\",\"logo\":{\"@type\":\"ImageObject\",\"inLanguage\":\"en-GB\",\"@id\":\"https:\\\/\\\/invoier.com\\\/en\\\/#\\\/schema\\\/logo\\\/image\\\/\",\"url\":\"https:\\\/\\\/invoier.com\\\/stg_a4e73\\\/wp-content\\\/uploads\\\/Stacked_Logo_Black-final-3.png\",\"contentUrl\":\"https:\\\/\\\/invoier.com\\\/stg_a4e73\\\/wp-content\\\/uploads\\\/Stacked_Logo_Black-final-3.png\",\"width\":338,\"height\":332,\"caption\":\"Invoier AB\"},\"image\":{\"@id\":\"https:\\\/\\\/invoier.com\\\/en\\\/#\\\/schema\\\/logo\\\/image\\\/\"}}]}<\/script>\n<!-- \/ Yoast SEO plugin. -->","yoast_head_json":{"title":"S\u00e4lja fakturor via factoring - INVOIER","description":"P\u00e5 Invoiers marknadsplats kan du s\u00e4lja fakturor enkelt och snabbt. Finansiera ditt f\u00f6retag med factoring och slipp ta f\u00f6retagsl\u00e5n.","robots":{"index":"noindex","follow":"nofollow"},"og_locale":"en_GB","og_type":"article","og_title":"S\u00e4lja fakturor via factoring - INVOIER","og_description":"P\u00e5 Invoiers marknadsplats kan du s\u00e4lja fakturor enkelt och snabbt. Finansiera ditt f\u00f6retag med factoring och slipp ta f\u00f6retagsl\u00e5n.","og_url":"https:\/\/invoier.com\/en\/lp1-salja-fakturor\/","og_site_name":"INVOIER - Fakturafinansiering","article_modified_time":"2021-11-30T13:28:04+00:00","twitter_card":"summary_large_image","twitter_misc":{"Estimated reading time":"2 minutes"},"schema":{"@context":"https:\/\/schema.org","@graph":[{"@type":"WebPage","@id":"https:\/\/invoier.com\/en\/lp1-salja-fakturor\/","url":"https:\/\/invoier.com\/en\/lp1-salja-fakturor\/","name":"S\u00e4lja fakturor via factoring - INVOIER","isPartOf":{"@id":"https:\/\/invoier.com\/en\/#website"},"datePublished":"2021-08-24T05:22:38+00:00","dateModified":"2021-11-30T13:28:04+00:00","description":"P\u00e5 Invoiers marknadsplats kan du s\u00e4lja fakturor enkelt och snabbt. Finansiera ditt f\u00f6retag med factoring och slipp ta f\u00f6retagsl\u00e5n.","breadcrumb":{"@id":"https:\/\/invoier.com\/en\/lp1-salja-fakturor\/#breadcrumb"},"inLanguage":"en-GB","potentialAction":[{"@type":"ReadAction","target":["https:\/\/invoier.com\/en\/lp1-salja-fakturor\/"]}]},{"@type":"BreadcrumbList","@id":"https:\/\/invoier.com\/en\/lp1-salja-fakturor\/#breadcrumb","itemListElement":[{"@type":"ListItem","position":1,"name":"Home","item":"https:\/\/invoier.com\/en\/"},{"@type":"ListItem","position":2,"name":"Hem 1"}]},{"@type":"WebSite","@id":"https:\/\/invoier.com\/en\/#website","url":"https:\/\/invoier.com\/en\/","name":"INVOIER - Fakturafinansiering","description":"Fakturafinansiering p\u00e5 dina villkor","publisher":{"@id":"https:\/\/invoier.com\/en\/#organization"},"potentialAction":[{"@type":"SearchAction","target":{"@type":"EntryPoint","urlTemplate":"https:\/\/invoier.com\/en\/?s={search_term_string}"},"query-input":{"@type":"PropertyValueSpecification","valueRequired":true,"valueName":"search_term_string"}}],"inLanguage":"en-GB"},{"@type":"Organization","@id":"https:\/\/invoier.com\/en\/#organization","name":"Invoier AB","url":"https:\/\/invoier.com\/en\/","logo":{"@type":"ImageObject","inLanguage":"en-GB","@id":"https:\/\/invoier.com\/en\/#\/schema\/logo\/image\/","url":"https:\/\/invoier.com\/stg_a4e73\/wp-content\/uploads\/Stacked_Logo_Black-final-3.png","contentUrl":"https:\/\/invoier.com\/stg_a4e73\/wp-content\/uploads\/Stacked_Logo_Black-final-3.png","width":338,"height":332,"caption":"Invoier AB"},"image":{"@id":"https:\/\/invoier.com\/en\/#\/schema\/logo\/image\/"}}]}},"_links":{"self":[{"href":"https:\/\/invoier.com\/en\/wp-json\/wp\/v2\/pages\/239870","targetHints":{"allow":["GET"]}}],"collection":[{"href":"https:\/\/invoier.com\/en\/wp-json\/wp\/v2\/pages"}],"about":[{"href":"https:\/\/invoier.com\/en\/wp-json\/wp\/v2\/types\/page"}],"author":[{"embeddable":true,"href":"https:\/\/invoier.com\/en\/wp-json\/wp\/v2\/users\/5"}],"replies":[{"embeddable":true,"href":"https:\/\/invoier.com\/en\/wp-json\/wp\/v2\/comments?post=239870"}],"version-history":[{"count":65,"href":"https:\/\/invoier.com\/en\/wp-json\/wp\/v2\/pages\/239870\/revisions"}],"predecessor-version":[{"id":241624,"href":"https:\/\/invoier.com\/en\/wp-json\/wp\/v2\/pages\/239870\/revisions\/241624"}],"wp:attachment":[{"href":"https:\/\/invoier.com\/en\/wp-json\/wp\/v2\/media?parent=239870"}],"curies":[{"name":"wp","href":"https:\/\/api.w.org\/{rel}","templated":true}]}}