{"id":238809,"date":"2021-07-02T13:33:42","date_gmt":"2021-07-02T11:33:42","guid":{"rendered":"https:\/\/invoier.com\/?page_id=238809"},"modified":"2022-02-15T14:51:59","modified_gmt":"2022-02-15T13:51:59","slug":"inget-foretagsengagemang","status":"publish","type":"page","link":"https:\/\/invoier.com\/en\/inget-foretagsengagemang\/","title":{"rendered":"Inget f\u00f6retagsengagemang"},"content":{"rendered":"<p>[et_pb_section fb_built=&#8221;1&#8243; _builder_version=&#8221;4.6.1&#8243; _module_preset=&#8221;default&#8221; background_color=&#8221;rgba(0,0,0,0)&#8221; custom_padding=&#8221;||||false|false&#8221; global_colors_info=&#8221;{}&#8221;][et_pb_row _builder_version=&#8221;4.6.1&#8243; _module_preset=&#8221;default&#8221; global_colors_info=&#8221;{}&#8221;][et_pb_column type=&#8221;4_4&#8243; _builder_version=&#8221;4.6.1&#8243; _module_preset=&#8221;default&#8221; global_colors_info=&#8221;{}&#8221;][et_pb_text module_class=&#8221;inv-centerHeading&#8221; _builder_version=&#8221;4.14.7&#8243; _module_preset=&#8221;default&#8221; hover_enabled=&#8221;0&#8243; global_colors_info=&#8221;{}&#8221; sticky_enabled=&#8221;0&#8243;]<span class=\"inv-toplinetitle\"><span style=\"vertical-align: inherit;\"><span style=\"vertical-align: inherit;\">\u00a0 \u00a0\u00a0<\/span><\/span><\/span><\/p>\n<h1><strong>Inget f\u00f6retag kopplat?<\/strong><br \/>\n<strong>H\u00f6r av dig s\u00e5 hj\u00e4lper vi dig!<\/strong><\/h1>\n<p>[\/et_pb_text][et_pb_text _builder_version=&#8221;4.6.1&#8243; _module_preset=&#8221;default&#8221; width=&#8221;80%&#8221; module_alignment=&#8221;center&#8221; global_colors_info=&#8221;{}&#8221;]<\/p>\n<p><span style=\"font-weight: 400;\">F\u00f6r att registrera ett f\u00f6retag p\u00e5 Invoier m\u00e5ste man vara kopplad till det aktiebolag man \u00f6nskar att registrera. En koppling kan t.ex. vara att man \u00e4r registrerad som firmatecknare, VD, styrelseledamot eller styrelsesuppleant. Enligt uppgifter fr\u00e5n Bolagsverket \u00e4r du inte kopplad till n\u00e5gra aktiebolag. Anv\u00e4nd kontaktformul\u00e4ret nedanf\u00f6r s\u00e5 kontaktar v\u00e5r kundservice dig inom kort med alternativa s\u00e4tt att komma ig\u00e5ng.<\/span><\/p>\n<p>[\/et_pb_text][\/et_pb_column][\/et_pb_row][et_pb_row _builder_version=&#8221;4.6.1&#8243; _module_preset=&#8221;default&#8221; global_colors_info=&#8221;{}&#8221;][et_pb_column type=&#8221;4_4&#8243; _builder_version=&#8221;4.6.1&#8243; _module_preset=&#8221;default&#8221; global_colors_info=&#8221;{}&#8221;][et_pb_text module_class=&#8221;inv-form&#8221; _builder_version=&#8221;4.6.1&#8243; _module_preset=&#8221;default&#8221; width=&#8221;50%&#8221; module_alignment=&#8221;center&#8221; global_colors_info=&#8221;{}&#8221;]\n<div class=\"wpcf7 no-js\" id=\"wpcf7-f768-o1\" lang=\"en-US\" dir=\"ltr\" data-wpcf7-id=\"768\">\n<div class=\"screen-reader-response\"><p role=\"status\" aria-live=\"polite\" aria-atomic=\"true\"><\/p> <ul><\/ul><\/div>\n<form action=\"\/en\/wp-json\/wp\/v2\/pages\/238809#wpcf7-f768-o1\" method=\"post\" class=\"wpcf7-form init\" aria-label=\"Contact form\" enctype=\"multipart\/form-data\" novalidate=\"novalidate\" data-status=\"init\">\n<fieldset class=\"hidden-fields-container\"><input type=\"hidden\" name=\"_wpcf7\" value=\"768\" \/><input type=\"hidden\" name=\"_wpcf7_version\" value=\"6.1.5\" \/><input type=\"hidden\" name=\"_wpcf7_locale\" value=\"en_US\" \/><input type=\"hidden\" name=\"_wpcf7_unit_tag\" value=\"wpcf7-f768-o1\" \/><input type=\"hidden\" name=\"_wpcf7_container_post\" value=\"0\" \/><input type=\"hidden\" name=\"_wpcf7_posted_data_hash\" value=\"\" \/><input type=\"hidden\" name=\"_wpcf7_recaptcha_response\" value=\"\" \/>\n<\/fieldset>\n<label><span class=\"wpcf7-form-control-wrap\" data-name=\"your-name\"><input size=\"40\" maxlength=\"400\" class=\"wpcf7-form-control wpcf7-text wpcf7-validates-as-required\" aria-required=\"true\" aria-invalid=\"false\" value=\"\" type=\"text\" name=\"your-name\" \/><\/span>Namn<\/label>\n\n<label><span class=\"wpcf7-form-control-wrap\" data-name=\"your-email\"><input size=\"40\" maxlength=\"400\" class=\"wpcf7-form-control wpcf7-email wpcf7-validates-as-required wpcf7-text wpcf7-validates-as-email\" aria-required=\"true\" aria-invalid=\"false\" value=\"\" type=\"email\" name=\"your-email\" \/><\/span>E-post<\/label>\n\n<span class=\"wpcf7-form-control-wrap\" data-name=\"only-subject\"><input size=\"40\" maxlength=\"400\" class=\"wpcf7-form-control wpcf7-text only-subject\" aria-invalid=\"false\" value=\"\" type=\"text\" name=\"only-subject\" \/><\/span>\n<span class=\"wpcf7-form-control-wrap\" data-name=\"your-subject\"><input size=\"40\" maxlength=\"400\" class=\"wpcf7-form-control wpcf7-text hidden\" aria-invalid=\"false\" value=\"\" type=\"text\" name=\"your-subject\" \/><\/span>\n<label><span class=\"wpcf7-form-control-wrap\" data-name=\"Recipient\"><select class=\"wpcf7-form-control wpcf7-select wpcf7-validates-as-required\" aria-required=\"true\" aria-invalid=\"false\" name=\"Recipient\"><option value=\"Val av omr\u00e5de m\u00f6jligg\u00f6r snabbare hj\u00e4lp\">Val av omr\u00e5de m\u00f6jligg\u00f6r snabbare hj\u00e4lp<\/option><option value=\"S\u00e4lja fakturor\">S\u00e4lja fakturor<\/option><option value=\"Boka gratis r\u00e5dgivning\">Boka gratis r\u00e5dgivning<\/option><option value=\"Investera i fakturor\">Investera i fakturor<\/option><option value=\"Partnerfr\u00e5gor\">Partnerfr\u00e5gor<\/option><option value=\"Data &amp; s\u00e4kerhet\">Data &amp; s\u00e4kerhet<\/option><option value=\"Annat\">Annat<\/option><\/select><\/span>Omr\u00e5de<\/label>\n\n<label>Skriv ditt meddelande h\u00e4r....<span class=\"wpcf7-form-control-wrap\" data-name=\"your-message\"><textarea cols=\"40\" rows=\"10\" maxlength=\"2000\" class=\"wpcf7-form-control wpcf7-textarea\" aria-invalid=\"false\" name=\"your-message\"><\/textarea><\/span><\/label>\n<input type=\"hidden\" name=\"page-title\" value=\"Kontakta oss\">\n<input type=\"hidden\" name=\"page-url\" value=\"https:\/\/invoier.com\/kontakta-oss\/\">\n\n<div class=\"inv-row\">\n   <div class=\"inv-col-50\">\n      <label class=\"inv-input-field\"><span class=\"wpcf7-form-control-wrap\" data-name=\"file_upload\"><input size=\"40\" class=\"wpcf7-form-control wpcf7-file\" accept=\".pdf,.doc,.docx,.jpeg,.jpg,.png,.xlsx,.xls,.csv\" aria-invalid=\"false\" type=\"file\" name=\"file_upload\" \/><\/span><span id=\"filename\"><\/span><i class=\"fa fa-paperclip\"><\/i><\/label>\n   <\/div>\n   <div class=\"inv-col-50 inv-right-text\">\n       <div class=\"flex\"><input class=\"wpcf7-form-control wpcf7-submit has-spinner\" type=\"submit\" value=\"Skicka\" \/><\/div>\n   <\/div>\n<\/div>\n\n<style>\n.hidden {\n    display: none!important;\n}\n<\/style>\n\n<script>\n    jQuery(document).ready(function(){\n        jQuery('input[type=\"file\"]').change(function(e){\n            var fileName = e.target.files[0].name;\n           jQuery(\"#filename\").text(fileName);\n        });\n        \n\n        jQuery('select[name=\"Recipient\"]').on('change', function(){    \n            var sub = jQuery(this).val()+ \" Message from Invoier.com\";    \n            jQuery('.hidden').val(sub);\n            jQuery('.only-subject').val(jQuery(this).val());\n        });\n    });\n<\/script><div class=\"wpcf7-response-output\" aria-hidden=\"true\"><\/div>\n<\/form>\n<\/div>\n[\/et_pb_text][\/et_pb_column][\/et_pb_row][\/et_pb_section]<\/p>\n","protected":false},"excerpt":{"rendered":"<p>\u00a0 \u00a0\u00a0 Inget f\u00f6retag kopplat? H\u00f6r av dig s\u00e5 hj\u00e4lper vi dig!F\u00f6r att registrera ett f\u00f6retag p\u00e5 Invoier m\u00e5ste man vara kopplad till det aktiebolag man \u00f6nskar att registrera. En koppling kan t.ex. vara att man \u00e4r registrerad som firmatecknare, VD, styrelseledamot eller styrelsesuppleant. Enligt uppgifter fr\u00e5n Bolagsverket \u00e4r du inte kopplad till n\u00e5gra aktiebolag. [&hellip;]<\/p>\n","protected":false},"author":7,"featured_media":0,"parent":0,"menu_order":0,"comment_status":"closed","ping_status":"closed","template":"","meta":{"_et_pb_use_builder":"on","_et_pb_old_content":"","_et_gb_content_width":"","footnotes":""},"class_list":["post-238809","page","type-page","status-publish","hentry"],"yoast_head":"<!-- This site is optimized with the Yoast SEO plugin v27.3 - https:\/\/yoast.com\/product\/yoast-seo-wordpress\/ -->\n<title>Inget f\u00f6retagsengagemang - INVOIER - Fakturafinansiering<\/title>\n<meta name=\"robots\" content=\"index, follow, max-snippet:-1, max-image-preview:large, max-video-preview:-1\" \/>\n<link rel=\"canonical\" href=\"https:\/\/invoier.com\/en\/inget-foretagsengagemang\/\" \/>\n<meta property=\"og:locale\" content=\"en_GB\" \/>\n<meta property=\"og:type\" content=\"article\" \/>\n<meta property=\"og:title\" content=\"Inget f\u00f6retagsengagemang - INVOIER - Fakturafinansiering\" \/>\n<meta property=\"og:description\" content=\"\u00a0 \u00a0\u00a0 Inget f\u00f6retag kopplat? H\u00f6r av dig s\u00e5 hj\u00e4lper vi dig!F\u00f6r att registrera ett f\u00f6retag p\u00e5 Invoier m\u00e5ste man vara kopplad till det aktiebolag man \u00f6nskar att registrera. En koppling kan t.ex. vara att man \u00e4r registrerad som firmatecknare, VD, styrelseledamot eller styrelsesuppleant. Enligt uppgifter fr\u00e5n Bolagsverket \u00e4r du inte kopplad till n\u00e5gra aktiebolag. [&hellip;]\" \/>\n<meta property=\"og:url\" content=\"https:\/\/invoier.com\/en\/inget-foretagsengagemang\/\" \/>\n<meta property=\"og:site_name\" content=\"INVOIER - Fakturafinansiering\" \/>\n<meta property=\"article:modified_time\" content=\"2022-02-15T13:51:59+00:00\" \/>\n<meta name=\"twitter:card\" content=\"summary_large_image\" \/>\n<meta name=\"twitter:label1\" content=\"Estimated reading time\" \/>\n\t<meta name=\"twitter:data1\" content=\"1 minute\" \/>\n<script type=\"application\/ld+json\" class=\"yoast-schema-graph\">{\"@context\":\"https:\\\/\\\/schema.org\",\"@graph\":[{\"@type\":\"WebPage\",\"@id\":\"https:\\\/\\\/invoier.com\\\/en\\\/inget-foretagsengagemang\\\/\",\"url\":\"https:\\\/\\\/invoier.com\\\/en\\\/inget-foretagsengagemang\\\/\",\"name\":\"Inget f\u00f6retagsengagemang - INVOIER - Fakturafinansiering\",\"isPartOf\":{\"@id\":\"https:\\\/\\\/invoier.com\\\/en\\\/#website\"},\"datePublished\":\"2021-07-02T11:33:42+00:00\",\"dateModified\":\"2022-02-15T13:51:59+00:00\",\"breadcrumb\":{\"@id\":\"https:\\\/\\\/invoier.com\\\/en\\\/inget-foretagsengagemang\\\/#breadcrumb\"},\"inLanguage\":\"en-GB\",\"potentialAction\":[{\"@type\":\"ReadAction\",\"target\":[\"https:\\\/\\\/invoier.com\\\/en\\\/inget-foretagsengagemang\\\/\"]}]},{\"@type\":\"BreadcrumbList\",\"@id\":\"https:\\\/\\\/invoier.com\\\/en\\\/inget-foretagsengagemang\\\/#breadcrumb\",\"itemListElement\":[{\"@type\":\"ListItem\",\"position\":1,\"name\":\"Home\",\"item\":\"https:\\\/\\\/invoier.com\\\/en\\\/\"},{\"@type\":\"ListItem\",\"position\":2,\"name\":\"Inget f\u00f6retagsengagemang\"}]},{\"@type\":\"WebSite\",\"@id\":\"https:\\\/\\\/invoier.com\\\/en\\\/#website\",\"url\":\"https:\\\/\\\/invoier.com\\\/en\\\/\",\"name\":\"INVOIER - Fakturafinansiering\",\"description\":\"Fakturafinansiering p\u00e5 dina villkor\",\"publisher\":{\"@id\":\"https:\\\/\\\/invoier.com\\\/en\\\/#organization\"},\"potentialAction\":[{\"@type\":\"SearchAction\",\"target\":{\"@type\":\"EntryPoint\",\"urlTemplate\":\"https:\\\/\\\/invoier.com\\\/en\\\/?s={search_term_string}\"},\"query-input\":{\"@type\":\"PropertyValueSpecification\",\"valueRequired\":true,\"valueName\":\"search_term_string\"}}],\"inLanguage\":\"en-GB\"},{\"@type\":\"Organization\",\"@id\":\"https:\\\/\\\/invoier.com\\\/en\\\/#organization\",\"name\":\"Invoier AB\",\"url\":\"https:\\\/\\\/invoier.com\\\/en\\\/\",\"logo\":{\"@type\":\"ImageObject\",\"inLanguage\":\"en-GB\",\"@id\":\"https:\\\/\\\/invoier.com\\\/en\\\/#\\\/schema\\\/logo\\\/image\\\/\",\"url\":\"https:\\\/\\\/invoier.com\\\/stg_a4e73\\\/wp-content\\\/uploads\\\/Stacked_Logo_Black-final-3.png\",\"contentUrl\":\"https:\\\/\\\/invoier.com\\\/stg_a4e73\\\/wp-content\\\/uploads\\\/Stacked_Logo_Black-final-3.png\",\"width\":338,\"height\":332,\"caption\":\"Invoier AB\"},\"image\":{\"@id\":\"https:\\\/\\\/invoier.com\\\/en\\\/#\\\/schema\\\/logo\\\/image\\\/\"}}]}<\/script>\n<!-- \/ Yoast SEO plugin. -->","yoast_head_json":{"title":"Inget f\u00f6retagsengagemang - INVOIER - Fakturafinansiering","robots":{"index":"index","follow":"follow","max-snippet":"max-snippet:-1","max-image-preview":"max-image-preview:large","max-video-preview":"max-video-preview:-1"},"canonical":"https:\/\/invoier.com\/en\/inget-foretagsengagemang\/","og_locale":"en_GB","og_type":"article","og_title":"Inget f\u00f6retagsengagemang - INVOIER - Fakturafinansiering","og_description":"\u00a0 \u00a0\u00a0 Inget f\u00f6retag kopplat? H\u00f6r av dig s\u00e5 hj\u00e4lper vi dig!F\u00f6r att registrera ett f\u00f6retag p\u00e5 Invoier m\u00e5ste man vara kopplad till det aktiebolag man \u00f6nskar att registrera. En koppling kan t.ex. vara att man \u00e4r registrerad som firmatecknare, VD, styrelseledamot eller styrelsesuppleant. Enligt uppgifter fr\u00e5n Bolagsverket \u00e4r du inte kopplad till n\u00e5gra aktiebolag. [&hellip;]","og_url":"https:\/\/invoier.com\/en\/inget-foretagsengagemang\/","og_site_name":"INVOIER - Fakturafinansiering","article_modified_time":"2022-02-15T13:51:59+00:00","twitter_card":"summary_large_image","twitter_misc":{"Estimated reading time":"1 minute"},"schema":{"@context":"https:\/\/schema.org","@graph":[{"@type":"WebPage","@id":"https:\/\/invoier.com\/en\/inget-foretagsengagemang\/","url":"https:\/\/invoier.com\/en\/inget-foretagsengagemang\/","name":"Inget f\u00f6retagsengagemang - INVOIER - Fakturafinansiering","isPartOf":{"@id":"https:\/\/invoier.com\/en\/#website"},"datePublished":"2021-07-02T11:33:42+00:00","dateModified":"2022-02-15T13:51:59+00:00","breadcrumb":{"@id":"https:\/\/invoier.com\/en\/inget-foretagsengagemang\/#breadcrumb"},"inLanguage":"en-GB","potentialAction":[{"@type":"ReadAction","target":["https:\/\/invoier.com\/en\/inget-foretagsengagemang\/"]}]},{"@type":"BreadcrumbList","@id":"https:\/\/invoier.com\/en\/inget-foretagsengagemang\/#breadcrumb","itemListElement":[{"@type":"ListItem","position":1,"name":"Home","item":"https:\/\/invoier.com\/en\/"},{"@type":"ListItem","position":2,"name":"Inget f\u00f6retagsengagemang"}]},{"@type":"WebSite","@id":"https:\/\/invoier.com\/en\/#website","url":"https:\/\/invoier.com\/en\/","name":"INVOIER - Fakturafinansiering","description":"Fakturafinansiering p\u00e5 dina villkor","publisher":{"@id":"https:\/\/invoier.com\/en\/#organization"},"potentialAction":[{"@type":"SearchAction","target":{"@type":"EntryPoint","urlTemplate":"https:\/\/invoier.com\/en\/?s={search_term_string}"},"query-input":{"@type":"PropertyValueSpecification","valueRequired":true,"valueName":"search_term_string"}}],"inLanguage":"en-GB"},{"@type":"Organization","@id":"https:\/\/invoier.com\/en\/#organization","name":"Invoier AB","url":"https:\/\/invoier.com\/en\/","logo":{"@type":"ImageObject","inLanguage":"en-GB","@id":"https:\/\/invoier.com\/en\/#\/schema\/logo\/image\/","url":"https:\/\/invoier.com\/stg_a4e73\/wp-content\/uploads\/Stacked_Logo_Black-final-3.png","contentUrl":"https:\/\/invoier.com\/stg_a4e73\/wp-content\/uploads\/Stacked_Logo_Black-final-3.png","width":338,"height":332,"caption":"Invoier AB"},"image":{"@id":"https:\/\/invoier.com\/en\/#\/schema\/logo\/image\/"}}]}},"_links":{"self":[{"href":"https:\/\/invoier.com\/en\/wp-json\/wp\/v2\/pages\/238809","targetHints":{"allow":["GET"]}}],"collection":[{"href":"https:\/\/invoier.com\/en\/wp-json\/wp\/v2\/pages"}],"about":[{"href":"https:\/\/invoier.com\/en\/wp-json\/wp\/v2\/types\/page"}],"author":[{"embeddable":true,"href":"https:\/\/invoier.com\/en\/wp-json\/wp\/v2\/users\/7"}],"replies":[{"embeddable":true,"href":"https:\/\/invoier.com\/en\/wp-json\/wp\/v2\/comments?post=238809"}],"version-history":[{"count":12,"href":"https:\/\/invoier.com\/en\/wp-json\/wp\/v2\/pages\/238809\/revisions"}],"predecessor-version":[{"id":242224,"href":"https:\/\/invoier.com\/en\/wp-json\/wp\/v2\/pages\/238809\/revisions\/242224"}],"wp:attachment":[{"href":"https:\/\/invoier.com\/en\/wp-json\/wp\/v2\/media?parent=238809"}],"curies":[{"name":"wp","href":"https:\/\/api.w.org\/{rel}","templated":true}]}}