{"id":238151,"date":"2021-04-23T12:31:35","date_gmt":"2021-04-23T10:31:35","guid":{"rendered":"https:\/\/invoier.com\/?page_id=238151"},"modified":"2024-11-28T14:54:22","modified_gmt":"2024-11-28T13:54:22","slug":"pre-application","status":"publish","type":"page","link":"https:\/\/invoier.com\/en\/pre-application\/","title":{"rendered":"Pre-application"},"content":{"rendered":"<p>[et_pb_section fb_built=&#8221;1&#8243; _builder_version=&#8221;4.27.3&#8243; _module_preset=&#8221;default&#8221; hover_enabled=&#8221;0&#8243; global_colors_info=&#8221;{}&#8221; sticky_enabled=&#8221;0&#8243; custom_padding=&#8221;||0px|||&#8221;][et_pb_row _builder_version=&#8221;4.27.3&#8243; _module_preset=&#8221;default&#8221; hover_enabled=&#8221;0&#8243; global_colors_info=&#8221;{}&#8221; locked=&#8221;off&#8221; max_width=&#8221;995px&#8221; sticky_enabled=&#8221;0&#8243;][et_pb_column type=&#8221;4_4&#8243; _builder_version=&#8221;4.16&#8243; _module_preset=&#8221;default&#8221; global_colors_info=&#8221;{}&#8221;][et_pb_text module_class=&#8221;inv-centerHeading-full&#8221; _builder_version=&#8221;4.27.3&#8243; _module_preset=&#8221;default&#8221; hover_enabled=&#8221;0&#8243; global_colors_info=&#8221;{}&#8221; sticky_enabled=&#8221;0&#8243; custom_margin=&#8221;||||false|false&#8221;]<\/p>\n<h3>Enklare och smartare fakturafinansiering<\/h3>\n<p>Uppt\u00e4ck hur vi revolutionerar fakturak\u00f6psbranschen med l\u00e5ga avgifter och flexibla villkor. Inget kr\u00e5ngel, inga bindningstider \u2013 bara enkel finansiering f\u00f6r ditt f\u00f6retag.<\/p>\n<p>[\/et_pb_text][\/et_pb_column][\/et_pb_row][\/et_pb_section][et_pb_section fb_built=&#8221;1&#8243; module_class=&#8221;inv-feature&#8221; _builder_version=&#8221;4.27.3&#8243; _module_preset=&#8221;default&#8221; hover_enabled=&#8221;0&#8243; global_colors_info=&#8221;{}&#8221; custom_margin=&#8221;||||false|false&#8221; sticky_enabled=&#8221;0&#8243;][et_pb_row column_structure=&#8221;1_2,1_2&#8243; make_equal=&#8221;on&#8221; module_class=&#8221;inv-border-column&#8221; _builder_version=&#8221;4.27.2&#8243; _module_preset=&#8221;default&#8221; global_colors_info=&#8221;{}&#8221;][et_pb_column type=&#8221;1_2&#8243; _builder_version=&#8221;4.27.2&#8243; _module_preset=&#8221;default&#8221; custom_padding=&#8221;||||false|false&#8221; border_color_right=&#8221;#252525&#8243; border_color_bottom=&#8221;#252525&#8243; global_colors_info=&#8221;{}&#8221;][et_pb_text module_class=&#8221;inv-center-quote&#8221; _builder_version=&#8221;4.27.2&#8243; _module_preset=&#8221;default&#8221; header_text_align=&#8221;left&#8221; global_colors_info=&#8221;{}&#8221;]<\/p>\n<h4>Redo att k\u00f6ra ig\u00e5ng?<\/h4>\n<p>Med v\u00e5r flexibla l\u00f6sning kan du v\u00e4lja att finansiera n\u00e4r du vill.<br \/>Du verifierar enkelt och tryggt via BankID f\u00f6r smidiga transaktioner och snabbare finansiering.<\/p>\n<p>Skapa ditt konto kostnadsfritt och p\u00e5b\u00f6rja din tillv\u00e4xtresa.<\/p>\n<p>[\/et_pb_text][et_pb_button button_url=&#8221;https:\/\/app.invoier.com\/register\/login?_gl=1*upegnp*_up*MQ..*_ga*MTYxMTAzNDM4LjE3MzAyMDg4MTY.*_ga_LJK5Z53PLD*MTczMDIwODgxMy4xLjEuMTczMDIwODgxNy4wLjAuMA&#8221; url_new_window=&#8221;on&#8221; button_text=&#8221;Skapa konto&#8221; button_alignment=&#8221;center&#8221; module_class=&#8221;inv-stdButton&#8221; _builder_version=&#8221;4.27.2&#8243; _module_preset=&#8221;default&#8221; custom_margin=&#8221;||60px|||&#8221; global_colors_info=&#8221;{}&#8221;][\/et_pb_button][et_pb_image src=&#8221;https:\/\/invoier.com\/wp-content\/uploads\/loing-screen-v3.png&#8221; title_text=&#8221;loing-screen-v3&#8243; align=&#8221;center&#8221; _builder_version=&#8221;4.27.2&#8243; _module_preset=&#8221;default&#8221; global_colors_info=&#8221;{}&#8221;][\/et_pb_image][\/et_pb_column][et_pb_column type=&#8221;1_2&#8243; _builder_version=&#8221;4.27.2&#8243; _module_preset=&#8221;default&#8221; custom_padding_tablet=&#8221;50px||||false|false&#8221; custom_padding_phone=&#8221;50px||||false|false&#8221; custom_padding_last_edited=&#8221;on|desktop&#8221; border_color_top=&#8221;#252525&#8243; border_radii_tablet=&#8221;&#8221; border_radii_phone=&#8221;&#8221; border_radii_last_edited=&#8221;on|desktop&#8221; border_width_all_tablet=&#8221;0px&#8221; border_width_all_phone=&#8221;0px&#8221; border_width_all_last_edited=&#8221;on|tablet&#8221; border_width_top_tablet=&#8221;1px&#8221; border_width_top_phone=&#8221;1px&#8221; border_width_top_last_edited=&#8221;on|phone&#8221; global_colors_info=&#8221;{}&#8221;][et_pb_text module_class=&#8221;inv-center-quote&#8221; _builder_version=&#8221;4.27.2&#8243; _module_preset=&#8221;default&#8221; header_text_align=&#8221;left&#8221; global_colors_info=&#8221;{}&#8221;]<\/p>\n<h4>Vill du veta mer?<\/h4>\n<p>V\u00e4lj en tid som passar dig b\u00e4st, s\u00e5 ber\u00e4ttar vi mer om hur Invoiers finansieringsl\u00f6sningar kan skr\u00e4ddarsys efter era behov.[\/et_pb_text][et_pb_text module_class=&#8221;inv-form inv-center-form&#8221; _builder_version=&#8221;4.27.2&#8243; _module_preset=&#8221;default&#8221; global_colors_info=&#8221;{}&#8221;]<!-- Calendly inline widget begin --><\/p>\n<div class=\"calendly-inline-widget\" data-url=\"https:\/\/calendly.com\/d\/5bx-9qr-nvm\/invoier?background_color=f6efe8&#038;primary_color=fd8366\" style=\"min-width:320px;height:700px;\"><\/div>\n<p><script type=\"text\/javascript\" src=\"https:\/\/assets.calendly.com\/assets\/external\/widget.js\" async><\/script><br \/>\n<!-- Calendly inline widget end -->[\/et_pb_text][\/et_pb_column][\/et_pb_row][\/et_pb_section][et_pb_section fb_built=&#8221;1&#8243; module_class=&#8221;popup-overlay&#8221; _builder_version=&#8221;4.16&#8243; _module_preset=&#8221;default&#8221; background_color=&#8221;rgba(36,36,36,0.88)&#8221; global_colors_info=&#8221;{}&#8221;][et_pb_row column_structure=&#8221;1_2,1_2&#8243; use_custom_gutter=&#8221;on&#8221; gutter_width=&#8221;1&#8243; make_equal=&#8221;on&#8221; module_class=&#8221;inv-bankid-popup-wrap&#8221; _builder_version=&#8221;4.16&#8243; _module_preset=&#8221;default&#8221; global_colors_info=&#8221;{}&#8221;][et_pb_column type=&#8221;1_2&#8243; module_class=&#8221;popup-content inv-popup-content&#8221; _builder_version=&#8221;4.16&#8243; _module_preset=&#8221;default&#8221; background_color=&#8221;#ffffff&#8221; global_colors_info=&#8221;{}&#8221;][et_pb_text module_class=&#8221;inv-popup-title&#8221; _builder_version=&#8221;4.22.1&#8243; _module_preset=&#8221;default&#8221; global_colors_info=&#8221;{}&#8221;]<\/p>\n<h4>V\u00e4lkommen till Invoier<\/h4>\n<p>L\u00e5t oss komma ig\u00e5ng med ett par enkla steg [\/et_pb_text][et_pb_code module_class=&#8221;inv-form inv-bankId-form&#8221; _builder_version=&#8221;4.23.4&#8243; _module_preset=&#8221;default&#8221; global_colors_info=&#8221;{}&#8221;]\n<div class=\"wpcf7 no-js\" id=\"wpcf7-f239430-o1\" lang=\"en-US\" dir=\"ltr\" data-wpcf7-id=\"239430\">\n<div class=\"screen-reader-response\"><p role=\"status\" aria-live=\"polite\" aria-atomic=\"true\"><\/p> <ul><\/ul><\/div>\n<form action=\"\/en\/wp-json\/wp\/v2\/pages\/238151#wpcf7-f239430-o1\" method=\"post\" class=\"wpcf7-form init\" aria-label=\"Contact form\" novalidate=\"novalidate\" data-status=\"init\">\n<fieldset class=\"hidden-fields-container\"><input type=\"hidden\" name=\"_wpcf7\" value=\"239430\" \/><input type=\"hidden\" name=\"_wpcf7_version\" value=\"6.1.5\" \/><input type=\"hidden\" name=\"_wpcf7_locale\" value=\"en_US\" \/><input type=\"hidden\" name=\"_wpcf7_unit_tag\" value=\"wpcf7-f239430-o1\" \/><input type=\"hidden\" name=\"_wpcf7_container_post\" value=\"0\" \/><input type=\"hidden\" name=\"_wpcf7_posted_data_hash\" value=\"\" \/><input type=\"hidden\" name=\"_wpcf7_recaptcha_response\" value=\"\" \/>\n<\/fieldset>\n<label> Ange e-post <span class=\"wpcf7-form-control-wrap\" data-name=\"your-email\"><input size=\"40\" maxlength=\"400\" class=\"wpcf7-form-control wpcf7-email wpcf7-validates-as-required wpcf7-text wpcf7-validates-as-email\" aria-required=\"true\" aria-invalid=\"false\" placeholder=\"namn@f\u00f6retag.com\" value=\"\" type=\"email\" name=\"your-email\" \/><\/span><\/label>\n<input type=\"hidden\" name=\"page-title\" value=\"Pre application \/ SKAPA KONTO\">\n<input type=\"hidden\" name=\"page-url\" value=\"https:\/\/invoier.com\/pre-application\/\">\n\n<input class=\"wpcf7-form-control wpcf7-submit has-spinner\" type=\"submit\" value=\"Forts\u00e4tt\" \/><div class=\"wpcf7-response-output\" aria-hidden=\"true\"><\/div>\n<\/form>\n<\/div>\n[\/et_pb_code][et_pb_code _builder_version=&#8221;4.23.4&#8243; _module_preset=&#8221;default&#8221; global_colors_info=&#8221;{}&#8221;]<\/p>\n<div class=\"inv-do-login\"><!-- [et_pb_line_break_holder] -->  Har du redan ett konto? <a href=\"https:\/\/app.invoier.com\" target=\"_blank\" rel=\"noopener\">Logga in<\/a><!-- [et_pb_line_break_holder] --><\/div>\n<p>[\/et_pb_code][et_pb_code _builder_version=&#8221;4.23.4&#8243; _module_preset=&#8221;default&#8221; custom_margin=&#8221;20px||||false|false&#8221; global_colors_info=&#8221;{}&#8221;]<pee>This site is protected by reCAPTCHA and the Google <a href=\"https:\/\/policies.google.com\/privacy\">Privacy Policy<\/a> and <a href=\"https:\/\/policies.google.com\/terms\">Terms of Service<\/a> apply.<\/pee>[\/et_pb_code][\/et_pb_column][et_pb_column type=&#8221;1_2&#8243; module_class=&#8221;popup-content inv-popup-image&#8221; _builder_version=&#8221;4.16&#8243; _module_preset=&#8221;default&#8221; background_color=&#8221;#f6f0e8&#8243; global_colors_info=&#8221;{}&#8221;][et_pb_image src=&#8221;https:\/\/invoier.com\/wp-content\/uploads\/invest-in-invoice-sw.png&#8221; title_text=&#8221;invest-in-invoice-sw&#8221; align=&#8221;center&#8221; _builder_version=&#8221;4.16&#8243; _module_preset=&#8221;default&#8221; global_colors_info=&#8221;{}&#8221;][\/et_pb_image][et_pb_text _builder_version=&#8221;4.16&#8243; _module_preset=&#8221;default&#8221; global_colors_info=&#8221;{}&#8221;]<\/p>\n<div class=\"inv-info-title\">G\u00f6r som 100 000 andra f\u00f6retag &#8211;<br \/> f\u00e5 dina fakturor betalda direkt<\/div>\n<p>[\/et_pb_text][\/et_pb_column][\/et_pb_row][\/et_pb_section][et_pb_section fb_built=&#8221;1&#8243; _builder_version=&#8221;4.16&#8243; _module_preset=&#8221;default&#8221; custom_padding=&#8221;0px||0px|||&#8221; locked=&#8221;off&#8221; global_colors_info=&#8221;{}&#8221;][et_pb_row _builder_version=&#8221;4.16&#8243; _module_preset=&#8221;default&#8221; custom_padding=&#8221;0px|0px|0px|0px|false|false&#8221; global_colors_info=&#8221;{}&#8221;][et_pb_column type=&#8221;4_4&#8243; _builder_version=&#8221;4.16&#8243; _module_preset=&#8221;default&#8221; global_colors_info=&#8221;{}&#8221;][et_pb_code _builder_version=&#8221;4.16&#8243; _module_preset=&#8221;default&#8221; global_colors_info=&#8221;{}&#8221;]<script><!-- [et_pb_line_break_holder] -->\tjQuery(document).ready(function() {<!-- [et_pb_line_break_holder] -->  \t\/\/ \tNavigate to bank ID page - pre-bankid page<!-- [et_pb_line_break_holder] -->\t\tvar pbid = document.querySelector( '.inv-bankId-form' );<!-- [et_pb_line_break_holder] -->\t\tpbid.addEventListener( 'wpcf7mailsent', function( event ) {<!-- [et_pb_line_break_holder] -->      window.location.replace(\"https:\/\/prod-c9b59df1168754f7.auth.eu-north-1.amazoncognito.com\/oauth2\/authorize?redirect_uri=https:\/\/onboarding.invoier.com\/auth&response_type=code&client_id=5rga7db9cv5gct2ijj3jfco15f\");<!-- [et_pb_line_break_holder] -->\t\t\t\/\/window.open(\"https:\/\/prod-c9b59df1168754f7.auth.eu-north-1.amazoncognito.com\/oauth2\/authorize?redirect_uri=https:\/\/onboarding.invoier.com\/auth&response_type=code&client_id=5rga7db9cv5gct2ijj3jfco15f\");<!-- [et_pb_line_break_holder] -->\t\t\t\/\/ alert( \"Fire!\" );<!-- [et_pb_line_break_holder] -->\t\t}, false );<!-- [et_pb_line_break_holder] -->  });<!-- [et_pb_line_break_holder] --><\/script>[\/et_pb_code][\/et_pb_column][\/et_pb_row][\/et_pb_section]<\/p>\n","protected":false},"excerpt":{"rendered":"<p>Enklare och smartare fakturafinansiering Uppt\u00e4ck hur vi revolutionerar fakturak\u00f6psbranschen med l\u00e5ga avgifter och flexibla villkor. Inget kr\u00e5ngel, inga bindningstider \u2013 bara enkel finansiering f\u00f6r ditt f\u00f6retag.Redo att k\u00f6ra ig\u00e5ng? Med v\u00e5r flexibla l\u00f6sning kan du v\u00e4lja att finansiera n\u00e4r du vill.Du verifierar enkelt och tryggt via BankID f\u00f6r smidiga transaktioner och snabbare finansiering. Skapa ditt [&hellip;]<\/p>\n","protected":false},"author":5,"featured_media":0,"parent":0,"menu_order":0,"comment_status":"closed","ping_status":"closed","template":"","meta":{"_et_pb_use_builder":"on","_et_pb_old_content":"","_et_gb_content_width":"","footnotes":""},"class_list":["post-238151","page","type-page","status-publish","hentry"],"yoast_head":"<!-- This site is optimized with the Yoast SEO plugin v27.3 - https:\/\/yoast.com\/product\/yoast-seo-wordpress\/ -->\n<title>Sign up - INVOIER - Fakturafinansiering<\/title>\n<meta name=\"description\" content=\"Skapa konto med BankID och kom ig\u00e5ng direkt med fakturafinansiering. Ladda upp din faktura och f\u00e5 pris omg\u00e5ende\" \/>\n<meta name=\"robots\" content=\"noindex, nofollow\" \/>\n<meta property=\"og:locale\" content=\"en_GB\" \/>\n<meta property=\"og:type\" content=\"article\" \/>\n<meta property=\"og:title\" content=\"Sign up - INVOIER - Fakturafinansiering\" \/>\n<meta property=\"og:description\" content=\"Skapa konto med BankID och kom ig\u00e5ng direkt med fakturafinansiering. Ladda upp din faktura och f\u00e5 pris omg\u00e5ende\" \/>\n<meta property=\"og:url\" content=\"https:\/\/invoier.com\/en\/pre-application\/\" \/>\n<meta property=\"og:site_name\" content=\"INVOIER - Fakturafinansiering\" \/>\n<meta property=\"article:modified_time\" content=\"2024-11-28T13:54:22+00:00\" \/>\n<meta name=\"twitter:card\" content=\"summary_large_image\" \/>\n<meta name=\"twitter:label1\" content=\"Estimated reading time\" \/>\n\t<meta name=\"twitter:data1\" content=\"4 minutes\" \/>\n<script type=\"application\/ld+json\" class=\"yoast-schema-graph\">{\"@context\":\"https:\\\/\\\/schema.org\",\"@graph\":[{\"@type\":\"WebPage\",\"@id\":\"https:\\\/\\\/invoier.com\\\/en\\\/pre-application\\\/\",\"url\":\"https:\\\/\\\/invoier.com\\\/en\\\/pre-application\\\/\",\"name\":\"Sign up - INVOIER - Fakturafinansiering\",\"isPartOf\":{\"@id\":\"https:\\\/\\\/invoier.com\\\/en\\\/#website\"},\"datePublished\":\"2021-04-23T10:31:35+00:00\",\"dateModified\":\"2024-11-28T13:54:22+00:00\",\"description\":\"Skapa konto med BankID och kom ig\u00e5ng direkt med fakturafinansiering. Ladda upp din faktura och f\u00e5 pris omg\u00e5ende\",\"breadcrumb\":{\"@id\":\"https:\\\/\\\/invoier.com\\\/en\\\/pre-application\\\/#breadcrumb\"},\"inLanguage\":\"en-GB\",\"potentialAction\":[{\"@type\":\"ReadAction\",\"target\":[\"https:\\\/\\\/invoier.com\\\/en\\\/pre-application\\\/\"]}]},{\"@type\":\"BreadcrumbList\",\"@id\":\"https:\\\/\\\/invoier.com\\\/en\\\/pre-application\\\/#breadcrumb\",\"itemListElement\":[{\"@type\":\"ListItem\",\"position\":1,\"name\":\"Home\",\"item\":\"https:\\\/\\\/invoier.com\\\/en\\\/\"},{\"@type\":\"ListItem\",\"position\":2,\"name\":\"Pre-application\"}]},{\"@type\":\"WebSite\",\"@id\":\"https:\\\/\\\/invoier.com\\\/en\\\/#website\",\"url\":\"https:\\\/\\\/invoier.com\\\/en\\\/\",\"name\":\"INVOIER - Fakturafinansiering\",\"description\":\"Fakturafinansiering p\u00e5 dina villkor\",\"publisher\":{\"@id\":\"https:\\\/\\\/invoier.com\\\/en\\\/#organization\"},\"potentialAction\":[{\"@type\":\"SearchAction\",\"target\":{\"@type\":\"EntryPoint\",\"urlTemplate\":\"https:\\\/\\\/invoier.com\\\/en\\\/?s={search_term_string}\"},\"query-input\":{\"@type\":\"PropertyValueSpecification\",\"valueRequired\":true,\"valueName\":\"search_term_string\"}}],\"inLanguage\":\"en-GB\"},{\"@type\":\"Organization\",\"@id\":\"https:\\\/\\\/invoier.com\\\/en\\\/#organization\",\"name\":\"Invoier AB\",\"url\":\"https:\\\/\\\/invoier.com\\\/en\\\/\",\"logo\":{\"@type\":\"ImageObject\",\"inLanguage\":\"en-GB\",\"@id\":\"https:\\\/\\\/invoier.com\\\/en\\\/#\\\/schema\\\/logo\\\/image\\\/\",\"url\":\"https:\\\/\\\/invoier.com\\\/stg_a4e73\\\/wp-content\\\/uploads\\\/Stacked_Logo_Black-final-3.png\",\"contentUrl\":\"https:\\\/\\\/invoier.com\\\/stg_a4e73\\\/wp-content\\\/uploads\\\/Stacked_Logo_Black-final-3.png\",\"width\":338,\"height\":332,\"caption\":\"Invoier AB\"},\"image\":{\"@id\":\"https:\\\/\\\/invoier.com\\\/en\\\/#\\\/schema\\\/logo\\\/image\\\/\"}}]}<\/script>\n<!-- \/ Yoast SEO plugin. -->","yoast_head_json":{"title":"Sign up - INVOIER - Fakturafinansiering","description":"Skapa konto med BankID och kom ig\u00e5ng direkt med fakturafinansiering. Ladda upp din faktura och f\u00e5 pris omg\u00e5ende","robots":{"index":"noindex","follow":"nofollow"},"og_locale":"en_GB","og_type":"article","og_title":"Sign up - INVOIER - Fakturafinansiering","og_description":"Skapa konto med BankID och kom ig\u00e5ng direkt med fakturafinansiering. Ladda upp din faktura och f\u00e5 pris omg\u00e5ende","og_url":"https:\/\/invoier.com\/en\/pre-application\/","og_site_name":"INVOIER - Fakturafinansiering","article_modified_time":"2024-11-28T13:54:22+00:00","twitter_card":"summary_large_image","twitter_misc":{"Estimated reading time":"4 minutes"},"schema":{"@context":"https:\/\/schema.org","@graph":[{"@type":"WebPage","@id":"https:\/\/invoier.com\/en\/pre-application\/","url":"https:\/\/invoier.com\/en\/pre-application\/","name":"Sign up - INVOIER - Fakturafinansiering","isPartOf":{"@id":"https:\/\/invoier.com\/en\/#website"},"datePublished":"2021-04-23T10:31:35+00:00","dateModified":"2024-11-28T13:54:22+00:00","description":"Skapa konto med BankID och kom ig\u00e5ng direkt med fakturafinansiering. Ladda upp din faktura och f\u00e5 pris omg\u00e5ende","breadcrumb":{"@id":"https:\/\/invoier.com\/en\/pre-application\/#breadcrumb"},"inLanguage":"en-GB","potentialAction":[{"@type":"ReadAction","target":["https:\/\/invoier.com\/en\/pre-application\/"]}]},{"@type":"BreadcrumbList","@id":"https:\/\/invoier.com\/en\/pre-application\/#breadcrumb","itemListElement":[{"@type":"ListItem","position":1,"name":"Home","item":"https:\/\/invoier.com\/en\/"},{"@type":"ListItem","position":2,"name":"Pre-application"}]},{"@type":"WebSite","@id":"https:\/\/invoier.com\/en\/#website","url":"https:\/\/invoier.com\/en\/","name":"INVOIER - Fakturafinansiering","description":"Fakturafinansiering p\u00e5 dina villkor","publisher":{"@id":"https:\/\/invoier.com\/en\/#organization"},"potentialAction":[{"@type":"SearchAction","target":{"@type":"EntryPoint","urlTemplate":"https:\/\/invoier.com\/en\/?s={search_term_string}"},"query-input":{"@type":"PropertyValueSpecification","valueRequired":true,"valueName":"search_term_string"}}],"inLanguage":"en-GB"},{"@type":"Organization","@id":"https:\/\/invoier.com\/en\/#organization","name":"Invoier AB","url":"https:\/\/invoier.com\/en\/","logo":{"@type":"ImageObject","inLanguage":"en-GB","@id":"https:\/\/invoier.com\/en\/#\/schema\/logo\/image\/","url":"https:\/\/invoier.com\/stg_a4e73\/wp-content\/uploads\/Stacked_Logo_Black-final-3.png","contentUrl":"https:\/\/invoier.com\/stg_a4e73\/wp-content\/uploads\/Stacked_Logo_Black-final-3.png","width":338,"height":332,"caption":"Invoier AB"},"image":{"@id":"https:\/\/invoier.com\/en\/#\/schema\/logo\/image\/"}}]}},"_links":{"self":[{"href":"https:\/\/invoier.com\/en\/wp-json\/wp\/v2\/pages\/238151","targetHints":{"allow":["GET"]}}],"collection":[{"href":"https:\/\/invoier.com\/en\/wp-json\/wp\/v2\/pages"}],"about":[{"href":"https:\/\/invoier.com\/en\/wp-json\/wp\/v2\/types\/page"}],"author":[{"embeddable":true,"href":"https:\/\/invoier.com\/en\/wp-json\/wp\/v2\/users\/5"}],"replies":[{"embeddable":true,"href":"https:\/\/invoier.com\/en\/wp-json\/wp\/v2\/comments?post=238151"}],"version-history":[{"count":177,"href":"https:\/\/invoier.com\/en\/wp-json\/wp\/v2\/pages\/238151\/revisions"}],"predecessor-version":[{"id":246853,"href":"https:\/\/invoier.com\/en\/wp-json\/wp\/v2\/pages\/238151\/revisions\/246853"}],"wp:attachment":[{"href":"https:\/\/invoier.com\/en\/wp-json\/wp\/v2\/media?parent=238151"}],"curies":[{"name":"wp","href":"https:\/\/api.w.org\/{rel}","templated":true}]}}